{"id":9480,"date":"2024-10-17T22:56:20","date_gmt":"2024-10-17T22:56:20","guid":{"rendered":"https:\/\/cienciapolitica.usac.edu.gt\/?page_id=9480"},"modified":"2025-08-29T22:40:54","modified_gmt":"2025-08-29T22:40:54","slug":"https-cienciapolitica-usac-edu-gt-page_id3876","status":"publish","type":"page","link":"https:\/\/cienciapolitica.usac.edu.gt\/?page_id=9480","title":{"rendered":"Ejercicio Profesional Supervisado (EPS)"},"content":{"rendered":"\n<h2 class=\"wp-block-heading has-text-align-center\"><span lang=\"ES\" style=\"color: #000000;\">Universidad de San Carlos de Guatemala<\/span><\/h2>\n\n\n\n<h2 class=\"wp-block-heading has-text-align-center\"><span lang=\"ES\" style=\"color: #000000;\">Escuela de Ciencia Pol\u00edtica<\/span><\/h2>\n\n\n\n<h2 class=\"wp-block-heading has-text-align-center\"><span lang=\"ES\" style=\"color: #000000;\">EJERCICIO PROFESIONAL SUPERVISADO (EPS)<\/span><\/h2>\n\n\n\n<p>\u201cEl Ejercicio Profesional&nbsp;Supervisado es una pr\u00e1ctica social y docente cuya finalidad es la&nbsp;confrontaci\u00f3n y aplicaci\u00f3n de los conocimientos adquiridos a lo largo de la Carrera de Licenciatura en las especialidades de Ciencia Pol\u00edtica, Sociolog\u00eda y Relaciones Internacionales.&nbsp; El Estudiante puede optar de manera voluntaria a la realizaci\u00f3n del&nbsp; EPS en lugar del Examen General de Conocimientos (Privado), al cumplir con los requisitos acad\u00e9micos del presente reglamento. El ejercicio Profesional Supervisado dentro de sus alcances generales permite el conocimiento de la realidad econ\u00f3mica pol\u00edtica y social, nacional e internacional, y la participaci\u00f3n acad\u00e9mica en el proceso de transformaci\u00f3n y construcci\u00f3n por medio de propuestas de soluci\u00f3n a la problem\u00e1tica del Estado naci\u00f3n y Estado Regi\u00f3n, en cumplimiento de los principios de docencia, investigaci\u00f3n y servicio de la Universidad de San Carlos de Guatemala.\u201d&nbsp; Arto. 1 del Reglamento del Ejercicio Profesional Supervisado de la Escuela de Ciencia Pol\u00edtica.<\/p>\n\n\n\n<p>Ubicaci\u00f3n: Edificio M5, Segundo Nivel, Ciudad Universitaria, Zona 12<\/p>\n\n\n\n<p><strong>COMIT\u00c9 ACAD\u00c9MICO DEL EPS<\/strong><\/p>\n\n\n\n<ul>\n<li>Msc. Jos\u00e9 Samayoa Lara, Director EP &#8211; USAC<\/li>\n\n\n\n<li>Lcda. Lourdes Miranda, Coordinadora Relaciones Internacionales Matutina<\/li>\n\n\n\n<li>Lcda. Sory Vanesa G\u00f3mez, Coordinadora Relaciones Internacionales Vespertina<\/li>\n\n\n\n<li>\u00a0Lic. David Escobedo Mayen, Coordinador de Ciencia Pol\u00edtica<\/li>\n\n\n\n<li>Msc. Carlos Roberto Monz\u00f3n, Coordinador Sociolog\u00eda Matutina<\/li>\n\n\n\n<li>Dr. Luis Fernando Mack Echeverr\u00eda, Coordinador Sociolog\u00eda vespertina<\/li>\n\n\n\n<li>Dr. Luis Fernando Mack Echeverr\u00eda, Coordinador Metodolog\u00eda Matutina<\/li>\n\n\n\n<li>Lic. Hugo Cardoza, Coordinadora Metodolog\u00eda Vespertina <\/li>\n\n\n\n<li>Lic. Douglas Mazariegos Marroqu\u00edn, Coordinador EPS<\/li>\n<\/ul>\n\n\n\n<p><strong>DEPARTAMENTO DE EPS<\/strong><\/p>\n\n\n\n<ul>\n<li>Lic. Douglas Giovanni Mazariegos Marroqu\u00edn, Coordinador<\/li>\n\n\n\n<li>Licda. Wendy Elizabeth Garc\u00eda Curruchiche, Supervisora<\/li>\n\n\n\n<li>Licda. Emily Gir\u00f3n Beltr\u00e1n, Supervisora<\/li>\n<\/ul>\n\n\n\n<p>Atenci\u00f3n al estudiante 08:00 a 12:00 y 13:00 a 16:00 horas<\/p>\n\n\n\n<p class=\"has-text-align-right\"><a href=\"https:\/\/drive.google.com\/file\/d\/1oqDEz0TsEmqwjlJTtcx7F8aswLcKpgWW\/view?usp=sharing\" target=\"_blank\" rel=\"noreferrer noopener\">Ver\/Descargar oficio relacionado con la estructura del informe final<\/a><\/p>\n\n\n\n<p class=\"has-text-align-right\"><a rel=\"noreferrer noopener\" href=\"https:\/\/cienciapolitica.usac.edu.gt\/wp-content\/uploads\/2020\/11\/ReglamentoEPSoriginal.pdf\" target=\"_blank\">Ver\/Descargar Reglamento<\/a><\/p>\n","protected":false},"excerpt":{"rendered":"<p>Universidad de San Carlos de Guatemala Escuela de Ciencia Pol\u00edtica EJERCICIO PROFESIONAL SUPERVISADO (EPS) \u201cEl Ejercicio Profesional&nbsp;Supervisado es una pr\u00e1ctica social y docente cuya finalidad es la&nbsp;confrontaci\u00f3n y aplicaci\u00f3n de los conocimientos adquiridos a lo largo de la Carrera de Licenciatura en las especialidades de Ciencia Pol\u00edtica, Sociolog\u00eda y Relaciones Internacionales.&nbsp; El Estudiante puede optar [&hellip;]<\/p>\n","protected":false},"author":1,"featured_media":0,"parent":0,"menu_order":0,"comment_status":"closed","ping_status":"closed","template":"","meta":[],"_links":{"self":[{"href":"https:\/\/cienciapolitica.usac.edu.gt\/index.php?rest_route=\/wp\/v2\/pages\/9480"}],"collection":[{"href":"https:\/\/cienciapolitica.usac.edu.gt\/index.php?rest_route=\/wp\/v2\/pages"}],"about":[{"href":"https:\/\/cienciapolitica.usac.edu.gt\/index.php?rest_route=\/wp\/v2\/types\/page"}],"author":[{"embeddable":true,"href":"https:\/\/cienciapolitica.usac.edu.gt\/index.php?rest_route=\/wp\/v2\/users\/1"}],"replies":[{"embeddable":true,"href":"https:\/\/cienciapolitica.usac.edu.gt\/index.php?rest_route=%2Fwp%2Fv2%2Fcomments&post=9480"}],"version-history":[{"count":10,"href":"https:\/\/cienciapolitica.usac.edu.gt\/index.php?rest_route=\/wp\/v2\/pages\/9480\/revisions"}],"predecessor-version":[{"id":10666,"href":"https:\/\/cienciapolitica.usac.edu.gt\/index.php?rest_route=\/wp\/v2\/pages\/9480\/revisions\/10666"}],"wp:attachment":[{"href":"https:\/\/cienciapolitica.usac.edu.gt\/index.php?rest_route=%2Fwp%2Fv2%2Fmedia&parent=9480"}],"curies":[{"name":"wp","href":"https:\/\/api.w.org\/{rel}","templated":true}]}}