{"id":94,"date":"2013-04-24T01:46:31","date_gmt":"2013-04-24T01:46:31","guid":{"rendered":"http:\/\/sitios.usac.edu.gt\/wp_cienciapolitica\/?page_id=94"},"modified":"2025-03-14T18:46:10","modified_gmt":"2025-03-14T18:46:10","slug":"acreditacion","status":"publish","type":"page","link":"https:\/\/cienciapolitica.usac.edu.gt\/?page_id=94","title":{"rendered":"Acreditaci\u00f3n"},"content":{"rendered":"<p><img decoding=\"async\" loading=\"lazy\" class=\"aligncenter size-full wp-image-2360\" src=\"https:\/\/cienciapolitica.usac.edu.gtwp-content\/uploads\/2013\/04\/acreditacion.png\" alt=\"\" width=\"200\" height=\"167\"><\/p>\n<p style=\"text-align: justify;\"><img decoding=\"async\" loading=\"lazy\" class=\"aligncenter size-thumbnail wp-image-409\" title=\"images\" src=\"http:\/\/sitios.usac.edu.gt\/wp_cienciapolitica\/wp-content\/uploads\/2013\/04\/images-150x150.jpg\" alt=\"\" width=\"150\" height=\"150\"><\/p>\n<p style=\"text-align: justify;\">La acreditaci\u00f3n es un proceso voluntario mediante el cual una organizaci\u00f3n es capaz de medir la calidad de sus servicios o productos, y el rendimiento de los mismos frente a est\u00e1ndares reconocidos a nivel nacional o internacional. El proceso de acreditaci\u00f3n implica la&nbsp;auto-evaluaci\u00f3n&nbsp;de la organizaci\u00f3n, as\u00ed como una evaluaci\u00f3n en detalle por un equipo de expertos externos.<\/p>\n<p>En&nbsp;Educaci\u00f3n<\/p>\n<p style=\"text-align: justify;\">Definici\u00f3n de Acreditaci\u00f3n. Proceso para garantizar la calidad de una instituci\u00f3n o de un programa educativo. El proceso es llevado a cabo por una agencia externa a las instituciones de educaci\u00f3n superior. La acreditaci\u00f3n -o certificaci\u00f3n- reconoce la calidad de los programas o de la instituci\u00f3n acreditada. Existe tambi\u00e9n acreditaci\u00f3n internacional realizada por agencias de otros pa\u00edses. Supone la evaluaci\u00f3n respecto de est\u00e1ndares y criterios de calidad establecidos previamente por una agencia u organismo acreditador. El procedimiento incluye una autoevaluaci\u00f3n de la propia instituci\u00f3n, as\u00ed como una evaluaci\u00f3n por un equipo de expertos externos. Las agencias u organismos acreditadores son a su vez acreditadas regularmente. En todos los casos es una validaci\u00f3n temporal, por una serie de a\u00f1os. Se basa en un conjunto de principios, relativamente b\u00e1sicos y homog\u00e9neos, aunque la diversidad de modelos es extensa<\/p>\n\n\n<ul>\n<li><a rel=\"noreferrer noopener\" href=\"https:\/\/cienciapolitica.usac.edu.gt\/?page_id=854(abre en una nueva pesta\u00f1a)\" target=\"_blank\">Informe de Logros del Proyecto Especial de Mejoras ECP<\/a><\/li>\n\n\n\n<li><\/li>\n<\/ul>\n","protected":false},"excerpt":{"rendered":"<p>La acreditaci\u00f3n es un proceso voluntario mediante el cual una organizaci\u00f3n es capaz de medir la calidad de sus servicios o productos, y el rendimiento de los mismos frente a est\u00e1ndares reconocidos a nivel nacional o internacional. El proceso de acreditaci\u00f3n implica la&nbsp;auto-evaluaci\u00f3n&nbsp;de la organizaci\u00f3n, as\u00ed como una evaluaci\u00f3n en detalle por un equipo de [&hellip;]<\/p>\n","protected":false},"author":101014,"featured_media":0,"parent":10019,"menu_order":4,"comment_status":"closed","ping_status":"closed","template":"","meta":[],"_links":{"self":[{"href":"https:\/\/cienciapolitica.usac.edu.gt\/index.php?rest_route=\/wp\/v2\/pages\/94"}],"collection":[{"href":"https:\/\/cienciapolitica.usac.edu.gt\/index.php?rest_route=\/wp\/v2\/pages"}],"about":[{"href":"https:\/\/cienciapolitica.usac.edu.gt\/index.php?rest_route=\/wp\/v2\/types\/page"}],"author":[{"embeddable":true,"href":"https:\/\/cienciapolitica.usac.edu.gt\/index.php?rest_route=\/wp\/v2\/users\/101014"}],"replies":[{"embeddable":true,"href":"https:\/\/cienciapolitica.usac.edu.gt\/index.php?rest_route=%2Fwp%2Fv2%2Fcomments&post=94"}],"version-history":[{"count":16,"href":"https:\/\/cienciapolitica.usac.edu.gt\/index.php?rest_route=\/wp\/v2\/pages\/94\/revisions"}],"predecessor-version":[{"id":10049,"href":"https:\/\/cienciapolitica.usac.edu.gt\/index.php?rest_route=\/wp\/v2\/pages\/94\/revisions\/10049"}],"up":[{"embeddable":true,"href":"https:\/\/cienciapolitica.usac.edu.gt\/index.php?rest_route=\/wp\/v2\/pages\/10019"}],"wp:attachment":[{"href":"https:\/\/cienciapolitica.usac.edu.gt\/index.php?rest_route=%2Fwp%2Fv2%2Fmedia&parent=94"}],"curies":[{"name":"wp","href":"https:\/\/api.w.org\/{rel}","templated":true}]}}