{"id":8839,"date":"2024-05-16T23:06:25","date_gmt":"2024-05-16T23:06:25","guid":{"rendered":"https:\/\/cienciapolitica.usac.edu.gt\/?page_id=8839"},"modified":"2025-02-08T00:51:35","modified_gmt":"2025-02-08T00:51:35","slug":"pensum-introductorio-primer-ciclo","status":"publish","type":"page","link":"https:\/\/cienciapolitica.usac.edu.gt\/?page_id=8839","title":{"rendered":"PENSUM INTRODUCTORIO  1-2024"},"content":{"rendered":"\n<div class=\"wp-block-buttons is-layout-flex\">\n<div class=\"wp-block-button\"><a class=\"wp-block-button__link wp-element-button\" href=\"https:\/\/cienciapolitica.usac.edu.gt\/?page_id=8849\">Regreso<\/a><\/div>\n<\/div>\n\n\n\n<h2 class=\"wp-block-heading has-vivid-cyan-blue-background-color has-background\">PRIMER CICLO    <\/h2>\n\n\n\n<p>Secci\u00f3n A<\/p>\n\n\n\n<figure class=\"wp-block-table\"><table><tbody><tr><td>CODIGO<\/td><td>NOMBRE DEL CURSO                   <\/td><td>DOCENTE                                                                <\/td><td>NOTA FINAL<\/td><td>RECUPERACI\u00d3N<\/td><\/tr><tr><td>1<\/td><td> CIENCIA POL\u00cdTICA I  <\/td><td>LIC. JORGE&nbsp; DE JES\u00daS PONCE REINOSO<\/td><td><a href=\"https:\/\/drive.google.com\/file\/d\/1z6GgkKwRMw1COMIMfSd03Xy_si9HysNH\/view?usp=drive_link\">Final<\/a><\/td><td><a href=\"https:\/\/drive.google.com\/file\/d\/1QZIc7BmbHQAWsrM7sbAE6MYJjEHT8HdG\/view?usp=drive_link\">Primera<\/a><\/td><\/tr><tr><td>2<\/td><td>SOCIOLOG\u00cdA I<\/td><td>LIC. MANUEL CUPERTINO RIVERA RIVERA<\/td><td><a href=\"https:\/\/drive.google.com\/file\/d\/1wUqWuG7LnH73MgMpE1-QY1tjPgetXqoU\/view?usp=drive_link\" target=\"_blank\" rel=\"noreferrer noopener\">Final<\/a><\/td><td><a href=\"https:\/\/drive.google.com\/file\/d\/1DTweyPcsOEHj5jC_xx9bRM2LCGvPFMgC\/view?usp=drive_link\">primera<\/a><br><br><a href=\"https:\/\/drive.google.com\/file\/d\/1YdT7P_UhFz5loqJLEkpP-L_Mf0FSXrFP\/view?usp=drive_link\">Segunda<\/a><\/td><\/tr><tr><td>3<\/td><td>RELACIONES INTERNACIONALES I<\/td><td>&nbsp;MTRO. GILBERTO &nbsp;CORTEZ&nbsp; CHAC\u00d3N<\/td><td><a href=\"https:\/\/drive.google.com\/file\/d\/1smcIPllEXuyv5nDnX1BxjqCNffj3Ok6X\/view?usp=drive_link\" target=\"_blank\" rel=\"noreferrer noopener\">Final<\/a><\/td><td><a href=\"https:\/\/drive.google.com\/file\/d\/1e0VqTChxxFIRw0UgvXifIEYYag2kjrCW\/view?usp=drive_link\">Primera<\/a><br><br><a href=\"https:\/\/drive.google.com\/file\/d\/1GEeDO22Vxjodu5bOMpk8T82EhTJ1gS3t\/view?usp=drive_link\">Segunda<\/a><\/td><\/tr><tr><td>4<\/td><td>HISTORIA MUNDIAL<\/td><td>LIC. JUAN&nbsp; CARLOS GUZM\u00c1N MOR\u00c1N <\/td><td><a href=\"https:\/\/drive.google.com\/file\/d\/1yzfZB2wbu5ADSTkd4WHSXWAncKbF8cuP\/view?usp=drive_link\" target=\"_blank\" rel=\"noreferrer noopener\">Final<\/a><\/td><td><\/td><\/tr><tr><td>5<\/td><td>METODOLOGIA I&nbsp;<\/td><td>LICDA. MARIA CONSUELO MORALES<\/td><td><a rel=\"noreferrer noopener\" href=\"https:\/\/drive.google.com\/file\/d\/1o3403keuSRPhSmPoIRqM7qsnJbiE_DWv\/view?usp=drive_link\" target=\"_blank\">Final<\/a><br><br><a href=\"https:\/\/drive.google.com\/file\/d\/10KnkB3xlDs2L2PkgGtPCJi3beTl9z2ZA\/view?usp=drive_link\">acta_complementaria<\/a> <\/td><td><a href=\"https:\/\/drive.google.com\/file\/d\/1MeX93EYowbEc_CzWkss5q-fmJyuti_a5\/view?usp=drive_link\">Primera<\/a><\/td><\/tr><\/tbody><\/table><figcaption class=\"wp-element-caption\">Secci\u00f3n B<\/figcaption><\/figure>\n\n\n\n<div class=\"wp-block-columns is-layout-flex wp-container-3\">\n<div class=\"wp-block-column is-layout-flow\">\n<figure class=\"wp-block-table\"><table><tbody><tr><td>&nbsp;C\u00d3DIGO      <\/td><td>SECCION B<\/td><td>SEGUNDO CICLO<\/td><td>&nbsp;ACTA FINAL<\/td><td>&nbsp;RECUPERACI\u00d3N             <\/td><\/tr><tr><td>1<\/td><td>CIENCIA POLITICA I<\/td><td>DRA. CLAUDIA VER\u00d3NICA AGREDA&nbsp;<\/td><td><a href=\"https:\/\/drive.google.com\/file\/d\/1SxQlyLg54exFcxGE9GBGBlXHjEyrqfxH\/view?usp=drive_link\" target=\"_blank\" rel=\"noreferrer noopener\">&nbsp;Final<\/a><\/td><td><a href=\"https:\/\/drive.google.com\/file\/d\/1b84f_OGAhtZoJb73Q6C5J3bJmbW9V6AZ\/view?usp=drive_link\">Primera<\/a>  <br><br><a href=\"https:\/\/drive.google.com\/file\/d\/1-sK0QGdpjsY42UQq9z6gDaqb_JtY0hKG\/view?usp=drive_link\">Segunda<\/a><\/td><\/tr><tr><td>2<\/td><td>SOCIOLOGIA I<\/td><td>LIC. MANUEL CUPERTINO RIVERA RIVERA<\/td><td><a rel=\"noreferrer noopener\" href=\"https:\/\/drive.google.com\/file\/d\/1Uii-fqq5qEIVlqVO_Gj8V0POuZQyLCrd\/view?usp=drive_link\" target=\"_blank\">Final<\/a><\/td><td>&nbsp;<\/td><\/tr><tr><td>3<\/td><td>RELACIONES INTERNACIONALES I<\/td><td>SECIL OSWALDO DE LE\u00d3N<\/td><td>\u00a0<a href=\"https:\/\/drive.google.com\/file\/d\/1At_g04jIgy7qBy6I9LBYFpJdO4dLgT2r\/view?usp=drive_link\">Final<\/a><\/td><td>&nbsp;<a href=\"https:\/\/drive.google.com\/file\/d\/13_bb5jQ5Eje9Il5MG3QvJHnM68BTADii\/view?usp=drive_link\">primera<\/a><br><br><a href=\"https:\/\/drive.google.com\/file\/d\/1v1aAAjmMRlYnbhrvlG6XsEWjhR5s9snS\/view?usp=drive_link\">segunda<\/a><\/td><\/tr><tr><td>4<\/td><td>HISTORIA MUNDIAL<\/td><td>LIC. LICERIO CAMEY<\/td><td><a href=\"https:\/\/drive.google.com\/file\/d\/1flP0Y8khmkGciPItCoA-t6txvgNYpQ0r\/view?usp=drive_link\" target=\"_blank\" rel=\"noreferrer noopener\">&nbsp;Final<\/a><\/td><td><a href=\"https:\/\/drive.google.com\/file\/d\/1otjU2ihuICGW8h9xxYT968vKIESy52u1\/view?usp=drive_link\">&nbsp;Primera<\/a><br><br><a href=\"https:\/\/drive.google.com\/file\/d\/1bxl5DOlSK6vY0QIo5FdtgXblWbArbHRy\/view?usp=drive_link\">Segunda<\/a><\/td><\/tr><tr><td>5<\/td><td>METODOLOGIA I<\/td><td>LICDA.&nbsp; M\u00d3NICA&nbsp;MENDOZA<\/td><td>&nbsp;<a href=\"https:\/\/drive.google.com\/file\/d\/1hCZ_BzQOFMDrgxg7ru50F7mMdFA7AOuX\/view?usp=drive_link\" target=\"_blank\" rel=\"noreferrer noopener\">Final<\/a><\/td><td>&nbsp;<a href=\"https:\/\/drive.google.com\/file\/d\/19eDKy3p13ZdMqRncX6HXHypkCew-Lvkn\/view?usp=drive_link\">Primera<\/a><br><br><a href=\"https:\/\/drive.google.com\/file\/d\/1Nru3F18zRmriSawtNaLyjfmm-h5muund\/view?usp=drive_link\">Segunda<\/a><\/td><\/tr><\/tbody><\/table><\/figure>\n<\/div>\n<\/div>\n\n\n\n<p>Secci\u00f3n C<\/p>\n\n\n\n<div class=\"wp-block-columns is-layout-flex wp-container-5\">\n<div class=\"wp-block-column is-layout-flow\">\n<figure class=\"wp-block-table\"><table><tbody><tr><td>&nbsp;C\u00d3DIGO<\/td><td>CURSO<\/td><td>DOCENTE<\/td><td>&nbsp;ACTA FINAL<\/td><td>RECUPERACI\u00d3N&nbsp;           <\/td><\/tr><tr><td>1<\/td><td>CIENCIA POLITICA I<\/td><td>LIC. HUGO EFREN RAM\u00cdREZ PASOS<\/td><td>&nbsp;<a href=\"https:\/\/drive.google.com\/file\/d\/1Aeg1KlkduD4Lt7ustjCFQ7hijwcC8PXA\/view?usp=drive_link\" target=\"_blank\" rel=\"noreferrer noopener\">Final<\/a><\/td><td>&nbsp;<\/td><\/tr><tr><td>2<\/td><td>SOCIOLOGIA I<\/td><td>LIC. MANUEL CUPERTINO RIVERA RIVERA<\/td><td><a href=\"https:\/\/drive.google.com\/file\/d\/15VUYZioG4UZ8IwisswkuG43Dr7K2el3p\/view?usp=drive_link\" target=\"_blank\" rel=\"noreferrer noopener\">Final<\/a>&nbsp;<\/td><td>&nbsp;<a href=\"https:\/\/drive.google.com\/file\/d\/1CgnRIocUWZRY8iBkoknszkawhbZ1NOrl\/view?usp=drive_link\">primera<\/a><br><br><a href=\"https:\/\/drive.google.com\/file\/d\/1Ns6dAqT4nXDpfDNBrXKmgsQJcysk7UNj\/view?usp=drive_link\">Segunda<\/a><\/td><\/tr><tr><td>3<\/td><td>RELACIONES INTERNACIONALES I<\/td><td>MTRO. &nbsp;JOS\u00c9 GILBERTO &nbsp;CORTEZ&nbsp; CHAC\u00d3N<\/td><td>&nbsp;<a href=\"https:\/\/drive.google.com\/file\/d\/161dP4pT4sHkZrb8IgAt-oz5r5r4DoZL-\/view?usp=drive_link\" target=\"_blank\" rel=\"noreferrer noopener\">Final<\/a><\/td><td>&nbsp;<a href=\"https:\/\/drive.google.com\/file\/d\/1nQN_VFCoNcbHyiHys6wxvrEFHD6kICYO\/view?usp=drive_link\">Primera<\/a><br><br><a href=\"https:\/\/drive.google.com\/file\/d\/1i9yKXnWCcKDmK10B0yXjpT0n-VzrzowL\/view?usp=drive_link\">Segunda<\/a><\/td><\/tr><tr><td>4<\/td><td>HISTORIA MUNDIAL<\/td><td>LIC. WILLIAMS ALVAREZ<\/td><td><a href=\"https:\/\/drive.google.com\/file\/d\/1d31gGmUEyGdFSYzSpVo6XD5BQLOwUVmz\/view?usp=drive_link\" target=\"_blank\" rel=\"noreferrer noopener\">&nbsp;Final<\/a><\/td><td>&nbsp;<\/td><\/tr><tr><td>5<\/td><td>METODOLOGIA I<\/td><td>LIC. CARLOS IGNACIO P\u00c9REZ<\/td><td><a href=\"https:\/\/drive.google.com\/file\/d\/1V-v5d6O0kyyGOb-DpPjrx4kZiXFPZDpm\/view?usp=drive_link\" target=\"_blank\" rel=\"noreferrer noopener\">&nbsp;Final<\/a><\/td><td> <a href=\"https:\/\/drive.google.com\/file\/d\/1cvJSlqaqlegaq3INPX9IOLQPCSoDdJRW\/view?usp=drive_link\">Primera<\/a><\/td><\/tr><\/tbody><\/table><\/figure>\n<\/div>\n<\/div>\n\n\n\n<p>Secci\u00f3n D<\/p>\n\n\n\n<div class=\"wp-block-columns is-layout-flex wp-container-7\">\n<div class=\"wp-block-column is-layout-flow\">\n<figure class=\"wp-block-table is-style-regular\"><table><thead><tr><th>C\u00d3DIGO           <\/th><th>CURSO<\/th><th>DOCENTE<\/th><th>ACTA FINAL   <\/th><th>RECUPERACI\u00d3N  <\/th><\/tr><\/thead><tbody><tr><td>1<\/td><td>CIENCIA POL\u00cdTICA I<\/td><td>LIC. JORGE&nbsp; DE JES\u00daS PONCE REINOSO<\/td><td><a href=\"https:\/\/drive.google.com\/file\/d\/1k8-6Qna3j5iucwjL54OoCK4mQP8aDcmK\/view?usp=drive_link\">Final<\/a><\/td><td>&nbsp;<\/td><\/tr><tr><td>2<\/td><td>SOCIOLOG\u00cdA I<\/td><td>LIC. MANUEL CUPERTINO RIVERA RIVERA                   <\/td><td><a href=\"https:\/\/drive.google.com\/file\/d\/1X_oOye3StvzVqjOp8M2II_-aI9aGk0Qa\/view?usp=drive_link\" target=\"_blank\" rel=\"noreferrer noopener\">final<\/a> <\/td><td><a href=\"https:\/\/drive.google.com\/file\/d\/1qkof7Yqv42hsq93sN5-skipTSvaQQsOF\/view?usp=sharing\">PRIMERA<\/a><br><br><a href=\"https:\/\/drive.google.com\/file\/d\/1sIw8R-zsvAqQgBUlb_8RT1NinZrmhfMA\/view?usp=drive_link\">Segunda<\/a><\/td><\/tr><tr><td>3<\/td><td>RELACIONES INTERNACIONALES I            <\/td><td>LICDA. JOHANN ESTEFANY GIR\u00d3N LINARES&nbsp;                     <\/td><td><a href=\"https:\/\/drive.google.com\/file\/d\/1nw_ZNPWs0UACAlJPw4AhO5uZjVv_-qQj\/view?usp=drive_link\">FInal<\/a>          <\/td><td>&nbsp;<\/td><\/tr><tr><td>4<\/td><td>HISTORIA MUNDIAL                                                       <\/td><td>LIC. JOEL HERN\u00c1NDEZ<\/td><td><a href=\"https:\/\/drive.google.com\/file\/d\/1BPo2DVhdHFOAZKmSVJHT7QLGOZJr-Gia\/view?usp=drive_link\" target=\"_blank\" rel=\"noreferrer noopener\">Final<\/a><\/td><td>&nbsp;<a href=\"https:\/\/drive.google.com\/file\/d\/1qV3fplhRYa-DnDzm_zzike-MypPHx7d-\/view?usp=drive_link\">Primera<\/a><br><br><a href=\"https:\/\/drive.google.com\/file\/d\/1WBD8ejt9Z1IXv9w3HT8tKqK0seXwUN6z\/view?usp=drive_link\">Segunda<\/a><\/td><\/tr><tr><td>5<\/td><td> METODOLOGIA I    <\/td><td>LIC. EFRAIN PEREZ XICARA   <\/td><td><a href=\"https:\/\/drive.google.com\/file\/d\/14q0_1gTQ9ZEp8amCXhyzu7t9p1RKukNm\/view?usp=drive_link\">Final<\/a><\/td><td><a rel=\"noreferrer noopener\" href=\"https:\/\/drive.google.com\/file\/d\/1YqyoXJ1AFdQ7HnfeF9BCOdhmKUckWqLi\/view?usp=sharing\" target=\"_blank\">PRIMERA<\/a><br><br><\/td><\/tr><\/tbody><\/table><\/figure>\n<\/div>\n<\/div>\n\n\n\n<h2 class=\"wp-block-heading has-vivid-cyan-blue-background-color has-background\">TERCER CICLO <\/h2>\n\n\n\n<p>SECCI\u00d3N  A<\/p>\n\n\n\n<figure class=\"wp-block-table\"><table><tbody><tr><td>&nbsp;CODIGO<\/td><td>CURSO<\/td><td>DOCENTE<\/td><td>ACTA FINAL<\/td><td>RECUPERACION<\/td><\/tr><tr><td>11<\/td><td>FILOSOFIA<\/td><td>&nbsp;&nbsp;&nbsp;&nbsp;&nbsp;MTRO.&nbsp;CARLOS ROBERTO MONZ\u00d3N GONZ\u00c1LEZ<\/td><td>FINAL <br><a href=\"https:\/\/drive.google.com\/file\/d\/1haf2XKe8cc87dq8145ckak-5GjE40Bpp\/view?usp=drive_link\">Complementaria<\/a><\/td><td>&nbsp;<a href=\"https:\/\/drive.google.com\/file\/d\/13PfrIE6hBd68SuJNSXmweb8qPC_Esuja\/view?usp=drive_link\">Primera<\/a><br><br><a href=\"https:\/\/drive.google.com\/file\/d\/1t-GMt3JkqSGoffLhe-yJuxxj928oD_Ln\/view?usp=drive_link\">Segunda<\/a><\/td><\/tr><tr><td>12<\/td><td>INTRODUCCION A LA ECONOMIA<\/td><td>MA. MARIA ELENA IZQUIERDO MERLO<\/td><td>&nbsp;<a href=\"https:\/\/drive.google.com\/file\/d\/1QKm6EqZIpmNgwuUpySbe5ScM3dPAIQAN\/view?usp=drive_link\" target=\"_blank\" rel=\"noreferrer noopener\">FINAL<\/a><\/td><td>&nbsp;<a href=\"https:\/\/drive.google.com\/file\/d\/1KEaAGKoSvsWRBkFJTThP3XN5ui_1wGwH\/view?usp=drive_link\">Primera<\/a> <br><a href=\"https:\/\/drive.google.com\/file\/d\/1PYUfn5QY4jXH723_23HsUkbQSgsLC7iK\/view?usp=drive_link\">Segunda<\/a><\/td><\/tr><tr><td>13<\/td><td>INTRODUCCION AL DERECHO<\/td><td>LIC. OSCAR ESTUARDO BAUTISTA SOTO<\/td><td>&nbsp;<a href=\"https:\/\/drive.google.com\/file\/d\/1oUNZ-Afmq8PdXqGNVZEBPuaZj3H44uIn\/view?usp=drive_link\" target=\"_blank\" rel=\"noreferrer noopener\">FINAL<\/a><\/td><td>&nbsp;<a href=\"https:\/\/drive.google.com\/file\/d\/1Ggh7rbKCjJEa-8qb8v0-1y3cl-NFFReX\/view?usp=drive_link\">Primera<\/a><\/td><\/tr><tr><td>14<\/td><td>HISTORIA DE GUATEMALA I<\/td><td>MSC. ALMA CONSUELO COGUOX PEREZ<\/td><td>&nbsp;<a href=\"https:\/\/drive.google.com\/file\/d\/1hn1y3J4dydCkaepwMCOW1ieTuIYLf1QA\/view?usp=drive_link\" target=\"_blank\" rel=\"noreferrer noopener\">FINAL<\/a><\/td><td>&nbsp;<\/td><\/tr><tr><td>15<\/td><td>METODOLOGIA II<\/td><td>DRA. VICTORIA TUBIN <\/td><td>&nbsp;<a href=\"https:\/\/drive.google.com\/file\/d\/11ewNJ5uXLhBbHvo3J8gB-DdYSIO4kPLY\/view?usp=drive_link\" target=\"_blank\" rel=\"noreferrer noopener\">FINAL<\/a><\/td><td>&nbsp;<\/td><\/tr><\/tbody><\/table><\/figure>\n\n\n\n<p>SECCI\u00d3N B<\/p>\n\n\n\n<figure class=\"wp-block-table\"><table><tbody><tr><td>&nbsp;CODIGO<\/td><td>CURSO<\/td><td>DOCENTE<\/td><td>ACTA FINAL<\/td><td>RECUPERACION<\/td><\/tr><tr><td>11<\/td><td>FILOSOFIA<\/td><td>MTRO. CARLOS ORLANDO OLIVA MURALLES<\/td><td>&nbsp;<a href=\"https:\/\/drive.google.com\/file\/d\/1WwjolXRjVgVZSHayiKDUGrWXmQowMUn1\/view?usp=drive_link\" target=\"_blank\" rel=\"noreferrer noopener\">Final<\/a><\/td><td>&nbsp;<a href=\"https:\/\/drive.google.com\/file\/d\/1iEF6W4wru5x8iRs6JtbnhW_aFDV_F0io\/view?usp=drive_link\">Primera<\/a><br><br><a href=\"https:\/\/drive.google.com\/file\/d\/1nyyUc_92nhpYQoqj8kPG8tEGZneb8-Of\/view?usp=drive_link\">Segunda<\/a><\/td><\/tr><tr><td>12<\/td><td>INTRODUCCI\u00d3N A LA ECONOM\u00cdA   <\/td><td>MAESTRA. MAR\u00cdA ELENA IZQUIERDO MERLO                                 <\/td><td>&nbsp;<a href=\"https:\/\/drive.google.com\/file\/d\/1F7M62oKnHwin-oBCZ6D8KykqGtTsC1M8\/view?usp=drive_link\" target=\"_blank\" rel=\"noreferrer noopener\">Final<\/a><\/td><td><a href=\"https:\/\/drive.google.com\/file\/d\/1zggSSZm1OFZarOYYfYruw6r9_iTAY1lD\/view?usp=drive_link\">&nbsp;primera<\/a><br><br><a href=\"https:\/\/drive.google.com\/file\/d\/1RTDTqn8lbGTWaKit1N-baanN8jXcgCMX\/view?usp=drive_link\">Segunda<\/a><\/td><\/tr><tr><td>13<\/td><td>INTRODUCCION AL DERECHO<\/td><td>LIC. JORGE&nbsp; DE JES\u00daS PONCE REINOSO<\/td><td>&nbsp;<a href=\"https:\/\/drive.google.com\/file\/d\/18DgtJTdwaFbkYms-yW-HrAkTVPLVdtdH\/view?usp=drive_link\" target=\"_blank\" rel=\"noreferrer noopener\">Final<\/a><\/td><td>&nbsp;<\/td><\/tr><tr><td>14<\/td><td>HISTORIA DE GUATEMALA I          <\/td><td>MTRO. FRANCISCO JOS\u00c9 LEMUS MIRANDA<\/td><td>&nbsp;<a href=\"https:\/\/drive.google.com\/file\/d\/1r8h-1HZNjYXLH-gJXemzipeWsyRrXuwq\/view?usp=drive_link\" target=\"_blank\" rel=\"noreferrer noopener\">FINAL<\/a><\/td><td>&nbsp;<\/td><\/tr><tr><td>15<\/td><td>METODOLOGIA II<\/td><td>DR. FIDEL AR\u00c9VALO GAMBOA                        <\/td><td>&nbsp;<a href=\"https:\/\/drive.google.com\/file\/d\/1NVcsJfEcVDYBlL_49g4Z3Rge7tmm1aKj\/view?usp=drive_link\" target=\"_blank\" rel=\"noreferrer noopener\">Final<\/a><\/td><td>&nbsp;<a href=\"https:\/\/drive.google.com\/file\/d\/1TQLy4d9lbZk1pwOVJ8_e03Gakks0KLCv\/view?usp=drive_link\">Primera<\/a><br><br><a href=\"https:\/\/drive.google.com\/file\/d\/1n1iLgbKXQaq6578THR265i9ajsDoGEIn\/view?usp=drive_link\">Segunda<\/a><\/td><\/tr><\/tbody><\/table><\/figure>\n\n\n\n<p>SECCI\u00d3N C<\/p>\n\n\n\n<figure class=\"wp-block-table\"><table><tbody><tr><td>&nbsp;CODIGO<\/td><td>CURSO<\/td><td>DOCENTE<\/td><td>ACTA FINAL<\/td><td>RECUPERACION<\/td><\/tr><tr><td>11<\/td><td>FILOSOFIA<\/td><td>MTRO. EDDY AMILCAR MORALES MAZARIEGOS<\/td><td><a href=\"https:\/\/drive.google.com\/file\/d\/19B2t-i6d4l5zXX4Z9w4K4CvSazCCDX7a\/view?usp=drive_link\" target=\"_blank\" rel=\"noreferrer noopener\">&nbsp;Final<\/a><\/td><td>&nbsp;<\/td><\/tr><tr><td>12<\/td><td>INTRODUCCION A LA ECONOMIA<\/td><td>MAESTRA. MAR\u00cdA ELENA IZQUIERDO MERLO<\/td><td>&nbsp;<a href=\"https:\/\/drive.google.com\/file\/d\/15tfQp_n8OEm3CcMZEHSn2-MRgUWLHFZz\/view?usp=drive_link\" target=\"_blank\" rel=\"noreferrer noopener\">Final<\/a><\/td><td><a href=\"https:\/\/drive.google.com\/file\/d\/1rtqgznpZURd9tRryXHHBkdoQv0TqMGgt\/view?usp=drive_link\">&nbsp;primera<\/a><br><br><a href=\"https:\/\/drive.google.com\/file\/d\/1AY5wyZgxL5ud0QHPP41FTlSVdbs-SIpf\/view?usp=drive_link\">Segunda<\/a><\/td><\/tr><tr><td>13<\/td><td>INTRODUCCION AL DERECHO<\/td><td>MTRO. OSCAR INTERIANO<\/td><td><a rel=\"noreferrer noopener\" href=\"https:\/\/drive.google.com\/file\/d\/175SsBpEhptlXydXWATe9eEhdSPcHVmsq\/view?usp=drive_link\" target=\"_blank\">Final<\/a><\/td><td>&nbsp;<\/td><\/tr><tr><td>14<\/td><td>HISTORIA DE GUATEMALA I    <\/td><td>MAESTRA EUNICE RODR\u00cdGUEZ GUILL\u00c9N&nbsp;&nbsp;<\/td><td>&nbsp;<a href=\"https:\/\/drive.google.com\/file\/d\/1BBewkZEHHvD4xgDWRUy4rBupDkfTiHyi\/view?usp=drive_link\">Final<\/a><\/td><td>&nbsp;<\/td><\/tr><tr><td>15<\/td><td>METODOLOGIA II     <\/td><td> LICDA. LISETH EDELMIRA MONTENEGRO  <\/td><td>&nbsp;<a href=\"https:\/\/drive.google.com\/file\/d\/15_cAUW1JcLGE42XxbZUx4HdyqUhPoBiZ\/view?usp=drive_link\" target=\"_blank\" rel=\"noreferrer noopener\">Final<\/a><\/td><td>&nbsp;<\/td><\/tr><\/tbody><\/table><\/figure>\n","protected":false},"excerpt":{"rendered":"<p>PRIMER CICLO Secci\u00f3n A CODIGO NOMBRE DEL CURSO DOCENTE NOTA FINAL RECUPERACI\u00d3N 1 CIENCIA POL\u00cdTICA I LIC. JORGE&nbsp; DE JES\u00daS PONCE REINOSO Final Primera 2 SOCIOLOG\u00cdA I LIC. MANUEL CUPERTINO RIVERA RIVERA Final primera Segunda 3 RELACIONES INTERNACIONALES I &nbsp;MTRO. GILBERTO &nbsp;CORTEZ&nbsp; CHAC\u00d3N Final Primera Segunda 4 HISTORIA MUNDIAL LIC. JUAN&nbsp; CARLOS GUZM\u00c1N MOR\u00c1N Final [&hellip;]<\/p>\n","protected":false},"author":101014,"featured_media":0,"parent":0,"menu_order":0,"comment_status":"closed","ping_status":"closed","template":"","meta":[],"_links":{"self":[{"href":"https:\/\/cienciapolitica.usac.edu.gt\/index.php?rest_route=\/wp\/v2\/pages\/8839"}],"collection":[{"href":"https:\/\/cienciapolitica.usac.edu.gt\/index.php?rest_route=\/wp\/v2\/pages"}],"about":[{"href":"https:\/\/cienciapolitica.usac.edu.gt\/index.php?rest_route=\/wp\/v2\/types\/page"}],"author":[{"embeddable":true,"href":"https:\/\/cienciapolitica.usac.edu.gt\/index.php?rest_route=\/wp\/v2\/users\/101014"}],"replies":[{"embeddable":true,"href":"https:\/\/cienciapolitica.usac.edu.gt\/index.php?rest_route=%2Fwp%2Fv2%2Fcomments&post=8839"}],"version-history":[{"count":101,"href":"https:\/\/cienciapolitica.usac.edu.gt\/index.php?rest_route=\/wp\/v2\/pages\/8839\/revisions"}],"predecessor-version":[{"id":9943,"href":"https:\/\/cienciapolitica.usac.edu.gt\/index.php?rest_route=\/wp\/v2\/pages\/8839\/revisions\/9943"}],"wp:attachment":[{"href":"https:\/\/cienciapolitica.usac.edu.gt\/index.php?rest_route=%2Fwp%2Fv2%2Fmedia&parent=8839"}],"curies":[{"name":"wp","href":"https:\/\/api.w.org\/{rel}","templated":true}]}}