{"id":87,"date":"2013-04-24T00:12:21","date_gmt":"2013-04-24T00:12:21","guid":{"rendered":"http:\/\/sitios.usac.edu.gt\/wp_cienciapolitica\/?page_id=87"},"modified":"2020-10-01T01:15:57","modified_gmt":"2020-10-01T01:15:57","slug":"ingreso-2014","status":"publish","type":"page","link":"https:\/\/cienciapolitica.usac.edu.gt\/?page_id=87","title":{"rendered":"Proceso de Ingreso 2021"},"content":{"rendered":"<p>&nbsp;<\/p>\n<p>&nbsp;<\/p>\n<p>QR CIENCIA POL\u00cdTICA<\/p>\n<table style=\"height: 154px;\" border=\"1\" width=\"626\" cellspacing=\"0\" cellpadding=\"0\">\n<tbody>\n<tr>\n<td valign=\"top\" width=\"288\">Encargado de la\u00a0 Prueba<\/td>\n<td valign=\"top\" width=\"288\">Lic. Jos\u00e9 Gilberto Cortez Chac\u00f3n<\/td>\n<\/tr>\n<tr>\n<td valign=\"top\" width=\"288\">Horario de atenci\u00f3n al p\u00fablico<\/td>\n<td valign=\"top\" width=\"288\">\u00a0De 8:00 a 12:00 horas\u00a0 y de 14:00 a 19:00 lunes y viernes<\/td>\n<\/tr>\n<tr>\n<td valign=\"top\" width=\"288\">Correo Electr\u00f3nico<\/td>\n<td valign=\"top\" width=\"288\">cienciapolitica.primeringreso@gmail.com<\/td>\n<\/tr>\n<tr>\n<td valign=\"top\" width=\"288\">N\u00fameros de tel\u00e9fonos<\/td>\n<td valign=\"top\" width=\"288\">\u00a024188000 Ext 1476 y\u00a024188702<\/td>\n<\/tr>\n<tr>\n<td valign=\"top\" width=\"288\">\u00a0Dudas o comentarios<\/td>\n<td valign=\"top\" width=\"288\">EscueladeCienciaPol\u00edticaUniversidaddeSanCarlosdeGuatemalaOficial<\/p>\n<p>especificasecp2020@gmail.com<\/td>\n<\/tr>\n<\/tbody>\n<\/table>\n<p>&nbsp;<\/p>\n<table border=\"1\" width=\"583\" cellspacing=\"0\" cellpadding=\"0\" align=\"left\">\n<tbody>\n<tr>\n<td valign=\"top\" width=\"288\">Contenidos de Evaluaci\u00f3n de la Prueba Espec\u00edfica:<\/td>\n<td valign=\"top\" width=\"295\">\n<ul>\n<li>\u00a0Situaci\u00f3n nacional y mundial.<\/li>\n<li>Historia de Guatemala<\/li>\n<li>Ciencias Sociales.<\/li>\n<li>Sistema pol\u00edtico y\u00a0Administrativo guatemalteco.<\/li>\n<li>Investigaci\u00f3n cient\u00edfica.<\/li>\n<\/ul>\n<\/td>\n<\/tr>\n<tr>\n<td valign=\"top\" width=\"288\">Material de Respaldo. Bibliograf\u00eda a consultar:<\/td>\n<td valign=\"top\" width=\"295\">\n<ul>\n<li>Gil P\u00e9rez, rosario y Estuardo Orantes Lemus, Sociolog\u00eda de Guatemala. 6\u00aa. Ed., Sn Edit., Guatemala 1998.<\/li>\n<li>Pilo\u00f1a Ortiz, Gabriel Alfredo. M\u00e9todos y T\u00e9cnicas de Investigaci\u00f3n Documental y de Campo (Gu\u00eda Practica). 5\u00aa. Ed., Edit. CIMGRA, Guatemala 2004.<\/li>\n<li>Mart\u00ednez Pel\u00e1ez, Severo. La Patria del Criollo. 11\u00aa Ed. Edit. En \u201cMarcha\u201d, M\u00e9xico 1990<\/li>\n<li>Monz\u00f3n Garc\u00eda. Samuel Alfredo. Introducci\u00f3n de la Investigaci\u00f3n Cient\u00edfica. 2\u00aa. Sda., Edit. Oscar De Le\u00f3n Palacios. Guatemala 2000.<\/li>\n<li>Pardinas, Felipe. Metodolog\u00eda y T\u00e9cnicas de Investigaci\u00f3n en Ciencias Sociales. 16\u00aa. Ed., Edit. Siglo XXI, M\u00e9xico 1983<\/li>\n<li>Libros de texto de \u00a0b\u00e1sicos y diversificado (Relacionados con los temas).<\/li>\n<\/ul>\n<p>&nbsp;<\/td>\n<\/tr>\n<tr>\n<td valign=\"top\" width=\"288\">Forma de Asignaci\u00f3n<\/td>\n<td valign=\"top\" width=\"295\">\n<ul>\n<li>En linea<\/li>\n<li><a href=\"https:\/\/especificas.usac.edu.gt\/especificas\/cp28\/\" target=\"_blank\" rel=\"noopener\">http:\/\/especificas.usac.edu.gt\/especificas\/cp28\/<\/a><\/li>\n<li><a href=\"http:\/\/especificas.usac.edu.gt\/especificas\/cp28\/\">Las 24 horas de d\u00eda<\/a><\/li>\n<\/ul>\n<p>Requisitos \u00a0haber ganado los ex\u00e1menes B\u00e1sicos de Matem\u00e1tica y Lenguaje.<\/td>\n<\/tr>\n<tr>\n<td valign=\"top\" width=\"288\">Asignaci\u00f3n para simultaneas o traslado de carrera<\/td>\n<td valign=\"top\" width=\"295\">\n<ul>\n<li>Requisitos constancia de \u00a0haber ganado los ex\u00e1menes B\u00e1sicos de Matem\u00e1tica y Lenguaje y No. de Orientaci\u00f3n Vocacional.<\/li>\n<\/ul>\n<\/td>\n<\/tr>\n<\/tbody>\n<\/table>\n<p>&nbsp;<\/p>\n","protected":false},"excerpt":{"rendered":"<p>&nbsp; &nbsp; QR CIENCIA POL\u00cdTICA Encargado de la\u00a0 Prueba Lic. Jos\u00e9 Gilberto Cortez Chac\u00f3n Horario de atenci\u00f3n al p\u00fablico \u00a0De 8:00 a 12:00 horas\u00a0 y de 14:00 a 19:00 lunes y viernes Correo Electr\u00f3nico cienciapolitica.primeringreso@gmail.com N\u00fameros de tel\u00e9fonos \u00a024188000 Ext 1476 y\u00a024188702 \u00a0Dudas o comentarios EscueladeCienciaPol\u00edticaUniversidaddeSanCarlosdeGuatemalaOficial especificasecp2020@gmail.com &nbsp; Contenidos de Evaluaci\u00f3n de la Prueba Espec\u00edfica: [&hellip;]<\/p>\n","protected":false},"author":1,"featured_media":0,"parent":0,"menu_order":0,"comment_status":"closed","ping_status":"closed","template":"","meta":[],"_links":{"self":[{"href":"https:\/\/cienciapolitica.usac.edu.gt\/index.php?rest_route=\/wp\/v2\/pages\/87"}],"collection":[{"href":"https:\/\/cienciapolitica.usac.edu.gt\/index.php?rest_route=\/wp\/v2\/pages"}],"about":[{"href":"https:\/\/cienciapolitica.usac.edu.gt\/index.php?rest_route=\/wp\/v2\/types\/page"}],"author":[{"embeddable":true,"href":"https:\/\/cienciapolitica.usac.edu.gt\/index.php?rest_route=\/wp\/v2\/users\/1"}],"replies":[{"embeddable":true,"href":"https:\/\/cienciapolitica.usac.edu.gt\/index.php?rest_route=%2Fwp%2Fv2%2Fcomments&post=87"}],"version-history":[{"count":29,"href":"https:\/\/cienciapolitica.usac.edu.gt\/index.php?rest_route=\/wp\/v2\/pages\/87\/revisions"}],"predecessor-version":[{"id":4138,"href":"https:\/\/cienciapolitica.usac.edu.gt\/index.php?rest_route=\/wp\/v2\/pages\/87\/revisions\/4138"}],"wp:attachment":[{"href":"https:\/\/cienciapolitica.usac.edu.gt\/index.php?rest_route=%2Fwp%2Fv2%2Fmedia&parent=87"}],"curies":[{"name":"wp","href":"https:\/\/api.w.org\/{rel}","templated":true}]}}