{"id":7635,"date":"2023-06-29T18:30:21","date_gmt":"2023-06-29T18:30:21","guid":{"rendered":"https:\/\/cienciapolitica.usac.edu.gt\/?page_id=7635"},"modified":"2023-07-20T00:42:13","modified_gmt":"2023-07-20T00:42:13","slug":"tramite-para-solicitar-sexto-curso","status":"publish","type":"page","link":"https:\/\/cienciapolitica.usac.edu.gt\/?page_id=7635","title":{"rendered":"Tramite para solicitar  Sexto curso"},"content":{"rendered":"\n<div class=\"wp-block-columns is-layout-flex wp-container-2\">\n<div class=\"wp-block-column is-layout-flow\" style=\"flex-basis:100%\">\n<p class=\"has-text-align-center has-black-color has-text-color has-background\" style=\"background:linear-gradient(135deg,rgb(254,205,165) 0%,rgb(165,17,17) 50%,rgb(107,0,62) 100%)\"><strong>Art\u00edculo 27.<\/strong><br>No obstante lo establecido en el art\u00edculo anterior, a solicitud escrita y razonada, el<br>Consejo Directivo de la Escuela puede autorizar una sexta asignatura, <strong><em>siempre<br>que el estudiante sea de tiempo completo y demuestre un rendimiento acad\u00e9mico<br>promedio de por lo menos 75 puntos en el semestre inmediato anterior, que los<br>cinco cursos hayan sido aprobados y que tengan los cursos fundantes aprobados.<\/em><\/strong><br>La solicitud deber\u00e1 hacerse y autorizarse dentro del primer mes de cada semestre,<br>previa opini\u00f3n del Coordinador Acad\u00e9mico de la jornada. El sexto curso<br>\u00fanicamente podr\u00e1 asignarse y cursarse en jornada distinta a la que tenga el<br>estudiante establecida.<\/p>\n<\/div>\n<\/div>\n\n\n\n<p>Procedimiento:<\/p>\n\n\n\n<p>Debe enviar su solicitud atreves de una carta indicando el curso (c\u00f3digo y nombre del curso), sus datos completos<\/p>\n\n\n\n<ul>\n<li>Nombre completo<\/li>\n\n\n\n<li>Registro Acad\u00e9mico<\/li>\n\n\n\n<li>CUI<\/li>\n\n\n\n<li>Correo electronico<\/li>\n\n\n\n<li>Tel\u00e9fono<\/li>\n<\/ul>\n\n\n\n<p>La solicitud debe llevar su firma, enviarla al correo de correspondencia.ecp@usac.edu.gt en el mes de Julio para los cursos del segundo semestre. <\/p>\n\n\n\n<figure class=\"wp-block-image size-large\"><a href=\"https:\/\/cienciapolitica.usac.edu.gt\/wp-content\/uploads\/2023\/07\/sextocu.jpg\"><img decoding=\"async\" loading=\"lazy\" width=\"875\" height=\"1024\" src=\"https:\/\/cienciapolitica.usac.edu.gt\/wp-content\/uploads\/2023\/07\/sextocu-875x1024.jpg\" alt=\"\" class=\"wp-image-7792\" srcset=\"https:\/\/cienciapolitica.usac.edu.gt\/wp-content\/uploads\/2023\/07\/sextocu-875x1024.jpg 875w, https:\/\/cienciapolitica.usac.edu.gt\/wp-content\/uploads\/2023\/07\/sextocu-256x300.jpg 256w, https:\/\/cienciapolitica.usac.edu.gt\/wp-content\/uploads\/2023\/07\/sextocu-768x899.jpg 768w, https:\/\/cienciapolitica.usac.edu.gt\/wp-content\/uploads\/2023\/07\/sextocu-1313x1536.jpg 1313w, https:\/\/cienciapolitica.usac.edu.gt\/wp-content\/uploads\/2023\/07\/sextocu-1750x2048.jpg 1750w, https:\/\/cienciapolitica.usac.edu.gt\/wp-content\/uploads\/2023\/07\/sextocu.jpg 1927w\" sizes=\"(max-width: 875px) 100vw, 875px\" \/><\/a><\/figure>\n","protected":false},"excerpt":{"rendered":"<p>Art\u00edculo 27.No obstante lo establecido en el art\u00edculo anterior, a solicitud escrita y razonada, elConsejo Directivo de la Escuela puede autorizar una sexta asignatura, siempreque el estudiante sea de tiempo completo y demuestre un rendimiento acad\u00e9micopromedio de por lo menos 75 puntos en el semestre inmediato anterior, que loscinco cursos hayan sido aprobados y que [&hellip;]<\/p>\n","protected":false},"author":101014,"featured_media":0,"parent":0,"menu_order":0,"comment_status":"closed","ping_status":"closed","template":"","meta":[],"_links":{"self":[{"href":"https:\/\/cienciapolitica.usac.edu.gt\/index.php?rest_route=\/wp\/v2\/pages\/7635"}],"collection":[{"href":"https:\/\/cienciapolitica.usac.edu.gt\/index.php?rest_route=\/wp\/v2\/pages"}],"about":[{"href":"https:\/\/cienciapolitica.usac.edu.gt\/index.php?rest_route=\/wp\/v2\/types\/page"}],"author":[{"embeddable":true,"href":"https:\/\/cienciapolitica.usac.edu.gt\/index.php?rest_route=\/wp\/v2\/users\/101014"}],"replies":[{"embeddable":true,"href":"https:\/\/cienciapolitica.usac.edu.gt\/index.php?rest_route=%2Fwp%2Fv2%2Fcomments&post=7635"}],"version-history":[{"count":2,"href":"https:\/\/cienciapolitica.usac.edu.gt\/index.php?rest_route=\/wp\/v2\/pages\/7635\/revisions"}],"predecessor-version":[{"id":7793,"href":"https:\/\/cienciapolitica.usac.edu.gt\/index.php?rest_route=\/wp\/v2\/pages\/7635\/revisions\/7793"}],"wp:attachment":[{"href":"https:\/\/cienciapolitica.usac.edu.gt\/index.php?rest_route=%2Fwp%2Fv2%2Fmedia&parent=7635"}],"curies":[{"name":"wp","href":"https:\/\/api.w.org\/{rel}","templated":true}]}}