{"id":7120,"date":"2023-03-06T16:46:46","date_gmt":"2023-03-06T16:46:46","guid":{"rendered":"https:\/\/cienciapolitica.usac.edu.gt\/?page_id=7120"},"modified":"2023-03-07T01:33:20","modified_gmt":"2023-03-07T01:33:20","slug":"asignacion-del-primer-semestre-2023","status":"publish","type":"page","link":"https:\/\/cienciapolitica.usac.edu.gt\/?page_id=7120","title":{"rendered":"Asignaci\u00f3n del  primer semestre 2023"},"content":{"rendered":"\n<h2 class=\"has-black-color has-text-color has-large-font-size wp-block-heading\">Solo puede asignarse 5 cursos (*el sexto curso solo las personas que solicitaron en el mes de enero y que cumplen con el articulo 27)<\/h2>\n\n\n\n<p><\/p>\n\n\n\n<p class=\"has-vivid-red-color has-white-background-color has-text-color has-background has-medium-font-size\">Nota:  Para que la asignaci\u00f3n sea la correcta y aparezca en actas finales debe tomar en cuenta lo siguiente:<\/p>\n\n\n\n<ol>\n<li>Debe tener el prerrequisito ganado<\/li>\n\n\n\n<li>No debe existir traslape de cursos<\/li>\n<\/ol>\n\n\n\n<h2 class=\"has-vivid-red-color has-text-color has-large-font-size wp-block-heading\"><a rel=\"noreferrer noopener\" href=\"https:\/\/forms.gle\/vsTmNEsWLtcRVgQq7\" data-type=\"URL\" data-id=\"https:\/\/forms.gle\/vsTmNEsWLtcRVgQq7\" target=\"_blank\">Extemporanea para primer ingreso<\/a><\/h2>\n\n\n\n<p>**********************************************************<\/p>\n\n\n\n<p><\/p>\n\n\n\n<h2 class=\"has-vivid-red-color has-text-color has-large-font-size wp-block-heading\"><a rel=\"noreferrer noopener\" href=\"https:\/\/forms.gle\/o7U7XLE2kPepRCaS8\" data-type=\"URL\" data-id=\"https:\/\/forms.gle\/o7U7XLE2kPepRCaS8\" target=\"_blank\">Asignaci\u00f3n estudiantes Regulares<\/a><\/h2>\n\n\n\n<p>************************************************************<\/p>\n\n\n\n<p class=\"has-x-large-font-size\"><strong>Asignaci\u00f3n del sexto curso:<\/strong><\/p>\n\n\n\n<p>Se asignara el sexto curso a las y los estudiantes aprobados  Consejo Directivo que cumplen el articulo 27.<\/p>\n\n\n\n<p>Articulo 27: No obstante lo establecido en el art\u00edculo anterior, a solicitud escrita y razonada, el Consejo Directivo de la Escuela puede autorizar una sexta asignatura, siempre que el estudiante sea de tiempo completo y demuestre un rendimiento acad\u00e9mico promedio de <strong><u>por lo menos 75<\/u><\/strong> <strong><u>puntos en el semestre inmediato anterior, que los cinco cursos hayan sido aprobados<\/u><\/strong> y que tengan los cursos fundentes aprobados. La solicitud deber\u00e1 hacerse y autorizarse dentro del primer mes de cada semestre, previa opini\u00f3n del Coordinador Acad\u00e9mico de la jornada. El sexto curso&nbsp; \u00fanicamente podr\u00e1 asignarse y cursarse en jornada distinta a la que tenga el estudiante establecida.<\/p>\n\n\n\n<p>No se puede asignar un sexto curso si es la otra especializaci\u00f3n, solo puede llevar una especialidad.<\/p>\n\n\n\n<p>El sexto curso debe llevarse en diferente jornada.<\/p>\n\n\n\n<p>&#8212;&#8212;&#8212;&#8212;&#8212;&#8212;&#8212;&#8212;&#8212;&#8212;&#8212;&#8212;&#8212;&#8212;&#8212;&#8212;&#8212;&#8212;&#8212;&#8212;&#8212;&#8212;&#8212;&#8212;&#8212;&#8212;&#8212;&#8212;&#8212;&#8212;&#8212;&#8212;<\/p>\n\n\n\n<h2 class=\"has-vivid-red-color has-text-color wp-block-heading\">Asignaci\u00f3n  del sexto curso* Pendiente Listado de Aprobaci\u00f3n <\/h2>\n","protected":false},"excerpt":{"rendered":"<p>Solo puede asignarse 5 cursos (*el sexto curso solo las personas que solicitaron en el mes de enero y que cumplen con el articulo 27) Nota: Para que la asignaci\u00f3n sea la correcta y aparezca en actas finales debe tomar en cuenta lo siguiente: Extemporanea para primer ingreso ********************************************************** Asignaci\u00f3n estudiantes Regulares ************************************************************ Asignaci\u00f3n del [&hellip;]<\/p>\n","protected":false},"author":101014,"featured_media":0,"parent":0,"menu_order":0,"comment_status":"closed","ping_status":"closed","template":"","meta":[],"_links":{"self":[{"href":"https:\/\/cienciapolitica.usac.edu.gt\/index.php?rest_route=\/wp\/v2\/pages\/7120"}],"collection":[{"href":"https:\/\/cienciapolitica.usac.edu.gt\/index.php?rest_route=\/wp\/v2\/pages"}],"about":[{"href":"https:\/\/cienciapolitica.usac.edu.gt\/index.php?rest_route=\/wp\/v2\/types\/page"}],"author":[{"embeddable":true,"href":"https:\/\/cienciapolitica.usac.edu.gt\/index.php?rest_route=\/wp\/v2\/users\/101014"}],"replies":[{"embeddable":true,"href":"https:\/\/cienciapolitica.usac.edu.gt\/index.php?rest_route=%2Fwp%2Fv2%2Fcomments&post=7120"}],"version-history":[{"count":9,"href":"https:\/\/cienciapolitica.usac.edu.gt\/index.php?rest_route=\/wp\/v2\/pages\/7120\/revisions"}],"predecessor-version":[{"id":7520,"href":"https:\/\/cienciapolitica.usac.edu.gt\/index.php?rest_route=\/wp\/v2\/pages\/7120\/revisions\/7520"}],"wp:attachment":[{"href":"https:\/\/cienciapolitica.usac.edu.gt\/index.php?rest_route=%2Fwp%2Fv2%2Fmedia&parent=7120"}],"curies":[{"name":"wp","href":"https:\/\/api.w.org\/{rel}","templated":true}]}}