{"id":68,"date":"2013-04-21T02:59:09","date_gmt":"2013-04-21T02:59:09","guid":{"rendered":"http:\/\/sitios.usac.edu.gt\/wp_cienciapolitica\/?page_id=68"},"modified":"2013-04-21T02:59:09","modified_gmt":"2013-04-21T02:59:09","slug":"historia","status":"publish","type":"page","link":"https:\/\/cienciapolitica.usac.edu.gt\/?page_id=68","title":{"rendered":"Historia"},"content":{"rendered":"<p style=\"text-align: center;\"><strong>Rese\u00f1a Historica<\/strong><\/p>\n<p style=\"text-align: center;\"><strong>Escuela de Ciencia Pol\u00edtica<\/strong><\/p>\n<p style=\"text-align: center;\"><strong>Universidad de San Carlos de Guatemala<\/strong><\/p>\n<p style=\"text-align: left;\">La Escuela de Ciencia Pol\u00edtica de la Universidad de San Carlos de Guatemala, es una Unidad Acad\u00e9mica responsable de gestionar, organizar, coordinar e implementar los programas de formaci\u00f3n, investigaci\u00f3n y extensi\u00f3n de manera que sus egresados adquieran capacidad, no dolo para el ejercicio de una profesi\u00f3n, sino para promover cambios positivos en el \u00e1mbito de su especialidad cient\u00edfica en Ciencia Pol\u00edtica, Sociolog\u00eda y Relaciones Internacionales y\/o en el medio social en que act\u00faen. Su funci\u00f3n sustantiva es la formaci\u00f3n, actualizaci\u00f3n y perfeccionamiento del recurso humano calificado para analizar proponer e intervenir en la realidad social\u00bb.<\/p>\n<p style=\"text-align: left;\">\n<p style=\"text-align: left;\">IV. BASE LEGAL<br \/>\nLa Escuela de Ciencia Pol\u00edtica fue institucionalizada formalmente el 31 de octubre del a\u00f1o 1973, cuando el Consejo Superior Universitario conoci\u00f3 y aprob\u00f3 el dictamen favorable para su creaci\u00f3n emitido por la Facultad de Ciencias Jur\u00eddicas y Sociales.<\/p>\n<p style=\"text-align: left;\">Marco Hist\u00f3rico<\/p>\n<p style=\"text-align: left;\">\u201cCon fecha 13 de enero de 1968, el Consejo Superior Universitario autoriza en el Acta No. 968, que se impartan cursos de Ciencia Pol\u00edtica en el Centro de Estudios de Poblaci\u00f3n, como extensi\u00f3n universitaria, otorgando a los estudiantes que aprobaran dos semestres, un diplomado de acreditaci\u00f3n. Con fecha 28 de mayo de 1970, el Consejo Superior Universitario aprueba con Acta 1047, que por medio de la Comisi\u00f3n de Planeamiento se eval\u00fae el Centro de Estudios de Ciencia Pol\u00edtica, en lo que se al cumplimiento de sus objetivos, a s su organizaci\u00f3n y a su funcionamiento y que en su oportunidad, se realice al Consejo una propuesta concreta sobre el futuro administrativo y docente del mismo\u201d<\/p>\n<p style=\"text-align: left;\">\u201cLas gestiones para su formaci\u00f3n se alcanzaron el 25 de noviembre de 1971 en que el Consejo Superior Universitario, en el Acta 1132 resuelve crear oficialmente la Escuela de Ciencia Pol\u00edtica y la encomienda a la facultad de Ciencias Jur\u00eddicas y Sociales, por ser la mas af\u00edn, para el estudio sobre su ubicaci\u00f3n definitiva\u201d<\/p>\n<p style=\"text-align: left;\">\u201cOtro acontecimiento importante ocurre el 31 de octubre de 1973, cuando el Consejo Superior Universitario en Acta 1219, aprueba el pensum de estudios de la Escuela de Ciencia Pol\u00edtica. A partir del a\u00f1o siguiente, esta Unidad Acad\u00e9mica funciona normalmente y su importancia dentro de la Universidad de San Carlos es cada vez mayor.\u201d<\/p>\n<p style=\"text-align: left;\">\u201cEn sus primeros a\u00f1os de vida la Escuela de Ciencia Pol\u00edtica funcion\u00f3 provisionalmente haciendo uso de los edificios de otras facultades. De 1968 a 1972 en la antigua Facultad de Medicina; en 1973 en la antigua Facultad de Odontolog\u00eda y en 1974, ya con la aprobaci\u00f3n de la formalizaci\u00f3n de los estudios en Ciencia Pol\u00edtica, en el edificio que hab\u00eda dejado la Facultad de Econom\u00eda. A partir de 1975, funcion\u00f3 en el edificio S-5 de la Ciudad Universitaria, zona 12, perteneciente a la Facultad de Ciencias Jur\u00eddicas y Sociales y a partir del a\u00f1o 2000 a la fecha, la Escuela de Ciencia Pol\u00edtica funciona en su propio edificio (M-5), en la Ciudad Universitaria, zona 12.\u201d<\/p>\n<p style=\"text-align: left;\">\u201cEl plan de estudios de la carrera de Polit\u00f3logo en el grado de licenciatura fue aprobado el 31 de octubre de 1973, pero fue objeto de reformas contenidas en acta del Consejo Superior Universitario del 14 de mayo de 1975. Las carreras de Sociolog\u00eda y Relaciones Internacionales, en el grado de licenciatura, quedaron autorizadas por el Consejo Superior Universitario el 27 de noviembre de 1978, las cuales empezaron a impartirse en 1979. La Escuela de Ciencia Pol\u00edtica funcion\u00f3 en una primera \u00e9poca con un Reglamento General de la misma, aprobado por el Consejo Superior Universitario el 23 de julio de 1975.\u201d<\/p>\n<p style=\"text-align: left;\">\u201cEn el a\u00f1o de 1996 se obtiene la autonom\u00eda plena de la Escuela y el 15 de noviembre de se mismo a\u00f1o, queda emitido el Reglamento General de la Escuela el que entra en vigor en 1997, ese mismo a\u00f1o, se concreta y aprueba la reforma curricular en virtud de la cual queda Aprobado el pensum de estudios que entra en vigencia en 1998.\u201d<\/p>\n<p style=\"text-align: left;\">Bibliograf\u00eda<\/p>\n<p style=\"text-align: left;\">Reglamento y Normativo de La Escuela de Ciencia Pol\u00edtica<\/p>\n<p style=\"text-align: left;\">Manual de Organizaci\u00f3n de la Escuela de Ciencia Pol\u00edtica.<\/p>\n","protected":false},"excerpt":{"rendered":"<p>Rese\u00f1a Historica Escuela de Ciencia Pol\u00edtica Universidad de San Carlos de Guatemala La Escuela de Ciencia Pol\u00edtica de la Universidad de San Carlos de Guatemala, es una Unidad Acad\u00e9mica responsable de gestionar, organizar, coordinar e implementar los programas de formaci\u00f3n, investigaci\u00f3n y extensi\u00f3n de manera que sus egresados adquieran capacidad, no dolo para el ejercicio [&hellip;]<\/p>\n","protected":false},"author":1,"featured_media":0,"parent":35,"menu_order":0,"comment_status":"closed","ping_status":"closed","template":"onecolumn-page.php","meta":[],"_links":{"self":[{"href":"https:\/\/cienciapolitica.usac.edu.gt\/index.php?rest_route=\/wp\/v2\/pages\/68"}],"collection":[{"href":"https:\/\/cienciapolitica.usac.edu.gt\/index.php?rest_route=\/wp\/v2\/pages"}],"about":[{"href":"https:\/\/cienciapolitica.usac.edu.gt\/index.php?rest_route=\/wp\/v2\/types\/page"}],"author":[{"embeddable":true,"href":"https:\/\/cienciapolitica.usac.edu.gt\/index.php?rest_route=\/wp\/v2\/users\/1"}],"replies":[{"embeddable":true,"href":"https:\/\/cienciapolitica.usac.edu.gt\/index.php?rest_route=%2Fwp%2Fv2%2Fcomments&post=68"}],"version-history":[{"count":1,"href":"https:\/\/cienciapolitica.usac.edu.gt\/index.php?rest_route=\/wp\/v2\/pages\/68\/revisions"}],"predecessor-version":[{"id":69,"href":"https:\/\/cienciapolitica.usac.edu.gt\/index.php?rest_route=\/wp\/v2\/pages\/68\/revisions\/69"}],"up":[{"embeddable":true,"href":"https:\/\/cienciapolitica.usac.edu.gt\/index.php?rest_route=\/wp\/v2\/pages\/35"}],"wp:attachment":[{"href":"https:\/\/cienciapolitica.usac.edu.gt\/index.php?rest_route=%2Fwp%2Fv2%2Fmedia&parent=68"}],"curies":[{"name":"wp","href":"https:\/\/api.w.org\/{rel}","templated":true}]}}