{"id":6732,"date":"2023-02-03T22:44:21","date_gmt":"2023-02-03T22:44:21","guid":{"rendered":"https:\/\/cienciapolitica.usac.edu.gt\/?page_id=6732"},"modified":"2023-02-13T15:43:19","modified_gmt":"2023-02-13T15:43:19","slug":"secretaria-de-relaciones-internacionales","status":"publish","type":"page","link":"https:\/\/cienciapolitica.usac.edu.gt\/?page_id=6732","title":{"rendered":"Secretar\u00eda de Relaciones Internacionales"},"content":{"rendered":"\n<pre class=\"wp-block-preformatted\"><strong>Recursos y documentos disponibles<\/strong><\/pre>\n\n\n\n<ul><\/ul>\n\n\n\n<figure class=\"wp-block-table\"><table><tbody><tr><td><a href=\"https:\/\/drive.google.com\/file\/d\/1kuepOLdiUIYnY7PW5J8l7YnlaqumzsjC\/view?usp=sharing\" target=\"_blank\" rel=\"noreferrer noopener\">Informaci\u00f3n para solicitar defensa de tesis<\/a><\/td><\/tr><tr><td><a href=\"https:\/\/drive.google.com\/file\/d\/1NkwThmji5E5qHQgl6DN5RvsV4Rd_1TYw\/view?usp=sharing\" target=\"_blank\" rel=\"noreferrer noopener\">Informaci\u00f3n para solicitar cambio de asesor de tesis<\/a><\/td><\/tr><tr><td><a href=\"https:\/\/drive.google.com\/file\/d\/1-WdfTdJ2MQolKCwYjFmPpvi1-Bstmcas\/view?usp=sharing\" target=\"_blank\" rel=\"noreferrer noopener\">Procedimiento para registro de tesis en secretar\u00eda Relaciones Internacionales<\/a><\/td><\/tr><tr><td><a href=\"https:\/\/drive.google.com\/file\/d\/1q6tE-zJPtIBx4piugqj87N7X8-alyp92\/view?usp=sharing\" target=\"_blank\" rel=\"noreferrer noopener\">Procedimiento para aprobaci\u00f3n de tema de tesis Relaciones Internacionales<\/a><\/td><\/tr><tr><td><a href=\"https:\/\/drive.google.com\/file\/d\/1MNmkELqsKLFM-ETCEaAxsdYdHWr3LeKe\/view?usp=sharing\" target=\"_blank\" rel=\"noreferrer noopener\">Procedimiento para aplicar a examen Privado Relaciones Internacionales<\/a><\/td><\/tr><\/tbody><\/table><\/figure>\n","protected":false},"excerpt":{"rendered":"<p>Recursos y documentos disponibles Informaci\u00f3n para solicitar defensa de tesis Informaci\u00f3n para solicitar cambio de asesor de tesis Procedimiento para registro de tesis en secretar\u00eda Relaciones Internacionales Procedimiento para aprobaci\u00f3n de tema de tesis Relaciones Internacionales Procedimiento para aplicar a examen Privado Relaciones Internacionales<\/p>\n","protected":false},"author":101013,"featured_media":0,"parent":0,"menu_order":0,"comment_status":"closed","ping_status":"closed","template":"","meta":[],"_links":{"self":[{"href":"https:\/\/cienciapolitica.usac.edu.gt\/index.php?rest_route=\/wp\/v2\/pages\/6732"}],"collection":[{"href":"https:\/\/cienciapolitica.usac.edu.gt\/index.php?rest_route=\/wp\/v2\/pages"}],"about":[{"href":"https:\/\/cienciapolitica.usac.edu.gt\/index.php?rest_route=\/wp\/v2\/types\/page"}],"author":[{"embeddable":true,"href":"https:\/\/cienciapolitica.usac.edu.gt\/index.php?rest_route=\/wp\/v2\/users\/101013"}],"replies":[{"embeddable":true,"href":"https:\/\/cienciapolitica.usac.edu.gt\/index.php?rest_route=%2Fwp%2Fv2%2Fcomments&post=6732"}],"version-history":[{"count":20,"href":"https:\/\/cienciapolitica.usac.edu.gt\/index.php?rest_route=\/wp\/v2\/pages\/6732\/revisions"}],"predecessor-version":[{"id":6998,"href":"https:\/\/cienciapolitica.usac.edu.gt\/index.php?rest_route=\/wp\/v2\/pages\/6732\/revisions\/6998"}],"wp:attachment":[{"href":"https:\/\/cienciapolitica.usac.edu.gt\/index.php?rest_route=%2Fwp%2Fv2%2Fmedia&parent=6732"}],"curies":[{"name":"wp","href":"https:\/\/api.w.org\/{rel}","templated":true}]}}