{"id":6302,"date":"2022-11-03T02:15:25","date_gmt":"2022-11-03T02:15:25","guid":{"rendered":"https:\/\/cienciapolitica.usac.edu.gt\/?page_id=6302"},"modified":"2024-04-16T16:20:25","modified_gmt":"2024-04-16T16:20:25","slug":"actas-licenciatura-en-relaciones-internacionales-semestre-2-2022","status":"publish","type":"page","link":"https:\/\/cienciapolitica.usac.edu.gt\/?page_id=6302","title":{"rendered":"ACTAS LICENCIATURA EN RELACIONES INTERNACIONALES SEMESTRE 2-2022"},"content":{"rendered":"\n<figure class=\"wp-block-table\"><table><tbody><tr><td><strong>4TO CICLO&nbsp; SECCI\u00d3N A<\/strong><\/td><\/tr><tr><td>CODIGO<\/td><td>CURSO<\/td><td>PROFESOR<\/td><td><\/td><\/tr><tr><td>18<\/td><td>METODOLOG\u00cdA DE LAS CIENCIAS SOCIALES IV<\/td><td>LICDA. KAREN JOHANA AR\u00c9VALO<\/td><td><a href=\"https:\/\/drive.google.com\/file\/d\/1DxJTBSDwhj2UCahuuj4MjAmpOyQheZWO\/view?usp=sharing\" target=\"_blank\" rel=\"noreferrer noopener\">Ver Acta<\/a><\/td><\/tr><tr><td>19<\/td><td>MICRO Y MACROECONOM\u00cdA<\/td><td>LICDA. MAR\u00cdA ELENA IZQUIERDO<\/td><td><a rel=\"noreferrer noopener\" href=\"https:\/\/drive.google.com\/file\/d\/1SimOBYZEwksIn8HNZ-nE3u9uAAk6clhG\/view?usp=sharing\" target=\"_blank\">Ver Acta<\/a> <br><br><a rel=\"noreferrer noopener\" href=\"https:\/\/drive.google.com\/file\/d\/1PlVXeBI-otNEhwKYnTp3O5rYiqJhoott\/view?usp=sharing\" target=\"_blank\">1ra. Oportunidad<\/a><br><br><a href=\"https:\/\/drive.google.com\/file\/d\/15Etw9BtVErUphhM4QiBItOILUXNv3TFh\/view?usp=sharing\" data-type=\"URL\" data-id=\"https:\/\/drive.google.com\/file\/d\/15Etw9BtVErUphhM4QiBItOILUXNv3TFh\/view?usp=sharing\" target=\"_blank\" rel=\"noreferrer noopener\">Segunda<\/a><\/td><\/tr><tr><td>62<\/td><td>TEOR\u00cdA DE LAS RELACIONES INTERNACIONALES I<\/td><td>LIC. DAVID WINTER<\/td><td><a rel=\"noreferrer noopener\" href=\"https:\/\/drive.google.com\/file\/d\/1jDiHnltJObqkl9SjW9QZKT80mucNxdYL\/view?usp=sharing\" target=\"_blank\">Ver Acta<\/a> <br><br><a rel=\"noreferrer noopener\" href=\"https:\/\/drive.google.com\/file\/d\/1UViEq9csbToPlywVT0r5jla5dAwstksm\/view?usp=sharing\" target=\"_blank\">1ra. Oportunidad<\/a><\/td><\/tr><tr><td>63<\/td><td>AN\u00c1LISIS DE POL\u00cdTICA INTERNACIONAL I<\/td><td>DR. EDMUNDO URRUTIA<\/td><td><a rel=\"noreferrer noopener\" href=\"https:\/\/drive.google.com\/file\/d\/1oW8z6TZdVLaSZcfZF2CBg8yoOtfwhWaj\/view?usp=sharing\" target=\"_blank\">Ver Acta<\/a> <br><br><a rel=\"noreferrer noopener\" href=\"https:\/\/drive.google.com\/file\/d\/1ywas03pDKEqaC34ODYiqZkXhY2J-5Op8\/view?usp=sharing\" target=\"_blank\">1ra Oportunidad<\/a><\/td><\/tr><tr><td>65<\/td><td>TEOR\u00cdAS DE LA SEGURIDAD INTERNACIONAL<\/td><td>LICDA. CELIA FLORES<\/td><td><a href=\"https:\/\/drive.google.com\/file\/d\/16zXusLJZJj_iy9MfBzz8GFhYTT1iTngU\/view?usp=sharing\" target=\"_blank\" rel=\"noreferrer noopener\">Ver Acta<\/a><\/td><\/tr><tr><td><strong>6TO CICLO&nbsp; SECCI\u00d3N A<\/strong><\/td><\/tr><tr><td>CODIGO<\/td><td>CURSO<\/td><td>PROFESOR<\/td><td><\/td><\/tr><tr><td>31<\/td><td>HISTORIA DE GUATEMALA III<\/td><td>LICDA. CECILE PAOLA TAHUICO GUZM\u00c1N<\/td><td><a href=\"https:\/\/drive.google.com\/file\/d\/191Fcn3S4sNuHgbMTZtwNa7Bem-Dhdihs\/view?usp=sharing\" target=\"_blank\" rel=\"noreferrer noopener\">Ver Acta<\/a><\/td><\/tr><tr><td>71<\/td><td>COMERCIO INTERNACIONAL<\/td><td>LIC. OSCAR ARTURO VEL\u00c1SQUEZ<\/td><td><a href=\"https:\/\/drive.google.com\/file\/d\/1NEze1ZxF8jgsIsfcCUWHL7DCKJgMoVfh\/view?usp=sharing\" target=\"_blank\" rel=\"noreferrer noopener\">Ver Acta<\/a><\/td><\/tr><tr><td>72<\/td><td>ORGANISMOS INTERNACIONALES I<\/td><td>LICDA. VERA G\u00d3MEZ PALACIOS<\/td><td><a href=\"https:\/\/drive.google.com\/file\/d\/1nC9c9CcCYLQx-KuVVPMSy5Gh1E62YAnf\/view?usp=sharing\" target=\"_blank\" rel=\"noreferrer noopener\">Ver Acta<\/a><\/td><\/tr><tr><td>73<\/td><td>DERECHO CONSULAR Y DIPLOM\u00c1TICO<\/td><td>LIC. SECIL DE LE\u00d3N<\/td><td><a href=\"https:\/\/drive.google.com\/file\/d\/1eQUe4VUDp8-lbLPS3tNyDOh5aFOJayAT\/view?usp=sharing\" target=\"_blank\" rel=\"noreferrer noopener\">Ver Acta<\/a><\/td><\/tr><tr><td>75<\/td><td>ESTRUCTURA, ACTORES E INSTITUCIONES DE SEGURIDAD INTERNACIONAL<\/td><td>LICDA. INGRID ADRIANA RIVERA<\/td><td><a href=\"https:\/\/drive.google.com\/file\/d\/1VeW8JfjLZOvnt2MIlLPQ97JJauVH1AoZ\/view?usp=sharing\" target=\"_blank\" rel=\"noreferrer noopener\">Ver Acta<\/a><\/td><\/tr><tr><td><strong>8VO CICLO&nbsp; SECCI\u00d3N A<\/strong><\/td><\/tr><tr><td>CODIGO<\/td><td>CURSO<\/td><td>PROFESOR<\/td><td><\/td><\/tr><tr><td>43<\/td><td>DISE\u00d1O DE INVESTIGACI\u00d3N DE TESIS I<\/td><td>DR. AGUST\u00cdN LOC\u00d3N SOL\u00d3RZANO<\/td><td><a rel=\"noreferrer noopener\" href=\"https:\/\/drive.google.com\/file\/d\/1ApTwo-WZVg0SBkp7EaJQ6tPWYLLUmMB9\/view?usp=sharing\" target=\"_blank\">Ver Acta<\/a> <br><br><a rel=\"noreferrer noopener\" href=\"https:\/\/drive.google.com\/file\/d\/1zq8RxR-GqKAtA9CXAUVAQkU0_9KcARLN\/view?usp=sharing\" target=\"_blank\">1ra. Oportunidad<\/a><br><br><a href=\"https:\/\/drive.google.com\/file\/d\/1FSOJ2pewa8Lv6c8VAT96PUe6a8OrfTep\/view?usp=sharing\" target=\"_blank\" rel=\"noreferrer noopener\">2da. Oportunidad<\/a><\/td><\/tr><tr><td>82<\/td><td>POL\u00cdTICA EXTERIOR DE GUATEMALA<\/td><td>LIC. HERBERT EDUARDO MENESES CORONADO<\/td><td><a rel=\"noreferrer noopener\" href=\"https:\/\/drive.google.com\/file\/d\/1TLtGYE8GKjKpDRonhIN8W5B-IHhtIkWp\/view?usp=sharing\" target=\"_blank\">Ver Acta<\/a> <br><br><a rel=\"noreferrer noopener\" href=\"https:\/\/drive.google.com\/file\/d\/11OQ0r0bDmOMDfs5xFbGTQ4EMNGwa-OcY\/view?usp=sharing\" target=\"_blank\">2da Oportunidad<\/a><\/td><\/tr><tr><td>83<\/td><td>ESTRUCTURA Y L\u00d3GICA DEL PODER MUNDIAL<\/td><td>MTRA. MERCEDES DE LA LUZ L\u00d3PEZ DE BOLA\u00d1OS<\/td><td><a href=\"https:\/\/drive.google.com\/file\/d\/1LOyzXRFPKMhD0cH0IhrT6OWDxV0bjvsF\/view?usp=sharing\" target=\"_blank\" rel=\"noreferrer noopener\">Ver Acta<\/a><\/td><\/tr><tr><td>84<\/td><td>NEGOCIACI\u00d3N INTERNACIONAL<\/td><td>LIC. LUIS RODOLFO D\u00c1VILA S\u00c1NCHEZ<\/td><td><a rel=\"noreferrer noopener\" href=\"https:\/\/drive.google.com\/file\/d\/16TgC0wTPwdpAPdoQ6JX7hGQvExEJkENy\/view?usp=sharing\" target=\"_blank\">Ver Acta<\/a> <br><br><a rel=\"noreferrer noopener\" href=\"https:\/\/drive.google.com\/file\/d\/1rlY06GzKWnl_7lcj-gqepfaLMl4xtLmw\/view?usp=sharing\" target=\"_blank\">1ra. Oportunidad<\/a><\/td><\/tr><tr><td>86<\/td><td>AN\u00c1LISIS ESTRAT\u00c9GICO INTERNO E INTERNACIONAL<\/td><td>LIC. PEDRO RAMIRO BARRERA<\/td><td><a href=\"https:\/\/drive.google.com\/file\/d\/1ZsJtch4KAV0dh6fA9luerNkY3_sDJf9a\/view?usp=sharing\" target=\"_blank\" rel=\"noreferrer noopener\">Ver Acta<\/a><\/td><\/tr><tr><td><\/td><td><\/td><td><\/td><td><\/td><\/tr><tr><td><strong>10MO CICLO&nbsp; SECCI\u00d3N A<\/strong><\/td><\/tr><tr><td>CODIGO<\/td><td>CURSO<\/td><td>PROFESOR<\/td><td><\/td><\/tr><tr><td>55<\/td><td>INFORME DE TESIS<\/td><td>LICDA. PAOLA BEATRIZ GONZ\u00c1LEZ ROSALES<\/td><td><a href=\"https:\/\/drive.google.com\/file\/d\/1oQS2CnVKNyZnrBrkzU8mKXSRw8NwliOQ\/view?usp=sharing\" target=\"_blank\" rel=\"noreferrer noopener\">Ver Acta<\/a><\/td><\/tr><tr><td>99<\/td><td>GESTION DE SEGURIDAD, CRISIS Y EMERGENCIAS<\/td><td>DRA. CLAUDINE OGALDES CRUZ<\/td><td><a href=\"https:\/\/drive.google.com\/file\/d\/1UoWEb5ImZKc_uJfO-4CbD2USz1ayMiDN\/view?usp=sharing\" target=\"_blank\" rel=\"noreferrer noopener\">Ver Acta<\/a><\/td><\/tr><tr><td>100<\/td><td>SEM. DE AN\u00c1LISIS DE VULNERABILIDAD, GESTI\u00d3N DE RIESGOS Y AYUDA HUMANITARIA<\/td><td>DR. JORGE CALVO DRAGO<\/td><td><a href=\"https:\/\/drive.google.com\/file\/d\/1yPUFRzofRBkV-_3zKfoWlBjbK8YSj7Mv\/view?usp=sharing\" target=\"_blank\" rel=\"noreferrer noopener\">Ver Acta<\/a><\/td><\/tr><tr><td>101<\/td><td>AN\u00c1LISIS Y CONSTRUCCI\u00d3N DE ESCENARIOS DE SEG. NAC. E INTERNAC.<\/td><td>LIC. ALDO BONILLA<\/td><td><a href=\"https:\/\/drive.google.com\/file\/d\/1UB7S0Dx0EcGcjdhoq9WI7-_ya1GD4yUL\/view?usp=sharing\" target=\"_blank\" rel=\"noreferrer noopener\">Ver Acta<\/a><\/td><\/tr><tr><td>102<\/td><td>FORMULACI\u00d3N, AN\u00c1LISIS Y EV. DE POL\u00cdTICAS P\u00daBLICAS DE SEG.<\/td><td>LICDA. INGRID ADRIANA RIVERA<\/td><td><a href=\"https:\/\/drive.google.com\/file\/d\/1UKPMVstbeWyq1c615l_ANbmWuf643LdK\/view?usp=sharing\" target=\"_blank\" rel=\"noreferrer noopener\">Ver Acta<\/a><\/td><\/tr><tr><td><strong>4TO CICLO&nbsp; SECCI\u00d3N B<\/strong><\/td><\/tr><tr><td>CODIGO<\/td><td>CURSO<\/td><td>PROFESOR<\/td><td><\/td><\/tr><tr><td>18<\/td><td>METODOLOG\u00cdA DE LAS CIENCIAS SOCIALES IV<\/td><td>LICDA. ZULLY MORALES CARRERA<\/td><td><a href=\"https:\/\/drive.google.com\/file\/d\/1uA7Ea763siEZZWt7wlQdkyTyPq2Y8C3v\/view?usp=sharing\" target=\"_blank\" rel=\"noreferrer noopener\">Ver Acta<\/a><\/td><\/tr><tr><td>19<\/td><td>MICRO Y MACROECONOM\u00cdA<\/td><td>LICDA. MAR\u00cdA ELENA IZQUIERDO<\/td><td><a rel=\"noreferrer noopener\" href=\"https:\/\/drive.google.com\/file\/d\/13KW6My_VRFgjg5lnix8TgxO6E41YmJX9\/view?usp=sharing\" target=\"_blank\">Ver Acta<\/a><br><br><a rel=\"noreferrer noopener\" href=\"https:\/\/drive.google.com\/file\/d\/18daEVjag0Ltx7vguTyH5jPO4O3dVxR1F\/view?usp=sharing\" target=\"_blank\">1ra. Oportunidad<\/a><br><br><a href=\"https:\/\/drive.google.com\/file\/d\/1zXLw_imvMi2TcvBrbv0b0XeG2Gc_u5H3\/view?usp=sharing\" data-type=\"URL\" data-id=\"https:\/\/drive.google.com\/file\/d\/1zXLw_imvMi2TcvBrbv0b0XeG2Gc_u5H3\/view?usp=sharing\" target=\"_blank\" rel=\"noreferrer noopener\">Segunda<\/a><\/td><\/tr><tr><td>62<\/td><td>TEOR\u00cdA DE LAS RELACIONES INTERNACIONALES I<\/td><td>MTRA. BEATRIZ BOLA\u00d1OS<\/td><td><a rel=\"noreferrer noopener\" href=\"https:\/\/drive.google.com\/file\/d\/1_oqdNWHGNgo08k0pRb4IrUA2aUxszVph\/view?usp=sharing\" target=\"_blank\">Ver Acta<\/a><br><a href=\"https:\/\/drive.google.com\/file\/d\/1vRfWUXLT7pZ--rNjPeL8I5y7XgHp7Gwq\/view?usp=sharing\" target=\"_blank\" rel=\"noreferrer noopener\">Complementaria<\/a><br><br><a rel=\"noreferrer noopener\" href=\"https:\/\/drive.google.com\/file\/d\/1NAtClWZlDXu7YjF8YhGtIPopoDERbhXN\/view?usp=sharing\" target=\"_blank\">2seg.Recuperacion<\/a><\/td><\/tr><tr><td>63<\/td><td>AN\u00c1LISIS DE POL\u00cdTICA INTERNACIONAL I<\/td><td>MTRO. FRANCISCO JOS\u00c9 LEMUS MIRANDA<\/td><td><a href=\"https:\/\/drive.google.com\/file\/d\/14SE6KwWR5Pg5IRNFfGcgtL-6bRIxt2Uo\/view?usp=sharing\" target=\"_blank\" rel=\"noreferrer noopener\">Ver Acta<\/a> <br><br><br><a rel=\"noreferrer noopener\" href=\"https:\/\/drive.google.com\/file\/d\/1NDLIZ--QEOJOcbnikzDqzFndZDU545l0\/view?usp=sharing\" target=\"_blank\">1ra Oportunidad<\/a><\/td><\/tr><tr><td>64<\/td><td>TEOR\u00cdA PARA EL AN\u00c1LISIS POL\u00cdTICO INTERNACIONAL<\/td><td>LIC. MARIO ERNESTO ARCHILA ORTIZ<\/td><td><a rel=\"noreferrer noopener\" href=\"https:\/\/drive.google.com\/file\/d\/1OAJqUXLsFlWcHdCNK36A8ogrUHaue6QZ\/view?usp=sharing\" target=\"_blank\">Ver Acta<\/a> <br><br><a rel=\"noreferrer noopener\" href=\"https:\/\/drive.google.com\/file\/d\/1ygcVKmZ0xgW9l_jMvD51l91UQndFZbO1\/view?usp=sharing\" target=\"_blank\">1ra Oportunidad<\/a><\/td><\/tr><tr><td><strong>6TO CICLO&nbsp; SECCI\u00d3N B<\/strong><\/td><\/tr><tr><td>CODIGO<\/td><td>CURSO<\/td><td>PROFESOR<\/td><td><\/td><\/tr><tr><td>31<\/td><td>HISTORIA DE GUATEMALA III<\/td><td>LIC. RUB\u00c9N \u00c1LVAREZ<\/td><td><a rel=\"noreferrer noopener\" href=\"https:\/\/drive.google.com\/file\/d\/1nxPC1KmqDqv255a_2JDvnZDKf8WNq9kC\/view?usp=sharing\" target=\"_blank\">Ver Acta<\/a> <br><br><a rel=\"noreferrer noopener\" href=\"https:\/\/drive.google.com\/file\/d\/1D2rTOv6B1Ib3LukeQWthF8iIxZILvZwc\/view?usp=sharing\" target=\"_blank\">1ra. Oportunidad<\/a><\/td><\/tr><tr><td>71<\/td><td>COMERCIO INTERNACIONAL<\/td><td>MTRA. BEATRIZ BOLA\u00d1OS<\/td><td><a rel=\"noreferrer noopener\" href=\"https:\/\/drive.google.com\/file\/d\/1paRGHNQidqHHf713WTn8O0A0s03DLkQh\/view?usp=sharing\" target=\"_blank\">Ver Acta<\/a> <br><br><a rel=\"noreferrer noopener\" href=\"https:\/\/drive.google.com\/file\/d\/170vfomuWf8lUKgWdDXRjpYfvxELQNxHj\/view?usp=sharing\" target=\"_blank\">1ra. Oportunidad<\/a><\/td><\/tr><tr><td>72<\/td><td>ORGANISMOS INTERNACIONALES I<\/td><td>MTRA. MAYRA VILLATORO DEL VALLE<\/td><td><a rel=\"noreferrer noopener\" href=\"https:\/\/drive.google.com\/file\/d\/1zk21rFc60H1WTEFb0ebUFyKg8Ru6WOzi\/view?usp=sharing\" target=\"_blank\">Ver Acta<\/a> <br><br><a rel=\"noreferrer noopener\" href=\"https:\/\/drive.google.com\/file\/d\/1MtaRv3Gf_nqRX2TuPGnPza4u64n25FRl\/view?usp=sharing\" target=\"_blank\">1ra. Oportuniad<\/a><\/td><\/tr><tr><td>73<\/td><td>DERECHO CONSULAR Y DIPLOM\u00c1TICO<\/td><td>LICDA. ANA MEDINA MAY\u00c9N<\/td><td><a href=\"https:\/\/drive.google.com\/file\/d\/1jcnyxJ-_eR88V-IZNaUGgsoSdFACYUlX\/view?usp=sharing\" target=\"_blank\" rel=\"noreferrer noopener\">Ver Acta<\/a><\/td><\/tr><tr><td>74<\/td><td>PROBLEMAS MUNDIALES<\/td><td>LIC. SECIL DE LE\u00d3N<\/td><td><a href=\"https:\/\/drive.google.com\/file\/d\/1Llwv8k0pdgZuSSjgMMv-tY4c3aIgDDEz\/view?usp=sharing\" target=\"_blank\" rel=\"noreferrer noopener\">Ver Acta<\/a><\/td><\/tr><tr><td><strong>8VO CICLO&nbsp; SECCI\u00d3N B<\/strong><\/td><\/tr><tr><td>CODIGO<\/td><td>CURSO<\/td><td>PROFESOR<\/td><td><\/td><\/tr><tr><td>43<\/td><td>DISE\u00d1O DE INVESTIGACI\u00d3N DE TESIS I<\/td><td>LICDA. KAREN JOHANA AR\u00c9VALO<\/td><td><a rel=\"noreferrer noopener\" href=\"https:\/\/drive.google.com\/file\/d\/14NZO0IwY40zwyb1aaH5YsHJosn2yL65o\/view?usp=sharing\" target=\"_blank\">Ver Acta<\/a> <br><br><a href=\"https:\/\/drive.google.com\/file\/d\/112h0p8SJzOkMf3_5XG-TC5pUiNCEdwvw\/view?usp=sharing\">1ra. Oportunidad<\/a><\/td><\/tr><tr><td>82<\/td><td>POL\u00cdTICA EXTERIOR DE GUATEMALA<\/td><td>MTRA. MAYRA VILLATORO DEL VALLE<\/td><td><a rel=\"noreferrer noopener\" href=\"https:\/\/drive.google.com\/file\/d\/1T6c98tSOODx3UI-uewZjzvJRkfKgVDSy\/view?usp=sharing\" target=\"_blank\">Ver Acta<\/a><br><br><a href=\"https:\/\/drive.google.com\/file\/d\/1imuIcnKfk5BTWrel9CdvlmhaLH_YXpkv\/view?usp=sharing\" data-type=\"URL\" data-id=\"https:\/\/drive.google.com\/file\/d\/1imuIcnKfk5BTWrel9CdvlmhaLH_YXpkv\/view?usp=sharing\" target=\"_blank\" rel=\"noreferrer noopener\">Segunda<\/a><\/td><\/tr><tr><td>83<\/td><td>ESTRUCTURA Y L\u00d3GICA DEL PODER MUNDIAL<\/td><td>MTRO. FRANCISCO JOS\u00c9  LEMUS MIRANDA<\/td><td><a href=\"https:\/\/drive.google.com\/file\/d\/1zLl0xRTdfK4_nQSERXg7FfS7dyU5IKNU\/view?usp=sharing\" target=\"_blank\" rel=\"noreferrer noopener\">Ver Acta<\/a><\/td><\/tr><tr><td>84<\/td><td>NEGOCIACI\u00d3N INTERNACIONAL<\/td><td>MTRA. SORY G\u00d3MEZ<\/td><td><a rel=\"noreferrer noopener\" href=\"https:\/\/drive.google.com\/file\/d\/1H-OJAZwbAXN3dAHbi1jvqGtvt96JJvGL\/view?usp=sharing\" target=\"_blank\">Ver Acta<\/a> <br><br><a rel=\"noreferrer noopener\" href=\"https:\/\/drive.google.com\/file\/d\/1T4ylWpQiBgYa0cH9Xf4oof1X7dBNt0oK\/view?usp=sharing\" target=\"_blank\">2da. Oportunidad<\/a><\/td><\/tr><tr><td>85<\/td><td>FORMULACI\u00d3N AN\u00c1LISIS Y EVALUACI\u00d3N DE POL\u00cdTICA PUBLICA I<\/td><td>LICDA. GEIDY DE MATA<\/td><td><a rel=\"noreferrer noopener\" href=\"https:\/\/drive.google.com\/file\/d\/1i7kKCbk0VG8sF2jxh8tDWW9j5-JtQn9p\/view?usp=sharing\" target=\"_blank\">Ver Acta<\/a><br><br><a href=\"https:\/\/drive.google.com\/file\/d\/1zDjEqkYGIUbeZCyDjq_ZabxdaOrsmtaR\/view?usp=sharing\" target=\"_blank\" rel=\"noreferrer noopener\">2da. Oportunidad<\/a><\/td><\/tr><tr><td><strong>10MO CICLO&nbsp; SECCI\u00d3N B<\/strong><\/td><\/tr><tr><td>CODIGO<\/td><td>CURSO<\/td><td>PROFESOR<\/td><td><\/td><\/tr><tr><td>55<\/td><td>INFORME DE TESIS<\/td><td>LIC. JULIO VALDEZ<\/td><td><a href=\"https:\/\/drive.google.com\/file\/d\/1lfFhlGEqD8F39_LPEOrGXm_P997pcOYI\/view?usp=sharing\" target=\"_blank\" rel=\"noreferrer noopener\">Ver Acta<\/a><\/td><\/tr><tr><td>91<\/td><td>ESTUDIOS REGIONALES: LA UNION EUROPEA<\/td><td>LICDA. NIDIA MORALES<\/td><td><a href=\"https:\/\/drive.google.com\/file\/d\/1aP1CQEKps-KkD87q_4xbYFtNEVSkyUJz\/view?usp=sharing\" target=\"_blank\" rel=\"noreferrer noopener\">Ver Acta<\/a><\/td><\/tr><tr><td>92<\/td><td>ESTUDIOS REGIONALES: ASIA Y MEDIO ORIENTE<\/td><td>LIC. WILLIAMS ALEJANDRO ALVAREZ DE LEON<\/td><td><a rel=\"noreferrer noopener\" href=\"https:\/\/drive.google.com\/file\/d\/1y_iE1YK4caERJ3u2Sij3wh3Jj4skwB9-\/view?usp=sharing\" target=\"_blank\">Ver Acta<\/a> <br><br><a rel=\"noreferrer noopener\" href=\"https:\/\/drive.google.com\/file\/d\/1RHScLSylm0hUlZjlZe1gnOM9UQqq94Gf\/view?usp=sharing\" target=\"_blank\">1ra. Oportunidad<\/a><\/td><\/tr><tr><td>93<\/td><td>AN\u00c1LISIS Y CONSTRUCCI\u00d3N DE ESCENARIOS POL\u00cdTICOS INTERNACIONALES<\/td><td>LICDA. JELIN EL\u00cdAS GARC\u00cdA<\/td><td><a rel=\"noreferrer noopener\" href=\"https:\/\/drive.google.com\/file\/d\/1KX-auwU655JC6XhTZLczM2oNHFgduqUi\/view?usp=sharing\" target=\"_blank\">Ver Acta<\/a> <br><br><a rel=\"noreferrer noopener\" href=\"https:\/\/drive.google.com\/file\/d\/1EEGu3polE8OSIw0gFLrvA0sA1Ds4cR-d\/view?usp=sharing\" target=\"_blank\">1ra. Oportunidad<\/a><\/td><\/tr><tr><td>94<\/td><td>FORMULACI\u00d3N, AN\u00c1LISIS Y EVALUACI\u00d3N DE POL\u00cdTICA P\u00daBLICA II<\/td><td>LICDA. INGRID MORALES<\/td><td><a rel=\"noreferrer noopener\" href=\"https:\/\/drive.google.com\/file\/d\/1fChgRjeqWr7piGZvtoGTLr8iFipl_Owx\/view?usp=sharing\" target=\"_blank\">Ver Acta<\/a> <br><br><a rel=\"noreferrer noopener\" href=\"https:\/\/drive.google.com\/file\/d\/14J7fMfUZXx296DxLpCb0I1Kc1CjGojA6\/view?usp=sharing\" target=\"_blank\">1ra. Oportunidad<\/a><br><br><a href=\"https:\/\/drive.google.com\/file\/d\/1zLxle-m_Ww-ahzReg6_1yjyJSUQERFJa\/view?usp=sharing\" target=\"_blank\" rel=\"noreferrer noopener\">2da. Oportunidad<\/a><\/td><\/tr><\/tbody><\/table><\/figure>\n","protected":false},"excerpt":{"rendered":"<p>4TO CICLO&nbsp; SECCI\u00d3N A CODIGO CURSO PROFESOR 18 METODOLOG\u00cdA DE LAS CIENCIAS SOCIALES IV LICDA. KAREN JOHANA AR\u00c9VALO Ver Acta 19 MICRO Y MACROECONOM\u00cdA LICDA. MAR\u00cdA ELENA IZQUIERDO Ver Acta 1ra. Oportunidad Segunda 62 TEOR\u00cdA DE LAS RELACIONES INTERNACIONALES I LIC. DAVID WINTER Ver Acta 1ra. Oportunidad 63 AN\u00c1LISIS DE POL\u00cdTICA INTERNACIONAL I DR. EDMUNDO [&hellip;]<\/p>\n","protected":false},"author":101012,"featured_media":0,"parent":0,"menu_order":0,"comment_status":"closed","ping_status":"closed","template":"","meta":[],"_links":{"self":[{"href":"https:\/\/cienciapolitica.usac.edu.gt\/index.php?rest_route=\/wp\/v2\/pages\/6302"}],"collection":[{"href":"https:\/\/cienciapolitica.usac.edu.gt\/index.php?rest_route=\/wp\/v2\/pages"}],"about":[{"href":"https:\/\/cienciapolitica.usac.edu.gt\/index.php?rest_route=\/wp\/v2\/types\/page"}],"author":[{"embeddable":true,"href":"https:\/\/cienciapolitica.usac.edu.gt\/index.php?rest_route=\/wp\/v2\/users\/101012"}],"replies":[{"embeddable":true,"href":"https:\/\/cienciapolitica.usac.edu.gt\/index.php?rest_route=%2Fwp%2Fv2%2Fcomments&post=6302"}],"version-history":[{"count":85,"href":"https:\/\/cienciapolitica.usac.edu.gt\/index.php?rest_route=\/wp\/v2\/pages\/6302\/revisions"}],"predecessor-version":[{"id":8766,"href":"https:\/\/cienciapolitica.usac.edu.gt\/index.php?rest_route=\/wp\/v2\/pages\/6302\/revisions\/8766"}],"wp:attachment":[{"href":"https:\/\/cienciapolitica.usac.edu.gt\/index.php?rest_route=%2Fwp%2Fv2%2Fmedia&parent=6302"}],"curies":[{"name":"wp","href":"https:\/\/api.w.org\/{rel}","templated":true}]}}