{"id":6299,"date":"2022-11-03T02:06:04","date_gmt":"2022-11-03T02:06:04","guid":{"rendered":"https:\/\/cienciapolitica.usac.edu.gt\/?page_id=6299"},"modified":"2023-02-23T04:12:46","modified_gmt":"2023-02-23T04:12:46","slug":"actas-licenciatura-en-sociologia-semestre-2-2022","status":"publish","type":"page","link":"https:\/\/cienciapolitica.usac.edu.gt\/?page_id=6299","title":{"rendered":"ACTAS LICENCIATURA EN SOCIOLOG\u00cdA SEMESTRE 2-2022"},"content":{"rendered":"\n<figure class=\"wp-block-table\"><table><tbody><tr><td><strong>4TO CICLO&nbsp; SECCI\u00d3N A<\/strong><\/td><td>&nbsp;<\/td><\/tr><tr><td>CODIGO<\/td><td>CURSO<\/td><td>PROFESOR<\/td><td>&nbsp;<\/td><\/tr><tr><td>16<\/td><td>TEOR\u00cdA SOCIOL\u00d3GICA I<\/td><td>LICDA. MAR\u00cdA VIRGINIA JIM\u00c9NEZ TUY<\/td><td><a href=\"https:\/\/drive.google.com\/file\/d\/1N0hrNKvjrp34wAo8KsCLY1JDVToYZCSO\/view?usp=sharing\" target=\"_blank\" rel=\"noreferrer noopener\">Ver Acta<\/a><\/td><\/tr><tr><td>17<\/td><td>SOCIOLOG\u00cdA DE GUATEMALA I<\/td><td>LIC. CARLOS MONZ\u00d3N<\/td><td><a href=\"https:\/\/drive.google.com\/file\/d\/1v0LaszpBRkYJpipNV3XDpMpaAVJhDoDp\/view?usp=sharing\" target=\"_blank\" rel=\"noreferrer noopener\">Ver Acta<\/a><\/td><\/tr><tr><td>18<\/td><td>METODOLOG\u00cdA DE LAS CIENCIAS SOCIALES IV<\/td><td>LIC. CRISTIAN CERME\u00d1O PINEDA<\/td><td><a href=\"https:\/\/drive.google.com\/file\/d\/1GTdzGbHOQkoWutlNVJI0w7XYQmSSS8bX\/view?usp=sharing\" target=\"_blank\" rel=\"noreferrer noopener\">Ver Acta<\/a><\/td><\/tr><tr><td>19<\/td><td>MICRO Y MACROECONOM\u00cdA<\/td><td>LICDA. MAR\u00cdA ELENA IZQUIERDO<\/td><td><a rel=\"noreferrer noopener\" href=\"https:\/\/drive.google.com\/file\/d\/15dVeofy6cdHmTVK4bKNgIMBcp2HAPstW\/view?usp=sharing\" target=\"_blank\">Ver Acta<\/a> \u00a0 <br><br><a rel=\"noreferrer noopener\" href=\"https:\/\/drive.google.com\/file\/d\/1MqG9UoEIa5-FnXkgb7ikr2OZ4jqr0ghp\/view?usp=sharing\" target=\"_blank\">1ra. Oportunidad<\/a><\/td><\/tr><tr><td>21<\/td><td>PSICOLOG\u00cdA SOCIAL DE GUATEMALA<\/td><td>LICDA. ALMA COGUOX<\/td><td><a href=\"https:\/\/drive.google.com\/file\/d\/1H9pb2GyTAt4Rad_L_slzczwIPQHdU2Vh\/view?usp=sharing\" target=\"_blank\" rel=\"noreferrer noopener\">Ver Acta<\/a><\/td><\/tr><tr><td><strong>6TO CICLO SECCI\u00d3N A<\/strong><\/td><td>&nbsp;<\/td><\/tr><tr><td>CODIGO<\/td><td>CURSO<\/td><td>PROFESOR<\/td><td>&nbsp;<\/td><\/tr><tr><td>28<\/td><td>TEOR\u00cdA SOCIOL\u00d3GICA III<\/td><td>LICDA. MAR\u00cdA VIRGINIA JIM\u00c9NEZ TUY<\/td><td><a href=\"https:\/\/drive.google.com\/file\/d\/1E4abrQGKUDAMQosCC8wy9enoexhsC1aR\/view?usp=sharing\" target=\"_blank\" rel=\"noreferrer noopener\">Ver Acta<\/a><\/td><\/tr><tr><td>29<\/td><td>SOCIOLOG\u00cdA DE GUATEMALA III<\/td><td>LICDA. MAR\u00cdA DE LOS \u00c1NGELES AK\u00da<\/td><td><a href=\"https:\/\/drive.google.com\/file\/d\/1XkidgzYoWPHiOvMDc4lFA4vovzYlEU41\/view?usp=sharing\" target=\"_blank\" rel=\"noreferrer noopener\">Ver Acta<\/a><\/td><\/tr><tr><td>30<\/td><td>AN\u00c1LISIS DE EXPERIENCIAS DE INVESTIGACI\u00d3N SOCIOLOGICA II<\/td><td>DR. AGUST\u00cdN LOC\u00d3N SOL\u00d3RZANO<\/td><td><a href=\"https:\/\/drive.google.com\/file\/d\/1Yng-WellB-yTzqu31Wf5TvEzt3QM_B9m\/view?usp=sharing\" target=\"_blank\" rel=\"noreferrer noopener\">Ver Acta<\/a><\/td><\/tr><tr><td>31<\/td><td>HISTORIA DE GUATEMALA III<\/td><td>LIC. JOS\u00c9 EFRA\u00cdN P\u00c9REZ XICAR\u00c1<\/td><td><a href=\"https:\/\/drive.google.com\/file\/d\/16nUbJcvP842uvia3CfCGFJFs8jvJVf4L\/view?usp=sharing\" target=\"_blank\" rel=\"noreferrer noopener\">Ver Acta<\/a><\/td><\/tr><tr><td>33<\/td><td>DERECHOS HUMANOS Y SEGURIDAD HUMANA EN GUATEMALA<\/td><td>DR. PABLO RANGEL<\/td><td><a href=\"https:\/\/drive.google.com\/file\/d\/1j24IX2GJV-EzRtGFFOoFGPEnyoZL6eXY\/view?usp=sharing\" target=\"_blank\" rel=\"noreferrer noopener\">Ver Acta<\/a><\/td><\/tr><tr><td><strong>8VO CICLO SECCION A<\/strong><\/td><td>&nbsp;<\/td><\/tr><tr><td>CODIGO<\/td><td>CURSO<\/td><td>PROFESOR<\/td><td>&nbsp;<\/td><\/tr><tr><td>40<\/td><td>SOCIOLOG\u00cdA DEL CONOCIMIENTO<\/td><td>LIC. BORIS CABRERA CIFUENTES<\/td><td><a href=\"https:\/\/drive.google.com\/file\/d\/1Kw7sIPXMhTqGzZ3dXZTXPhasHbNgSclx\/view?usp=sharing\" target=\"_blank\" rel=\"noreferrer noopener\">Ver Acta<\/a><\/td><\/tr><tr><td>41<\/td><td>SOCIOLOG\u00cdA POL\u00cdTICA II<\/td><td>LIC. CHRISTIAN CALDER\u00d3N CEDILLOS<\/td><td><a href=\"https:\/\/drive.google.com\/file\/d\/1jb6hKkk0I0QHq8SL8He-gdVI_QNwWkEw\/view?usp=sharing\" target=\"_blank\" rel=\"noreferrer noopener\">Ver Acta<\/a><\/td><\/tr><tr><td>42<\/td><td>SOCIOLOG\u00cdA DE LA COMUNICACI\u00d3N<\/td><td>LIC. JUAN CARLOS GUZM\u00c1N MOR\u00c1N<\/td><td><a href=\"https:\/\/drive.google.com\/file\/d\/1hfxYJXlpEZpD1lM0YMgvWjRcDSDJgZTF\/view?usp=sharing\" target=\"_blank\" rel=\"noreferrer noopener\">Ver Acta<\/a><\/td><\/tr><tr><td>43<\/td><td>DISE\u00d1O DE INVESTIGACI\u00d3N DE TESIS I<\/td><td>MTRO. FIDEL AR\u00c9VALO GAMBOA<\/td><td><a href=\"https:\/\/drive.google.com\/file\/d\/1D99EvmwPzEf3SeFslJJ_Eg2sykDQS4gI\/view?usp=sharing\" target=\"_blank\" rel=\"noreferrer noopener\">Ver Acta<\/a><\/td><\/tr><tr><td>45<\/td><td>LEGISLACI\u00d3N SOCIAL DE GUATEMALA<\/td><td>LIC. OSCAR ESTUARDO BAUTISTA SOTO<\/td><td><a href=\"https:\/\/drive.google.com\/file\/d\/1Rw86VOZzZjVBIbN6FLXIH08hodrffTpE\/view?usp=sharing\" target=\"_blank\" rel=\"noreferrer noopener\">Ver Acta<\/a><\/td><\/tr><tr><td><strong>10MO CICLO SECCION A<\/strong><\/td><td>&nbsp;<\/td><\/tr><tr><td>CODIGO<\/td><td>CURSO<\/td><td>PROFESOR<\/td><td>&nbsp;<\/td><\/tr><tr><td>51<\/td><td>SEMINARIO SOBRE TEOR\u00cdAS SOCIOL\u00d3GICAS EN GUATEMALA<\/td><td>LIC. CHRISTIAN CALDER\u00d3N CEDILLOS<\/td><td><a href=\"https:\/\/drive.google.com\/file\/d\/10tUpdX7gzCETWUuzlwNZxa_DJ0PaOBz1\/view?usp=sharing\" target=\"_blank\" rel=\"noreferrer noopener\">Ver Acta<\/a><\/td><\/tr><tr><td>55<\/td><td>INFORME DE TESIS<\/td><td>LICDA. MAR\u00cdA CONSUELO SALAZAR<\/td><td><a href=\"https:\/\/drive.google.com\/file\/d\/1alYTHseY7QErhvfLL7T5DHNLBwOcf6Ok\/view?usp=sharing\" target=\"_blank\" rel=\"noreferrer noopener\">Ver Acta<\/a><\/td><\/tr><tr><td>59<\/td><td>SEM. S\/DDHH Y DEFENSA DEL TERR. Y LA NAT. DESDE LA PERSPECTIVA LOCAL<\/td><td>MTRA. VICTORIA TUB\u00cdN<\/td><td><a href=\"https:\/\/drive.google.com\/file\/d\/1KuDTf-WSzGQkvlW7jwi1uI76FUq0_WxE\/view?usp=sharing\" target=\"_blank\" rel=\"noreferrer noopener\">Ver Acta<\/a><\/td><\/tr><tr><td>60<\/td><td>SEM. S\/CONFLICTIVIDAD, ANALISIS Y RESOLUCI\u00d3N DE CONFLICTOS SOCIALES<\/td><td>LIC. MARIO ERNESTO ARCHILA ORT\u00cdZ<\/td><td><a href=\"https:\/\/drive.google.com\/file\/d\/1hhr11uYfnftz7-7LJgQ5hhbE1qxEY8bp\/view?usp=sharing\" target=\"_blank\" rel=\"noreferrer noopener\">Ver Acta<\/a><\/td><\/tr><tr><td>61<\/td><td>SEM. S\/POL\u00cdTICAS P\u00daBLICAS DE REHABILITACION DE TRANSGRESORES DE LA LEY<\/td><td>DR. HECTOR OSWALDO SAMAYOA SOSA<\/td><td><a href=\"https:\/\/drive.google.com\/file\/d\/1Atc5PeCXlvwtkUJ8nTF1HbJpoS48m6My\/view?usp=sharing\" target=\"_blank\" rel=\"noreferrer noopener\">Ver Acta<\/a><\/td><\/tr><tr><td><strong>4TO CICLO&nbsp; SECCI\u00d3N B<\/strong><\/td><td>&nbsp;<\/td><\/tr><tr><td>CODIGO<\/td><td>CURSO<\/td><td>PROFESOR<\/td><td>&nbsp;<\/td><\/tr><tr><td>16<\/td><td>TEOR\u00cdA SOCIOL\u00d3GICA I<\/td><td>LICDA. JEANIE HERRERA N\u00c1JERA<\/td><td><a href=\"https:\/\/drive.google.com\/file\/d\/1yfG5sKkJkidFlgPEr-DWlUjM6kPFf2oA\/view?usp=sharing\" target=\"_blank\" rel=\"noreferrer noopener\">Ver Acta<\/a><\/td><\/tr><tr><td>17<\/td><td>SOCIOLOG\u00cdA DE GUATEMALA I<\/td><td>LICDA. CAMLIN DEL ROSARIO FUENTES<\/td><td><a href=\"https:\/\/drive.google.com\/file\/d\/1nYA67p4hj2OooslMZud2CB3KShb6ABU9\/view?usp=sharing\" target=\"_blank\" rel=\"noreferrer noopener\">Ver Acta<\/a><\/td><\/tr><tr><td>18<\/td><td>METODOLOG\u00cdA DE LAS CIENCIAS SOCIALES IV<\/td><td>LICDA. ZULLY MORALES CARRERA<\/td><td><a href=\"https:\/\/drive.google.com\/file\/d\/1nlQnG12yO9pLKBmYcNxFlpzAGy1jcu-S\/view?usp=sharing\" target=\"_blank\" rel=\"noreferrer noopener\">Ver Acta<\/a><\/td><\/tr><tr><td>19<\/td><td>MICRO Y MACROECONOM\u00cdA<\/td><td>LIC. ROGER ANTONIO BALDIZ\u00d3N MORALES<\/td><td><a href=\"https:\/\/drive.google.com\/file\/d\/1UGjynqOiQNTdEvwG29TraWI2gUNCCuIQ\/view?usp=sharing\" target=\"_blank\" rel=\"noreferrer noopener\">Ver Acta<\/a><\/td><\/tr><tr><td>20<\/td><td>ANTROPOLOG\u00cdA SOCIAL DE GUATEMALA<\/td><td>LIC. JULIO ALEJANDRO VALD\u00c9Z RODAS<\/td><td><a href=\"https:\/\/drive.google.com\/file\/d\/1Dob8rzg__WcmHhlYdjCAqVTqzSEm19xb\/view?usp=sharing\" target=\"_blank\" rel=\"noreferrer noopener\">Ver Acta<\/a><\/td><\/tr><tr><td><strong>6TO CICLO SECCION B<\/strong><\/td><td>&nbsp;<\/td><\/tr><tr><td>CODIGO<\/td><td>CURSO<\/td><td>PROFESOR<\/td><td>&nbsp;<\/td><\/tr><tr><td>28<\/td><td>TEOR\u00cdA SOCIOL\u00d3GICA III<\/td><td>LIC. EDDY MORALES<\/td><td><a href=\"https:\/\/drive.google.com\/file\/d\/1Xaaj3lcOBesQGEjI5sqmXn9NRg5mBznH\/view?usp=sharing\" target=\"_blank\" rel=\"noreferrer noopener\">Ver Acta<\/a><\/td><\/tr><tr><td>29<\/td><td>SOCIOLOG\u00cdA DE GUATEMALA III<\/td><td>LIC. DOUGLAS GIOVANNI MAZARIEGOS MARROQU\u00cdN<\/td><td><a href=\"https:\/\/drive.google.com\/file\/d\/1erEY0XcFUTuXJuZ1x2Sy4gITYl9Pu_2A\/view?usp=sharing\" target=\"_blank\" rel=\"noreferrer noopener\">Ver Acta<\/a><\/td><\/tr><tr><td>30<\/td><td>AN\u00c1LISIS DE EXPERIENCIAS DE INVESTIGACI\u00d3N SOCIOLOGICA II<\/td><td>LIC. LICERIO CAMEY HUZ<\/td><td><a href=\"https:\/\/drive.google.com\/file\/d\/1Xk1LAdTvR8fiP6fe-PMGZh1hIG2A7Zje\/view?usp=sharing\" target=\"_blank\" rel=\"noreferrer noopener\">Ver Acta<\/a><\/td><\/tr><tr><td>31<\/td><td>HISTORIA DE GUATEMALA III<\/td><td>LIC. JORGE AMADO<\/td><td><a href=\"https:\/\/drive.google.com\/file\/d\/1m_SLdZfJDYxYm61rp7z5dfXi_F2Au3-j\/view?usp=sharing\" target=\"_blank\" rel=\"noreferrer noopener\">Ver Acta<\/a><\/td><\/tr><tr><td>32<\/td><td>SOCIOLOG\u00cdA DE LA CULTURA CON PERSPECTIVA DE G\u00c9NERO Y ETNIA<\/td><td>MTRA. VICTORIA TUB\u00cdN<\/td><td><a href=\"https:\/\/drive.google.com\/file\/d\/1bI2X5lcwa5O7JXO1GmCVt4L_HfBPF3h2\/view?usp=sharing\" target=\"_blank\" rel=\"noreferrer noopener\">Ver Acta<\/a><\/td><\/tr><tr><td><strong>8VO CICLO SECCION B<\/strong><\/td><td>&nbsp;<\/td><\/tr><tr><td>CODIGO<\/td><td>CURSO<\/td><td>PROFESOR<\/td><td>&nbsp;<\/td><\/tr><tr><td>40<\/td><td>SOCIOLOG\u00cdA DEL CONOCIMIENTO<\/td><td>LICDA. JEANIE HERRERA N\u00c1JERA<\/td><td><a href=\"https:\/\/drive.google.com\/file\/d\/1OKjvtUjvJ8sW3CToi61h8lO5ECbe4RdO\/view?usp=sharing\" target=\"_blank\" rel=\"noreferrer noopener\">Ver Acta<\/a><\/td><\/tr><tr><td>41<\/td><td>SOCIOLOG\u00cdA POL\u00cdTICA II<\/td><td>LIC. CHRISTIAN CALDER\u00d3N<\/td><td><a href=\"https:\/\/drive.google.com\/file\/d\/1M-U1yRsmCHTRXUQ58eY82D8gkPanG-Aw\/view?usp=sharing\" target=\"_blank\" rel=\"noreferrer noopener\">Ver Acta<\/a><\/td><\/tr><tr><td>42<\/td><td>SOCIOLOG\u00cdA DE LA COMUNICACI\u00d3N<\/td><td>LICDA. PAOLA ZAMORA<\/td><td><a href=\"https:\/\/drive.google.com\/file\/d\/1RWN4FJXsMPuSum0L07hmHPf90C7aShqo\/view?usp=sharing\" target=\"_blank\" rel=\"noreferrer noopener\">Ver Acta<\/a><\/td><\/tr><tr><td>43<\/td><td>DISE\u00d1O DE INVESTIGACI\u00d3N DE TESIS I<\/td><td>LIC. JORGE ZAMORA<\/td><td><a href=\"https:\/\/drive.google.com\/file\/d\/1b4YqDSI4wJGG9vQeXmDRXQdQssOZZiCQ\/view?usp=sharing\" target=\"_blank\" rel=\"noreferrer noopener\">Ver Acta<\/a><\/td><\/tr><tr><td>44<\/td><td>SOCIOLOG\u00cdA DE G\u00c9NERO Y ETNIA II<\/td><td>LIC. LICERIO CAMEY HUZ<\/td><td><a href=\"https:\/\/drive.google.com\/file\/d\/1Sl6MVnNb8yYxnAF4fVx-yLs59l2u3awO\/view?usp=sharing\" target=\"_blank\" rel=\"noreferrer noopener\">Ver Acta<\/a><\/td><\/tr><tr><td><strong>10MO CICLO SECCION B<\/strong><\/td><td>&nbsp;<\/td><\/tr><tr><td>CODIGO<\/td><td>CURSO<\/td><td>PROFESOR<\/td><td>&nbsp;<\/td><\/tr><tr><td>51<\/td><td>SEMINARIO SOBRE TEOR\u00cdAS SOCIOL\u00d3GICAS EN GUATEMALA<\/td><td>DR. LUIS FERNANDO MACK ECHEVERR\u00cdA<\/td><td><a href=\"https:\/\/drive.google.com\/file\/d\/1GKdNIkTNxyPf-mlXFIPJpTup2F6RhYDE\/view?usp=sharing\" target=\"_blank\" rel=\"noreferrer noopener\">Ver Acta<\/a><\/td><\/tr><tr><td>52<\/td><td>SEMINARIO SOBRE POL\u00cdTICAS DE DESARROLLO URBANO Y RURAL<\/td><td>MTRO. JORGE ARAG\u00d3N<\/td><td><a href=\"https:\/\/drive.google.com\/file\/d\/1gq1QRzdYaGBvZZW-HYgndfSWREGvNSU8\/view?usp=sharing\" target=\"_blank\" rel=\"noreferrer noopener\">Ver Acta<\/a><\/td><\/tr><tr><td>53<\/td><td>SEM. S\/ESTRATEGIAS DE INCIDENCIA DE PUEBLOS INDIGENAS Y ORG. SOC.<\/td><td>DR. AROLDO CAMPOSECO<\/td><td><a href=\"https:\/\/drive.google.com\/file\/d\/1il1qQLYBOUJKz2W7_Q40RHmdgqHrOQPj\/view?usp=sharing\" target=\"_blank\" rel=\"noreferrer noopener\">Ver Acta<\/a><\/td><\/tr><tr><td>54<\/td><td>SEMINARIO SOBRE G\u00c9NERO, \u00c9TNIA Y EDUCACI\u00d3N EN GUATEMALA<\/td><td>LICDA. DELMY MIRRUT ESCOBAR PERDOMO<\/td><td><a href=\"https:\/\/drive.google.com\/file\/d\/1je9PLJnmqs0zzdAuwGVbpKVdQBREPELy\/view?usp=sharing\" target=\"_blank\" rel=\"noreferrer noopener\">Ver Acta<\/a><\/td><\/tr><tr><td>55<\/td><td>INFORME DE TESIS<\/td><td>LIC. BEQUER CHOCOOJ<\/td><td><a href=\"https:\/\/drive.google.com\/file\/d\/1Hs2egkwJvmVo-YnZ7NlvQWYCoUxziGMm\/view?usp=sharing\" target=\"_blank\" rel=\"noreferrer noopener\">Ver Acta<\/a><\/td><\/tr><\/tbody><\/table><\/figure>\n","protected":false},"excerpt":{"rendered":"<p>4TO CICLO&nbsp; SECCI\u00d3N A &nbsp; CODIGO CURSO PROFESOR &nbsp; 16 TEOR\u00cdA SOCIOL\u00d3GICA I LICDA. MAR\u00cdA VIRGINIA JIM\u00c9NEZ TUY Ver Acta 17 SOCIOLOG\u00cdA DE GUATEMALA I LIC. CARLOS MONZ\u00d3N Ver Acta 18 METODOLOG\u00cdA DE LAS CIENCIAS SOCIALES IV LIC. CRISTIAN CERME\u00d1O PINEDA Ver Acta 19 MICRO Y MACROECONOM\u00cdA LICDA. MAR\u00cdA ELENA IZQUIERDO Ver Acta \u00a0 1ra. [&hellip;]<\/p>\n","protected":false},"author":101012,"featured_media":0,"parent":0,"menu_order":0,"comment_status":"closed","ping_status":"closed","template":"","meta":[],"_links":{"self":[{"href":"https:\/\/cienciapolitica.usac.edu.gt\/index.php?rest_route=\/wp\/v2\/pages\/6299"}],"collection":[{"href":"https:\/\/cienciapolitica.usac.edu.gt\/index.php?rest_route=\/wp\/v2\/pages"}],"about":[{"href":"https:\/\/cienciapolitica.usac.edu.gt\/index.php?rest_route=\/wp\/v2\/types\/page"}],"author":[{"embeddable":true,"href":"https:\/\/cienciapolitica.usac.edu.gt\/index.php?rest_route=\/wp\/v2\/users\/101012"}],"replies":[{"embeddable":true,"href":"https:\/\/cienciapolitica.usac.edu.gt\/index.php?rest_route=%2Fwp%2Fv2%2Fcomments&post=6299"}],"version-history":[{"count":35,"href":"https:\/\/cienciapolitica.usac.edu.gt\/index.php?rest_route=\/wp\/v2\/pages\/6299\/revisions"}],"predecessor-version":[{"id":7051,"href":"https:\/\/cienciapolitica.usac.edu.gt\/index.php?rest_route=\/wp\/v2\/pages\/6299\/revisions\/7051"}],"wp:attachment":[{"href":"https:\/\/cienciapolitica.usac.edu.gt\/index.php?rest_route=%2Fwp%2Fv2%2Fmedia&parent=6299"}],"curies":[{"name":"wp","href":"https:\/\/api.w.org\/{rel}","templated":true}]}}