{"id":6296,"date":"2022-11-03T00:28:09","date_gmt":"2022-11-03T00:28:09","guid":{"rendered":"https:\/\/cienciapolitica.usac.edu.gt\/?page_id=6296"},"modified":"2023-10-03T22:11:25","modified_gmt":"2023-10-03T22:11:25","slug":"actas-licenciatura-en-ciencia-politica-semestre-2-2022","status":"publish","type":"page","link":"https:\/\/cienciapolitica.usac.edu.gt\/?page_id=6296","title":{"rendered":"ACTAS LICENCIATURA EN CIENCIA POL\u00cdTICA SEMESTRE 2-2022"},"content":{"rendered":"\n<figure class=\"wp-block-table\"><table><tbody><tr><td><strong>4TO CICLO SECCI\u00d3N A<\/strong><\/td><td>&nbsp;<\/td><\/tr><tr><td>CODIGO<\/td><td>CURSO<\/td><td>PROFESOR<\/td><td>&nbsp;<\/td><\/tr><tr><td>18<\/td><td>METODOLOG\u00cdA DE LAS CIENCIAS SOCIALES IV<\/td><td>LIC. GERARDO ALFONSO GUARQUEZ V\u00c1SQUEZ<\/td><td><a href=\"https:\/\/drive.google.com\/file\/d\/1DEO1kEhr8tRaa8iGyPdnZlnCqzaFKyIF\/view?usp=sharing\" target=\"_blank\" rel=\"noreferrer noopener\">Ver Acta<\/a><\/td><\/tr><tr><td>19<\/td><td>MICRO Y MACROECONOM\u00cdA<\/td><td>LICDA. MIRNA JEANETTE PONCIANO<\/td><td><a href=\"https:\/\/drive.google.com\/file\/d\/1Vgb2An2rPId9qHoUyhqGjc2cIstr1iT0\/view?usp=sharing\" target=\"_blank\" rel=\"noreferrer noopener\">Ver Acta<\/a><\/td><\/tr><tr><td>103<\/td><td>TEOR\u00cdA POL\u00cdTICA I<\/td><td>MTRO. JORGE DE JES\u00daS PONCE REYNOSO<\/td><td><a href=\"https:\/\/drive.google.com\/file\/d\/11oJWngtAaL4BJrvpftueALUezf2L_3Ux\/view?usp=sharing\" target=\"_blank\" rel=\"noreferrer noopener\">Ver Acta<\/a><\/td><\/tr><tr><td>104<\/td><td>SISTEMAS POL\u00cdTICOS I<\/td><td>LICDA. GEIDY DE MATA<\/td><td><a href=\"https:\/\/drive.google.com\/file\/d\/1r8pxkeH-OS9lvLOQpWHF12vtOokDSmgd\/view?usp=sharing\" target=\"_blank\" rel=\"noreferrer noopener\">Ver Acta<\/a><\/td><\/tr><tr><td>106<\/td><td>SOCIOLOG\u00cdA POL\u00cdTICA<\/td><td>LICDA. MAR\u00cdA AMALIA MANDUJANO IZAGUIRRE<\/td><td><a rel=\"noreferrer noopener\" href=\"https:\/\/drive.google.com\/file\/d\/1mUHJNyFD-Chma5fD_7xP7WCa5azmLpnU\/view?usp=sharing\" target=\"_blank\">Ver Acta<\/a> <br><br><a rel=\"noreferrer noopener\" href=\"https:\/\/drive.google.com\/file\/d\/1-Lojva3lKPHy8mWCq3AnNnXB1vgx5FAR\/view?usp=sharing\" target=\"_blank\">1ra. Oportunidad<\/a><\/td><\/tr><tr><td><strong>6TO CICLO SECCI\u00d3N A<\/strong><\/td><td>&nbsp;<\/td><td><\/td><td><\/td><\/tr><tr><td>CODIGO<\/td><td>CURSO<\/td><td>PROFESOR<\/td><td>&nbsp;<\/td><\/tr><tr><td>31<\/td><td>HISTORIA DE GUATEMALA III<\/td><td>LIC. JOS\u00c9 EFRA\u00cdN P\u00c9REZ XICAR\u00c1<\/td><td><a href=\"https:\/\/drive.google.com\/file\/d\/1vd6RhFV3hr_vGSqBpuMpXSB1vDMFZkTT\/view?usp=sharing\" target=\"_blank\" rel=\"noreferrer noopener\">Ver Acta<\/a><\/td><\/tr><tr><td>112<\/td><td>TEOR\u00cdA POL\u00cdTICA III<\/td><td>LICDA. GEIDY DE MATA<\/td><td><a href=\"https:\/\/drive.google.com\/file\/d\/1x2exre4IxsSHCaK49hKpiIBfoj42qnsa\/view?usp=sharing\" target=\"_blank\" rel=\"noreferrer noopener\">Ver Acta<\/a><\/td><\/tr><tr><td>113<\/td><td>SISTEMAS POL\u00cdTICOS III<\/td><td>MTRA. CINDY LISBETH POROJ CARABALLO<\/td><td><a rel=\"noreferrer noopener\" href=\"https:\/\/drive.google.com\/file\/d\/1Sp7giKIhHAL2D-po4bA1QtM8vHZdEkrm\/view?usp=sharing\" target=\"_blank\">Ver Acta<\/a> <br><br><a rel=\"noreferrer noopener\" href=\"https:\/\/drive.google.com\/file\/d\/1YSWk4_ySNASenGk4-Ml-yzazZbf0UWrx\/view?usp=sharing\" target=\"_blank\">1ra Oportunidad<\/a><\/td><\/tr><tr><td>114<\/td><td>ADMINISTRACI\u00d3N P\u00daBLICA DE GUATEMALA II<\/td><td>LICDA. SONIA ABIGAIL P\u00c9REZ<\/td><td><a href=\"https:\/\/drive.google.com\/file\/d\/1wj7PKuJzYdA5mbU6Fpkz-TNG-jdtJ-P5\/view?usp=sharing\" target=\"_blank\" rel=\"noreferrer noopener\">Ver Acta<\/a><\/td><\/tr><tr><td>116<\/td><td>CONTEXTO DE LAS POL\u00cdTICAS P\u00daBLICAS<\/td><td>LICDA. MAR\u00cdA DEL CARMEN ALVARADO<\/td><td><a rel=\"noreferrer noopener\" href=\"https:\/\/drive.google.com\/file\/d\/1bKmpxOwPx14lklROm_v4rAB7ljebT9Ju\/view?usp=sharing\" target=\"_blank\">Ver Acta<\/a> <br><br><a rel=\"noreferrer noopener\" href=\"https:\/\/drive.google.com\/file\/d\/17A3wjvVgzSi_KRAMSRoFRAbxiP1NVCrT\/view?usp=sharing\" target=\"_blank\">1ra Oportunidad<\/a><\/td><\/tr><tr><td><strong>8VO CICLO SECCI\u00d3N A<\/strong><\/td><td>&nbsp;<\/td><td><\/td><td><\/td><\/tr><tr><td>CODIGO<\/td><td>CURSO<\/td><td>PROFESOR<\/td><td>&nbsp;<\/td><\/tr><tr><td>43<\/td><td>DISE\u00d1O DE INVESTIGACI\u00d3N DE TESIS I<\/td><td>LICDA. CLAUDIA MELISSA MATEO TOJIN<\/td><td><a rel=\"noreferrer noopener\" href=\"https:\/\/drive.google.com\/file\/d\/1TzdpjJw-dXC6EpjdkQk-OW2_AQlKXv1k\/view?usp=sharing\" target=\"_blank\">Ver Acta<\/a> &nbsp; <br><br><a rel=\"noreferrer noopener\" href=\"https:\/\/drive.google.com\/file\/d\/1SlExEz2mMNHffA00ovj-melFOLeLzAfs\/view?usp=sharing\" target=\"_blank\">1ra. Oportunidad<\/a><br><br><a href=\"https:\/\/drive.google.com\/file\/d\/1AccH7Te9JAHhK3oH5i3gSxZKZpN-pAU1\/view?usp=sharing\" data-type=\"URL\" data-id=\"https:\/\/drive.google.com\/file\/d\/1AccH7Te9JAHhK3oH5i3gSxZKZpN-pAU1\/view?usp=sharing\" target=\"_blank\" rel=\"noreferrer noopener\">Segundo<\/a><\/td><\/tr><tr><td>123<\/td><td>PARTIDOS POL\u00cdTICOS<\/td><td>LIC. HENRY DENNIS MIRA SANDOVAL<\/td><td><a rel=\"noreferrer noopener\" href=\"https:\/\/drive.google.com\/file\/d\/1BPRwXmfy0zRagRfNEZ4WyILhiRm_5guW\/view?usp=sharing\" target=\"_blank\">Ver Acta<\/a> <br><br><a rel=\"noreferrer noopener\" href=\"https:\/\/drive.google.com\/file\/d\/1YVwg9jJkW0E2m4-xMTibAX30F8Chj8nn\/view?usp=sharing\" target=\"_blank\">1ra. Oportunidad<\/a><\/td><\/tr><tr><td>124<\/td><td>TEOR\u00cdA DE LA DEMOCRACIA<\/td><td>MTRO. JUAN FERNANDO MOLINA MEZA<\/td><td><a href=\"https:\/\/drive.google.com\/file\/d\/1lc-mSXfyMjqYzSKe5as66UaAKyQO_UtA\/view?usp=sharing\" target=\"_blank\" rel=\"noreferrer noopener\">Ver Acta<\/a><\/td><\/tr><tr><td>125<\/td><td>NEGOCIACI\u00d3N POL\u00cdTICA<\/td><td>LIC. LUIS RODOLFO D\u00c1VILA S\u00c1NCHEZ<\/td><td><a href=\"https:\/\/drive.google.com\/file\/d\/1QuUI97oqO3DmHIl2xXQzd_DZKNOtsipm\/view?usp=sharing\" target=\"_blank\" rel=\"noreferrer noopener\">Ver Acta<\/a><\/td><\/tr><tr><td>127<\/td><td>APLICACI\u00d3N DE LAS POL\u00cdTICAS P\u00daBLICAS<\/td><td>LICDA. MAR\u00cdA DEL CARMEN ALVARADO<\/td><td><a href=\"https:\/\/drive.google.com\/file\/d\/1-H9HMnLfjl37Q73M95IaFa8lHdnKCFTq\/view?usp=sharing\" target=\"_blank\" rel=\"noreferrer noopener\">Ver Acta<\/a><\/td><\/tr><tr><td><strong>10MO CICLO SECCI\u00d3N A<\/strong><\/td><td>&nbsp;<\/td><td><\/td><td><\/td><\/tr><tr><td>CODIGO<\/td><td>CURSO<\/td><td>PROFESOR<\/td><td>&nbsp;<\/td><\/tr><tr><td>55<\/td><td>INFORME DE TESIS<\/td><td>MTRO. FIDEL AR\u00c9VALO GAMBOA<\/td><td><a rel=\"noreferrer noopener\" href=\"https:\/\/drive.google.com\/file\/d\/1giyab1UuT_SFSuG-5EYwRk9l78A1DqRd\/view?usp=sharing\" target=\"_blank\">Ver Acta<\/a> <br><br><a rel=\"noreferrer noopener\" href=\"https:\/\/drive.google.com\/file\/d\/1zmSwA345vNwFJ2iA7Kwyou4yh46E08df\/view?usp=sharing\" target=\"_blank\">1ra. Oportunidad<\/a><br><br><a href=\"https:\/\/drive.google.com\/file\/d\/1Q4DgslTbpRPNUOw2KZ6QOGaQ8G70024h\/view?usp=sharing\" data-type=\"URL\" data-id=\"https:\/\/drive.google.com\/file\/d\/1Q4DgslTbpRPNUOw2KZ6QOGaQ8G70024h\/view?usp=sharing\" target=\"_blank\" rel=\"noreferrer noopener\">Segunda<\/a><\/td><\/tr><tr><td>140<\/td><td>SEMINARIO S\/EJECUCI\u00d3N PRESUPUESTARIA DEL SECTOR P\u00daBLICO<\/td><td>LIC. CARLOS ANIBAL MART\u00cdNEZ<\/td><td><a href=\"https:\/\/drive.google.com\/file\/d\/1zaip3BF_tCwVdp8FWBTsXgMuGeTHPbjb\/view?usp=sharing\" target=\"_blank\" rel=\"noreferrer noopener\">Ver Acta<\/a><\/td><\/tr><tr><td>141<\/td><td>SEMINARIO DEL CICLO DE POL\u00cdTICA P\u00daBLICA<\/td><td>MTRO. JUAN FERNANDO MOLINA MEZA<\/td><td><a href=\"https:\/\/drive.google.com\/file\/d\/13tLxZohPneB_CT1CLLJkYcx6Xp5fnhnp\/view?usp=sharing\" target=\"_blank\" rel=\"noreferrer noopener\">Ver Acta<\/a><\/td><\/tr><tr><td>142<\/td><td>POL\u00cdTICAS SOCIALES LATINOAMERICANAS<\/td><td>LICDA. MAR\u00cdA AMALIA MANDUJANO IZAGUIRRE<\/td><td><a rel=\"noreferrer noopener\" href=\"https:\/\/drive.google.com\/file\/d\/15HLxMsM6PiOoxSXz_BW4Fc1lQOrnFGnd\/view?usp=sharing\" target=\"_blank\">Ver Acta<\/a> <br><br><a rel=\"noreferrer noopener\" href=\"https:\/\/drive.google.com\/file\/d\/1OpwxlVrZtfKJnjpqTDwDnxLapaSPCa6h\/view?usp=sharing\" target=\"_blank\">Primera<\/a><\/td><\/tr><tr><td>951<\/td><td>SEGURIDAD DEMOCR\u00c1TICA<\/td><td>LIC. GERARDO ALFONSO GUARQUEZ V\u00c1SQUEZ<\/td><td><a href=\"https:\/\/drive.google.com\/file\/d\/1WnksFd9uGnw1g5EHoEZiJ8-ZXbn6-_y6\/view?usp=sharing\" target=\"_blank\" rel=\"noreferrer noopener\">Ver Acta<\/a><\/td><\/tr><tr><td><strong>4TO CICLO SECCI\u00d3N B<\/strong><\/td><td>&nbsp;<\/td><td><\/td><td><\/td><\/tr><tr><td>CODIGO<\/td><td>CURSO<\/td><td>PROFESOR<\/td><td>&nbsp;<\/td><\/tr><tr><td>18<\/td><td>METODOLOG\u00cdA DE LAS CIENCIAS SOCIALES IV<\/td><td>LICDA. ROSAURA RAGUEX<\/td><td><a rel=\"noreferrer noopener\" href=\"https:\/\/drive.google.com\/file\/d\/1ds9uplmOYw60_rQ73pGUMu6VGwYYPPgl\/view?usp=sharing\" target=\"_blank\">Ver Acta<\/a> &nbsp; <br><br><a rel=\"noreferrer noopener\" href=\"https:\/\/drive.google.com\/file\/d\/1sMbBu-hzEb-P4AP3HTbKsdRnOTI0AQbr\/view?usp=sharing\" target=\"_blank\">1ra. Oportunidad<\/a><\/td><\/tr><tr><td>19<\/td><td>MICRO Y MACROECONOM\u00cdA<\/td><td>LIC. CARLOS ANIBAL MART\u00cdNEZ<\/td><td><a href=\"https:\/\/drive.google.com\/file\/d\/1R6i7aViJuujug7cbpez_ZcFysRhTE-YN\/view?usp=sharing\" target=\"_blank\" rel=\"noreferrer noopener\">Ver Acta<\/a><\/td><\/tr><tr><td>103<\/td><td>TEOR\u00cdA POL\u00cdTICA I<\/td><td>LIC. GUIDO BARILLAS<\/td><td><a href=\"https:\/\/drive.google.com\/file\/d\/1Kkk9ZhsAWhLrlJhFoCwtfkWvoZ1nGY0a\/view?usp=sharing\" target=\"_blank\" rel=\"noreferrer noopener\">Ver Acta<\/a><\/td><\/tr><tr><td>104<\/td><td>SISTEMAS POL\u00cdTICOS I<\/td><td>LICDA. GEIDY DE MATA<\/td><td><a href=\"https:\/\/drive.google.com\/file\/d\/1xY9CJD74BkTdaDMN_GQ0GEnvUkEEAluN\/view?usp=sharing\" target=\"_blank\" rel=\"noreferrer noopener\">Ver Acta<\/a><\/td><\/tr><tr><td>105<\/td><td>TEOR\u00cdA Y DERECHO CONSTITUCIONAL GUATEMALTECO<\/td><td>MTRO. JORGE DE JES\u00daS PONCE REYNOSO<\/td><td><a rel=\"noreferrer noopener\" href=\"https:\/\/drive.google.com\/file\/d\/1X8N8nn5h_WZBM20mT0_WuU20RJhZCNAC\/view?usp=sharing\" target=\"_blank\">Ver Acta<\/a> <br><br><a rel=\"noreferrer noopener\" href=\"https:\/\/drive.google.com\/file\/d\/1CzmgwrABMzDK1zgnU3PvIryLz3z_BW44\/view?usp=sharing\" target=\"_blank\">Primera<\/a><br><a href=\"https:\/\/drive.google.com\/file\/d\/1V6_botXvBcySFllh2sn0-3xxljTFBs9F\/view?usp=sharing\" data-type=\"URL\" data-id=\"https:\/\/drive.google.com\/file\/d\/1V6_botXvBcySFllh2sn0-3xxljTFBs9F\/view?usp=sharing\" target=\"_blank\" rel=\"noreferrer noopener\">Segunda<\/a><\/td><\/tr><tr><td><strong>6TO CICLO SECCI\u00d3N B<\/strong><\/td><td>&nbsp;<\/td><td><\/td><td><\/td><\/tr><tr><td>CODIGO<\/td><td>CURSO<\/td><td>PROFESOR<\/td><td>&nbsp;<\/td><\/tr><tr><td>31<\/td><td>HISTORIA DE GUATEMALA III<\/td><td>LICDA. GEOVANNA MARCELA LETONA<\/td><td><a rel=\"noreferrer noopener\" href=\"https:\/\/drive.google.com\/file\/d\/17UZtbwLB0Qd68FMvY9sULBL_7_SkNWi4\/view?usp=sharing\" target=\"_blank\">Ver Acta<\/a><br><br><a rel=\"noreferrer noopener\" href=\"https:\/\/drive.google.com\/file\/d\/1pmDH5_gCHZh8H9exAlo2Bav0zkaAjHKr\/view?usp=sharing\" target=\"_blank\">Primera Oportunidad<\/a><br><\/td><\/tr><tr><td>112<\/td><td>TEOR\u00cdA POL\u00cdTICA III<\/td><td>LIC. HENRY DENNIS MIRA SANDOVAL<\/td><td><a href=\"https:\/\/drive.google.com\/file\/d\/1NQUhp-2p1xjxYIZZvdnB-A58r2raurts\/view?usp=sharing\" target=\"_blank\" rel=\"noreferrer noopener\">Ver Acta<\/a><br><br><a rel=\"noreferrer noopener\" href=\"https:\/\/drive.google.com\/file\/d\/1EXnl7-xmvw2NqoVh3014P4Od7k08US3h\/view?usp=sharing\" target=\"_blank\">Primera Oportunidad<\/a><\/td><\/tr><tr><td>113<\/td><td>SISTEMAS POL\u00cdTICOS III<\/td><td>MTRA. CINDY LISBETH POROJ CARABALLO<\/td><td><a rel=\"noreferrer noopener\" href=\"https:\/\/drive.google.com\/file\/d\/1gyyAFAHXGoc8yp0AWJqNBP-9oM6TVfTW\/view?usp=sharing\" target=\"_blank\">Ver Acta<\/a> <br><br><a rel=\"noreferrer noopener\" href=\"https:\/\/drive.google.com\/file\/d\/1nHNeWWoA6oVAbSMyvvs9n_YteLD-9s1y\/view?usp=sharing\" target=\"_blank\">1ra. Oportunidad<\/a><br><a href=\"https:\/\/drive.google.com\/file\/d\/1CYxEt3MeJFQBHU4bKjVaCWKpVB-3vBoH\/view?usp=sharing\" data-type=\"URL\" data-id=\"https:\/\/drive.google.com\/file\/d\/1CYxEt3MeJFQBHU4bKjVaCWKpVB-3vBoH\/view?usp=sharing\" target=\"_blank\" rel=\"noreferrer noopener\">Segunda Op<\/a><\/td><\/tr><tr><td>114<\/td><td>ADMINISTRACI\u00d3N P\u00daBLICA DE GUATEMALA II<\/td><td>LIC. DOUGLAS GIOVANNI MAZARIEGOS MARROQU\u00cdN<\/td><td><a rel=\"noreferrer noopener\" href=\"https:\/\/drive.google.com\/file\/d\/1hp7xxv5i5FySSUIn4DO9imdmA87_1MTY\/view?usp=sharing\" target=\"_blank\">Ver Acta<\/a> <br><br><a rel=\"noreferrer noopener\" href=\"https:\/\/drive.google.com\/file\/d\/1_TniuuzMThEGk1hGGfDyq0DCjbT0ePbp\/view?usp=sharing\" target=\"_blank\">Primera<\/a><\/td><\/tr><tr><td>115<\/td><td>DERECHO INTERNACIONAL P\u00daBLICO Y ORGANISMOS INTERNAC.<\/td><td>DR. IVAN LE\u00d3N ARCHILA<\/td><td><a href=\"https:\/\/drive.google.com\/file\/d\/1Rs_aCOLjVPXGH2zcNFXwT1Xsqxx1dpXN\/view?usp=sharing\" target=\"_blank\" rel=\"noreferrer noopener\">Ver Acta<\/a><\/td><\/tr><tr><td><strong>8VO CICLO SECCI\u00d3N B<\/strong><\/td><td>&nbsp;<\/td><td><\/td><td><\/td><\/tr><tr><td>CODIGO<\/td><td>CURSO<\/td><td>PROFESOR<\/td><td>&nbsp;<\/td><\/tr><tr><td>43<\/td><td>DISE\u00d1O DE INVESTIGACI\u00d3N DE TESIS I<\/td><td>LICDA. CAMLIN DEL ROSARIO FUENTES<\/td><td><a rel=\"noreferrer noopener\" href=\"https:\/\/drive.google.com\/file\/d\/1wgpeGc3Smx6St3x5G-sHv4Ft6zen0Csm\/view?usp=sharing\" target=\"_blank\">Ver Acta<\/a><br><a href=\"https:\/\/drive.google.com\/file\/d\/154Lr71qoZu4-KCd1ZQWcBKQiPwsykSJx\/view?usp=sharing\" target=\"_blank\" rel=\"noreferrer noopener\">Segunda OP<\/a><\/td><\/tr><tr><td>123<\/td><td>PARTIDOS POL\u00cdTICOS<\/td><td>LICDA. FLORENTINA PUAC PUAC<\/td><td><a href=\"https:\/\/drive.google.com\/file\/d\/1DlYJJXDOGC2FJg6Px8QNzV2wZle18Z6g\/view?usp=sharing\" target=\"_blank\" rel=\"noreferrer noopener\">Ver Acta<\/a><\/td><\/tr><tr><td>124<\/td><td>TEOR\u00cdA DE LA DEMOCRACIA<\/td><td>MTRO. JORGE ARAG\u00d3N<\/td><td><a href=\"https:\/\/drive.google.com\/file\/d\/1TvrZIUz4BSG_mKrczCVeaiOHZJnY_2_5\/view?usp=sharing\" target=\"_blank\" rel=\"noreferrer noopener\">Ver Acta<\/a><\/td><\/tr><tr><td>125<\/td><td>NEGOCIACI\u00d3N POL\u00cdTICA<\/td><td>DR. EDMUNDO URRUTIA<\/td><td><a href=\"https:\/\/drive.google.com\/file\/d\/1CJCHvrAoks-Fi7j-qBm6ngsr2Yg30Rgx\/view?usp=sharing\" target=\"_blank\" rel=\"noreferrer noopener\">Ver Acta<\/a><\/td><\/tr><tr><td>126<\/td><td>AN\u00c1LISIS POL\u00cdTICO I<\/td><td>LIC. WERNER ENRIQUE CASTILLO REGALADO<\/td><td><a href=\"https:\/\/drive.google.com\/file\/d\/1cc0C-LH6HrA-cspv7h9PZ133tjEc3suM\/view?usp=sharing\" target=\"_blank\" rel=\"noreferrer noopener\">Ver Acta<\/a><\/td><\/tr><tr><td><strong>10MO CICLO SECCI\u00d3N B<\/strong><\/td><td>&nbsp;<\/td><td><\/td><td><\/td><\/tr><tr><td>CODIGO<\/td><td>CURSO<\/td><td>PROFESOR<\/td><td>&nbsp;<\/td><\/tr><tr><td>55<\/td><td>INFORME DE TESIS<\/td><td>LIC. LUIS ARMANDO BEDOYA<\/td><td><a href=\"https:\/\/drive.google.com\/file\/d\/1RAmcqZYCNMdFsTNe6kvzSMynH_nUISKw\/view?usp=sharing\" target=\"_blank\" rel=\"noreferrer noopener\">Ver Acta<\/a><\/td><\/tr><tr><td>132<\/td><td>INVESTIGACI\u00d3N POL\u00cdTICA<\/td><td>LIC. CARLOS ORLANDO OLIVA MURALLES<\/td><td><a href=\"https:\/\/drive.google.com\/file\/d\/1xexRXlSTNb8slXfopP2o4P2sNhwb7zm0\/view?usp=sharing\" target=\"_blank\" rel=\"noreferrer noopener\">Ver Acta<\/a><\/td><\/tr><tr><td>133<\/td><td>SEMINARIO CAMPA\u00d1AS ELECTORALES<\/td><td>LIC. RICARDO ANTONIO BARRENO ARRIAZA<\/td><td><a href=\"https:\/\/drive.google.com\/file\/d\/1eHTI6zppA6kCxGgoJFOui0tuMsUIo4kw\/view?usp=sharing\" target=\"_blank\" rel=\"noreferrer noopener\">Ver Acta<\/a><\/td><\/tr><tr><td>134<\/td><td>ENCUESTAS<\/td><td>LIZ. HUGO RAM\u00cdREZ PAZOS<\/td><td><a href=\"https:\/\/drive.google.com\/file\/d\/1Sb-2ZW2qPuOun_bnmFUb-JMb8oMrlbdU\/view?usp=sharing\" target=\"_blank\" rel=\"noreferrer noopener\">Ver Acta<\/a><\/td><\/tr><tr><td>135<\/td><td>MERCADEO POL\u00cdTICO<\/td><td>LIC. WERNER ENRIQUE CASTILLO REGALADO<\/td><td><a href=\"https:\/\/drive.google.com\/file\/d\/1pAHVlgz-IYfWaIbpJ2Fe0eiSaqbZfoDJ\/view?usp=sharing\" target=\"_blank\" rel=\"noreferrer noopener\">Ver Acta<\/a><\/td><\/tr><\/tbody><\/table><\/figure>\n","protected":false},"excerpt":{"rendered":"<p>4TO CICLO SECCI\u00d3N A &nbsp; CODIGO CURSO PROFESOR &nbsp; 18 METODOLOG\u00cdA DE LAS CIENCIAS SOCIALES IV LIC. GERARDO ALFONSO GUARQUEZ V\u00c1SQUEZ Ver Acta 19 MICRO Y MACROECONOM\u00cdA LICDA. MIRNA JEANETTE PONCIANO Ver Acta 103 TEOR\u00cdA POL\u00cdTICA I MTRO. JORGE DE JES\u00daS PONCE REYNOSO Ver Acta 104 SISTEMAS POL\u00cdTICOS I LICDA. GEIDY DE MATA Ver Acta [&hellip;]<\/p>\n","protected":false},"author":101014,"featured_media":0,"parent":0,"menu_order":0,"comment_status":"closed","ping_status":"closed","template":"","meta":[],"_links":{"self":[{"href":"https:\/\/cienciapolitica.usac.edu.gt\/index.php?rest_route=\/wp\/v2\/pages\/6296"}],"collection":[{"href":"https:\/\/cienciapolitica.usac.edu.gt\/index.php?rest_route=\/wp\/v2\/pages"}],"about":[{"href":"https:\/\/cienciapolitica.usac.edu.gt\/index.php?rest_route=\/wp\/v2\/types\/page"}],"author":[{"embeddable":true,"href":"https:\/\/cienciapolitica.usac.edu.gt\/index.php?rest_route=\/wp\/v2\/users\/101014"}],"replies":[{"embeddable":true,"href":"https:\/\/cienciapolitica.usac.edu.gt\/index.php?rest_route=%2Fwp%2Fv2%2Fcomments&post=6296"}],"version-history":[{"count":54,"href":"https:\/\/cienciapolitica.usac.edu.gt\/index.php?rest_route=\/wp\/v2\/pages\/6296\/revisions"}],"predecessor-version":[{"id":7999,"href":"https:\/\/cienciapolitica.usac.edu.gt\/index.php?rest_route=\/wp\/v2\/pages\/6296\/revisions\/7999"}],"wp:attachment":[{"href":"https:\/\/cienciapolitica.usac.edu.gt\/index.php?rest_route=%2Fwp%2Fv2%2Fmedia&parent=6296"}],"curies":[{"name":"wp","href":"https:\/\/api.w.org\/{rel}","templated":true}]}}