{"id":5891,"date":"2022-05-12T00:53:38","date_gmt":"2022-05-12T00:53:38","guid":{"rendered":"https:\/\/cienciapolitica.usac.edu.gt\/?page_id=5891"},"modified":"2022-09-08T01:43:07","modified_gmt":"2022-09-08T01:43:07","slug":"actas-de-pensum-introductorio-semestre-1-2022","status":"publish","type":"page","link":"https:\/\/cienciapolitica.usac.edu.gt\/?page_id=5891","title":{"rendered":"Actas de Pensum Introductorio &#8211; Semestre 1-2022"},"content":{"rendered":"<p><a href=\"https:\/\/cienciapolitica.usac.edu.gt\/?page_id=5887\"><strong>Regresar a p\u00e1gina anterior<\/strong><\/a><\/p>\n<h2 style=\"text-align: center;\"><strong>Primero y tercer ciclo de Pensum Introductorio<\/strong><\/h2>\n<table width=\"677\">\n<tbody>\n<tr>\n<td style=\"text-align: center;\" colspan=\"3\" width=\"594\"><strong>Primer ciclo &#8211; Secci\u00f3n A<\/strong><\/td>\n<td width=\"83\"><\/td>\n<\/tr>\n<tr>\n<td style=\"text-align: center;\"><strong>CODIGO<\/strong><\/td>\n<td style=\"text-align: center;\"><strong>CURSO<\/strong><\/td>\n<td style=\"text-align: center;\"><strong>PROFESOR<\/strong><\/td>\n<td><\/td>\n<\/tr>\n<tr>\n<td>1<\/td>\n<td>CIENCIA POLITICA I<\/td>\n<td>LIC. JORGE PONCE REINOSO<\/td>\n<td><a href=\"https:\/\/drive.google.com\/file\/d\/1j98zbLERvKlviJyu_f8Q-QZ_AXSebkSf\/view?usp=sharing\" target=\"_blank\" rel=\"noopener\">Ver Acta<\/a><\/p>\n<p><a href=\"https:\/\/drive.google.com\/file\/d\/1d_c8LWCBbp0E7HuJPV7HfVSe3pGyxv8c\/view?usp=sharing\" target=\"_blank\" rel=\"noopener\">1ra. Oportunidad<\/a><\/p>\n<p><a href=\"https:\/\/drive.google.com\/file\/d\/1ffAiZ6Xps0HJgbQfWcjfpicn_qvLqzmb\/view?usp=sharing\" target=\"_blank\" rel=\"noopener\">2da Oportunidad<\/a><\/td>\n<\/tr>\n<tr>\n<td>2<\/td>\n<td>SOCIOLOGIA I<\/td>\n<td>MTRO. MANUEL RIVERA<\/td>\n<td><a href=\"https:\/\/drive.google.com\/file\/d\/1r6R9j7CO8iAwEDd6-l8sZMLfsOm42zNy\/view?usp=sharing\" target=\"_blank\" rel=\"noopener\">Ver Acta<\/a><\/p>\n<p><a href=\"https:\/\/drive.google.com\/file\/d\/1BQJxKtlsaNxnOOTmv0gvW9kzqxCw2Zrb\/view?usp=sharing\" target=\"_blank\" rel=\"noopener\">1ra. Oportunidad<\/a><\/p>\n<p><a href=\"https:\/\/drive.google.com\/file\/d\/1_lQJebbMigW2WB8XrEMaJGrrw7bTKcvw\/view?usp=sharing\" target=\"_blank\" rel=\"noopener\">2da Oportunidad<\/a><\/td>\n<\/tr>\n<tr>\n<td>3<\/td>\n<td>RELACIONES INTERNACIONALES I<\/td>\n<td>LIC. JOS\u00c9 GILBERTO CORTEZ<\/td>\n<td><a href=\"https:\/\/drive.google.com\/file\/d\/1mK2lL_cbsUYLaV--GD_6c5ssTVnCrGdt\/view?usp=sharing\" target=\"_blank\" rel=\"noopener\">Ver Acta<\/a><\/p>\n<p><a href=\"https:\/\/drive.google.com\/file\/d\/1iqcDVFCNsF_7bb46TSeapacnxg1WF7rv\/view?usp=sharing\" target=\"_blank\" rel=\"noopener\">1ra. Oportunidad<\/a><\/p>\n<p><a href=\"https:\/\/drive.google.com\/file\/d\/1QstVRfFWHsTCanZJU4RT_THlCMMsDwFT\/view?usp=sharing\" target=\"_blank\" rel=\"noopener\">2da. Oportunidad<\/a><\/td>\n<\/tr>\n<tr>\n<td>4<\/td>\n<td>HISTORIA MUNDIAL<\/td>\n<td>LIC. JUAN CARLOS GUZM\u00c1N MOR\u00c1N<\/td>\n<td><a href=\"https:\/\/drive.google.com\/file\/d\/1VPnAS5xJFSPB7hbvTeDwZwPMnrKKNzpZ\/view?usp=sharing\" target=\"_blank\" rel=\"noopener\">Ver Acta<\/a><\/td>\n<\/tr>\n<tr>\n<td>5<\/td>\n<td>METODOLOG\u00cdA DE LAS CIENCIAS SOCIALES<\/td>\n<td>LICDA. CARMEN OLIVIA \u00c1LVAREZ BOBADILLA<\/td>\n<td><a href=\"https:\/\/drive.google.com\/file\/d\/1fPtMvGTKf0hgWSVK1OFAOE-ERlpgQzvs\/view?usp=sharing\" target=\"_blank\" rel=\"noopener\">Ver Acta<\/a><\/td>\n<\/tr>\n<\/tbody>\n<\/table>\n<p>&nbsp;<\/p>\n<table width=\"677\">\n<tbody>\n<tr>\n<td style=\"text-align: center;\" colspan=\"3\" width=\"594\"><strong>Primer ciclo &#8211; Secci\u00f3n B<\/strong><\/td>\n<td width=\"83\"><\/td>\n<\/tr>\n<tr>\n<td><strong>CODIGO<\/strong><\/td>\n<td style=\"text-align: center;\"><strong>CURSO<\/strong><\/td>\n<td style=\"text-align: center;\"><strong>PROFESOR<\/strong><\/td>\n<td><\/td>\n<\/tr>\n<tr>\n<td>1<\/td>\n<td>CIENCIA POLITICA I<\/td>\n<td>DRA. CLAUDIA VER\u00d3NICA AGREDA AJQU\u00cd<\/td>\n<td><a href=\"https:\/\/drive.google.com\/file\/d\/1v76ugfFvISTKoI73ErqTdoTn2dkKG9lj\/view?usp=sharing\" target=\"_blank\" rel=\"noopener\">Ver Acta<\/a><\/p>\n<p><a href=\"https:\/\/drive.google.com\/file\/d\/1z64PMd0iktR4EAKORVw-5tKhqGYJPS3E\/view?usp=sharing\" target=\"_blank\" rel=\"noopener\">1ra Oportunidad<\/a><\/p>\n<p><a href=\"https:\/\/drive.google.com\/file\/d\/1ob8JACuoeKnE3fVAayv7lAWB3ulZiwUf\/view?usp=sharing\" target=\"_blank\" rel=\"noopener\">2da Oportunidad<\/a><\/td>\n<\/tr>\n<tr>\n<td>2<\/td>\n<td>SOCIOLOGIA I<\/td>\n<td>MTRO. MANUEL RIVERA<\/td>\n<td><a href=\"https:\/\/drive.google.com\/file\/d\/181y5B-ckoiUnC6ANK3xbMRQris7jJTM3\/view?usp=sharing\" target=\"_blank\" rel=\"noopener\">Ver Acta<\/a><\/p>\n<p><a href=\"https:\/\/drive.google.com\/file\/d\/1pN1bnIkIGgZn-Q8AF85rPzrOc9xsGxWL\/view?usp=sharing\" target=\"_blank\" rel=\"noopener\">1ra. Oportunidad<\/a><\/p>\n<p><a href=\"https:\/\/drive.google.com\/file\/d\/1dJniYgsrTYD2mtifx_5CrroG-eLOZb17\/view?usp=sharing\" target=\"_blank\" rel=\"noopener\">2da. Oportunidad<\/a><\/td>\n<\/tr>\n<tr>\n<td>3<\/td>\n<td>RELACIONES INTERNACIONALES I<\/td>\n<td>LIC. SECIL DE LE\u00d3N<\/td>\n<td><a href=\"https:\/\/drive.google.com\/file\/d\/10XzKLd8gvP2OvZRpQoqvlXnkkNIR28eN\/view?usp=sharing\" target=\"_blank\" rel=\"noopener\">Ver Acta<\/a><\/td>\n<\/tr>\n<tr>\n<td>4<\/td>\n<td>HISTORIA MUNDIAL<\/td>\n<td>LICDA. NIDIA EUNICE D\u00cdAZ MORALES<\/td>\n<td><a href=\"https:\/\/drive.google.com\/file\/d\/1Rl9CF0WawEz2W2mYN-yqLlPFZu5e7iK6\/view?usp=sharing\" target=\"_blank\" rel=\"noopener\">Ver Acta<\/a><\/p>\n<p><a href=\"https:\/\/drive.google.com\/file\/d\/13InplyNnWahf2325g66P1VFQUqnQXq8Z\/view?usp=sharing\" target=\"_blank\" rel=\"noopener\">1ra. Oportunidad<\/a><\/p>\n<p><a href=\"https:\/\/drive.google.com\/file\/d\/1KnqoBX1BZ8OmOGaRDJJnytJ2lWHInT-p\/view?usp=sharing\" target=\"_blank\" rel=\"noopener\">2da Oportunidad<\/a><\/td>\n<\/tr>\n<tr>\n<td>5<\/td>\n<td>METODOLOG\u00cdA DE LAS CIENCIAS SOCIALES<\/td>\n<td>LICDA. CARMEN OLIVIA \u00c1LVAREZ BOBADILLA<\/td>\n<td><a href=\"https:\/\/drive.google.com\/file\/d\/1x4u9s_28CJC82MFlVMi2DetfM7U3MrUG\/view?usp=sharing\" target=\"_blank\" rel=\"noopener\">Ver Acta<\/a><\/p>\n<p><a href=\"https:\/\/drive.google.com\/file\/d\/1yCUHpLL0pKoIEFnGOJwjm2XLahe9SvFW\/view?usp=sharing\" target=\"_blank\" rel=\"noopener\">1ra. Oportunidad<\/a><\/p>\n<p><a href=\"https:\/\/drive.google.com\/file\/d\/10SbolcuCY5PCyf97_yP3ZnUr-B9ubx0N\/view?usp=sharing\" target=\"_blank\" rel=\"noopener\">2da. Oportunidad<\/a><\/td>\n<\/tr>\n<\/tbody>\n<\/table>\n<p>&nbsp;<\/p>\n<table width=\"677\">\n<tbody>\n<tr>\n<td style=\"text-align: center;\" colspan=\"3\" width=\"594\"><strong>Primer ciclo &#8211; Secci\u00f3n C<\/strong><\/td>\n<td width=\"83\"><\/td>\n<\/tr>\n<tr>\n<td style=\"text-align: center;\"><strong>CODIGO<\/strong><\/td>\n<td style=\"text-align: center;\"><strong>CURSO<\/strong><\/td>\n<td style=\"text-align: center;\"><strong>PROFESOR<\/strong><\/td>\n<td><\/td>\n<\/tr>\n<tr>\n<td>1<\/td>\n<td>CIENCIA POLITICA I<\/td>\n<td>LIC. HUGO RAM\u00cdREZ<\/td>\n<td><a href=\"https:\/\/drive.google.com\/file\/d\/1YKQpBuDXSBYgDmL1RsdNkPYrHmEcD3zn\/view?usp=sharing\" target=\"_blank\" rel=\"noopener\">Ver Acta<\/a><\/td>\n<\/tr>\n<tr>\n<td>2<\/td>\n<td>SOCIOLOGIA I<\/td>\n<td>MTRO. MANUEL RIVERA<\/td>\n<td><a href=\"https:\/\/drive.google.com\/file\/d\/1ivQ2tvxW4sAW2xwiwFhdnqPetRn5-o-d\/view?usp=sharing\" target=\"_blank\" rel=\"noopener\">Ver Acta<\/a><\/p>\n<p><a href=\"https:\/\/drive.google.com\/file\/d\/1vUSAWDOqnFWz8jKEhxpZyZbsONdgbIKh\/view?usp=sharing\" target=\"_blank\" rel=\"noopener\">1ra. Oportunidad<\/a><\/p>\n<p><a href=\"https:\/\/drive.google.com\/file\/d\/1FkGi7BJfuAlRGY7WGeu0NDpatwRnc19a\/view?usp=sharing\" target=\"_blank\" rel=\"noopener\">2da. Oportunidad<\/a><\/td>\n<\/tr>\n<tr>\n<td>3<\/td>\n<td>RELACIONES INTERNACIONALES I<\/td>\n<td>LIC. JOS\u00c9 GILBERTO CORTEZ<\/td>\n<td><a href=\"https:\/\/drive.google.com\/file\/d\/1wDekRTwF6fsfeMZqkljWjUBeUTaBHCi5\/view?usp=sharing\" target=\"_blank\" rel=\"noopener\">Ver Acta<\/a><\/p>\n<p><a href=\"https:\/\/drive.google.com\/file\/d\/13RppwwTiLeFvMtOPf4Rf_Qhw0rcizN6A\/view?usp=sharing\" target=\"_blank\" rel=\"noopener\">1ra. Oportunidad<\/a><\/p>\n<p><a href=\"https:\/\/drive.google.com\/file\/d\/1zYec2gjab-ZFggaZKeV3q1ipNJc-wgGY\/view?usp=sharing\" target=\"_blank\" rel=\"noopener\">2da. Oportunidad<\/a><\/td>\n<\/tr>\n<tr>\n<td>4<\/td>\n<td>HISTORIA MUNDIAL<\/td>\n<td>LICDA. SONIA ABIGAIL P\u00c9REZ PIVARAL<\/td>\n<td><a href=\"https:\/\/drive.google.com\/file\/d\/1qWlMuI87q8BZXyG11JHI7jEMmxHZMBJY\/view?usp=sharing\" target=\"_blank\" rel=\"noopener\">Ver Acta<\/a><\/p>\n<p><a href=\"https:\/\/drive.google.com\/file\/d\/1_ohEjvSxswTaa-sJh7ycIdriziVznC7d\/view?usp=sharing\" target=\"_blank\" rel=\"noopener\">1ra. Oportunidad<\/a><\/td>\n<\/tr>\n<tr>\n<td>5<\/td>\n<td>METODOLOG\u00cdA DE LAS CIENCIAS SOCIALES<\/td>\n<td>LICDA. CAMLIN FUENTES<\/td>\n<td><a href=\"https:\/\/drive.google.com\/file\/d\/18_VoLqmxTo9TUgttpv0fpuRvR51xrYc3\/view?usp=sharing\" target=\"_blank\" rel=\"noopener\">Ver Acta<\/a><\/p>\n<p><a href=\"https:\/\/drive.google.com\/file\/d\/1pipR5pgepCegWD-PcfKuQwQonkeLze_4\/view?usp=sharing\" target=\"_blank\" rel=\"noopener\">1ra. Oportunidad<\/a><\/p>\n<p><a href=\"https:\/\/drive.google.com\/file\/d\/1AeuUoPMyqW_JEmvvGyz_38CgxtdtCun-\/view?usp=sharing\" target=\"_blank\" rel=\"noopener\">2da. Oportunidad<\/a><\/td>\n<\/tr>\n<\/tbody>\n<\/table>\n<p>&nbsp;<\/p>\n<table width=\"677\">\n<tbody>\n<tr>\n<td style=\"text-align: center;\" colspan=\"3\" width=\"594\"><strong>Primer ciclo &#8211; Secci\u00f3n D<\/strong><\/td>\n<td width=\"83\"><\/td>\n<\/tr>\n<tr>\n<td style=\"text-align: center;\"><strong>CODIGO<\/strong><\/td>\n<td style=\"text-align: center;\"><strong>CURSO<\/strong><\/td>\n<td style=\"text-align: center;\"><strong>PROFESOR<\/strong><\/td>\n<td><\/td>\n<\/tr>\n<tr>\n<td>1<\/td>\n<td>CIENCIA POLITICA I<\/td>\n<td>LIC. JORGE PONCE REINOSO<\/td>\n<td><a href=\"https:\/\/drive.google.com\/file\/d\/1jRw23zMJlPjHf9LcKM5Owo6IJgMdquiq\/view?usp=sharing\" target=\"_blank\" rel=\"noopener\">Ver Acta<\/a><\/td>\n<\/tr>\n<tr>\n<td>2<\/td>\n<td>SOCIOLOGIA I<\/td>\n<td>MTRO. MANUEL RIVERA<\/td>\n<td><a href=\"https:\/\/drive.google.com\/file\/d\/1peyB4jbyyxkK79T2iTnd5ztW8SuQRDEF\/view?usp=sharing\" target=\"_blank\" rel=\"noopener\">Ver Acta<\/a><\/p>\n<p><a href=\"https:\/\/drive.google.com\/file\/d\/1WFyuUAB3ygYnQCOxAnwti_cH2e7lTJWj\/view?usp=sharing\" target=\"_blank\" rel=\"noopener\">1ra. Oportunidad<\/a><\/p>\n<p><a href=\"https:\/\/drive.google.com\/file\/d\/1t7dnn8MMovaCa5WXwHu_hSLeqAPOo3VW\/view?usp=sharing\" target=\"_blank\" rel=\"noopener\">2da. Oportunidad<\/a><\/td>\n<\/tr>\n<tr>\n<td>3<\/td>\n<td>RELACIONES INTERNACIONALES I<\/td>\n<td>MTRO. ALDO NERY BONILLA VICENTE<\/td>\n<td><a href=\"https:\/\/drive.google.com\/file\/d\/1onnLl9pqdxXmBbQMK5bjbyVmJL3dIUMI\/view?usp=sharing\" target=\"_blank\" rel=\"noopener\">Ver Acta<\/a><\/td>\n<\/tr>\n<tr>\n<td>4<\/td>\n<td>HISTORIA MUNDIAL<\/td>\n<td>LIC. JOEL AMILCAR HERN\u00c1NDEZ S\u00c1NCHEZ<\/td>\n<td><a href=\"https:\/\/drive.google.com\/file\/d\/1rNRlJ4UxCT0y5nEEkG_XBonXS645VHr5\/view?usp=sharing\" target=\"_blank\" rel=\"noopener\">Ver Acta<\/a><\/p>\n<p><a href=\"https:\/\/drive.google.com\/file\/d\/1Kcxcj1YtbWi_7vT6ns_4BFc2qiMIpA1P\/view?usp=sharing\" target=\"_blank\" rel=\"noopener\">1ra. Oportunidad<\/a><\/p>\n<p><a href=\"https:\/\/drive.google.com\/file\/d\/1TaWnd2HABzOuTuQH9yZP5hvDsDJCUR89\/view?usp=sharing\" target=\"_blank\" rel=\"noopener\">2da. Oportunidad<\/a><\/td>\n<\/tr>\n<tr>\n<td>5<\/td>\n<td>METODOLOG\u00cdA DE LAS CIENCIAS SOCIALES<\/td>\n<td>LIC. JOS\u00c9 EFRA\u00cdN P\u00c9REZ XICAR\u00c1<\/td>\n<td><a href=\"https:\/\/drive.google.com\/file\/d\/1dlj0AOZ25K3zksdvpqt2V41FOCdNZMPk\/view?usp=sharing\" target=\"_blank\" rel=\"noopener\">Ver Acta<\/a><\/p>\n<p><a href=\"https:\/\/drive.google.com\/file\/d\/1uTEELWLaNmZAFB6p5_k3HrgLmhDUutJA\/view?usp=sharing\" target=\"_blank\" rel=\"noopener\">1ra Oportunidad<\/a><\/p>\n<p><a href=\"https:\/\/drive.google.com\/file\/d\/1iTEaq7kRlR4Vq7ZMfGo8dze16s4EXgxm\/view?usp=sharing\" target=\"_blank\" rel=\"noopener\">2da. Oportunidad<\/a><\/td>\n<\/tr>\n<\/tbody>\n<\/table>\n<p>&nbsp;<\/p>\n<table width=\"677\">\n<tbody>\n<tr>\n<td style=\"text-align: center;\" colspan=\"3\" width=\"594\"><strong>Tercer ciclo &#8211; Secci\u00f3n A<\/strong><\/td>\n<td width=\"83\"><\/td>\n<\/tr>\n<tr>\n<td style=\"text-align: center;\"><strong>CODIGO<\/strong><\/td>\n<td style=\"text-align: center;\"><strong>CURSO<\/strong><\/td>\n<td style=\"text-align: center;\"><strong>PROFESOR<\/strong><\/td>\n<td><\/td>\n<\/tr>\n<tr>\n<td>11<\/td>\n<td>FILOSOFIA<\/td>\n<td>LIC. CARLOS ROBERTO MONZ\u00d3N<\/td>\n<td><a href=\"https:\/\/drive.google.com\/file\/d\/1MCxhcXkX0n391hQpjQFbEfKQ4ALgiIrC\/view?usp=sharing\" target=\"_blank\" rel=\"noopener\">Ver Acta<\/a><\/p>\n<p><a href=\"https:\/\/drive.google.com\/file\/d\/1lUqOZAc1bS9PaI0cOxKvFs8Cs2p3GRAd\/view?usp=sharing\" target=\"_blank\" rel=\"noopener\">1ra. Oportunidad<\/a><\/td>\n<\/tr>\n<tr>\n<td>12<\/td>\n<td>INTRODUCCI\u00d3N A LA ECONOM\u00cdA<\/td>\n<td>MTRA. MAR\u00cdA ELENA IZQUIERDO<\/td>\n<td><a href=\"https:\/\/drive.google.com\/file\/d\/1TB8fiRgy14erIoqsfL_3bSTNWopOULYe\/view?usp=sharing\" target=\"_blank\" rel=\"noopener\">Ver Acta<\/a><\/p>\n<p><a href=\"https:\/\/drive.google.com\/file\/d\/1OYfu_HcIB99u1t3s81fEAVNAmyaqNv6_\/view?usp=sharing\" target=\"_blank\" rel=\"noopener\">1ra. Oportunidad<\/a><\/p>\n<p><a href=\"https:\/\/drive.google.com\/file\/d\/1TnvIvvXUUmZjW6VcIlpqrISgfvarl9ZO\/view?usp=sharing\" target=\"_blank\" rel=\"noopener\">2da Oportunidad<\/a><\/td>\n<\/tr>\n<tr>\n<td>13<\/td>\n<td>INTRODUCCI\u00d3N AL DERECHO<\/td>\n<td>LIC. OSCAR ESTUARDO BAUTISTA SOTO<\/td>\n<td><a href=\"https:\/\/drive.google.com\/file\/d\/1VmMYvSZ7fThWquwZd5Oex5Hh0Pd3lyGe\/view?usp=sharing\" target=\"_blank\" rel=\"noopener\">Ver Acta<\/a><\/p>\n<p><a href=\"https:\/\/drive.google.com\/file\/d\/1Zzo5O6Yk-UFjlnqOQK2kBLhYkzhAodYT\/view?usp=sharing\" target=\"_blank\" rel=\"noopener\">1ra. Oportunidad<\/a><\/td>\n<\/tr>\n<tr>\n<td>14<\/td>\n<td>HISTORIA DE GUATEMALA I<\/td>\n<td>MTRA. ALMA CONSUELO COGUOX<\/td>\n<td><a href=\"https:\/\/drive.google.com\/file\/d\/1L5JdPDbcCND5LW7temWbppEjKL-8gt3t\/view?usp=sharing\" target=\"_blank\" rel=\"noopener\">Ver Acta<\/a><\/td>\n<\/tr>\n<tr>\n<td>15<\/td>\n<td>METODOLOG\u00cdA DE LAS CIENCIAS SOCIALES III<\/td>\n<td>LIC. CRISTIAN ARMANDO CERME\u00d1O PINEDA<\/td>\n<td><a href=\"https:\/\/drive.google.com\/file\/d\/19OTFbwgBilcp80i8D_taxv0FJ2ufq3lJ\/view?usp=sharing\" target=\"_blank\" rel=\"noopener\">Ver Acta<\/a><\/td>\n<\/tr>\n<\/tbody>\n<\/table>\n<p>&nbsp;<\/p>\n<table width=\"677\">\n<tbody>\n<tr>\n<td style=\"text-align: center;\" colspan=\"3\" width=\"594\"><strong>Tercer ciclo &#8211; Secci\u00f3n B<\/strong><\/td>\n<td width=\"83\"><\/td>\n<\/tr>\n<tr>\n<td style=\"text-align: center;\"><strong>CODIGO<\/strong><\/td>\n<td style=\"text-align: center;\"><strong>CURSO<\/strong><\/td>\n<td style=\"text-align: center;\"><strong>PROFESOR<\/strong><\/td>\n<td><\/td>\n<\/tr>\n<tr>\n<td>11<\/td>\n<td>FILOSOFIA<\/td>\n<td>MTRO. CARLOS ORLANDO OLIVA MURALLES<\/td>\n<td><a href=\"https:\/\/drive.google.com\/file\/d\/1EcYZ6FbszcbH437B9st4pwLDb_wucpEV\/view?usp=sharing\" target=\"_blank\" rel=\"noopener\">Ver Acta<\/a><\/td>\n<\/tr>\n<tr>\n<td>12<\/td>\n<td>INTRODUCCI\u00d3N A LA ECONOM\u00cdA<\/td>\n<td>MTRA. MAR\u00cdA ELENA IZQUIERDO<\/td>\n<td><a href=\"https:\/\/drive.google.com\/file\/d\/1_cqPRpz4I2BHZtDXswvQIrLmXN7rBdFV\/view?usp=sharing\" target=\"_blank\" rel=\"noopener\">Ver Acta<\/a><\/p>\n<p><a href=\"https:\/\/drive.google.com\/file\/d\/1jQAQ01yvpqwr0gXWPiUVQ8wcQVGHfynV\/view?usp=sharing\" target=\"_blank\" rel=\"noopener\">1ra. Oportunidad<\/a><\/p>\n<p><a href=\"https:\/\/drive.google.com\/file\/d\/1QTmEdAFoKVXQLoEsLFEI1cM-aO0TP7OO\/view?usp=sharing\" target=\"_blank\" rel=\"noopener\">2da Oportunidad<\/a><\/td>\n<\/tr>\n<tr>\n<td>13<\/td>\n<td>INTRODUCCI\u00d3N AL DERECHO<\/td>\n<td>LIC. JORGE PONCE REINOSO<\/td>\n<td><a href=\"https:\/\/drive.google.com\/file\/d\/1BP_gDXe1hYC3INa3iISIUkvOJgtrYmHp\/view?usp=sharing\" target=\"_blank\" rel=\"noopener\">Ver Acta<\/a><\/p>\n<p><a href=\"https:\/\/drive.google.com\/file\/d\/1Xdbia8Wj-vYyBOo88hR9ML9Y_IlssyFQ\/view?usp=sharing\" target=\"_blank\" rel=\"noopener\">1ra. Oportunidad<\/a><\/td>\n<\/tr>\n<tr>\n<td>14<\/td>\n<td>HISTORIA DE GUATEMALA I<\/td>\n<td>MTRO. FRANCISCO JOS\u00c9 LEMUS MIRANDA<\/td>\n<td><a href=\"https:\/\/drive.google.com\/file\/d\/1QHOJl-P6nkb7AQhT1Q0coHDBJqbN-1on\/view?usp=sharing\" target=\"_blank\" rel=\"noopener\">Ver Acta<\/a><\/td>\n<\/tr>\n<tr>\n<td>15<\/td>\n<td>METODOLOG\u00cdA DE LAS CIENCIAS SOCIALES III<\/td>\n<td>DR. FIDEL AREVALO GAMBOA<\/td>\n<td><a href=\"https:\/\/drive.google.com\/file\/d\/18qI3zPR87GEcMhdVsLDnbZfcTflDeWnI\/view?usp=sharing\" target=\"_blank\" rel=\"noopener\">Ver Acta<\/a><\/p>\n<p><a href=\"https:\/\/drive.google.com\/file\/d\/1TGYYCifdqAJ677Rgoadj7dXZryVAXe4M\/view?usp=sharing\" target=\"_blank\" rel=\"noopener\">1ra. Oportunidad<\/a><\/td>\n<\/tr>\n<\/tbody>\n<\/table>\n<p>&nbsp;<\/p>\n<table width=\"677\">\n<tbody>\n<tr>\n<td style=\"text-align: center;\" colspan=\"3\" width=\"594\"><strong>Tercer ciclo &#8211; Secci\u00f3n C<\/strong><\/td>\n<td width=\"83\"><\/td>\n<\/tr>\n<tr>\n<td style=\"text-align: center;\"><strong>CODIGO<\/strong><\/td>\n<td style=\"text-align: center;\"><strong>CURSO<\/strong><\/td>\n<td style=\"text-align: center;\"><strong>PROFESOR<\/strong><\/td>\n<td><\/td>\n<\/tr>\n<tr>\n<td>11<\/td>\n<td>FILOSOFIA<\/td>\n<td>LIC. EDDY AMILCAR MORALES MAZARIEGOS<\/td>\n<td><a href=\"https:\/\/drive.google.com\/file\/d\/1Pscj7u-d_GQ-HXTB8kjC_s-7qq62guTD\/view?usp=sharing\" target=\"_blank\" rel=\"noopener\">Ver Acta<\/a><\/p>\n<p><a href=\"https:\/\/drive.google.com\/file\/d\/17crDzImJ73t9QzlzlDsTyI9rWUDICDtJ\/view?usp=sharing\" target=\"_blank\" rel=\"noopener\">2da. Oportunidad<\/a><\/td>\n<\/tr>\n<tr>\n<td>12<\/td>\n<td>INTRODUCCI\u00d3N A LA ECONOM\u00cdA<\/td>\n<td>LIC. OSCAR NO\u00c9 AGUILAR P\u00c9REZ<\/td>\n<td><a href=\"https:\/\/drive.google.com\/file\/d\/1W0RZSyyw5hYG7XbNpUsTeVTSNJxWPBGV\/view?usp=sharing\" target=\"_blank\" rel=\"noopener\">Ver Acta<\/a><\/p>\n<p><a href=\"https:\/\/drive.google.com\/file\/d\/1wNQRgf1vj9XZIVssiVvkUSina3sFcSuY\/view?usp=sharing\" target=\"_blank\" rel=\"noopener\">1ra. Oportunidad<\/a><\/p>\n<p><a href=\"https:\/\/drive.google.com\/file\/d\/1Ak9t1kdE4AUYDFFJSlAd9CzMqEzco0JU\/view?usp=sharing\" target=\"_blank\" rel=\"noopener\">2da. Oportunidad<\/a><\/td>\n<\/tr>\n<tr>\n<td>13<\/td>\n<td>INTRODUCCI\u00d3N AL DERECHO<\/td>\n<td>LIC. MARIO ERNESTO ARCHILA ORT\u00cdZ<\/td>\n<td><a href=\"https:\/\/drive.google.com\/file\/d\/1FP2EG5EFDdIug-1ZdXZpEAg7fyaY3DDi\/view?usp=sharing\" target=\"_blank\" rel=\"noopener\">Ver Acta<\/a><\/td>\n<\/tr>\n<tr>\n<td>14<\/td>\n<td>HISTORIA DE GUATEMALA I<\/td>\n<td>LIC. WILLIAMS ALEJANDRO \u00c1LVAREZ DE LE\u00d3N<\/td>\n<td><a href=\"https:\/\/drive.google.com\/file\/d\/10iUmTFH830Qxy83Kd15m7gt4C_XvTjMt\/view?usp=sharing\" target=\"_blank\" rel=\"noopener\">Ver Acta<\/a><\/td>\n<\/tr>\n<tr>\n<td>15<\/td>\n<td>METODOLOG\u00cdA DE LAS CIENCIAS SOCIALES III<\/td>\n<td>LIC. GERARDO ALFONSO GUARQUEZ V\u00c1SQUEZ<\/td>\n<td><a href=\"https:\/\/drive.google.com\/file\/d\/15hqMF-gLXGlnJuXvqk0DJj_egPnl0IHn\/view?usp=sharing\" target=\"_blank\" rel=\"noopener\">Ver Acta<\/a><\/p>\n<p><a href=\"https:\/\/drive.google.com\/file\/d\/1_YwybrDV-At-wZYQlNtZHy302J72ATev\/view?usp=sharing\" target=\"_blank\" rel=\"noopener\">2da. Oportunidad<\/a><\/td>\n<\/tr>\n<\/tbody>\n<\/table>\n<p><a href=\"https:\/\/cienciapolitica.usac.edu.gt\/?page_id=5887\"><strong>Regresar a p\u00e1gina anterior<\/strong><\/a><\/p>\n<p>&nbsp;<\/p>\n","protected":false},"excerpt":{"rendered":"<p>Regresar a p\u00e1gina anterior Primero y tercer ciclo de Pensum Introductorio Primer ciclo &#8211; Secci\u00f3n A CODIGO CURSO PROFESOR 1 CIENCIA POLITICA I LIC. JORGE PONCE REINOSO Ver Acta 1ra. Oportunidad 2da Oportunidad 2 SOCIOLOGIA I MTRO. MANUEL RIVERA Ver Acta 1ra. Oportunidad 2da Oportunidad 3 RELACIONES INTERNACIONALES I LIC. JOS\u00c9 GILBERTO CORTEZ Ver Acta [&hellip;]<\/p>\n","protected":false},"author":101012,"featured_media":0,"parent":0,"menu_order":0,"comment_status":"closed","ping_status":"closed","template":"","meta":[],"_links":{"self":[{"href":"https:\/\/cienciapolitica.usac.edu.gt\/index.php?rest_route=\/wp\/v2\/pages\/5891"}],"collection":[{"href":"https:\/\/cienciapolitica.usac.edu.gt\/index.php?rest_route=\/wp\/v2\/pages"}],"about":[{"href":"https:\/\/cienciapolitica.usac.edu.gt\/index.php?rest_route=\/wp\/v2\/types\/page"}],"author":[{"embeddable":true,"href":"https:\/\/cienciapolitica.usac.edu.gt\/index.php?rest_route=\/wp\/v2\/users\/101012"}],"replies":[{"embeddable":true,"href":"https:\/\/cienciapolitica.usac.edu.gt\/index.php?rest_route=%2Fwp%2Fv2%2Fcomments&post=5891"}],"version-history":[{"count":87,"href":"https:\/\/cienciapolitica.usac.edu.gt\/index.php?rest_route=\/wp\/v2\/pages\/5891\/revisions"}],"predecessor-version":[{"id":6250,"href":"https:\/\/cienciapolitica.usac.edu.gt\/index.php?rest_route=\/wp\/v2\/pages\/5891\/revisions\/6250"}],"wp:attachment":[{"href":"https:\/\/cienciapolitica.usac.edu.gt\/index.php?rest_route=%2Fwp%2Fv2%2Fmedia&parent=5891"}],"curies":[{"name":"wp","href":"https:\/\/api.w.org\/{rel}","templated":true}]}}