{"id":5348,"date":"2021-11-16T01:42:10","date_gmt":"2021-11-16T01:42:10","guid":{"rendered":"https:\/\/cienciapolitica.usac.edu.gt\/?page_id=5348"},"modified":"2022-03-04T04:09:28","modified_gmt":"2022-03-04T04:09:28","slug":"sociologia-semestre-2-2021","status":"publish","type":"page","link":"https:\/\/cienciapolitica.usac.edu.gt\/?page_id=5348","title":{"rendered":"Sociolog\u00eda | Semestre 2-2021"},"content":{"rendered":"<h2><a href=\"https:\/\/cienciapolitica.usac.edu.gt\/?page_id=5335\">&lt;&lt;Regresar<\/a><\/h2>\n<h1 style=\"text-align: center;\"><strong>Licenciatura en Sociolog\u00eda<\/strong><\/h1>\n<p><strong>4TO SEMESTRE, SECCION A<\/strong><\/p>\n<table width=\"100%\">\n<tbody>\n<tr>\n<td width=\"8%\"><strong>CODIGO<\/strong><\/td>\n<td width=\"46%\"><strong>CURSO<\/strong><\/td>\n<td width=\"35%\"><strong>PROFESOR<\/strong><\/td>\n<td width=\"8%\"><strong>ENLACE<\/strong><\/td>\n<\/tr>\n<tr>\n<td width=\"8%\">16<\/td>\n<td width=\"46%\"><strong>TEOR\u00cdA SOCIOL\u00d3GICA I<\/strong><\/td>\n<td width=\"35%\">MTRA. ALEJANDRA PRIVADO CATAL\u00c1N<\/td>\n<td width=\"8%\"><a href=\"https:\/\/drive.google.com\/file\/d\/13uiv4m1ZmuzJAqUyFqsnU1qvisYBZgAG\/view?usp=sharing\" target=\"_blank\" rel=\"noopener\">Ver Acta<\/a><\/td>\n<\/tr>\n<tr>\n<td width=\"8%\">17<\/td>\n<td width=\"46%\"><strong>SOCIOLOG\u00cdA DE GUATEMALA I<\/strong><\/td>\n<td width=\"35%\">LICDA. VIRGINIA JIMENEZ<\/td>\n<td width=\"8%\"><a href=\"https:\/\/drive.google.com\/file\/d\/1FDolWr2Is1-4KQIu5neFd4WTQVuiT1BA\/view?usp=sharing\" target=\"_blank\" rel=\"noopener\">Ver Acta<\/a><\/td>\n<\/tr>\n<tr>\n<td width=\"8%\">18<\/td>\n<td width=\"46%\"><strong>METODOLOG\u00cdA DE LAS CIENCIAS SOCIALES IV<\/strong><\/td>\n<td width=\"35%\">LIC. CRISTIAN CERME\u00d1O PINEDA<\/td>\n<td width=\"8%\"><a href=\"https:\/\/drive.google.com\/file\/d\/1mvgLNYVL0IVkK42lqsh_2RlnCWP9j5mi\/view?usp=sharing\" target=\"_blank\" rel=\"noopener\">Ver Acta<\/a><\/td>\n<\/tr>\n<tr>\n<td width=\"8%\">19<\/td>\n<td width=\"46%\"><strong>MICRO Y MACROECONOM\u00cdA<\/strong><\/td>\n<td width=\"35%\">LICDA. MAR\u00cdA ELENA IZQUIERDO<\/td>\n<td width=\"8%\"><a href=\"https:\/\/drive.google.com\/file\/d\/1X3El5pVfXQ6S4T9OXPaOUwL5dm6sHr29\/view?usp=sharing\" target=\"_blank\" rel=\"noopener\">Ver Acta<\/a><\/td>\n<\/tr>\n<tr>\n<td width=\"8%\">21<\/td>\n<td width=\"46%\"><strong>PSICOLOG\u00cdA SOCIAL DE GUATEMALA<\/strong><\/td>\n<td width=\"35%\">MTRA. ALMA COGUOX<\/td>\n<td width=\"8%\"><a href=\"https:\/\/drive.google.com\/file\/d\/1MKVTwVCkI1MlFR1FJt6-XGihHyPqTPdc\/view?usp=sharing\" target=\"_blank\" rel=\"noopener\">Ver Acta<\/a><\/td>\n<\/tr>\n<\/tbody>\n<\/table>\n<p>&nbsp;<\/p>\n<p><strong>4TO SEMESTRE, SECCION B<\/strong><\/p>\n<table width=\"100%\">\n<tbody>\n<tr>\n<td width=\"11%\"><strong>CODIGO\u00a0\u00a0\u00a0\u00a0\u00a0\u00a0\u00a0\u00a0\u00a0 <\/strong><\/td>\n<td width=\"43%\"><strong>CURSO<\/strong><\/td>\n<td width=\"37%\"><strong>PROFESOR<\/strong><\/td>\n<td width=\"7%\"><strong>ENLACE<\/strong><\/td>\n<\/tr>\n<tr>\n<td width=\"11%\">16<\/td>\n<td width=\"43%\"><strong>TEOR\u00cdA SOCIOL\u00d3GICA I<\/strong><\/td>\n<td width=\"37%\">MTRA. JEANIE HERRERA N\u00c1JERA<\/td>\n<td width=\"7%\"><a href=\"https:\/\/drive.google.com\/file\/d\/17K8JoM4OUBBb9fPGyLZ7vTWiKEM38QjK\/view?usp=sharing\" target=\"_blank\" rel=\"noopener\">Ver Acta<\/a><\/td>\n<\/tr>\n<tr>\n<td width=\"11%\">17<\/td>\n<td width=\"43%\"><strong>SOCIOLOG\u00cdA DE GUATEMALA I<\/strong><\/td>\n<td width=\"37%\">MTRA. ROSAURA RAG\u00dcEX<\/td>\n<td width=\"7%\"><a href=\"https:\/\/drive.google.com\/file\/d\/1SGftwMJguJeczXIon-BeXDklxT6KL4f-\/view?usp=sharing\" target=\"_blank\" rel=\"noopener\">Ver Acta<\/a><\/p>\n<p><a href=\"https:\/\/drive.google.com\/file\/d\/1hijNfn696khSbSE1i_TN2jHkkv14f5zi\/view?usp=sharing\" target=\"_blank\" rel=\"noopener\">2da Oportunidad<\/a><\/td>\n<\/tr>\n<tr>\n<td width=\"11%\">18<\/td>\n<td width=\"43%\"><strong>METODOLOG\u00cdA DE LAS CIENCIAS SOCIALES IV<\/strong><\/td>\n<td width=\"37%\">MTRA. ZULLY MORALES CABRERA<\/td>\n<td width=\"7%\"><a href=\"https:\/\/drive.google.com\/file\/d\/139KeYDAOUvvxYK24Er9MDrpWqIPLndmL\/view?usp=sharing\" target=\"_blank\" rel=\"noopener\">Ver Acta<\/a><\/p>\n<p><a href=\"https:\/\/drive.google.com\/file\/d\/15tkcqw7xm3bOy2Jzhwii8xTHalSNJSkp\/view?usp=sharing\" target=\"_blank\" rel=\"noopener\">1era Oportunidad<\/a><\/td>\n<\/tr>\n<tr>\n<td width=\"11%\">19<\/td>\n<td width=\"43%\"><strong>MICRO Y MACROECONOM\u00cdA<\/strong><\/td>\n<td width=\"37%\">LIC. ROGER ANTONIO BALDIZ\u00d3N MORALES<\/td>\n<td width=\"7%\"><a href=\"https:\/\/drive.google.com\/file\/d\/1ctVmaOBug9lJJTGIgPfJ50epJsiuHL4r\/view?usp=sharing\" target=\"_blank\" rel=\"noopener\">Ver Acta<\/a><\/p>\n<p><a href=\"https:\/\/drive.google.com\/file\/d\/1JEBIhzscSSW7bu7b-N-FKNq115qKtPkT\/view?usp=sharing\" target=\"_blank\" rel=\"noopener\">1era Oportunidad<\/a><\/td>\n<\/tr>\n<tr>\n<td width=\"11%\">20<\/td>\n<td width=\"43%\"><strong>ANTROPOLOG\u00cdA SOCIAL DE GUATEMALA<\/strong><\/td>\n<td width=\"37%\">LIC. JULIO ALEJANDRO VALD\u00c9Z RODAS<\/td>\n<td width=\"7%\"><a href=\"https:\/\/drive.google.com\/file\/d\/1uX3Edbvx9TqGUDwKLpT7FblFA61_bhnq\/view?usp=sharing\" target=\"_blank\" rel=\"noopener\">Ver Acta<\/a><\/td>\n<\/tr>\n<\/tbody>\n<\/table>\n<p><strong>6TO SEMESTRE, SECCION A<\/strong><\/p>\n<table width=\"100%\">\n<tbody>\n<tr>\n<td width=\"7%\"><strong>CODIGO<\/strong><\/td>\n<td width=\"57%\"><strong>CURSO<\/strong><\/td>\n<td width=\"28%\"><strong>PROFESOR<\/strong><\/td>\n<td width=\"7%\"><strong>ENLACE<\/strong><\/td>\n<\/tr>\n<tr>\n<td width=\"7%\">28<\/td>\n<td width=\"57%\"><strong>TEOR\u00cdA SOCIOL\u00d3GICA III<\/strong><\/td>\n<td width=\"28%\">LICDA. MAR\u00cdA VIRGINIA JIM\u00c9NEZ TUY<\/td>\n<td width=\"7%\"><a href=\"https:\/\/drive.google.com\/file\/d\/1Dn8gT3uef55a9lHCoC_Mk9nAUBg37A-x\/view?usp=sharing\" target=\"_blank\" rel=\"noopener\">Ver Acta<\/a><\/p>\n<p><a href=\"https:\/\/drive.google.com\/file\/d\/1-VM2oOwJod3rJpr4fZiwmahQemdYsV5o\/view?usp=sharing\" target=\"_blank\" rel=\"noopener\">2da Oportunidad<\/a><\/td>\n<\/tr>\n<tr>\n<td width=\"7%\">29<\/td>\n<td width=\"57%\"><strong>SOCIOLOG\u00cdA DE GUATEMALA III<\/strong><\/td>\n<td width=\"28%\">LICDA. MAR\u00cdA DE LOS \u00c1NGELES AK\u00da<\/td>\n<td width=\"7%\"><a href=\"https:\/\/drive.google.com\/file\/d\/1gXh0s2bmMgmCnfwWQwqxiw5CF0FKhycO\/view?usp=sharing\" target=\"_blank\" rel=\"noopener\">Ver Acta<\/a><\/td>\n<\/tr>\n<tr>\n<td width=\"7%\">30<\/td>\n<td width=\"57%\"><strong>AN\u00c1LISIS DE EXPERIENCIAS DE INVESTIGACI\u00d3N SOCIOLOGICA II<\/strong><\/td>\n<td width=\"28%\">DR. AGUST\u00cdN LOCON SOL\u00d3RZANO<\/td>\n<td width=\"7%\"><a href=\"https:\/\/drive.google.com\/file\/d\/1-vPHwwjmOmtRUukbFO09S4Z8C5ghvfK9\/view?usp=sharing\" target=\"_blank\" rel=\"noopener\">Ver Acta<\/a><\/td>\n<\/tr>\n<tr>\n<td width=\"7%\">31<\/td>\n<td width=\"57%\"><strong>HISTORIA DE GUATEMALA III<\/strong><\/td>\n<td width=\"28%\">LIC. JOS\u00c9 EFRA\u00cdN P\u00c9REZ XICAR\u00c1<\/td>\n<td width=\"7%\"><a href=\"https:\/\/drive.google.com\/file\/d\/1rLoRAZtYwD4jjIP0_oNCmvhyQGutQ0Nt\/view?usp=sharing\" target=\"_blank\" rel=\"noopener\">Ver Acta<\/a><\/td>\n<\/tr>\n<tr>\n<td width=\"7%\">33<\/td>\n<td width=\"57%\"><strong>DERECHOS HUMANOS Y SEGURIDAD HUMANA EN GUATEMALA<\/strong><\/td>\n<td width=\"28%\">DR. PABLO RANGEL ROMERO<\/td>\n<td width=\"7%\"><a href=\"https:\/\/drive.google.com\/file\/d\/1jLlVfZUt9xsXNRWat76xL_wb6FE6wxsF\/view?usp=sharing\" target=\"_blank\" rel=\"noopener\">Ver Acta<\/a><\/td>\n<\/tr>\n<\/tbody>\n<\/table>\n<p>&nbsp;<\/p>\n<p><strong>6TO SEMESTRE, SECCION B<\/strong><\/p>\n<table width=\"100%\">\n<tbody>\n<tr>\n<td width=\"8%\"><strong>CODIGO<\/strong><\/td>\n<td width=\"45%\"><strong>CURSO<\/strong><\/td>\n<td width=\"35%\"><strong>PROFESOR<\/strong><\/td>\n<td width=\"10%\"><strong>ENLACE<\/strong><\/td>\n<\/tr>\n<tr>\n<td width=\"8%\">28<\/td>\n<td width=\"45%\"><strong>TEOR\u00cdA SOCIOL\u00d3GICA III<\/strong><\/td>\n<td width=\"35%\">MTRA. JEANIE HERRERA N\u00c1JERA<\/td>\n<td width=\"10%\"><a href=\"https:\/\/drive.google.com\/file\/d\/1NgF_OZvwIeOvnPzSIj0Qm2ZAr6FBYWzR\/view?usp=sharing\" target=\"_blank\" rel=\"noopener\">Ver Acta<\/a><\/td>\n<\/tr>\n<tr>\n<td width=\"8%\">29<\/td>\n<td width=\"45%\"><strong>SOCIOLOG\u00cdA DE GUATEMALA III<\/strong><\/td>\n<td width=\"35%\">LIC. DOUGLAS GIOVANNI MAZARIEGOS MARROQU\u00cdN<\/td>\n<td width=\"10%\"><a href=\"https:\/\/drive.google.com\/file\/d\/1fYLysWDJwYy-A91McOXgroJWTv4xLL_b\/view?usp=sharing\" target=\"_blank\" rel=\"noopener\">Ver Acta<\/a><\/p>\n<p><a href=\"https:\/\/drive.google.com\/file\/d\/1Q2POTZSm_9gUB-f0Ck0wPe2NWzfa7JSN\/view?usp=sharing\" target=\"_blank\" rel=\"noopener\">2da Oportunidad<\/a><\/td>\n<\/tr>\n<tr>\n<td width=\"8%\">30<\/td>\n<td width=\"45%\"><strong>AN\u00c1LISIS DE EXPERIENCIAS DE INVESTIGACI\u00d3N SOCIOLOGICA II<\/strong><\/td>\n<td width=\"35%\">MTRO. LICERIO CAMEY HUZ<\/td>\n<td width=\"10%\"><a href=\"https:\/\/drive.google.com\/file\/d\/1k-zuhJxfyoLBIOLYJlAw85wfI3NJ7IVc\/view?usp=sharing\" target=\"_blank\" rel=\"noopener\">Ver Acta<\/a><\/td>\n<\/tr>\n<tr>\n<td width=\"8%\">31<\/td>\n<td width=\"45%\"><strong>HISTORIA DE GUATEMALA III<\/strong><\/td>\n<td width=\"35%\">DRA. MATILDE GONZ\u00c1LEZ<\/td>\n<td width=\"10%\"><a href=\"https:\/\/drive.google.com\/file\/d\/1nKWq_0Vg_SsrGz9IZLzbuYpSIiIBAscg\/view?usp=sharing\" target=\"_blank\" rel=\"noopener\">Ver Acta<\/a><\/td>\n<\/tr>\n<tr>\n<td width=\"8%\">32<\/td>\n<td width=\"45%\"><strong>SOCIOLOG\u00cdA DE LA CULTURA CON PERSPECTIVA DE G\u00c9NERO Y ETNIA<\/strong><\/td>\n<td width=\"35%\">MTRA. VICTORIA AURORA TUB\u00cdN SOTZ<\/td>\n<td width=\"10%\"><a href=\"https:\/\/drive.google.com\/file\/d\/1ZhBITmtWdkduy2oQpHt0_1v88_WXb6xO\/view?usp=sharing\" target=\"_blank\" rel=\"noopener\">Ver Acta<\/a><\/p>\n<p><a href=\"https:\/\/drive.google.com\/file\/d\/1WhCeHYaC-w7iWgQ_beqPKD3H_nvoLg6s\/view?usp=sharing\" target=\"_blank\" rel=\"noopener\">2da Oportunidad<\/a><\/td>\n<\/tr>\n<\/tbody>\n<\/table>\n<p><strong>8VO SEMESTRE, SECCION A<\/strong><\/p>\n<table width=\"96%\">\n<tbody>\n<tr>\n<td width=\"2%\"><strong>CODIGO<\/strong><\/td>\n<td width=\"62%\"><strong>CURSO<\/strong><\/td>\n<td width=\"33%\"><strong>PROFESOR<\/strong><\/td>\n<td width=\"1%\"><strong>ENLACE<\/strong><\/td>\n<\/tr>\n<tr>\n<td width=\"2%\">40<\/td>\n<td width=\"62%\"><strong>SOCIOLOG\u00cdA DEL CONOCIMIENTO<\/strong><\/td>\n<td width=\"33%\">LIC. BORIS ABELARDO CABRERA CIFUENTES<\/td>\n<td width=\"1%\"><a href=\"https:\/\/drive.google.com\/file\/d\/1jgSYGldossL0lXrEFBpkCy6IWIs9IMzx\/view?usp=sharing\" target=\"_blank\" rel=\"noopener\">Ver Acta<\/a><\/td>\n<\/tr>\n<tr>\n<td width=\"2%\">41<\/td>\n<td width=\"62%\"><strong>SOCIOLOG\u00cdA POL\u00cdTICA II<\/strong><\/td>\n<td width=\"33%\">LIC. CHRISTIAN CALDERON CEDILLOS<\/td>\n<td width=\"1%\"><a href=\"https:\/\/drive.google.com\/file\/d\/1KNWAqau2GlLs3sWYnodfVt5CDqmyQIjQ\/view?usp=sharing\" target=\"_blank\" rel=\"noopener\">Ver Acta<\/a><\/td>\n<\/tr>\n<tr>\n<td width=\"2%\">42<\/td>\n<td width=\"62%\"><strong>SOCIOLOG\u00cdA DE LA COMUNICACI\u00d3N<\/strong><\/td>\n<td width=\"33%\">LIC. JUAN CARLOS GUZMAN MOR\u00c1N<\/td>\n<td width=\"1%\"><a href=\"https:\/\/drive.google.com\/file\/d\/10q07OUcTu14riBTMWtZPeXpDjLBxKCdj\/view?usp=sharing\" target=\"_blank\" rel=\"noopener\">Ver Acta<\/a><\/td>\n<\/tr>\n<tr>\n<td width=\"2%\">43<\/td>\n<td width=\"62%\"><strong>DISE\u00d1O DE INVESTIGACI\u00d3N DE TESIS I<\/strong><\/td>\n<td width=\"33%\">MTRO. FIDEL AR\u00c9VALO GAMBOA<\/td>\n<td width=\"1%\"><a href=\"https:\/\/drive.google.com\/file\/d\/15aLvRxyq9DA0VDHu57jkwT-chUeBNh1z\/view?usp=sharing\" target=\"_blank\" rel=\"noopener\">Ver Acta<\/a><\/td>\n<\/tr>\n<tr>\n<td width=\"2%\">45<\/td>\n<td width=\"62%\"><strong>LEGISLACI\u00d3N SOCIAL DE GUATEMALA<\/strong><\/td>\n<td width=\"33%\">DR. OSCAR ESTUARDO BAUTISTA SOTO<\/td>\n<td width=\"1%\"><a href=\"https:\/\/drive.google.com\/file\/d\/16vqciHcD3KL5t16RxeFRATApqdAUk2ei\/view?usp=sharing\" target=\"_blank\" rel=\"noopener\">Ver Acta<\/a><\/p>\n<p><a href=\"https:\/\/drive.google.com\/file\/d\/1S5dj7z-pb4VS8hJWE079eaSAnKkUUTvb\/view?usp=sharing\" target=\"_blank\" rel=\"noopener\">2da Oportunidad<\/a><\/td>\n<\/tr>\n<\/tbody>\n<\/table>\n<p><strong>8VO SEMESTRE, SECCION B<\/strong><\/p>\n<table width=\"96%\">\n<tbody>\n<tr>\n<td width=\"7%\">\n<p style=\"text-align: center;\"><strong>CODIGO<\/strong><\/p>\n<\/td>\n<td style=\"text-align: center;\" width=\"51%\"><strong>CURSO<\/strong><\/td>\n<td style=\"text-align: center;\" width=\"33%\"><strong>PROFESOR<\/strong><\/td>\n<td width=\"7%\">\n<p style=\"text-align: center;\"><strong>ENLACE<\/strong><\/p>\n<\/td>\n<\/tr>\n<tr>\n<td width=\"7%\">40<\/td>\n<td width=\"51%\"><strong>SOCIOLOG\u00cdA DEL CONOCIMIENTO<\/strong><\/td>\n<td width=\"33%\">LIC. BORIS ABELARDO CABRERA CIFUENTES<\/td>\n<td width=\"7%\"><a href=\"https:\/\/drive.google.com\/file\/d\/1XU9LmqFRvzUkKFFu4dOR6gmxWU6yw9el\/view?usp=sharing\" target=\"_blank\" rel=\"noopener\">Ver Acta<\/a><\/td>\n<\/tr>\n<tr>\n<td width=\"7%\">41<\/td>\n<td width=\"51%\"><strong>SOCIOLOG\u00cdA POL\u00cdTICA II<\/strong><\/td>\n<td width=\"33%\">DR. EDMUNDO URRUTIA<\/td>\n<td width=\"7%\"><a href=\"https:\/\/drive.google.com\/file\/d\/1olPjtCYiB3bNwywmWEnSRykjO1q4njan\/view?usp=sharing\" target=\"_blank\" rel=\"noopener\">Ver Acta<\/a><\/td>\n<\/tr>\n<tr>\n<td width=\"7%\">42<\/td>\n<td width=\"51%\"><strong>SOCIOLOG\u00cdA DE LA COMUNICACI\u00d3N<\/strong><\/td>\n<td width=\"33%\">DRA. KARLA HERRERA<\/td>\n<td width=\"7%\"><a href=\"https:\/\/drive.google.com\/file\/d\/1Yzv0KkE0yEukbj5HO1PODQTimtKOs0b8\/view?usp=sharing\" target=\"_blank\" rel=\"noopener\">Ver Acta<\/a><\/td>\n<\/tr>\n<tr>\n<td width=\"7%\">43<\/td>\n<td width=\"51%\"><strong>DISE\u00d1O DE INVESTIGACI\u00d3N DE TESIS I<\/strong><\/td>\n<td width=\"33%\">MTRO. DIEGO PADILLA<\/td>\n<td width=\"7%\"><a href=\"https:\/\/drive.google.com\/file\/d\/1LyDW2Uh_Ck-UiA8ZQqEzjra-7C_ytBSj\/view?usp=sharing\" target=\"_blank\" rel=\"noopener\">Ver Acta<\/a><\/td>\n<\/tr>\n<tr>\n<td width=\"7%\">44<\/td>\n<td width=\"51%\"><strong>SOCIOLOG\u00cdA DE G\u00c9NERO Y ETNIA II<\/strong><\/td>\n<td width=\"33%\">MTRA. VICTORIA AURORA TUB\u00cdN SOTZ<\/td>\n<td width=\"7%\"><a href=\"https:\/\/drive.google.com\/file\/d\/17XfcYNaVzDT5E2KH9mjCweUl9Ce82Xuj\/view?usp=sharing\" target=\"_blank\" rel=\"noopener\">Ver Acta<\/a><\/td>\n<\/tr>\n<\/tbody>\n<\/table>\n<p><strong>10MO SEMESTRE, SECCION A<\/strong><\/p>\n<table width=\"100%\">\n<tbody>\n<tr>\n<td width=\"7%\">\n<p style=\"text-align: center;\"><strong>CODIGO<\/strong><\/p>\n<\/td>\n<td style=\"text-align: center;\" width=\"52%\"><strong>CURSO<\/strong><\/td>\n<td style=\"text-align: center;\" width=\"31%\"><strong>PROFESOR<\/strong><\/td>\n<td width=\"8%\">\n<p style=\"text-align: center;\"><strong>ENLACE<\/strong><\/p>\n<\/td>\n<\/tr>\n<tr>\n<td width=\"7%\">51<\/td>\n<td width=\"52%\"><strong>SEMINARIO SOBRE TEOR\u00cdAS SOCIOL\u00d3GICAS EN GUATEMALA<\/strong><\/td>\n<td width=\"31%\">LIC. CHRISTIAN CALDERON CEDILLOS<\/td>\n<td width=\"8%\"><a href=\"https:\/\/drive.google.com\/file\/d\/1jr3SU3s0T0V71zn_hxY--nxvhT-2iqd1\/view?usp=sharing\" target=\"_blank\" rel=\"noopener\">Ver Acta<\/a><\/td>\n<\/tr>\n<tr>\n<td width=\"7%\">55<\/td>\n<td width=\"52%\"><strong>INFORME DE TESIS<\/strong><\/td>\n<td width=\"31%\">MTRA. ALEJANDRA PRIVADO CATAL\u00c1N<\/td>\n<td width=\"8%\"><a href=\"https:\/\/drive.google.com\/file\/d\/1DXon9moyj1Q299ioEXaD_LV1bNcgrFUs\/view?usp=sharing\" target=\"_blank\" rel=\"noopener\">Ver Acta<\/a><\/td>\n<\/tr>\n<tr>\n<td width=\"7%\">59<\/td>\n<td width=\"52%\"><strong>SEMINARIO SOBRE DERECHOS HUMANOS Y DEFENSA DEL TERRITORIO Y LA NATURALEZA DESDE LA PERSPECTIVA LOCAL<\/strong><\/td>\n<td width=\"31%\">MTRA. ALEJANDRA GONZ\u00c1LEZ GODOY<\/td>\n<td width=\"8%\"><a href=\"https:\/\/drive.google.com\/file\/d\/1OeSzgPuQtID5r1_i_Bo4swVZh9CcTgNx\/view?usp=sharing\" target=\"_blank\" rel=\"noopener\">Ver Acta<\/a><\/td>\n<\/tr>\n<tr>\n<td width=\"7%\">60<\/td>\n<td width=\"52%\"><strong>SEMINARIO SOBRE CONFLICTIVIDAD, ANALISIS Y RESOLUCI\u00d3N DE CONFLICTOS SOCIALES<\/strong><\/td>\n<td width=\"31%\">LIC. MARIO ERNESTO ARCHILA ORTIZ<\/td>\n<td width=\"8%\"><a href=\"https:\/\/drive.google.com\/file\/d\/1lZ2VceMz7YIE7eHEEh9z-ILiwDkQHWVH\/view?usp=sharing\" target=\"_blank\" rel=\"noopener\">Ver Acta<\/a><\/td>\n<\/tr>\n<tr>\n<td width=\"7%\">61<\/td>\n<td width=\"52%\"><strong>SEMINARIO SOBRE POL\u00cdTICAS P\u00daBLICAS DE REHABILITACION DE TRANSGRESORES DE LA LEY<\/strong><\/td>\n<td width=\"31%\">MTRO. HECTOR OSWALDO SAMAYOA SOSA<\/td>\n<td width=\"8%\"><a href=\"https:\/\/drive.google.com\/file\/d\/1i4Ujut5GgaI24RufXUnaUpaO_u7hXECH\/view?usp=sharing\" target=\"_blank\" rel=\"noopener\">Ver Acta<\/a><\/td>\n<\/tr>\n<\/tbody>\n<\/table>\n<p>&nbsp;<\/p>\n<p><strong>10MO SEMESTRE, SECCION B<\/strong><\/p>\n<table width=\"100%\">\n<tbody>\n<tr>\n<td width=\"7%\">\n<p style=\"text-align: center;\"><strong>CODIGO<\/strong><\/p>\n<\/td>\n<td style=\"text-align: center;\" width=\"55%\"><strong>CURSO<\/strong><\/td>\n<td style=\"text-align: center;\" width=\"29%\"><strong>PROFESOR<\/strong><\/td>\n<td width=\"7%\">\n<p style=\"text-align: center;\"><strong>ENLACE<\/strong><\/p>\n<\/td>\n<\/tr>\n<tr>\n<td width=\"7%\">51<\/td>\n<td width=\"55%\"><strong>SEMINARIO SOBRE TEOR\u00cdAS SOCIOL\u00d3GICAS EN GUATEMALA<\/strong><\/td>\n<td width=\"29%\">DR. LUIS FERNANDO MACK ECHEVERR\u00cdA<\/td>\n<td width=\"7%\"><a href=\"https:\/\/drive.google.com\/file\/d\/1I2bloEOCEt8tKwnYifloKrbNYmiaANbE\/view?usp=sharing\" target=\"_blank\" rel=\"noopener\">Ver Acta<\/a><\/td>\n<\/tr>\n<tr>\n<td width=\"7%\">52<\/td>\n<td width=\"55%\"><strong>SEMINARIO SOBRE POL\u00cdTICAS DE DESARROLLO URBANO Y RURAL<\/strong><\/td>\n<td width=\"29%\">LIC. SERGIO ALEJANDRO FLORES CRUZ<\/td>\n<td width=\"7%\"><a href=\"https:\/\/drive.google.com\/file\/d\/1GTQNOiXe7TTbb-lqo-eSr8ZXIfQFpi2A\/view?usp=sharing\" target=\"_blank\" rel=\"noopener\">Ver Acta<\/a><\/td>\n<\/tr>\n<tr>\n<td width=\"7%\">53<\/td>\n<td width=\"55%\"><strong>SEMINARIO SOBRE ESTRATEGIAS DE INCIDENCIA DE PUEBLOS INDIGENAS Y ORGANIZACIONES SOCIALES<\/strong><\/td>\n<td width=\"29%\">DR. EDMUNDO URRUTIA<\/td>\n<td width=\"7%\"><a href=\"https:\/\/drive.google.com\/file\/d\/1P1Bhi8lZNVHVlxeX7io28QIPbDr0Kl6A\/view?usp=sharing\" target=\"_blank\" rel=\"noopener\">Ver Acta<\/a><\/td>\n<\/tr>\n<tr>\n<td width=\"7%\">54<\/td>\n<td width=\"55%\"><strong>SEMINARIO SOBRE G\u00c9NERO, \u00c9TNIA Y EDUCACI\u00d3N EN GUATEMALA<\/strong><\/td>\n<td width=\"29%\">LICDA. DELMY MIRRUT ESCOBAR PERDOMO<\/td>\n<td width=\"7%\"><a href=\"https:\/\/drive.google.com\/file\/d\/1500Hhf3tq4Vv7PlWy5HjpARRRqW1yhM7\/view?usp=sharing\" target=\"_blank\" rel=\"noopener\">Ver Acta<\/a><\/td>\n<\/tr>\n<tr>\n<td width=\"7%\">55<\/td>\n<td width=\"55%\"><strong>INFORME DE TESIS<\/strong><\/td>\n<td width=\"29%\">LIC. BEQUER CHOCOOJ<\/td>\n<td width=\"7%\"><a href=\"https:\/\/drive.google.com\/file\/d\/1QxUzOZxTkpQCPPLYdqNmMCkg5k5lnyJ9\/view?usp=sharing\" target=\"_blank\" rel=\"noopener\">Ver Acta<\/a><\/td>\n<\/tr>\n<\/tbody>\n<\/table>\n<p>&nbsp;<\/p>\n<p>&nbsp;<\/p>\n<p>&nbsp;<\/p>\n<h2 style=\"text-align: right;\"><a href=\"https:\/\/cienciapolitica.usac.edu.gt\/?page_id=5335\">&lt;&lt;Regresar<\/a><\/h2>\n","protected":false},"excerpt":{"rendered":"<p>&lt;&lt;Regresar Licenciatura en Sociolog\u00eda 4TO SEMESTRE, SECCION A CODIGO CURSO PROFESOR ENLACE 16 TEOR\u00cdA SOCIOL\u00d3GICA I MTRA. ALEJANDRA PRIVADO CATAL\u00c1N Ver Acta 17 SOCIOLOG\u00cdA DE GUATEMALA I LICDA. VIRGINIA JIMENEZ Ver Acta 18 METODOLOG\u00cdA DE LAS CIENCIAS SOCIALES IV LIC. CRISTIAN CERME\u00d1O PINEDA Ver Acta 19 MICRO Y MACROECONOM\u00cdA LICDA. MAR\u00cdA ELENA IZQUIERDO Ver Acta [&hellip;]<\/p>\n","protected":false},"author":101012,"featured_media":0,"parent":0,"menu_order":0,"comment_status":"closed","ping_status":"closed","template":"","meta":[],"_links":{"self":[{"href":"https:\/\/cienciapolitica.usac.edu.gt\/index.php?rest_route=\/wp\/v2\/pages\/5348"}],"collection":[{"href":"https:\/\/cienciapolitica.usac.edu.gt\/index.php?rest_route=\/wp\/v2\/pages"}],"about":[{"href":"https:\/\/cienciapolitica.usac.edu.gt\/index.php?rest_route=\/wp\/v2\/types\/page"}],"author":[{"embeddable":true,"href":"https:\/\/cienciapolitica.usac.edu.gt\/index.php?rest_route=\/wp\/v2\/users\/101012"}],"replies":[{"embeddable":true,"href":"https:\/\/cienciapolitica.usac.edu.gt\/index.php?rest_route=%2Fwp%2Fv2%2Fcomments&post=5348"}],"version-history":[{"count":28,"href":"https:\/\/cienciapolitica.usac.edu.gt\/index.php?rest_route=\/wp\/v2\/pages\/5348\/revisions"}],"predecessor-version":[{"id":5672,"href":"https:\/\/cienciapolitica.usac.edu.gt\/index.php?rest_route=\/wp\/v2\/pages\/5348\/revisions\/5672"}],"wp:attachment":[{"href":"https:\/\/cienciapolitica.usac.edu.gt\/index.php?rest_route=%2Fwp%2Fv2%2Fmedia&parent=5348"}],"curies":[{"name":"wp","href":"https:\/\/api.w.org\/{rel}","templated":true}]}}