{"id":5341,"date":"2021-11-16T01:24:21","date_gmt":"2021-11-16T01:24:21","guid":{"rendered":"https:\/\/cienciapolitica.usac.edu.gt\/?page_id=5341"},"modified":"2022-03-30T16:11:22","modified_gmt":"2022-03-30T16:11:22","slug":"ciencia-politica-semestre-2-2021","status":"publish","type":"page","link":"https:\/\/cienciapolitica.usac.edu.gt\/?page_id=5341","title":{"rendered":"Ciencia Pol\u00edtica | Semestre 2-2021"},"content":{"rendered":"<h2><a href=\"https:\/\/cienciapolitica.usac.edu.gt\/?page_id=5335\">&lt;&lt;Regresar<\/a><\/h2>\n<h2 style=\"text-align: center;\"><strong>LICENCIATURA EN CIENCIA POLITICA<\/strong><\/h2>\n<p><strong>4TO SEMESTRE, SECCION A<\/strong><\/p>\n<table width=\"100%\">\n<tbody>\n<tr>\n<td width=\"8%\">\n<p style=\"text-align: center;\"><strong>CODIGO<\/strong><\/p>\n<\/td>\n<td style=\"text-align: center;\" width=\"41%\"><strong>CURSO<\/strong><\/td>\n<td style=\"text-align: center;\" width=\"41%\"><strong>PROFESOR<\/strong><\/td>\n<td width=\"8%\">\n<p style=\"text-align: center;\"><strong>ENLACE<\/strong><\/p>\n<\/td>\n<\/tr>\n<tr>\n<td width=\"8%\">18<\/td>\n<td width=\"41%\"><strong>METODOLOG\u00cdA DE LAS CIENCIAS SOCIALES IV<\/strong><\/td>\n<td width=\"41%\">LIC. GERARDO ALFONSO GUARQUEZ V\u00c1SQUEZ<\/td>\n<td width=\"8%\"><a href=\"https:\/\/drive.google.com\/file\/d\/1wQP43SNYLTwQDNywdWUMlmcdAIAVsMKD\/view?usp=sharing\" target=\"_blank\" rel=\"noopener\">Ver Acta<\/a><\/td>\n<\/tr>\n<tr>\n<td width=\"8%\">19<\/td>\n<td width=\"41%\"><strong>MICRO Y MACROECONOM\u00cdA<\/strong><\/td>\n<td width=\"41%\">LICDA. MIRNA JEANETTE PONCIANO<\/td>\n<td width=\"8%\"><a href=\"https:\/\/drive.google.com\/file\/d\/19HISGUQPUDaCBYn_vb-08_GGKCISrFRX\/view?usp=sharing\" target=\"_blank\" rel=\"noopener\">Ver Acta<\/a><\/td>\n<\/tr>\n<tr>\n<td width=\"8%\">103<\/td>\n<td width=\"41%\"><strong>TEOR\u00cdA POL\u00cdTICA I<\/strong><\/td>\n<td width=\"41%\">LIC. JORGE DE JESUS PONCE REYNOSO<\/td>\n<td width=\"8%\"><a href=\"https:\/\/drive.google.com\/file\/d\/105rvZ-9NDLAXWEcuM0DKYIIlM50HXMoJ\/view?usp=sharing\" target=\"_blank\" rel=\"noopener\">Ver Acta<\/a><\/td>\n<\/tr>\n<tr>\n<td width=\"8%\">104<\/td>\n<td width=\"41%\"><strong>SISTEMAS POL\u00cdTICOS I<\/strong><\/td>\n<td width=\"41%\">MTRA. CINDY POROJ<\/td>\n<td width=\"8%\"><a href=\"https:\/\/drive.google.com\/file\/d\/14yodw7vkEvlZqupd-xIGAMOLxxOz029z\/view?usp=sharing\" target=\"_blank\" rel=\"noopener\">Ver Acta<\/a><\/td>\n<\/tr>\n<tr>\n<td width=\"8%\">106<\/td>\n<td width=\"41%\"><strong>SOCIOLOG\u00cdA POL\u00cdTICA<\/strong><\/td>\n<td width=\"41%\">MTRA. MAR\u00cdA AMALIA MANDUJANO IZAGUIRRE<\/td>\n<td width=\"8%\"><a href=\"https:\/\/drive.google.com\/file\/d\/1fkKtHGcCkvr-bArXk_s0Jdbmc1XD-qfV\/view?usp=sharing\" target=\"_blank\" rel=\"noopener\">Ver Acta<\/a><\/td>\n<\/tr>\n<\/tbody>\n<\/table>\n<p>&nbsp;<\/p>\n<p><strong>4TO SEMESTRE, SECCION B<\/strong><\/p>\n<table width=\"100%\">\n<tbody>\n<tr>\n<td width=\"7%\">\n<p style=\"text-align: center;\"><strong>CODIGO<\/strong><\/p>\n<\/td>\n<td style=\"text-align: center;\" width=\"44%\"><strong>CURSO<\/strong><\/td>\n<td style=\"text-align: center;\" width=\"39%\"><strong>PROFESOR<\/strong><\/td>\n<td width=\"8%\">\n<p style=\"text-align: center;\"><strong>ENLACE<\/strong><\/p>\n<\/td>\n<\/tr>\n<tr>\n<td width=\"7%\">18<\/td>\n<td width=\"44%\"><strong>METODOLOG\u00cdA DE LAS CIENCIAS SOCIALES IV<\/strong><\/td>\n<td width=\"39%\">MTRA. ROSAURA RAG\u00dcEX<\/td>\n<td width=\"8%\"><a href=\"https:\/\/drive.google.com\/file\/d\/118yI1G6uhp1Blw-WabWmeavALz0vkfw0\/view?usp=sharing\" target=\"_blank\" rel=\"noopener\">Ver Acta<\/a><\/p>\n<p><a href=\"https:\/\/drive.google.com\/file\/d\/1JNd9J4qL3s-VEUstXijiIdgNETtM297s\/view?usp=sharing\" target=\"_blank\" rel=\"noopener\">2da Oportunidad<\/a><\/td>\n<\/tr>\n<tr>\n<td width=\"7%\">19<\/td>\n<td width=\"44%\"><strong>MICRO Y MACROECONOM\u00cdA<\/strong><\/td>\n<td width=\"39%\">LIC. CARLOS ANIBAL MART\u00cdNEZ CORTEZ<\/td>\n<td width=\"8%\">\u00a0<a href=\"https:\/\/drive.google.com\/file\/d\/1eXSZ3PSjAqvnBp63S2xJJ6fAbegAbXVz\/view?usp=sharing\" target=\"_blank\" rel=\"noopener\">Ver Acta<\/a><\/td>\n<\/tr>\n<tr>\n<td width=\"7%\">103<\/td>\n<td width=\"44%\"><strong>TEOR\u00cdA POL\u00cdTICA I<\/strong><\/td>\n<td width=\"39%\">LIC. GUIDO BARILLAS<\/td>\n<td width=\"8%\"><a href=\"https:\/\/drive.google.com\/file\/d\/1mjnDKrFDhHJfX24eZrQZenjaCuciMpKU\/view?usp=sharing\" target=\"_blank\" rel=\"noopener\">Ver Acta<\/a><\/td>\n<\/tr>\n<tr>\n<td width=\"7%\">104<\/td>\n<td width=\"44%\"><strong>SISTEMAS POL\u00cdTICOS I<\/strong><\/td>\n<td width=\"39%\">MTRO. JORGE ARAG\u00d3N<\/td>\n<td width=\"8%\"><a href=\"https:\/\/drive.google.com\/file\/d\/1Q1h61K07bFyd40sy0js0NVoD_nqecT2Y\/view?usp=sharing\" target=\"_blank\" rel=\"noopener\">Ver Acta<\/a><\/td>\n<\/tr>\n<tr>\n<td width=\"7%\">105<\/td>\n<td width=\"44%\"><strong>TEOR\u00cdA Y DERECHO CONSTITUCIONAL GUATEMALTECO<\/strong><\/td>\n<td width=\"39%\">LIC. JORGE DE JESUS PONCE REYNOSO<\/td>\n<td width=\"8%\"><a href=\"https:\/\/drive.google.com\/file\/d\/1tE2jKKOsWa6UotCabMQar37oKo4RN8Uz\/view?usp=sharing\" target=\"_blank\" rel=\"noopener\">Ver Acta<\/a><\/p>\n<p><a href=\"https:\/\/drive.google.com\/file\/d\/1eeVw0NQuduiwcUQRJfQ0GCBzcQK6nvXT\/view?usp=sharing\" target=\"_blank\" rel=\"noopener\">1era Oportunidad<\/a><\/p>\n<p><a href=\"https:\/\/drive.google.com\/file\/d\/12nte-IXKYWK3svJzQBQtIq6adlx8Idq-\/view?usp=sharing\" target=\"_blank\" rel=\"noopener\">2da Oportunidad<\/a><\/td>\n<\/tr>\n<\/tbody>\n<\/table>\n<p>&nbsp;<\/p>\n<p><strong>6TO SEMESTRE, SECCION A<\/strong><\/p>\n<table width=\"100%\">\n<tbody>\n<tr>\n<td width=\"8%\">\n<p style=\"text-align: center;\"><strong>CODIGO<\/strong><\/p>\n<\/td>\n<td style=\"text-align: center;\" width=\"42%\"><strong>CURSO<\/strong><\/td>\n<td style=\"text-align: center;\" width=\"40%\"><strong>PROFESOR<\/strong><\/td>\n<td width=\"8%\">\n<p style=\"text-align: center;\"><strong>ENLACE<\/strong><\/p>\n<\/td>\n<\/tr>\n<tr>\n<td width=\"8%\">31<\/td>\n<td width=\"42%\"><strong>HISTORIA DE GUATEMALA III<\/strong><\/td>\n<td width=\"40%\">LIC. JOS\u00c9 EFRA\u00cdN P\u00c9REZ XICAR\u00c1<\/td>\n<td width=\"8%\"><a href=\"https:\/\/drive.google.com\/file\/d\/1PWvlEwC3DPnUIwjntNRCPl6-tGew2cjk\/view?usp=sharing\" target=\"_blank\" rel=\"noopener\">Ver Acta<\/a><\/td>\n<\/tr>\n<tr>\n<td width=\"8%\">112<\/td>\n<td width=\"42%\"><strong>TEOR\u00cdA POL\u00cdTICA III<\/strong><\/td>\n<td width=\"40%\">DR. PABLO RANGEL ROMERO<\/td>\n<td width=\"8%\"><a href=\"https:\/\/drive.google.com\/file\/d\/1r9f42iQiePKjzjZDAU8Kg8fwoyo8Y8SR\/view?usp=sharing\" target=\"_blank\" rel=\"noopener\">Ver Acta<\/a><\/td>\n<\/tr>\n<tr>\n<td width=\"8%\">113<\/td>\n<td width=\"42%\"><strong>SISTEMAS POL\u00cdTICOS III<\/strong><\/td>\n<td width=\"40%\">MTRA. CINDY POROJ<\/td>\n<td width=\"8%\"><a href=\"https:\/\/drive.google.com\/file\/d\/1Ifq1I73439C6AjR5hDXJNOW8NbALGFa-\/view?usp=sharing\" target=\"_blank\" rel=\"noopener\">Ver Acta<\/a><\/td>\n<\/tr>\n<tr>\n<td width=\"8%\">114<\/td>\n<td width=\"42%\"><strong>ADMINISTRACI\u00d3N P\u00daBLICA DE GUATEMALA II<\/strong><\/td>\n<td width=\"40%\">LICDA. SONIA ABIGAIL P\u00c9REZ PIVARAL<\/td>\n<td width=\"8%\"><a href=\"https:\/\/drive.google.com\/file\/d\/1aqLeuzaEAntmuaYalwR94oUetBoeOOSN\/view?usp=sharing\" target=\"_blank\" rel=\"noopener\">Ver Acta<\/a><\/td>\n<\/tr>\n<tr>\n<td width=\"8%\">116<\/td>\n<td width=\"42%\"><strong>CONTEXTO DE LAS POL\u00cdTICAS P\u00daBLICAS<\/strong><\/td>\n<td width=\"40%\">LICDA. CAROLINA MONTEPEQUE MONCRIEF<\/td>\n<td width=\"8%\"><a href=\"https:\/\/drive.google.com\/file\/d\/1u2x1eE_CgJFJN8WgE9mrIYr2Tm97fPwj\/view?usp=sharing\" target=\"_blank\" rel=\"noopener\">Ver Acta<\/a><\/td>\n<\/tr>\n<\/tbody>\n<\/table>\n<p>&nbsp;<\/p>\n<p><strong>6TO SEMESTRE, SECCION B<\/strong><\/p>\n<table width=\"100%\">\n<tbody>\n<tr>\n<td width=\"8%\">\n<p style=\"text-align: center;\"><strong>CODIGO<\/strong><\/p>\n<\/td>\n<td style=\"text-align: center;\" width=\"49%\"><strong>CURSO<\/strong><\/td>\n<td style=\"text-align: center;\" width=\"36%\"><strong>PROFESOR<\/strong><\/td>\n<td width=\"6%\">\n<p style=\"text-align: center;\"><strong>ENLACE<\/strong><\/p>\n<\/td>\n<\/tr>\n<tr>\n<td width=\"8%\">31<\/td>\n<td width=\"49%\"><strong>HISTORIA DE GUATEMALA III<\/strong><\/td>\n<td width=\"36%\">MTRA. MARCELA LETONA<\/td>\n<td width=\"6%\"><a href=\"https:\/\/drive.google.com\/file\/d\/1mJ5csw04chtbwU1DreF1EglxxZET-cet\/view?usp=sharing\" target=\"_blank\" rel=\"noopener\">Ver Acta<\/a><\/td>\n<\/tr>\n<tr>\n<td width=\"8%\">112<\/td>\n<td width=\"49%\"><strong>TEOR\u00cdA POL\u00cdTICA III<\/strong><\/td>\n<td width=\"36%\">LIC. HENRY DENNIS MIRA SANDOVAL<\/td>\n<td width=\"6%\"><a href=\"https:\/\/drive.google.com\/file\/d\/1-tqnMo_PYjg2brP6JSAnRDR0-NrInmQ4\/view?usp=sharing\" target=\"_blank\" rel=\"noopener\">Ver Acta<\/a><\/p>\n<p><a href=\"https:\/\/drive.google.com\/file\/d\/17qugn46ZmVBXc08wP5psuMM_rXL4SS8v\/view?usp=sharing\" target=\"_blank\" rel=\"noopener\">1ra Oportunidad<\/a><\/td>\n<\/tr>\n<tr>\n<td width=\"8%\">113<\/td>\n<td width=\"49%\"><strong>SISTEMAS POL\u00cdTICOS III<\/strong><\/td>\n<td width=\"36%\">MTRA. CINDY POROJ<\/td>\n<td width=\"6%\"><a href=\"https:\/\/drive.google.com\/file\/d\/1JzHjdXtDUp3Vcgj-3OEKWzXni0nis7gK\/view?usp=sharing\" target=\"_blank\" rel=\"noopener\">Ver Acta<\/a><\/td>\n<\/tr>\n<tr>\n<td width=\"8%\">114<\/td>\n<td width=\"49%\"><strong>ADMINISTRACI\u00d3N P\u00daBLICA DE GUATEMALA II<\/strong><\/td>\n<td width=\"36%\">LIC. DOUGLAS GIOVANNI MAZARIEGOS MARROQU\u00cdN<\/td>\n<td width=\"6%\"><a href=\"https:\/\/drive.google.com\/file\/d\/1T8jg7E6vEgg7heIxJe3CJpdSwxjDtadG\/view?usp=sharing\" target=\"_blank\" rel=\"noopener\">Ver Acta<\/a><\/p>\n<p><a href=\"https:\/\/drive.google.com\/file\/d\/1Q-Cf9NvZ8PG3asjWWrtRSE6nl1Yb0Wr7\/view?usp=sharing\" target=\"_blank\" rel=\"noopener\">1ra Oportunidad<\/a><\/td>\n<\/tr>\n<tr>\n<td width=\"8%\">115<\/td>\n<td width=\"49%\"><strong>DERECHO INTERNACIONAL P\u00daBLICO Y ORGANISMOS INTERNACIONALES<\/strong><\/td>\n<td width=\"36%\">DR. IVAN LE\u00d3N ARCHILA<\/td>\n<td width=\"6%\"><a href=\"https:\/\/drive.google.com\/file\/d\/1BYLpVMxawejTIkHVKt4b4zUsQ3T-0AlE\/view?usp=sharing\" target=\"_blank\" rel=\"noopener\">Ver Acta<\/a><\/td>\n<\/tr>\n<\/tbody>\n<\/table>\n<p>&nbsp;<\/p>\n<p><strong>8VO SEMESTRE, SECCION A<\/strong><\/p>\n<table width=\"100%\">\n<tbody>\n<tr>\n<td style=\"text-align: center;\" width=\"8%\"><strong>CODIGO<\/strong><\/td>\n<td style=\"text-align: center;\" width=\"37%\"><strong>CURSO<\/strong><\/td>\n<td style=\"text-align: center;\" width=\"45%\"><strong>PROFESOR<\/strong><\/td>\n<td style=\"text-align: center;\" width=\"8%\"><strong>ENLACE<\/strong><\/td>\n<\/tr>\n<tr>\n<td width=\"8%\">43<\/td>\n<td width=\"37%\"><strong>DISE\u00d1O DE INVESTIGACI\u00d3N DE TESIS I<\/strong><\/td>\n<td width=\"45%\">LICDA. CLAUDIA MELISSA MATEO TOJ\u00cdN<\/td>\n<td width=\"8%\"><a href=\"https:\/\/drive.google.com\/file\/d\/1ruoBN0jpL6LKAZoiV-xI6BaAeMAz6yIl\/view?usp=sharing\" target=\"_blank\" rel=\"noopener\">Ver Acta<\/a><\/td>\n<\/tr>\n<tr>\n<td width=\"8%\">123<\/td>\n<td width=\"37%\"><strong>PARTIDOS POL\u00cdTICOS<\/strong><\/td>\n<td width=\"45%\">LIC. HENRY DENNIS MIRA SANDOVAL<\/td>\n<td width=\"8%\"><a href=\"https:\/\/drive.google.com\/file\/d\/1t2A1ylbHEKHE5ukkKk_ydCHUFM9L3Gcc\/view?usp=sharing\" target=\"_blank\" rel=\"noopener\">Ver Acta<\/a><\/p>\n<p><a href=\"https:\/\/drive.google.com\/file\/d\/1aCcM70uIVqWMwQ9A2wRfIBD5kZhUVMcW\/view?usp=sharing\" target=\"_blank\" rel=\"noopener\">1ra Oportunidad<\/a><\/p>\n<p><a href=\"https:\/\/drive.google.com\/file\/d\/1UL9wjpLjinbkeFxnZFr9veygdCbbe44Q\/view?usp=sharing\" target=\"_blank\" rel=\"noopener\">2da Oportunidad<\/a><\/td>\n<\/tr>\n<tr>\n<td width=\"8%\">124<\/td>\n<td width=\"37%\"><strong>TEOR\u00cdA DE LA DEMOCRACIA<\/strong><\/td>\n<td width=\"45%\">MTRO. JUAN FERNANDO MOLINA MEZA<\/td>\n<td width=\"8%\"><a href=\"https:\/\/drive.google.com\/file\/d\/1-zEx85-pP-RSF-4clWuop8219mBTNZJG\/view?usp=sharing\" target=\"_blank\" rel=\"noopener\">Ver Acta<\/a><\/td>\n<\/tr>\n<tr>\n<td width=\"8%\">125<\/td>\n<td width=\"37%\"><strong>NEGOCIACI\u00d3N POL\u00cdTICA<\/strong><\/td>\n<td width=\"45%\">LIC. LUIS RODOLFO D\u00c1VILA S\u00c1NCHEZ<\/td>\n<td width=\"8%\"><a href=\"https:\/\/drive.google.com\/file\/d\/15L5Ev2GLH2VkxN0RIat7UcGi0qMlPLgz\/view?usp=sharing\" target=\"_blank\" rel=\"noopener\">Ver Acta<\/a><\/td>\n<\/tr>\n<tr>\n<td width=\"8%\">127<\/td>\n<td width=\"37%\"><strong>APLICACI\u00d3N DE LAS POL\u00cdTICAS P\u00daBLICAS<\/strong><\/td>\n<td width=\"45%\">LIC. DOUGLAS GIOVANNI MAZARIEGOS MARROQU\u00cdN<\/td>\n<td width=\"8%\"><a href=\"https:\/\/drive.google.com\/file\/d\/16tuvwWg-EsdyiyB9kv8KNFUWFLtuUYSY\/view?usp=sharing\" target=\"_blank\" rel=\"noopener\">Ver Acta<\/a><\/p>\n<p><a href=\"https:\/\/drive.google.com\/file\/d\/1eAjduNXMmjl7oGr3q-q18L3sz-bTJMgo\/view?usp=sharing\" target=\"_blank\" rel=\"noopener\">1ra Oportunidad<\/a><\/p>\n<p><a href=\"https:\/\/drive.google.com\/file\/d\/1uLvNwGUS0r_ehLca_YtFMfncN3b7cZfx\/view?usp=sharing\" target=\"_blank\" rel=\"noopener\">2da Oportunidad<\/a><\/td>\n<\/tr>\n<\/tbody>\n<\/table>\n<p><strong>8VO SEMESTRE, SECCION B<\/strong><\/p>\n<table width=\"100%\">\n<tbody>\n<tr>\n<td style=\"text-align: center;\" width=\"9%\"><strong>CODIGO<\/strong><\/td>\n<td style=\"text-align: center;\" width=\"37%\"><strong>CURSO<\/strong><\/td>\n<td style=\"text-align: center;\" width=\"44%\"><strong>PROFESOR<\/strong><\/td>\n<td style=\"text-align: center;\" width=\"9%\"><strong>ENLACE<\/strong><\/td>\n<\/tr>\n<tr>\n<td width=\"9%\">43<\/td>\n<td width=\"37%\"><strong>DISE\u00d1O DE INVESTIGACI\u00d3N DE TESIS I<\/strong><\/td>\n<td width=\"44%\">LICDA. CAMLIN DEL ROSARIO FUENTES<\/td>\n<td width=\"9%\"><a href=\"https:\/\/drive.google.com\/file\/d\/1hhCAAkLdBIMqVNm4dZj0OD8jP1dxuAA4\/view?usp=sharing\" target=\"_blank\" rel=\"noopener\">Ver Acta<\/a><\/p>\n<p><a href=\"https:\/\/drive.google.com\/file\/d\/1moEP3uKqo6exhLfHNxmOUlHwcohrKiYS\/view?usp=sharing\" target=\"_blank\" rel=\"noopener\">1ra Oportunidad<\/a><\/p>\n<p><a href=\"https:\/\/drive.google.com\/file\/d\/1ygz_FcRH0LmWJw7bqEURIkiiRbxmrntz\/view?usp=sharing\" target=\"_blank\" rel=\"noopener\">2da Oportunidad<\/a><\/td>\n<\/tr>\n<tr>\n<td width=\"9%\">123<\/td>\n<td width=\"37%\"><strong>PARTIDOS POL\u00cdTICOS<\/strong><\/td>\n<td width=\"44%\">LICDA. FLORENTINA PUAC PUAC<\/td>\n<td width=\"9%\"><a href=\"https:\/\/drive.google.com\/file\/d\/1Ow3u3gEeu0vVuWHhTpsi783IdjZgidPv\/view?usp=sharing\" target=\"_blank\" rel=\"noopener\">Ver Acta<\/a><\/p>\n<p><a href=\"https:\/\/drive.google.com\/file\/d\/1eB8e6_q-SprMQs25hF-iW9RAFYl8bZLu\/view?usp=sharing\" target=\"_blank\" rel=\"noopener\">1ra Oportunidad<\/a><\/p>\n<p><a href=\"https:\/\/drive.google.com\/file\/d\/1lwcfm0ECJpbnSz8gSr3J8_ZvnLMGYXUQ\/view?usp=sharing\" target=\"_blank\" rel=\"noopener\">2da Oportunidad<\/a><\/td>\n<\/tr>\n<tr>\n<td width=\"9%\">124<\/td>\n<td width=\"37%\"><strong>TEOR\u00cdA DE LA DEMOCRACIA<\/strong><\/td>\n<td width=\"44%\">LIC. JOS\u00c9 NAVARRO<\/td>\n<td width=\"9%\"><a href=\"https:\/\/drive.google.com\/file\/d\/1u1xgO4hEgfApEN-lmb-SPJGN6b9ED4Nc\/view?usp=sharing\" target=\"_blank\" rel=\"noopener\">Ver Acta<\/a><\/td>\n<\/tr>\n<tr>\n<td width=\"9%\">125<\/td>\n<td width=\"37%\"><strong>NEGOCIACI\u00d3N POL\u00cdTICA<\/strong><\/td>\n<td width=\"44%\">LIC. SERGIO ALEJANDRO FLORES CRUZ<\/td>\n<td width=\"9%\"><a href=\"https:\/\/drive.google.com\/file\/d\/1IhjFI-wjMMHdhxKlnb2JzJQiq7_TfHSo\/view?usp=sharing\" target=\"_blank\" rel=\"noopener\">Ver Acta<\/a><\/p>\n<p><a href=\"https:\/\/drive.google.com\/file\/d\/1qDnzC5lJiFqfluoADaz_5L26KDYIXr5v\/view?usp=sharing\" target=\"_blank\" rel=\"noopener\">2da Oportunidad<\/a><\/td>\n<\/tr>\n<tr>\n<td width=\"9%\">126<\/td>\n<td width=\"37%\"><strong>AN\u00c1LISIS POL\u00cdTICO I<\/strong><\/td>\n<td width=\"44%\">LIC. WERNER ENRIQUE CASTILLO REGALADO<\/td>\n<td width=\"9%\"><a href=\"https:\/\/drive.google.com\/file\/d\/1s2BG9JMBzHDm1Abmd6_eYenxisDryqqv\/view?usp=sharing\" target=\"_blank\" rel=\"noopener\">Ver Acta<\/a><\/td>\n<\/tr>\n<\/tbody>\n<\/table>\n<p>&nbsp;<\/p>\n<p><strong>10MO SEMESTRE, SECCION A<\/strong><\/p>\n<table>\n<tbody>\n<tr>\n<td style=\"text-align: center;\" width=\"66\"><strong>CODIGO<\/strong><\/td>\n<td style=\"text-align: center;\" width=\"435\"><strong>CURSO<\/strong><\/td>\n<td style=\"text-align: center;\" width=\"350\"><strong>PROFESOR<\/strong><\/td>\n<td style=\"text-align: center;\" width=\"62\"><strong>ENLACE<\/strong><\/td>\n<\/tr>\n<tr>\n<td width=\"66\">55<\/td>\n<td width=\"435\"><strong>INFORME DE TESIS<\/strong><\/td>\n<td width=\"350\">MTRO. FIDEL AR\u00c9VALO GAMBOA<\/td>\n<td width=\"62\"><a href=\"https:\/\/drive.google.com\/file\/d\/1P7rN4_gddUwIkxJndaOhfHnNRIEMhmbZ\/view?usp=sharing\" target=\"_blank\" rel=\"noopener\">Ver Acta<\/a><\/td>\n<\/tr>\n<tr>\n<td width=\"66\">95<\/td>\n<td width=\"435\"><strong>SEGURIDAD DEMOCR\u00c1TICA<\/strong><\/td>\n<td width=\"350\">LIC. GERARDO ALFONSO GUARQUEZ V\u00c1SQUEZ<\/td>\n<td width=\"62\"><a href=\"https:\/\/drive.google.com\/file\/d\/1G4VRQp3HO0zUtXTxjRY-6wnB5aQJTLdL\/view?usp=sharing\" target=\"_blank\" rel=\"noopener\">Ver Acta<\/a><\/p>\n<p><a href=\"https:\/\/drive.google.com\/file\/d\/1jpShqg6CYbaobc4jHmbqgFhg_H2SI73S\/view?usp=sharing\" target=\"_blank\" rel=\"noopener\">2da Oportunidad<\/a><\/td>\n<\/tr>\n<tr>\n<td width=\"66\">140<\/td>\n<td width=\"435\"><strong>SEMINARIO SOBRE EJECUCI\u00d3N PRESUPUESTARIA DEL SECTOR P\u00daBLICO<\/strong><\/td>\n<td width=\"350\">LIC. CARLOS ANIBAL MART\u00cdNEZ CORTEZ<\/td>\n<td width=\"62\"><a href=\"https:\/\/drive.google.com\/file\/d\/18JjUkERkBmoskbDPM_KdPMQiWD8zUfbd\/view?usp=sharing\" target=\"_blank\" rel=\"noopener\">Ver Acta<\/a><\/p>\n<p><a href=\"https:\/\/drive.google.com\/file\/d\/1SM6-i6mJSafqpEavkLa0VrHIHlQLyJBB\/view?usp=sharing\" target=\"_blank\" rel=\"noopener\">1ra Oportunidad<\/a><\/p>\n<p><a href=\"https:\/\/drive.google.com\/file\/d\/1a6lSH7kV3b9KFDr57vyCgVvHYZ1tG_FE\/view?usp=sharing\" target=\"_blank\" rel=\"noopener\">2da Oportunidad<\/a><\/td>\n<\/tr>\n<tr>\n<td width=\"66\">141<\/td>\n<td width=\"435\"><strong>SEMINARIO DEL CICLO DE POL\u00cdTICA P\u00daBLICA<\/strong><\/td>\n<td width=\"350\">LICDA. CAROLINA MONTEPEQUE MONCRIEF<\/td>\n<td width=\"62\"><a href=\"https:\/\/drive.google.com\/file\/d\/1ccigygaqJyBFR3j9HbkRq1WxCxa_qtwT\/view?usp=sharing\" target=\"_blank\" rel=\"noopener\">Ver Acta<\/a><\/td>\n<\/tr>\n<tr>\n<td width=\"66\">142<\/td>\n<td width=\"435\"><strong>POL\u00cdTICAS SOCIALES LATINOAMERICANAS<\/strong><\/td>\n<td width=\"350\">MTRA. MAR\u00cdA AMALIA MANDUJANO IZAGUIRRE<\/td>\n<td width=\"62\"><a href=\"https:\/\/drive.google.com\/file\/d\/1Pg6GSOP3ogYfFtWHK9X7Myg-BYq28V0r\/view?usp=sharing\" target=\"_blank\" rel=\"noopener\">Ver Acta<\/a><\/p>\n<p><a href=\"https:\/\/drive.google.com\/file\/d\/15zqB4vqt3z9gcsUwh6FBlRIKQoCH-jGq\/view?usp=sharing\" target=\"_blank\" rel=\"noopener\">2da Oportunidad<\/a><\/td>\n<\/tr>\n<\/tbody>\n<\/table>\n<p>&nbsp;<\/p>\n<p><strong>10MO SEMESTRE, SECCION B<\/strong><\/p>\n<table width=\"95%\">\n<tbody>\n<tr>\n<td style=\"text-align: center;\" width=\"3%\"><strong>CODIGO<\/strong><\/td>\n<td style=\"text-align: center;\" width=\"30%\"><strong>CURSO<\/strong><\/td>\n<td style=\"text-align: center;\" width=\"35%\"><strong>PROFESOR<\/strong><\/td>\n<td style=\"text-align: center;\" width=\"30%\"><strong>ENLACE<\/strong><\/td>\n<\/tr>\n<tr>\n<td width=\"3%\">55<\/td>\n<td width=\"30%\"><strong>INFORME DE TESIS<\/strong><\/td>\n<td width=\"35%\">DR. LUIS ARMANDO BEDOYA<\/td>\n<td width=\"30%\"><a href=\"https:\/\/drive.google.com\/file\/d\/1uAMbjlQa7iCjsOOoJJvqvPpywDkKmA2y\/view?usp=sharing\" target=\"_blank\" rel=\"noopener\">Ver Acta<\/a><\/td>\n<\/tr>\n<tr>\n<td width=\"3%\">132<\/td>\n<td width=\"30%\"><strong>INVESTIGACI\u00d3N POL\u00cdTICA<\/strong><\/td>\n<td width=\"35%\">DR. CARLOS ORLANDO OLIVA MURALLES<\/td>\n<td width=\"30%\"><a href=\"https:\/\/drive.google.com\/file\/d\/1sj1RzyHCxhQSQ-Z8_rIi7G60TS4vs2cX\/view?usp=sharing\" target=\"_blank\" rel=\"noopener\">Ver Acta<\/a><\/td>\n<\/tr>\n<tr>\n<td width=\"3%\">133<\/td>\n<td width=\"30%\"><strong>SEMINARIO CAMPA\u00d1AS ELECTORALES<\/strong><\/td>\n<td width=\"35%\">MTRO. RICARDO ANTONIO BARRENO ARRIAZA<\/td>\n<td width=\"30%\"><a href=\"https:\/\/drive.google.com\/file\/d\/1TnZZaR4JK7yXCD-BKCHlxEo_G4c8Mv_r\/view?usp=sharing\" target=\"_blank\" rel=\"noopener\">Ver Acta<\/a><\/td>\n<\/tr>\n<tr>\n<td width=\"3%\">134<\/td>\n<td width=\"30%\"><strong>ENCUESTAS<\/strong><\/td>\n<td width=\"35%\">LIC. JORGE LUIS AMADO BARRIOS<\/td>\n<td width=\"30%\"><a href=\"https:\/\/drive.google.com\/file\/d\/13xHMETCgc02AMBOkykJvq2yduXB-sT7W\/view?usp=sharing\" target=\"_blank\" rel=\"noopener\">Ver Acta<\/a><\/td>\n<\/tr>\n<tr>\n<td width=\"3%\">135<\/td>\n<td width=\"30%\"><strong>MERCADEO POL\u00cdTICO<\/strong><\/td>\n<td width=\"35%\">LICDA. M\u00d3NICA MAZARIEGOS<\/td>\n<td width=\"30%\"><a href=\"https:\/\/drive.google.com\/file\/d\/11BR-MBts8V64ZtIzNy2VWnMkIfytCoB0\/view?usp=sharing\" target=\"_blank\" rel=\"noopener\">Ver Acta<\/a><\/td>\n<\/tr>\n<\/tbody>\n<\/table>\n<h2 style=\"text-align: right;\"><a href=\"https:\/\/cienciapolitica.usac.edu.gt\/?page_id=5335\">&lt;&lt;Regresar<\/a><\/h2>\n","protected":false},"excerpt":{"rendered":"<p>&lt;&lt;Regresar LICENCIATURA EN CIENCIA POLITICA 4TO SEMESTRE, SECCION A CODIGO CURSO PROFESOR ENLACE 18 METODOLOG\u00cdA DE LAS CIENCIAS SOCIALES IV LIC. GERARDO ALFONSO GUARQUEZ V\u00c1SQUEZ Ver Acta 19 MICRO Y MACROECONOM\u00cdA LICDA. MIRNA JEANETTE PONCIANO Ver Acta 103 TEOR\u00cdA POL\u00cdTICA I LIC. JORGE DE JESUS PONCE REYNOSO Ver Acta 104 SISTEMAS POL\u00cdTICOS I MTRA. CINDY [&hellip;]<\/p>\n","protected":false},"author":101012,"featured_media":0,"parent":0,"menu_order":0,"comment_status":"closed","ping_status":"closed","template":"","meta":[],"_links":{"self":[{"href":"https:\/\/cienciapolitica.usac.edu.gt\/index.php?rest_route=\/wp\/v2\/pages\/5341"}],"collection":[{"href":"https:\/\/cienciapolitica.usac.edu.gt\/index.php?rest_route=\/wp\/v2\/pages"}],"about":[{"href":"https:\/\/cienciapolitica.usac.edu.gt\/index.php?rest_route=\/wp\/v2\/types\/page"}],"author":[{"embeddable":true,"href":"https:\/\/cienciapolitica.usac.edu.gt\/index.php?rest_route=\/wp\/v2\/users\/101012"}],"replies":[{"embeddable":true,"href":"https:\/\/cienciapolitica.usac.edu.gt\/index.php?rest_route=%2Fwp%2Fv2%2Fcomments&post=5341"}],"version-history":[{"count":51,"href":"https:\/\/cienciapolitica.usac.edu.gt\/index.php?rest_route=\/wp\/v2\/pages\/5341\/revisions"}],"predecessor-version":[{"id":5810,"href":"https:\/\/cienciapolitica.usac.edu.gt\/index.php?rest_route=\/wp\/v2\/pages\/5341\/revisions\/5810"}],"wp:attachment":[{"href":"https:\/\/cienciapolitica.usac.edu.gt\/index.php?rest_route=%2Fwp%2Fv2%2Fmedia&parent=5341"}],"curies":[{"name":"wp","href":"https:\/\/api.w.org\/{rel}","templated":true}]}}