{"id":4768,"date":"2021-05-18T17:06:33","date_gmt":"2021-05-18T17:06:33","guid":{"rendered":"https:\/\/cienciapolitica.usac.edu.gt?page_id=4768"},"modified":"2021-10-13T04:52:54","modified_gmt":"2021-10-13T04:52:54","slug":"consulta-de-notas-de-fin-de-curso-1-2021-relaciones-internacionales","status":"publish","type":"page","link":"https:\/\/cienciapolitica.usac.edu.gt\/?page_id=4768","title":{"rendered":"Consulta de Notas de Fin de Curso (1-2021) \u2013 Relaciones Internacionales"},"content":{"rendered":"<h4><a href=\"https:\/\/cienciapolitica.usac.edu.gt?page_id=4734\"><strong>&lt;&lt;\u00a0Regresar<\/strong><\/a><\/h4>\n<h2 style=\"text-align: center;\"><strong>Consulta de Notas de Fin de Curso <\/strong><\/h2>\n<h2 style=\"text-align: center;\"><strong>Licenciatura en Relaciones Internacionales<\/strong><\/h2>\n<h2 style=\"text-align: left;\"><strong>Quinto Semestre Secciones A y B<\/strong><\/h2>\n<table dir=\"ltr\" border=\"1\" cellspacing=\"0\" cellpadding=\"0\">\n<colgroup>\n<col width=\"664\" \/>\n<col width=\"42\" \/>\n<col width=\"51\" \/>\n<col width=\"97\" \/><\/colgroup>\n<tbody>\n<tr>\n<td style=\"text-align: center;\" colspan=\"4\" rowspan=\"1\" data-sheets-value=\"{&quot;1&quot;:2,&quot;2&quot;:&quot;QUINTO SEMESTRE | SOCIOLOGIA | SECCION A&quot;}\"><strong>QUINTO SEMESTRE |\u00a0 SECCION A<\/strong><\/td>\n<\/tr>\n<tr>\n<td data-sheets-value=\"{&quot;1&quot;:2,&quot;2&quot;:&quot;025|Historia de Guatemala II Secci\u00f3n: A Profesor: Licda. Cecile Paola Tahuico Guzm\u00e1n&quot;}\">025|Historia de Guatemala II &#8211; Licda. Cecile Paola Tahuico Guzm\u00e1n<\/td>\n<td style=\"text-align: center;\" colspan=\"3\" rowspan=\"1\"><a href=\"https:\/\/drive.google.com\/file\/d\/1dlMFJOJVVH4v7doHEjlnfyC3yRHH6ei7\/view?usp=sharing\" target=\"_blank\" rel=\"noopener\">Ver Acta<\/a><\/p>\n<p><a href=\"https:\/\/drive.google.com\/file\/d\/1KMLGrorgawT82aalLsVKoh2veWC7CrMb\/view?usp=sharing\" target=\"_blank\" rel=\"noopener\">1era. Oportunidad de Recuperaci\u00f3n<\/a><\/p>\n<p><a href=\"https:\/\/drive.google.com\/file\/d\/1op-2hDyEvvFJ6olQv-T3hs-NffwYzFxs\/view?usp=sharing\" target=\"_blank\" rel=\"noopener\">2da. Oportunidad de Recuperaci\u00f3n<\/a><\/td>\n<\/tr>\n<tr>\n<td data-sheets-value=\"{&quot;1&quot;:2,&quot;2&quot;:&quot;066|Teor\u00eda de las Relaciones Internacionales II Secci\u00f3n: A Profesor: Mtra. Mercedes de la Luz L\u00f3pez de Bola\u00f1os&quot;}\">066|Teor\u00eda de las Relaciones Internacionales II &#8211; Mtra. Mercedes de la Luz L\u00f3pez de Bola\u00f1os<\/td>\n<td style=\"text-align: center;\" colspan=\"3\" rowspan=\"1\"><a href=\"https:\/\/drive.google.com\/file\/d\/1qOXDqJKIy8BC3HdJylGBIBXEsbfpqcTA\/view?usp=sharing\" target=\"_blank\" rel=\"noopener\">Ver Acta<\/a><\/td>\n<\/tr>\n<tr>\n<td data-sheets-value=\"{&quot;1&quot;:2,&quot;2&quot;:&quot;067|An\u00e1lisis de la Pol\u00edtica Internacional Secci\u00f3n: A Profesor: Mtra. Nancy Mercedes Ram\u00edrez Orozco&quot;}\">067|An\u00e1lisis de la Pol\u00edtica Internacional &#8211; Mtra. Nancy Mercedes Ram\u00edrez Orozco<\/td>\n<td style=\"text-align: center;\" colspan=\"3\" rowspan=\"1\"><a href=\"https:\/\/drive.google.com\/file\/d\/1FjNKWw8hkl2jtwoUfZGo5hVgO_9Tsk_E\/view?usp=sharing\" target=\"_blank\" rel=\"noopener\">Ver Acta<\/a><\/p>\n<p><a href=\"https:\/\/drive.google.com\/file\/d\/1LGg_jODpl96Q_ofovNw_KApKtodrBDQ0\/view?usp=sharing\" target=\"_blank\" rel=\"noopener\">1era. Oportunidad de Recuperaci\u00f3n<\/a><\/td>\n<\/tr>\n<tr>\n<td data-sheets-value=\"{&quot;1&quot;:2,&quot;2&quot;:&quot;068|Derecho Internacional P\u00fablico Secci\u00f3n: A Profesor: Mtra. Wendy Nanneth Avila Conde&quot;}\">068|Derecho Internacional P\u00fablico &#8211; Mtra. Wendy Nanneth Avila Conde<\/td>\n<td style=\"text-align: center;\" colspan=\"3\" rowspan=\"1\"><a href=\"https:\/\/drive.google.com\/file\/d\/19zVb6GF5VoWEMqrRC6ZNcD5K68sJV1-9\/view?usp=sharing\" target=\"_blank\" rel=\"noopener\">Ver Acta<\/a><\/td>\n<\/tr>\n<tr>\n<td data-sheets-value=\"{&quot;1&quot;:2,&quot;2&quot;:&quot;070|Problemas y Pol\u00edticas de Seguridad Internacional Secci\u00f3n: A Profesor: Dr. Luis Alberto Padilla Men\u00e9ndez&quot;}\">070|Problemas y Pol\u00edticas de Seguridad Internacional &#8211; Dr. Luis Alberto Padilla Men\u00e9ndez<\/td>\n<td style=\"text-align: center;\" colspan=\"3\" rowspan=\"1\"><a href=\"https:\/\/drive.google.com\/file\/d\/1VMVDTzsPvu4QzCwMgVH4M8r6WecHO_aj\/view?usp=sharing\" target=\"_blank\" rel=\"noopener\">Ver Acta<\/a><\/p>\n<p><a href=\"https:\/\/drive.google.com\/file\/d\/1KozzhG5Zp8WaKu1uktyJ0sh4PHCeuFTX\/view?usp=sharing\" target=\"_blank\" rel=\"noopener\">1era. Oportunidad de Recuperaci\u00f3n<\/a><\/p>\n<p><a href=\"https:\/\/drive.google.com\/file\/d\/1VaR5bWUvmILioGOk0UJiU1hruqZm-g1Y\/view?usp=sharing\" target=\"_blank\" rel=\"noopener\">2da. Oportunidad de Recuperaci\u00f3n<\/a><\/p>\n<p>&nbsp;<\/td>\n<\/tr>\n<\/tbody>\n<\/table>\n<h2><\/h2>\n<table dir=\"ltr\" border=\"1\" cellspacing=\"0\" cellpadding=\"0\">\n<colgroup>\n<col width=\"664\" \/>\n<col width=\"42\" \/>\n<col width=\"51\" \/>\n<col width=\"97\" \/><\/colgroup>\n<tbody>\n<tr>\n<td style=\"text-align: center;\" colspan=\"4\" rowspan=\"1\" data-sheets-value=\"{&quot;1&quot;:2,&quot;2&quot;:&quot;QUINTO SEMESTRE | SOCIOLOGIA | SECCION B&quot;}\"><strong>QUINTO SEMESTRE | SECCION B<\/strong><\/td>\n<\/tr>\n<tr>\n<td data-sheets-value=\"{&quot;1&quot;:2,&quot;2&quot;:&quot;025|Historia de Guatemala II Secci\u00f3n: B Profesor: Lic. Luis David Winter Luther&quot;}\">025|Historia de Guatemala II &#8211; Lic. Luis David Winter Luther<\/td>\n<td style=\"text-align: center;\" colspan=\"3\" rowspan=\"1\"><a href=\"https:\/\/drive.google.com\/file\/d\/1XMsTrWYMPanIFqmW_znsymhMdStb5KGY\/view?usp=sharing\" target=\"_blank\" rel=\"noopener\">Ver Acta<\/a><\/p>\n<p><a href=\"https:\/\/drive.google.com\/file\/d\/1ybDKqn3uCDKb0rX7l7ks5J48rbvSES61\/view?usp=sharing\" target=\"_blank\" rel=\"noopener\">1era. Oportunidad de Recuperaci\u00f3n<\/a><\/p>\n<p><a href=\"https:\/\/drive.google.com\/file\/d\/18I0h-tgLiI42ekOjAN2Pb-T0p8ilpHJA\/view?usp=sharing\" target=\"_blank\" rel=\"noopener\">2da. Oportunidad de Recuperaci\u00f3n<\/a><\/td>\n<\/tr>\n<tr>\n<td data-sheets-value=\"{&quot;1&quot;:2,&quot;2&quot;:&quot;066|Teor\u00eda de las Relaciones Internacionales II Secci\u00f3n: B Profesor: Mtra. Beatriz Eugenia Bola\u00f1os Sagastume&quot;}\">066|Teor\u00eda de las Relaciones Internacionales II &#8211; Mtra. Beatriz Eugenia Bola\u00f1os Sagastume<\/td>\n<td style=\"text-align: center;\" colspan=\"3\" rowspan=\"1\"><a href=\"https:\/\/drive.google.com\/file\/d\/1Snj34CjAI8wgLRl8KlxqPqo6JEsMtMPu\/view?usp=sharing\" target=\"_blank\" rel=\"noopener\">Ver Acta<\/a><\/p>\n<p><a href=\"https:\/\/drive.google.com\/file\/d\/1z7nMYVKVhMaiqMPuHUFUIHp6ZYE2S_9K\/view?usp=sharing\" target=\"_blank\" rel=\"noopener\">2da. Oportunidad de Recuperaci\u00f3n<\/a><\/td>\n<\/tr>\n<tr>\n<td data-sheets-value=\"{&quot;1&quot;:2,&quot;2&quot;:&quot;067|An\u00e1lisis de la Pol\u00edtica Internacional II Secci\u00f3n: B Profesor: Mtra. Sory Vanessa G\u00f3mez Ram\u00edrez&quot;}\">067|An\u00e1lisis de la Pol\u00edtica Internacional II &#8211; Mtra. Sory Vanessa G\u00f3mez Ram\u00edrez<\/td>\n<td style=\"text-align: center;\" colspan=\"3\" rowspan=\"1\"><a href=\"https:\/\/drive.google.com\/file\/d\/1x2qPmeO8QE0Q-hMGmbKQ55xLLA4JAuMf\/view?usp=sharing\" target=\"_blank\" rel=\"noopener\">Ver Acta<\/a><\/td>\n<\/tr>\n<tr>\n<td data-sheets-value=\"{&quot;1&quot;:2,&quot;2&quot;:&quot;068|Derecho Internacional P\u00fablico Secci\u00f3n: B Profesor: Mtra. Ruth Teresa J\u00e1come Pinto&quot;}\"><span data-sheets-value=\"{&quot;1&quot;:2,&quot;2&quot;:&quot;068|Derecho Internacional P\u00fablico Secci\u00f3n: B Profesor: Mtra. Ruth Teresa J\u00e1come Pinto&quot;}\" data-sheets-userformat=\"{&quot;2&quot;:31617,&quot;3&quot;:{&quot;1&quot;:0},&quot;10&quot;:2,&quot;11&quot;:0,&quot;12&quot;:0,&quot;14&quot;:{&quot;1&quot;:2,&quot;2&quot;:0},&quot;15&quot;:&quot;Calibri&quot;,&quot;16&quot;:11,&quot;17&quot;:1}\">068|Derecho Internacional P\u00fablico &#8211; Mtra. Ruth Teresa J\u00e1come Pinto<\/span><\/td>\n<td style=\"text-align: center;\" colspan=\"3\" rowspan=\"1\"><a href=\"https:\/\/drive.google.com\/file\/d\/1NsAycZGuEyY8zCNi8zPhkY42sM67Wh-C\/view?usp=sharing\" target=\"_blank\" rel=\"noopener\">Ver Acta<\/a><\/td>\n<\/tr>\n<tr>\n<td data-sheets-value=\"{&quot;1&quot;:2,&quot;2&quot;:&quot;069|Metodolog\u00eda para el An\u00e1lisis Pol\u00edtico Internacional Secci\u00f3n: B Profesor: Dr. Pablo Daniel Rangel Romero&quot;}\">069|Metodolog\u00eda para el An\u00e1lisis Pol\u00edtico Internacional &#8211; Dr. Pablo Daniel Rangel Romero<\/td>\n<td style=\"text-align: center;\" colspan=\"3\" rowspan=\"1\"><a href=\"https:\/\/drive.google.com\/file\/d\/1sSqPgStOTusxb7pf3RtT_O25PVVMTCnE\/view?usp=sharing\" target=\"_blank\" rel=\"noopener\">Ver Acta<\/a><\/p>\n<p><a href=\"https:\/\/drive.google.com\/file\/d\/1VOw8iq7F7Rzdw2SjJ9hqozSOsfGcdr96\/view?usp=sharing\" target=\"_blank\" rel=\"noopener\">1era. Oportunidad de Recuperaci\u00f3n<\/a><\/td>\n<\/tr>\n<\/tbody>\n<\/table>\n<h2 style=\"text-align: left;\"><strong>S\u00e9ptimo Semestre Secciones A y B<\/strong><\/h2>\n<table dir=\"ltr\" border=\"1\" cellspacing=\"0\" cellpadding=\"0\">\n<colgroup>\n<col width=\"664\" \/>\n<col width=\"42\" \/>\n<col width=\"51\" \/>\n<col width=\"97\" \/><\/colgroup>\n<tbody>\n<tr>\n<td style=\"text-align: center;\" colspan=\"4\" rowspan=\"1\" data-sheets-value=\"{&quot;1&quot;:2,&quot;2&quot;:&quot;SEPTIMO SEMESTRE | SOCIOLOGIA | SECCION A&quot;}\"><strong>SEPTIMO SEMESTRE | SECCION A<\/strong><\/td>\n<\/tr>\n<tr>\n<td data-sheets-value=\"{&quot;1&quot;:2,&quot;2&quot;:&quot;076|Organismos Internacionales II Secci\u00f3n: A Profesor: Licda. Ingrid Adriana Rivera Barillas&quot;}\">076|Organismos Internacionales II &#8211; Licda. Ingrid Adriana Rivera Barillas<\/td>\n<td style=\"text-align: center;\" colspan=\"3\" rowspan=\"1\"><a href=\"https:\/\/drive.google.com\/file\/d\/1kJSDXn1p9uKtwIghufVsuvzDvCv0pNEm\/view?usp=sharing\" target=\"_blank\" rel=\"noopener\">Ver Acta<\/a><\/td>\n<\/tr>\n<tr>\n<td data-sheets-value=\"{&quot;1&quot;:2,&quot;2&quot;:&quot;077|Geopol\u00edtica Secci\u00f3n: A Profesor: Mtro. Oscar Arturo Vel\u00e1squez Berrios&quot;}\">077|Geopol\u00edtica &#8211; Mtro. Oscar Arturo Vel\u00e1squez Berrios<\/td>\n<td style=\"text-align: center;\" colspan=\"3\" rowspan=\"1\"><a href=\"https:\/\/drive.google.com\/file\/d\/1YX_-C93XCb5zbxM8Ikz3z34UXJNmuyDr\/view?usp=sharing\" target=\"_blank\" rel=\"noopener\">Ver Acta<\/a><\/td>\n<\/tr>\n<tr>\n<td data-sheets-value=\"{&quot;1&quot;:2,&quot;2&quot;:&quot;078|Cooperaci\u00f3n Internacional al Desarrollo Secci\u00f3n: A Profesor: Lic. Oscar Estuardo Bautista Soto&quot;}\">078|Cooperaci\u00f3n Internacional al Desarrollo &#8211; Lic. Oscar Estuardo Bautista Soto<\/td>\n<td style=\"text-align: center;\" colspan=\"3\" rowspan=\"1\"><a href=\"https:\/\/drive.google.com\/file\/d\/17I04kZ_v_eUDC3s3_DrBhA3eC0mBneCi\/view?usp=sharing\" target=\"_blank\" rel=\"noopener\">Ver Acta<\/a><\/td>\n<\/tr>\n<tr>\n<td data-sheets-value=\"{&quot;1&quot;:2,&quot;2&quot;:&quot;079|Metodolog\u00eda de la Investigaci\u00f3n Aplicada a las Relaciones Internacionales Secci\u00f3n: A Profesor: Mtra. Paola Beatriz Gonz\u00e1lez Rosales&quot;}\">079|Metodolog\u00eda de la Investigaci\u00f3n Aplicada a las Relaciones Internacionales &#8211; Mtra. Paola Beatriz Gonz\u00e1lez Rosales<\/td>\n<td style=\"text-align: center;\" colspan=\"3\" rowspan=\"1\"><a href=\"https:\/\/drive.google.com\/file\/d\/1GW1_-56yiTAoGHhdC3RXwL7csuUXKAPT\/view?usp=sharing\" target=\"_blank\" rel=\"noopener\">Ver Acta<\/a><\/td>\n<\/tr>\n<tr>\n<td data-sheets-value=\"{&quot;1&quot;:2,&quot;2&quot;:&quot;081|An\u00e1lisis de los Conflictos Internacionales Contempor\u00e1neos Secci\u00f3n: A Profesor: Mtro. Luis Rodolfo D\u00e1vila S\u00e1nchez&quot;}\">081|An\u00e1lisis de los Conflictos Internacionales Contempor\u00e1neos &#8211; Mtro. Luis Rodolfo D\u00e1vila S\u00e1nchez<\/td>\n<td style=\"text-align: center;\" colspan=\"3\" rowspan=\"1\"><a href=\"https:\/\/drive.google.com\/file\/d\/1yW1RHAFopXVuzUUAfnKL2GsmlTrrbDpy\/view?usp=sharing\" target=\"_blank\" rel=\"noopener\">Ver Acta<\/a><\/td>\n<\/tr>\n<\/tbody>\n<\/table>\n<h2><\/h2>\n<table dir=\"ltr\" border=\"1\" cellspacing=\"0\" cellpadding=\"0\">\n<colgroup>\n<col width=\"664\" \/>\n<col width=\"42\" \/>\n<col width=\"51\" \/>\n<col width=\"97\" \/><\/colgroup>\n<tbody>\n<tr>\n<td style=\"text-align: center;\" colspan=\"4\" rowspan=\"1\" data-sheets-value=\"{&quot;1&quot;:2,&quot;2&quot;:&quot;SEPTIMO SEMESTRE | SOCIOLOGIA | SECCION B&quot;}\"><strong>SEPTIMO SEMESTRE | SECCION B<\/strong><\/td>\n<\/tr>\n<tr>\n<td data-sheets-value=\"{&quot;1&quot;:2,&quot;2&quot;:&quot;076|Organismos Internacionales II Secci\u00f3n: B Profesor: Mtra. Mayra Villatoro del Valle&quot;}\">076|Organismos Internacionales II &#8211; Mtra. Mayra Villatoro del Valle<\/td>\n<td style=\"text-align: center;\" colspan=\"3\" rowspan=\"1\"><a href=\"https:\/\/drive.google.com\/file\/d\/1CLRnxKC6eKy-9ZNGiuNMnf0tTwStI9Ee\/view?usp=sharing\" target=\"_blank\" rel=\"noopener\">Ver Acta<\/a><\/td>\n<\/tr>\n<tr>\n<td data-sheets-value=\"{&quot;1&quot;:2,&quot;2&quot;:&quot;077|Geopol\u00edtica Secci\u00f3n: B Profesor: Dr. Herberth Estuardo Meneses Coronado&quot;}\">077|Geopol\u00edtica &#8211; Dr. Herberth Estuardo Meneses Coronado<\/td>\n<td style=\"text-align: center;\" colspan=\"3\" rowspan=\"1\"><a href=\"https:\/\/drive.google.com\/file\/d\/17NaXgxowQxJYn5z_I8mhNPUC5hiA2lO8\/view?usp=sharing\" target=\"_blank\" rel=\"noopener\">Ver Acta<\/a><\/td>\n<\/tr>\n<tr>\n<td data-sheets-value=\"{&quot;1&quot;:2,&quot;2&quot;:&quot;078|Cooperaci\u00f3n Internacional al Desarrollo Secci\u00f3n: B Profesor: Lic. Oscar Estuardo Bautista Soto&quot;}\">078|Cooperaci\u00f3n Internacional al Desarrollo &#8211; Lic. Oscar Estuardo Bautista Soto<\/td>\n<td style=\"text-align: center;\" colspan=\"3\" rowspan=\"1\"><a href=\"https:\/\/drive.google.com\/file\/d\/1p_FgxPPcOq1mKKh44V7UKonRNVz_UdwU\/view?usp=sharing\" target=\"_blank\" rel=\"noopener\">Ver Acta<\/a><\/td>\n<\/tr>\n<tr>\n<td data-sheets-value=\"{&quot;1&quot;:2,&quot;2&quot;:&quot;079|Metodolog\u00eda de la Investigaci\u00f3n Aplicada a las Relaciones Internacionales Secci\u00f3n: B Profesor: Licda. Rosaura Ermelinda Raguex Morales&quot;}\">079|Metodolog\u00eda de la Investigaci\u00f3n Aplicada a las Relaciones Internacionales &#8211; Licda. Rosaura Ermelinda Raguex Morales<\/td>\n<td style=\"text-align: center;\" colspan=\"3\" rowspan=\"1\"><a href=\"https:\/\/drive.google.com\/file\/d\/1p7gkV1IH_sx3Wm-eZUKF-tZDqtpMy3Gt\/view?usp=sharing\" target=\"_blank\" rel=\"noopener\">Ver Acta<\/a><\/p>\n<p><a href=\"https:\/\/drive.google.com\/file\/d\/1GZyomMKxJg9nZDE6sV_fpEadhCv3OxaS\/view?usp=sharing\" target=\"_blank\" rel=\"noopener\">1era. Oportunidad de Recuperaci\u00f3n<\/a><\/p>\n<p><a href=\"https:\/\/drive.google.com\/file\/d\/1HPS3V90iZnbRV3X_6p7mg4LRLglTHLfV\/view?usp=sharing\" target=\"_blank\" rel=\"noopener\">2da. Oportunidad de Recuperaci\u00f3n<\/a><\/td>\n<\/tr>\n<tr>\n<td data-sheets-value=\"{&quot;1&quot;:2,&quot;2&quot;:&quot;080|An\u00e1lisis de Coyuntura Internacional Secci\u00f3n: B Profesor: Mtra. Ana Luc\u00eda Ram\u00edrez Escalante&quot;}\">080|An\u00e1lisis de Coyuntura Internacional &#8211; Mtra. Ana Luc\u00eda Ram\u00edrez Escalante<\/td>\n<td style=\"text-align: center;\" colspan=\"3\" rowspan=\"1\"><a href=\"https:\/\/drive.google.com\/file\/d\/1KjQxzqNkUJnXLEwEZPkKqJmZR-4Uik-N\/view?usp=sharing\" target=\"_blank\" rel=\"noopener\">Ver Acta<\/a><\/td>\n<\/tr>\n<\/tbody>\n<\/table>\n<h2 style=\"text-align: left;\"><strong>Noveno Semestre Secciones A y B<\/strong><\/h2>\n<table dir=\"ltr\" border=\"1\" cellspacing=\"0\" cellpadding=\"0\">\n<colgroup>\n<col width=\"664\" \/>\n<col width=\"42\" \/>\n<col width=\"51\" \/>\n<col width=\"97\" \/><\/colgroup>\n<tbody>\n<tr>\n<td style=\"text-align: center;\" colspan=\"4\" rowspan=\"1\" data-sheets-value=\"{&quot;1&quot;:2,&quot;2&quot;:&quot;NOVENO SEMESTRE | SOCIOLOGIA | SECCION A&quot;}\"><strong>NOVENO SEMESTRE | SECCION A<\/strong><\/td>\n<\/tr>\n<tr>\n<td data-sheets-value=\"{&quot;1&quot;:2,&quot;2&quot;:&quot;050|Dise\u00f1o de Investigaci\u00f3n de Tesis II Secci\u00f3n: A Profesor: Licda. Karen Johana Ar\u00e9valo Mej\u00eda&quot;}\">050|Dise\u00f1o de Investigaci\u00f3n de Tesis II Secci\u00f3n: A Profesor: Licda. Karen Johana Ar\u00e9valo Mej\u00eda<\/td>\n<td style=\"text-align: center;\" colspan=\"3\" rowspan=\"1\"><a href=\"https:\/\/drive.google.com\/file\/d\/1QlEOmy59H2lHh1yq9chYYzCq1HD-XtDA\/view?usp=sharing\" target=\"_blank\" rel=\"noopener\">Ver Acta<\/a><\/p>\n<p><a href=\"https:\/\/drive.google.com\/file\/d\/10T1GTWutpxuZkHRv725106ZfP2vw8XnH\/view?usp=sharing\" target=\"_blank\" rel=\"noopener\">1era. Oportunidad de Recuperaci\u00f3n<\/a><\/td>\n<\/tr>\n<tr>\n<td data-sheets-value=\"{&quot;1&quot;:2,&quot;2&quot;:&quot;095|Seguridad Democr\u00e1tica Secci\u00f3n: A Profesor: Mtro. Jorge David Calvo Drago&quot;}\">095|Seguridad Democr\u00e1tica Secci\u00f3n: A Profesor: Mtro. Jorge David Calvo Drago<\/td>\n<td style=\"text-align: center;\" colspan=\"3\" rowspan=\"1\"><a href=\"https:\/\/drive.google.com\/file\/d\/12gT3OYVoPSQ-YgHeOR2vVMFzgmliCc_h\/view?usp=sharing\" target=\"_blank\" rel=\"noopener\">Ver Acta<\/a><\/td>\n<\/tr>\n<tr>\n<td data-sheets-value=\"{&quot;1&quot;:2,&quot;2&quot;:&quot;096|Paz y Seguridad Internacional Secci\u00f3n: A Profesor: Dra. Claudine Ogaldez Cruz&quot;}\">096|Paz y Seguridad Internacional Secci\u00f3n: A Profesor: Dra. Claudine Ogaldez Cruz<\/td>\n<td style=\"text-align: center;\" colspan=\"3\" rowspan=\"1\"><a href=\"https:\/\/drive.google.com\/file\/d\/1qp-u8or8z7otlzticiVazfdTQw8-fs5d\/view?usp=sharing\" target=\"_blank\" rel=\"noopener\">Ver Acta<\/a><\/td>\n<\/tr>\n<tr>\n<td data-sheets-value=\"{&quot;1&quot;:2,&quot;2&quot;:&quot;097|Seminario sobre Problemas Actuales de la Seguridad Internacional Secci\u00f3n: A Profesor: Mtro. Luis Rodolfo D\u00e1vila S\u00e1nchez&quot;}\">097|Seminario sobre Problemas Actuales de la Seguridad Internacional Secci\u00f3n: A Profesor: Mtro. Luis Rodolfo D\u00e1vila S\u00e1nchez<\/td>\n<td style=\"text-align: center;\" colspan=\"3\" rowspan=\"1\"><a href=\"https:\/\/drive.google.com\/file\/d\/13lEZgYUVZDPmDsNiQk-Wz8fnAU4coWhE\/view?usp=sharing\" target=\"_blank\" rel=\"noopener\">Ver Acta<\/a><\/td>\n<\/tr>\n<tr>\n<td data-sheets-value=\"{&quot;1&quot;:2,&quot;2&quot;:&quot;098|Amenazas y Riesgos a la Seguridad Internacional Secci\u00f3n: A Profesor: Lic. Jos\u00e9 Gilberto Cortez Chac\u00f3n&quot;}\">098|Amenazas y Riesgos a la Seguridad Internacional Secci\u00f3n: A Profesor: Lic. Jos\u00e9 Gilberto Cortez Chac\u00f3n<\/td>\n<td style=\"text-align: center;\" colspan=\"3\" rowspan=\"1\"><a href=\"https:\/\/drive.google.com\/file\/d\/1ugK8nZaZWgqglHwKAyKGESy0BrrEL64j\/view?usp=sharing\" target=\"_blank\" rel=\"noopener\">Ver Acta<\/a><\/p>\n<p><a href=\"https:\/\/drive.google.com\/file\/d\/1RG6mVaOXah44b5CBz-hZyptbn_O_odrl\/view?usp=sharing\" target=\"_blank\" rel=\"noopener\">1era. Oportunidad de Recuperaci\u00f3n<\/a><\/p>\n<p><a href=\"https:\/\/drive.google.com\/file\/d\/1ASaWOn6ogRvwwaKgOqHqYu3aVH5wgSdy\/view?usp=sharing\" target=\"_blank\" rel=\"noopener\">2da. Oportunidad de Recuperaci\u00f3n<\/a><\/td>\n<\/tr>\n<\/tbody>\n<\/table>\n<h4><\/h4>\n<table dir=\"ltr\" border=\"1\" cellspacing=\"0\" cellpadding=\"0\">\n<colgroup>\n<col width=\"664\" \/>\n<col width=\"42\" \/>\n<col width=\"51\" \/>\n<col width=\"97\" \/><\/colgroup>\n<tbody>\n<tr>\n<td style=\"text-align: center;\" colspan=\"4\" rowspan=\"1\" data-sheets-value=\"{&quot;1&quot;:2,&quot;2&quot;:&quot;NOVENO SEMESTRE | SOCIOLOGIA | SECCION B&quot;}\"><strong>NOVENO SEMESTRE | SECCION B<\/strong><\/td>\n<\/tr>\n<tr>\n<td data-sheets-value=\"{&quot;1&quot;:2,&quot;2&quot;:&quot;050|Dise\u00f1o de Investigaci\u00f3n de Tesis II Secci\u00f3n: B Profesor: Mtro. Rashid Ricardo Alquijay&quot;}\">050|Dise\u00f1o de Investigaci\u00f3n de Tesis II Secci\u00f3n: B Profesor: Licda. Karen Johana Ar\u00e9valo Mej\u00eda<\/td>\n<td style=\"text-align: center;\" colspan=\"3\" rowspan=\"1\"><a href=\"https:\/\/drive.google.com\/file\/d\/130Zz8Z7TQX4WT3CLu8gGzMcEuKYFifFg\/view?usp=sharing\" target=\"_blank\" rel=\"noopener\">Ver Acta<\/a><\/td>\n<\/tr>\n<tr>\n<td data-sheets-value=\"{&quot;1&quot;:2,&quot;2&quot;:&quot;087|Seminario de Globalizaci\u00f3n Secci\u00f3n: B Profesor: Mtra. Ruth Teresa J\u00e1come Pinto&quot;}\">087|Seminario de Globalizaci\u00f3n Secci\u00f3n: B Profesor: Mtra. Ruth Teresa J\u00e1come Pinto<\/td>\n<td style=\"text-align: center;\" colspan=\"3\" rowspan=\"1\"><a href=\"https:\/\/drive.google.com\/file\/d\/15jEGwb_RL3M1lHQfdiY0YYrNfjR58vMP\/view?usp=sharing\" target=\"_blank\" rel=\"noopener\">Ver Acta<\/a><\/td>\n<\/tr>\n<tr>\n<td data-sheets-value=\"{&quot;1&quot;:2,&quot;2&quot;:&quot;088|Seminario de Econom\u00eda Pol\u00edtica Internacional Secci\u00f3n: B Profesor: Mtra. Mar\u00eda Elena Izquierdo Merlo&quot;}\">088|Seminario de Econom\u00eda Pol\u00edtica Internacional Secci\u00f3n: B Profesor: Mtra. Mar\u00eda Elena Izquierdo Merlo<\/td>\n<td style=\"text-align: center;\" colspan=\"3\" rowspan=\"1\"><a href=\"https:\/\/drive.google.com\/file\/d\/1XBCI4zzw4kxDmlbVk518Rmcbk8DvXf2A\/view?usp=sharing\" target=\"_blank\" rel=\"noopener\">Ver Acta<\/a><\/td>\n<\/tr>\n<tr>\n<td data-sheets-value=\"{&quot;1&quot;:2,&quot;2&quot;:&quot;089|Pol\u00edtica Exterior de Estados Unidos Secci\u00f3n: B Profesor: Lic. Jos\u00e9 Gilberto Cortez Chac\u00f3n&quot;}\">089|Pol\u00edtica Exterior de Estados Unidos Secci\u00f3n: B Profesor: Lic. Jos\u00e9 Gilberto Cortez Chac\u00f3n<\/td>\n<td style=\"text-align: center;\" colspan=\"3\" rowspan=\"1\"><a href=\"https:\/\/drive.google.com\/file\/d\/1bKeL5NhS5VdeZ7PJr0mGpgizR4iaxaJS\/view?usp=sharing\" target=\"_blank\" rel=\"noopener\">Ver Acta<\/a><\/p>\n<p><a href=\"https:\/\/drive.google.com\/file\/d\/1ipZg9TQT1JZSjpKtxhVo2OJJXzpbiS_X\/view?usp=sharing\" target=\"_blank\" rel=\"noopener\">1era. Oportunidad de Recuperaci\u00f3n<\/a><\/p>\n<p><a href=\"https:\/\/drive.google.com\/file\/d\/1AQXXpR5wU76ZolUz41ngzYoc4l-uFrhw\/view?usp=sharing\" target=\"_blank\" rel=\"noopener\">2da. Oportunidad de Recuperaci\u00f3n<\/a><\/td>\n<\/tr>\n<tr>\n<td data-sheets-value=\"{&quot;1&quot;:2,&quot;2&quot;:&quot;090|Estudios Regionales: Am\u00e9rica Latina Secci\u00f3n: B Profesor: Lic. Williams Alejandro Alvarez de Le\u00f3n&quot;}\">090|Estudios Regionales: Am\u00e9rica Latina Secci\u00f3n: B Profesor: Lic. Williams Alejandro Alvarez de Le\u00f3n<\/td>\n<td style=\"text-align: center;\" colspan=\"3\" rowspan=\"1\"><a href=\"https:\/\/drive.google.com\/file\/d\/14thilCT7ecxwzS7ztig0Jq5ARgKnhyHI\/view?usp=sharing\" target=\"_blank\" rel=\"noopener\">Ver Acta<\/a><\/td>\n<\/tr>\n<\/tbody>\n<\/table>\n<h4><a href=\"https:\/\/cienciapolitica.usac.edu.gt?page_id=4734\"><strong>&lt;&lt;\u00a0Regresar<\/strong><\/a><\/h4>\n","protected":false},"excerpt":{"rendered":"<p>&lt;&lt;\u00a0Regresar Consulta de Notas de Fin de Curso Licenciatura en Relaciones Internacionales Quinto Semestre Secciones A y B QUINTO SEMESTRE |\u00a0 SECCION A 025|Historia de Guatemala II &#8211; Licda. Cecile Paola Tahuico Guzm\u00e1n Ver Acta 1era. Oportunidad de Recuperaci\u00f3n 2da. Oportunidad de Recuperaci\u00f3n 066|Teor\u00eda de las Relaciones Internacionales II &#8211; Mtra. Mercedes de la Luz [&hellip;]<\/p>\n","protected":false},"author":101012,"featured_media":0,"parent":0,"menu_order":0,"comment_status":"closed","ping_status":"closed","template":"","meta":[],"_links":{"self":[{"href":"https:\/\/cienciapolitica.usac.edu.gt\/index.php?rest_route=\/wp\/v2\/pages\/4768"}],"collection":[{"href":"https:\/\/cienciapolitica.usac.edu.gt\/index.php?rest_route=\/wp\/v2\/pages"}],"about":[{"href":"https:\/\/cienciapolitica.usac.edu.gt\/index.php?rest_route=\/wp\/v2\/types\/page"}],"author":[{"embeddable":true,"href":"https:\/\/cienciapolitica.usac.edu.gt\/index.php?rest_route=\/wp\/v2\/users\/101012"}],"replies":[{"embeddable":true,"href":"https:\/\/cienciapolitica.usac.edu.gt\/index.php?rest_route=%2Fwp%2Fv2%2Fcomments&post=4768"}],"version-history":[{"count":56,"href":"https:\/\/cienciapolitica.usac.edu.gt\/index.php?rest_route=\/wp\/v2\/pages\/4768\/revisions"}],"predecessor-version":[{"id":10850,"href":"https:\/\/cienciapolitica.usac.edu.gt\/index.php?rest_route=\/wp\/v2\/pages\/4768\/revisions\/10850"}],"wp:attachment":[{"href":"https:\/\/cienciapolitica.usac.edu.gt\/index.php?rest_route=%2Fwp%2Fv2%2Fmedia&parent=4768"}],"curies":[{"name":"wp","href":"https:\/\/api.w.org\/{rel}","templated":true}]}}