{"id":476,"date":"2013-06-14T23:54:58","date_gmt":"2013-06-14T23:54:58","guid":{"rendered":"http:\/\/sitios.usac.edu.gt\/wp_cienciapolitica\/?page_id=476"},"modified":"2020-05-08T22:59:50","modified_gmt":"2020-05-08T22:59:50","slug":"aplicacion-de-examenes","status":"publish","type":"page","link":"https:\/\/cienciapolitica.usac.edu.gt\/?page_id=476","title":{"rendered":"Aplicaci\u00f3n de Ex\u00e1menes 2021"},"content":{"rendered":"<p>&nbsp;<\/p>\n<table border=\"1\">\n<tbody>\n<tr>\n<td>&lt;<\/p>\n<h3><span style=\"color: #0000ff;\"> *\u00a0<\/span><\/h3>\n<h1><span style=\"color: #800000;\">Bienvenid@ a la Escuela de Ciencia Politica<\/span><\/h1>\n<h3>Mensaje del Coordinador de Ciencia Politica<\/h3>\n<p>&nbsp;<\/p>\n<div style=\"width: 640px;\" class=\"wp-video\"><!--[if lt IE 9]><script>document.createElement('video');<\/script><![endif]-->\n<video class=\"wp-video-shortcode\" id=\"video-476-1\" width=\"640\" height=\"360\" preload=\"metadata\" controls=\"controls\"><source type=\"video\/mp4\" src=\"https:\/\/cienciapolitica.usac.edu.gtwp-content\/uploads\/2020\/05\/0403-02013Avideo2FMi20pelC3ADcula205.mp4?_=1\" \/><a href=\"https:\/\/cienciapolitica.usac.edu.gtwp-content\/uploads\/2020\/05\/0403-02013Avideo2FMi20pelC3ADcula205.mp4\">https:\/\/cienciapolitica.usac.edu.gtwp-content\/uploads\/2020\/05\/0403-02013Avideo2FMi20pelC3ADcula205.mp4<\/a><\/video><\/div>\n<div style=\"width: 720px;\" class=\"wp-video\"><video class=\"wp-video-shortcode\" id=\"video-476-2\" width=\"720\" height=\"720\" preload=\"metadata\" controls=\"controls\"><source type=\"video\/mp4\" src=\"https:\/\/cienciapolitica.usac.edu.gtwp-content\/uploads\/2020\/05\/KIZOA-Movie-Maker-e3j62zr7.mp4?_=2\" \/><a href=\"https:\/\/cienciapolitica.usac.edu.gtwp-content\/uploads\/2020\/05\/KIZOA-Movie-Maker-e3j62zr7.mp4\">https:\/\/cienciapolitica.usac.edu.gtwp-content\/uploads\/2020\/05\/KIZOA-Movie-Maker-e3j62zr7.mp4<\/a><\/video><\/div>\n<h3>puedde de acceder al mensaje de la Coordinadora de Relaciones Internacionales<\/h3>\n<p><a href=\"https:\/\/drive.google.com\/file\/d\/1doEinvC_6nPAkB5n9qvJ1s9j0PuYarY0\/view\" target=\"_blank\" rel=\"noopener\">https:\/\/drive.google.com\/file\/d\/1doEinvC_6nPAkB5n9qvJ1s9j0PuYarY0\/view<\/a><\/p>\n<p>&nbsp;<\/p>\n<h2>Para poder ingrear a esta unidad academica deben tener ganado los examenes basicos de Matematicas Y Lenguaje<\/h2>\n<p>&nbsp;<\/p>\n<h2><\/h2>\n<p>&nbsp;<\/p>\n<p>&nbsp;<\/p>\n<h1><span style=\"color: #993366;\">Calendario de Pruebas B\u00e1sicas\u00a0<\/span><\/h1>\n<h1>** MATEM\u00c1TICAS<\/h1>\n<h1>**LENGUAJE<\/h1>\n<p>pueden consultar\u00a0 en\u00a0<a href=\"http:\/\/Sistema de Ubicaci\u00f3n y Nivelaci\u00f3n SUN\" target=\"_blank\" rel=\"noopener\">Sistema de Ubicaci\u00f3n y Nivelaci\u00f3n SUN<\/a><\/p>\n<p><a href=\"https:\/\/cienciapolitica.usac.edu.gtwp-content\/uploads\/2020\/05\/basicos.jpg\" target=\"_blank\" rel=\"noopener\"><img decoding=\"async\" loading=\"lazy\" class=\"alignright size-full wp-image-3023\" src=\"https:\/\/cienciapolitica.usac.edu.gtwp-content\/uploads\/2020\/05\/basicos.jpg\" alt=\"\" width=\"946\" height=\"960\" srcset=\"https:\/\/cienciapolitica.usac.edu.gt\/wp-content\/uploads\/2020\/05\/basicos.jpg 946w, https:\/\/cienciapolitica.usac.edu.gt\/wp-content\/uploads\/2020\/05\/basicos-296x300.jpg 296w, https:\/\/cienciapolitica.usac.edu.gt\/wp-content\/uploads\/2020\/05\/basicos-768x779.jpg 768w\" sizes=\"(max-width: 946px) 100vw, 946px\" \/><\/a><\/p>\n<hr \/>\n<h2 style=\"text-align: left;\">La Escuela de\u00a0<strong>Ciencia pol\u00edtica \u00a0te ofrece 3 carreras:<\/strong><\/h2>\n<h2>Ciencia Pol\u00edtica<\/h2>\n<h2>Sociolog\u00eda<\/h2>\n<h2>Relaciones Internacionales<\/h2>\n<p>&nbsp;<\/p>\n<p>&nbsp;<\/p>\n<h1><span style=\"color: #993366;\">Calendario de Prueba Especifica Escuela de Ciencia Pol\u00edtica<\/span><\/h1>\n<p><a href=\"https:\/\/cienciapolitica.usac.edu.gtwp-content\/uploads\/2020\/05\/calendario.jpg\" target=\"_blank\" rel=\"noopener\"><img decoding=\"async\" loading=\"lazy\" class=\"alignright size-full wp-image-3025\" src=\"https:\/\/cienciapolitica.usac.edu.gtwp-content\/uploads\/2020\/05\/calendario.jpg\" alt=\"\" width=\"1650\" height=\"1275\" srcset=\"https:\/\/cienciapolitica.usac.edu.gt\/wp-content\/uploads\/2020\/05\/calendario.jpg 1650w, https:\/\/cienciapolitica.usac.edu.gt\/wp-content\/uploads\/2020\/05\/calendario-300x232.jpg 300w, https:\/\/cienciapolitica.usac.edu.gt\/wp-content\/uploads\/2020\/05\/calendario-768x593.jpg 768w, https:\/\/cienciapolitica.usac.edu.gt\/wp-content\/uploads\/2020\/05\/calendario-1024x791.jpg 1024w\" sizes=\"(max-width: 1650px) 100vw, 1650px\" \/><\/a><\/p>\n<p>&nbsp;<\/p>\n<p>&nbsp;<\/p>\n<p>&nbsp;<\/p>\n<p><span style=\"text-decoration: underline;\"><span style=\"color: #800000; text-decoration: underline;\">Pasos para ingresar a la Universidad de San Carlos De Guatemala<\/span><\/span><\/p>\n<table border=\"1\" cellspacing=\"0\" cellpadding=\"0\" align=\"left\">\n<tbody>\n<tr>\n<td style=\"text-align: justify;\" valign=\"top\" width=\"144\">\n<h4>Primero<\/h4>\n<\/td>\n<td style=\"text-align: justify;\" valign=\"top\" width=\"144\">\n<h4>Asignaci\u00f3n del examen Vocacional<\/h4>\n<\/td>\n<td style=\"text-align: justify;\" valign=\"top\" width=\"144\">\n<h4>En Linea<\/h4>\n<\/td>\n<td style=\"text-align: justify;\" valign=\"top\" width=\"144\">\n<h4><a href=\"http:\/\/www.vocacional.usac.edu.gt\" target=\"_blank\" rel=\"noopener\">Examen vocacional<\/a><\/h4>\n<\/td>\n<\/tr>\n<tr style=\"text-align: justify;\">\n<td valign=\"top\" width=\"144\">\n<h4>Segundo<\/h4>\n<\/td>\n<td valign=\"top\" width=\"144\">\n<h4>Asignaci\u00f3n de Pruebas B\u00e1sicas<\/h4>\n<\/td>\n<td valign=\"top\" width=\"144\">\n<h4>\u00a0En el \u00a0SUM<\/h4>\n<\/td>\n<td valign=\"top\" width=\"144\">\n<h4>Mas informaci\u00f3n de pruebas B\u00e1sicas y Examen Vocacional en:\u00a0<a href=\"http:\/\/nuevos.usac.edu.gt\/\" target=\"_blank\" rel=\"noopener\">http:\/\/nuevos.usac.edu.gt\/<\/a><\/h4>\n<\/td>\n<\/tr>\n<tr style=\"text-align: justify;\">\n<td valign=\"top\" width=\"144\">\n<h4>Tercero<\/h4>\n<\/td>\n<td valign=\"top\" width=\"144\">\n<h4>\u00a0Asignaci\u00f3n \u00a0de Prueba Especifica<\/h4>\n<\/td>\n<td valign=\"top\" width=\"144\">\n<h4>En Linea<\/h4>\n<\/td>\n<td valign=\"top\" width=\"144\">\n<h4><a href=\"https:\/\/especificas.usac.edu.gt\/especificas\/cp28\/\" target=\"_blank\" rel=\"noopener\">http:\/\/www.usac.edu.gt\/especificas\/cp28\/<\/a><\/h4>\n<h4>O<\/h4>\n<\/td>\n<\/tr>\n<tr style=\"text-align: justify;\">\n<td valign=\"top\" width=\"144\">\n<h4>Mas Informaci\u00f3n<\/h4>\n<\/td>\n<td valign=\"top\" width=\"144\">\n<h4>\u00a0En la \u00a0pagina de la USAC :<\/h4>\n<\/td>\n<td valign=\"top\" width=\"144\"><\/td>\n<td valign=\"top\" width=\"144\">\n<h4><a href=\"http:\/\/www.usac.edu.gt\/\" target=\"_blank\" rel=\"noopener\">\u00a0http:\/\/www.usac.edu.gt\/<\/a><\/h4>\n<\/td>\n<\/tr>\n<tr style=\"text-align: justify;\">\n<td valign=\"top\" width=\"144\">\n<h4>Dudas o comentarios<\/h4>\n<\/td>\n<td valign=\"top\" width=\"144\">\n<h4>\u00a0al correo<\/h4>\n<\/td>\n<td valign=\"top\" width=\"144\"><\/td>\n<td valign=\"top\" width=\"144\">\n<h4>\u00a0cienciapolitica.primeringreso@gmail.com<\/h4>\n<\/td>\n<\/tr>\n<\/tbody>\n<\/table>\n<h4 style=\"text-align: justify;\"><\/h4>\n<table border=\"1\" cellspacing=\"0\" cellpadding=\"0\">\n<tbody>\n<tr>\n<td valign=\"top\" width=\"288\">Encargado de la\u00a0 Prueba<\/td>\n<td valign=\"top\" width=\"288\">Lic. Jos\u00e9 Gilberto Cortez Chac\u00f3n<\/td>\n<\/tr>\n<tr>\n<td valign=\"top\" width=\"288\">Horario de atenci\u00f3n al p\u00fablico<\/td>\n<td valign=\"top\" width=\"288\">\u00a0De 8:00 a 12:00 horas \u00a0lunes y viernes<\/td>\n<\/tr>\n<tr>\n<td valign=\"top\" width=\"288\">Correo Electr\u00f3nico<\/td>\n<td valign=\"top\" width=\"288\"><\/td>\n<\/tr>\n<tr>\n<td valign=\"top\" width=\"288\">N\u00famero de tel\u00e9fono<\/td>\n<td valign=\"top\" width=\"288\">24188702<\/td>\n<\/tr>\n<tr>\n<td valign=\"top\" width=\"288\">\u00a0Dudas o comentarios<\/td>\n<td valign=\"top\" width=\"288\">\u00a0cienciapolitica.primeringreso@gmail.com<\/td>\n<\/tr>\n<\/tbody>\n<\/table>\n<table border=\"1\" width=\"583\" cellspacing=\"0\" cellpadding=\"0\" align=\"left\">\n<tbody>\n<tr>\n<td valign=\"top\" width=\"288\">Contenidos de Evaluaci\u00f3n de la Prueba Espec\u00edfica:<\/td>\n<td valign=\"top\" width=\"295\">\n<ul>\n<li>Situaci\u00f3n nacional y mundial.<\/li>\n<li>Ciencias Sociales.<\/li>\n<li>Sistema pol\u00edtico y administrativo guatemalteco.<\/li>\n<li>Investigaci\u00f3n cient\u00edfica.<\/li>\n<li>Historia de Guatemala<\/li>\n<\/ul>\n<\/td>\n<\/tr>\n<tr>\n<td valign=\"top\" width=\"288\">Material de Respaldo. Bibliograf\u00eda a consultar:<\/td>\n<td valign=\"top\" width=\"295\">\n<ul>\n<li>Gil P\u00e9rez, rosario y Estuardo Orantes Lemus, Sociolog\u00eda de Guatemala. 6\u00aa. Ed., Sn Edit., Guatemala 1998.<\/li>\n<li>Pilo\u00f1a Ortiz, Gabriel Alfredo. M\u00e9todos y T\u00e9cnicas de Investigaci\u00f3n Documental y de Campo (Gu\u00eda Practica). 5\u00aa. Ed., Edit. CIMGRA, Guatemala 2004.<\/li>\n<li>Mart\u00ednez Pel\u00e1ez, Severo. La Patria del Criollo. 11\u00aa Ed. Edit. En \u201cMarcha\u201d, M\u00e9xico 1990<\/li>\n<li>Monz\u00f3n Garc\u00eda. Samuel Alfredo. Introducci\u00f3n de la Investigaci\u00f3n Cient\u00edfica. 2\u00aa. Sda., Edit. Oscar De Le\u00f3n Palacios. Guatemala 2000.<\/li>\n<li>Pardinas, Felipe. Metodolog\u00eda y T\u00e9cnicas de Investigaci\u00f3n en Ciencias Sociales. 16\u00aa. Ed., Edit. Siglo XXI, M\u00e9xico 1983<\/li>\n<li>Libros de texto de \u00a0b\u00e1sicos y diversificado (Relacionados con los temas).<\/li>\n<\/ul>\n<p>&nbsp;<\/td>\n<\/tr>\n<tr>\n<td valign=\"top\" width=\"288\">Forma de Asignaci\u00f3n<\/td>\n<td valign=\"top\" width=\"295\">\n<ul>\n<li>En linea<\/li>\n<li><a href=\"https:\/\/especificas.usac.edu.gt\/especificas\/cp28\/\" target=\"_blank\" rel=\"noopener\">\u00a0http:\/\/www.usac.edu.gt\/especificas\/cp28<\/a><a href=\"http:\/\/especificas.usac.edu.gt\/especificas\/cp28\/\" target=\"_blank\" rel=\"noopener\">\/<\/a><\/li>\n<li>Las 24 horas de d\u00eda<\/li>\n<\/ul>\n<p>Requisitos \u00a0haber ganado los ex\u00e1menes B\u00e1sicos de Matem\u00e1tica y Lenguaje.<\/td>\n<\/tr>\n<tr>\n<td valign=\"top\" width=\"288\">Asignaci\u00f3n para simultaneas o traslado de carrera<\/td>\n<td valign=\"top\" width=\"295\">\n<ul>\n<li>La asignaci\u00f3n \u00a0en presencial en el 2o. Nivel del Edificio M-5<\/li>\n<li>Requisitos constancia de \u00a0haber ganado los ex\u00e1menes B\u00e1sicos de Matem\u00e1tica y Lenguaje y No. de Orientaci\u00f3n Vocacional.<\/li>\n<\/ul>\n<\/td>\n<\/tr>\n<\/tbody>\n<\/table>\n<h2><\/h2>\n<h2><\/h2>\n<h2><\/h2>\n<h2><\/h2>\n<h1><\/h1>\n<h1><\/h1>\n<p>&nbsp;<\/p>\n<h1><\/h1>\n<h1><\/h1>\n<p>&nbsp;<\/td>\n<\/tr>\n<\/tbody>\n<\/table>\n<p><!--more--><\/p>\n","protected":false},"excerpt":{"rendered":"<p>&nbsp; &lt; *\u00a0 Bienvenid@ a la Escuela de Ciencia Politica Mensaje del Coordinador de Ciencia Politica &nbsp; puedde de acceder al mensaje de la Coordinadora de Relaciones Internacionales https:\/\/drive.google.com\/file\/d\/1doEinvC_6nPAkB5n9qvJ1s9j0PuYarY0\/view &nbsp; Para poder ingrear a esta unidad academica deben tener ganado los examenes basicos de Matematicas Y Lenguaje &nbsp; &nbsp; &nbsp; Calendario de Pruebas B\u00e1sicas\u00a0 ** [&hellip;]<\/p>\n","protected":false},"author":1,"featured_media":0,"parent":87,"menu_order":0,"comment_status":"open","ping_status":"closed","template":"","meta":[],"_links":{"self":[{"href":"https:\/\/cienciapolitica.usac.edu.gt\/index.php?rest_route=\/wp\/v2\/pages\/476"}],"collection":[{"href":"https:\/\/cienciapolitica.usac.edu.gt\/index.php?rest_route=\/wp\/v2\/pages"}],"about":[{"href":"https:\/\/cienciapolitica.usac.edu.gt\/index.php?rest_route=\/wp\/v2\/types\/page"}],"author":[{"embeddable":true,"href":"https:\/\/cienciapolitica.usac.edu.gt\/index.php?rest_route=\/wp\/v2\/users\/1"}],"replies":[{"embeddable":true,"href":"https:\/\/cienciapolitica.usac.edu.gt\/index.php?rest_route=%2Fwp%2Fv2%2Fcomments&post=476"}],"version-history":[{"count":69,"href":"https:\/\/cienciapolitica.usac.edu.gt\/index.php?rest_route=\/wp\/v2\/pages\/476\/revisions"}],"predecessor-version":[{"id":3026,"href":"https:\/\/cienciapolitica.usac.edu.gt\/index.php?rest_route=\/wp\/v2\/pages\/476\/revisions\/3026"}],"up":[{"embeddable":true,"href":"https:\/\/cienciapolitica.usac.edu.gt\/index.php?rest_route=\/wp\/v2\/pages\/87"}],"wp:attachment":[{"href":"https:\/\/cienciapolitica.usac.edu.gt\/index.php?rest_route=%2Fwp%2Fv2%2Fmedia&parent=476"}],"curies":[{"name":"wp","href":"https:\/\/api.w.org\/{rel}","templated":true}]}}