{"id":4522,"date":"2021-03-01T23:37:22","date_gmt":"2021-03-01T23:37:22","guid":{"rendered":"https:\/\/cienciapolitica.usac.edu.gt?page_id=4522"},"modified":"2024-09-05T21:51:15","modified_gmt":"2024-09-05T21:51:15","slug":"solicitud-de-certificaciones-de-cursos-aprobados","status":"publish","type":"page","link":"https:\/\/cienciapolitica.usac.edu.gt\/?page_id=4522","title":{"rendered":"Solicitud de Certificaciones de Cursos Aprobados"},"content":{"rendered":"\n<h3 class=\"wp-block-heading\">&nbsp;<\/h3>\n\n\n\n<h3 class=\"wp-block-heading\">Nota: Pedimos su comprensi\u00f3n y paciencia, para el envi\u00f3 de su certificado. El tiempo aproximado entre 8 y diez d\u00edas H\u00e1biles <\/h3>\n\n\n\n<h3 class=\"wp-block-heading\"><strong>Pasos para emitir la certificaci\u00f3n de cursos:<\/strong><\/h3>\n\n\n\n<p>1. Generar la orden de pago ingresando a:&nbsp;<a href=\"https:\/\/siif.usac.edu.gt\/pagousac\/login\/login.jsp\" target=\"_blank\" rel=\"noopener\" data-saferedirecturl=\"https:\/\/www.google.com\/url?q=https:\/\/siif.usac.edu.gt\/pagousac\/login\/login.jsp&amp;source=gmail&amp;ust=1620236181348000&amp;usg=AFQjCNHrdUsWlXPMiUQFPvkLbNQowPK4tg\">https:\/\/siif.usac.edu.<wbr>gt\/pagousac\/login\/login.jsp<\/a>&nbsp;(Si no recuerda su pin, este es el link donde puede recuperarlo:&nbsp;<a href=\"https:\/\/registro.usac.edu.gt\/index.php?ring=15\" target=\"_blank\" rel=\"noopener\" data-saferedirecturl=\"https:\/\/www.google.com\/url?q=https:\/\/registro.usac.edu.gt\/index.php?ring%3D15&amp;source=gmail&amp;ust=1620236181348000&amp;usg=AFQjCNFvU38ARtpmUfkuepj4GXMzlHE8tA\">https:\/\/registro.<wbr>usac.edu.gt\/index.php?ring=15<\/a>)<\/p>\n\n\n\n<p>2. Realizar el pago, en cualquiera de los siguientes bancos: Banrural, Bantrab o Gyt Continental.<\/p>\n\n\n\n<p>3. Llenar el formulario con los datos que se solicitan<\/p>\n\n\n<p><iframe loading=\"lazy\" src=\"https:\/\/docs.google.com\/forms\/d\/e\/1FAIpQLScNKVJ9X6GyEoseDi4pgLKU3y31foqwCO1iB0QsW-SaD2N5UA\/viewform?embedded=true\" width=\"640\" height=\"1740\" frameborder=\"0\" marginwidth=\"0\" marginheight=\"0\">Cargando\u2026<\/iframe><\/p>\n\n\n<p><\/p>\n","protected":false},"excerpt":{"rendered":"<p>&nbsp; Nota: Pedimos su comprensi\u00f3n y paciencia, para el envi\u00f3 de su certificado. El tiempo aproximado entre 8 y diez d\u00edas H\u00e1biles Pasos para emitir la certificaci\u00f3n de cursos: 1. Generar la orden de pago ingresando a:&nbsp;https:\/\/siif.usac.edu.gt\/pagousac\/login\/login.jsp&nbsp;(Si no recuerda su pin, este es el link donde puede recuperarlo:&nbsp;https:\/\/registro.usac.edu.gt\/index.php?ring=15) 2. Realizar el pago, en cualquiera de [&hellip;]<\/p>\n","protected":false},"author":101012,"featured_media":0,"parent":0,"menu_order":0,"comment_status":"closed","ping_status":"closed","template":"","meta":[],"_links":{"self":[{"href":"https:\/\/cienciapolitica.usac.edu.gt\/index.php?rest_route=\/wp\/v2\/pages\/4522"}],"collection":[{"href":"https:\/\/cienciapolitica.usac.edu.gt\/index.php?rest_route=\/wp\/v2\/pages"}],"about":[{"href":"https:\/\/cienciapolitica.usac.edu.gt\/index.php?rest_route=\/wp\/v2\/types\/page"}],"author":[{"embeddable":true,"href":"https:\/\/cienciapolitica.usac.edu.gt\/index.php?rest_route=\/wp\/v2\/users\/101012"}],"replies":[{"embeddable":true,"href":"https:\/\/cienciapolitica.usac.edu.gt\/index.php?rest_route=%2Fwp%2Fv2%2Fcomments&post=4522"}],"version-history":[{"count":9,"href":"https:\/\/cienciapolitica.usac.edu.gt\/index.php?rest_route=\/wp\/v2\/pages\/4522\/revisions"}],"predecessor-version":[{"id":9402,"href":"https:\/\/cienciapolitica.usac.edu.gt\/index.php?rest_route=\/wp\/v2\/pages\/4522\/revisions\/9402"}],"wp:attachment":[{"href":"https:\/\/cienciapolitica.usac.edu.gt\/index.php?rest_route=%2Fwp%2Fv2%2Fmedia&parent=4522"}],"curies":[{"name":"wp","href":"https:\/\/api.w.org\/{rel}","templated":true}]}}