{"id":4181,"date":"2020-11-11T06:08:14","date_gmt":"2020-11-11T06:08:14","guid":{"rendered":"https:\/\/cienciapolitica.usac.edu.gt?page_id=4181"},"modified":"2021-08-02T22:29:11","modified_gmt":"2021-08-02T22:29:11","slug":"area-profesional-sociologia","status":"publish","type":"page","link":"https:\/\/cienciapolitica.usac.edu.gt\/?page_id=4181","title":{"rendered":"\u00c1rea Profesional, Sociolog\u00eda"},"content":{"rendered":"<p style=\"text-align: center;\"><strong>AREA PROFESIONAL<\/strong><\/p>\n<p style=\"text-align: center;\"><strong>SOCIOLOG\u00cdA<\/strong><\/p>\n<p><a href=\"https:\/\/cienciapolitica.usac.edu.gt?page_id=4168\"><strong>&lt;&lt; Regresar<\/strong><\/a><\/p>\n<p>4TO SEMESTRE, SECCION A<\/p>\n<table>\n<tbody>\n<tr>\n<td width=\"430\">Metodolog\u00eda de las Ciencias Sociales IV (018) | Licda. Alejandra Privado Catal\u00e1n<\/td>\n<td style=\"text-align: center;\" width=\"135\"><a href=\"https:\/\/drive.google.com\/file\/d\/1B44dhOY_8BN5fIeWK0QbvNti6V2sNZ68\/view?usp=sharing\" target=\"_blank\" rel=\"noopener\">Ver Acta<\/a><\/td>\n<\/tr>\n<tr>\n<td width=\"430\">Teor\u00eda Sociol\u00f3gica I (016) | Licda. Jeanie Maritza Herrera N\u00e1jera<\/td>\n<td style=\"text-align: center;\" width=\"135\"><a href=\"https:\/\/drive.google.com\/file\/d\/1-yb8UOUaVtZLb5OgGqswJMvkcB3KpF0R\/view?usp=sharing\" target=\"_blank\" rel=\"noopener\">Ver Acta<\/a><\/td>\n<\/tr>\n<tr>\n<td width=\"430\">Micro y Macroeconom\u00eda (019) | Licda. Mar\u00eda Elena Izquierdo<\/td>\n<td style=\"text-align: center;\" width=\"135\"><a href=\"https:\/\/drive.google.com\/file\/d\/1nSj4LPaH9hxUBqHrzoYe8D9ZcijcHwlv\/view?usp=sharing\" target=\"_blank\" rel=\"noopener\">Ver Acta<\/a><\/td>\n<\/tr>\n<tr>\n<td width=\"430\">Psicolog\u00eda Social de Guatemala (021) | Licda. Nuria Liseth Mej\u00eda Garc\u00eda<\/td>\n<td width=\"135\"><\/td>\n<\/tr>\n<tr>\n<td width=\"430\">Sociolog\u00eda de Guatemala I (017) | Licda. Camlin del Rosario Fuentes Mijangos<\/td>\n<td style=\"text-align: center;\" width=\"135\"><a href=\"https:\/\/drive.google.com\/file\/d\/13bha-Hj2llZCOPgdHZnYxQDN8w8GL9OL\/view?usp=sharing\" target=\"_blank\" rel=\"noopener\">Ver Acta<\/a><\/td>\n<\/tr>\n<\/tbody>\n<\/table>\n<p>&nbsp;<\/p>\n<p>6TO SEMESTRE, SECCION A<\/p>\n<table>\n<tbody>\n<tr>\n<td width=\"430\">Sociolog\u00eda de Guatemala III (029) | Licda. Mar\u00eda de los \u00c1ngeles Ak\u00fa<\/td>\n<td style=\"text-align: center;\" width=\"136\"><a href=\"https:\/\/drive.google.com\/file\/d\/1G3Gdm_toZQRg9SMafgIZtlSTQOQ0jV6Z\/view?usp=sharing\" target=\"_blank\" rel=\"noopener\">Ver Acta<\/a><\/p>\n<p><a href=\"https:\/\/drive.google.com\/file\/d\/1UkDHqjEpJDsEdUiLgoqtritK6I1q-bt3\/view?usp=sharing\" target=\"_blank\" rel=\"noopener\">Acta Complementaria<\/a><\/td>\n<\/tr>\n<tr>\n<td width=\"430\">Derechos Humanos y Seguridad Humana en Guatemala (033) | Dr. Pablo Daniel Rangel Romero<\/td>\n<td style=\"text-align: center;\" width=\"136\"><a href=\"https:\/\/drive.google.com\/file\/d\/1aZSiSrilpllQd0EHddbQgxwjxbAsXHd3\/view?usp=sharing\" target=\"_blank\" rel=\"noopener\">Ver Acta<\/a><\/td>\n<\/tr>\n<tr>\n<td width=\"430\">Teor\u00eda Sociol\u00f3gica III (028) | Licda. Mar\u00eda Virginia Jim\u00e9nez Tuy<\/td>\n<td style=\"text-align: center;\" width=\"136\"><a href=\"https:\/\/drive.google.com\/file\/d\/1hHLPfvDr65I29ojxlimmqAi4DNaJ66bi\/view?usp=sharing\" target=\"_blank\" rel=\"noopener\">Ver Acta<\/a><\/p>\n<p><a href=\"https:\/\/drive.google.com\/file\/d\/1B65NIsILWWBN1HH-9kZS5ttc8jTI-csa\/view?usp=sharing\" target=\"_blank\" rel=\"noopener\">Recuperaci\u00f3n (1era. Oportunidad)<\/a><\/td>\n<\/tr>\n<tr>\n<td width=\"430\">Historia de Guatemala III (031) | Licda. Arlen Irene de Le\u00f3n Barrientos<\/td>\n<td style=\"text-align: center;\" width=\"136\"><a href=\"https:\/\/drive.google.com\/file\/d\/161aVn6_wEed2v05kWKEtOy7dRXuBMMgv\/view?usp=sharing\" target=\"_blank\" rel=\"noopener\">Ver Acta<\/a><\/td>\n<\/tr>\n<tr>\n<td width=\"430\">An\u00e1lisis de Experiencias de Investigaci\u00f3n Sociol\u00f3gica II (030) | Licda. Jeanie Maritza Herrera Najera<\/td>\n<td style=\"text-align: center;\" width=\"136\"><a href=\"https:\/\/drive.google.com\/file\/d\/1fhNjTImedpBKta8Z3wwCpa6Oajodm3yl\/view?usp=sharing\" target=\"_blank\" rel=\"noopener\">Ver Acta<\/a><\/td>\n<\/tr>\n<\/tbody>\n<\/table>\n<p>&nbsp;<\/p>\n<p>8VO SEMESTRE, SECCI\u00d3N A<\/p>\n<table>\n<tbody>\n<tr>\n<td width=\"430\">Sociolog\u00eda del Conocimiento (040) | Lic. Boris Abelardo Cabrera Cifuentes<\/td>\n<td style=\"text-align: center;\" width=\"136\"><a href=\"https:\/\/drive.google.com\/file\/d\/1GF_bsGKHjl0nsf0DDdq67arL6VhLjECL\/view?usp=sharing\" target=\"_blank\" rel=\"noopener\">Ver Acta<\/a><\/td>\n<\/tr>\n<tr>\n<td width=\"430\">Sociolog\u00eda de la Comunicaci\u00f3n (042) | Lic. Juan Carlos Guzm\u00e1n Mor\u00e1n<\/td>\n<td style=\"text-align: center;\" width=\"136\"><a href=\"https:\/\/drive.google.com\/file\/d\/1VKeUUqWQqVROE3g9mz2Z_tegNgjsCqIY\/view?usp=sharing\" target=\"_blank\" rel=\"noopener\">Ver Acta<\/a><\/td>\n<\/tr>\n<tr>\n<td width=\"430\">Legislaci\u00f3n Social de Guatemala (045) | Lic. Oscar Estuardo Bautista Soto<\/td>\n<td style=\"text-align: center;\" width=\"136\"><a href=\"https:\/\/drive.google.com\/file\/d\/1EXdLvcw_zhmZa02ijhOMRbi-o5MvY-PZ\/view?usp=sharing\" target=\"_blank\" rel=\"noopener\">Ver Acta<\/a><\/td>\n<\/tr>\n<tr>\n<td width=\"430\">Dise\u00f1o de investigaci\u00f3n de tesis (043) | Mtro. Fidel Ar\u00e9valo Gamboa<\/td>\n<td style=\"text-align: center;\" width=\"136\"><a href=\"https:\/\/drive.google.com\/file\/d\/1p1BIJd9JfzSuUYVzo-PWKGhUY8yqN54W\/view?usp=sharing\" target=\"_blank\" rel=\"noopener\">Ver Acta<\/a><\/td>\n<\/tr>\n<tr>\n<td width=\"430\">Sociolog\u00eda Pol\u00edtica II (041) | Lic. Christian Calder\u00f3n Cedillos<\/td>\n<td style=\"text-align: center;\" width=\"136\"><a href=\"https:\/\/drive.google.com\/file\/d\/1NWBwo6rwdQlXiBWGbg9UCagaZmOUgdXR\/view?usp=sharing\" target=\"_blank\" rel=\"noopener\">Ver Acta<\/a><\/td>\n<\/tr>\n<\/tbody>\n<\/table>\n<p>&nbsp;<\/p>\n<p>10MO SEMESTRE, SECCI\u00d3N A<\/p>\n<table>\n<tbody>\n<tr>\n<td width=\"430\">Informe de Tesis (055) | Licda. Camlin del Rosario Fuentes Mijangos<\/td>\n<td style=\"text-align: center;\" width=\"136\"><a href=\"https:\/\/drive.google.com\/file\/d\/1bMsRcmIQXuvhvbrNXZVFbaMYaKfFIouJ\/view?usp=sharing\" target=\"_blank\" rel=\"noopener\">Ver Acta<\/a><\/p>\n<p><a href=\"https:\/\/drive.google.com\/file\/d\/1usmKty3d5MBK--dx2v6jUUIk6NWgsZa4\/view?usp=sharing\" target=\"_blank\" rel=\"noopener\">Recuperaci\u00f3n (1ra. Oportunidad)<\/a><\/p>\n<p><a href=\"https:\/\/drive.google.com\/file\/d\/1DNInOGaAHTgrZu7pLxPtofmXrgXOOyxR\/view?usp=sharing\" target=\"_blank\" rel=\"noopener\">Recuperaci\u00f3n (2da. Oportunidad)<\/a><\/td>\n<\/tr>\n<tr>\n<td width=\"430\">Seminario sobre Teor\u00edas Sociol\u00f3gicas en Guatemala (051) | Lic. Christian Manuel Calder\u00f3n Cedillos<\/td>\n<td style=\"text-align: center;\" width=\"136\"><a href=\"https:\/\/drive.google.com\/file\/d\/1IDvGT0QjKJoDGBxIVFww5U-HMQ1wtou5\/view?usp=sharing\" target=\"_blank\" rel=\"noopener\">Ver Acta<\/a><\/td>\n<\/tr>\n<tr>\n<td width=\"430\">Seminario sobre Pol\u00edticas P\u00fablicas de Rehabilitaci\u00f3n de Transgresores de la ley (061) | Dr. H\u00e9ctor Samayoa Sosa<\/td>\n<td style=\"text-align: center;\" width=\"136\"><a href=\"https:\/\/drive.google.com\/file\/d\/1VDl-cT9ywKUvQIF9a9FolVnclP41HwYy\/view?usp=sharing\" target=\"_blank\" rel=\"noopener\">Ver Acta<\/a><\/td>\n<\/tr>\n<tr>\n<td width=\"430\">Seminario sobre Derechos Humanos y Defensa del Territorio y la Naturaleza desde la perspectiva local (059) | Lic. Luis Fernando De Le\u00f3n Laparra<\/td>\n<td style=\"text-align: center;\" width=\"136\"><a href=\"https:\/\/drive.google.com\/file\/d\/1TP7mzxxyC2fMylQhAvJgEczHqhKcwtRc\/view?usp=sharing\" target=\"_blank\" rel=\"noopener\">Ver Acta<\/a><\/td>\n<\/tr>\n<tr>\n<td width=\"430\">Seminario sobre Conflictividad, An\u00e1lisis y Resoluci\u00f3n de Conflictos Sociales (060) | Lic. Mario Ernesto Archila Ortiz<\/td>\n<td style=\"text-align: center;\" width=\"136\"><a href=\"https:\/\/drive.google.com\/file\/d\/1L1qZTQZ3g5MuyAlm0npfm_J5uPGjiPsN\/view?usp=sharing\" target=\"_blank\" rel=\"noopener\">Ver Acta<\/a><\/p>\n<p><a href=\"https:\/\/drive.google.com\/file\/d\/1SKnmfh-YUMZEpy8ILYqvI9fYwOnSJLgt\/view?usp=sharing\" target=\"_blank\" rel=\"noopener\">1era. Oportunidad de Recuperaci\u00f3n<\/a><\/td>\n<\/tr>\n<\/tbody>\n<\/table>\n<p>&nbsp;<\/p>\n<p>4TO SEMESTRE, SECCION B<\/p>\n<table>\n<tbody>\n<tr>\n<td width=\"430\">Antropolog\u00eda Social de Guatemala (020) | Lic. Julio Alejandro Vald\u00e9z Rodas<\/td>\n<td style=\"text-align: center;\" width=\"135\"><a href=\"https:\/\/drive.google.com\/file\/d\/1Z1twchSAadx1IBkOYgBO8ovs9tiHOgRH\/view?usp=sharing\" target=\"_blank\" rel=\"noopener\">Ver Acta<\/a><\/td>\n<\/tr>\n<tr>\n<td width=\"430\">Micro y Macroeconom\u00eda (019) | Lic. Roger Antonio Baldiz\u00f3n Morales<\/td>\n<td style=\"text-align: center;\" width=\"135\"><a href=\"https:\/\/drive.google.com\/file\/d\/1fNJqX7r8H6UKLvrumKng3jMMy9WbvtAv\/view?usp=sharing\" target=\"_blank\" rel=\"noopener\">Ver Acta<\/a><\/td>\n<\/tr>\n<tr>\n<td width=\"430\">Teor\u00eda Sociol\u00f3gica I (016) | Lic. Edson Ademar Alvarado Mazariegos<\/td>\n<td style=\"text-align: center;\" width=\"135\"><a href=\"https:\/\/drive.google.com\/file\/d\/18IYCg8L-ENgUFlYf2KlHxQRUW4SQCykY\/view?usp=sharing\" target=\"_blank\" rel=\"noopener\">Ver Acta<\/a><\/td>\n<\/tr>\n<tr>\n<td width=\"430\">Metodolog\u00eda de las Ciencias Sociales IV (018) | Lic. Licerio Camey Huz<\/td>\n<td style=\"text-align: center;\" width=\"135\"><a href=\"https:\/\/drive.google.com\/file\/d\/1zxddoZiEjK7_ugMFNjcn0dD7K4SJZoaB\/view?usp=sharing\" target=\"_blank\" rel=\"noopener\">Ver Acta Complementaria<\/a><\/p>\n<p><a href=\"https:\/\/drive.google.com\/file\/d\/1Yw_j4BlRcInBmHLHEQniaAbA-W1mQiyn\/view?usp=sharing\" target=\"_blank\" rel=\"noopener\">Recuperaci\u00f3n (1era. Oportunidad)<\/a><\/p>\n<p><a href=\"https:\/\/drive.google.com\/file\/d\/1wIAUUkDPpje44eFrvVBkru5K7q-MFsWl\/view?usp=sharing\" target=\"_blank\" rel=\"noopener\">Recuperaci\u00f3n (2da Oportunidad)<\/a><\/p>\n<p>&nbsp;<\/td>\n<\/tr>\n<tr>\n<td width=\"430\">Sociolog\u00eda de Guatemala I (017) | Licda. Rosaura Raguex Morales<\/td>\n<td style=\"text-align: center;\" width=\"135\"><a href=\"https:\/\/drive.google.com\/file\/d\/1YXCC8f0DFrRIShBfmN4_40_lVC4h_Ctf\/view?usp=sharing\" target=\"_blank\" rel=\"noopener\">Ver Acta<\/a><\/td>\n<\/tr>\n<\/tbody>\n<\/table>\n<p>&nbsp;<\/p>\n<p>6TO SEMESTRE, SECCION B<\/p>\n<table>\n<tbody>\n<tr>\n<td width=\"430\">Sociolog\u00eda de Guatemala III (029) | Lic. Douglas Giovanni Mazariegos<\/td>\n<td style=\"text-align: center;\" width=\"136\"><a href=\"https:\/\/drive.google.com\/file\/d\/1luSXT0OXhXhz0xOLsv1AWhc3Ae1yBtW6\/view?usp=sharing\" target=\"_blank\" rel=\"noopener\">Ver Acta<\/a><\/p>\n<p><a href=\"https:\/\/drive.google.com\/file\/d\/13Srzcmahg_jzBGO3qTxTZa5f7ttiG2rU\/view?usp=sharing\" target=\"_blank\" rel=\"noopener\">Recuperaci\u00f3n (2da Oportunidad)<\/a><\/td>\n<\/tr>\n<tr>\n<td width=\"430\">Teor\u00eda Sociol\u00f3gica III (028) | Lic. Edson Ademar Alvarado Mazariegos<\/td>\n<td style=\"text-align: center;\" width=\"136\"><a href=\"https:\/\/drive.google.com\/file\/d\/17R1uDDMMH9IbLzVxekWpAavkqDZPAYEQ\/view?usp=sharing\" target=\"_blank\" rel=\"noopener\">Ver Acta<\/a><\/p>\n<p><a href=\"https:\/\/drive.google.com\/file\/d\/1FUJQ2rMa5i0MjkhumTgiLV71G72r6_As\/view?usp=sharing\" target=\"_blank\" rel=\"noopener\">Recuperaci\u00f3n (1era Oportunidad)<\/a><\/td>\n<\/tr>\n<tr>\n<td width=\"430\">Historia de Guatemala III (031) | Lic. Rub\u00e9n Alvarez Enr\u00edquez<\/td>\n<td style=\"text-align: center;\" width=\"136\"><a href=\"https:\/\/drive.google.com\/file\/d\/1C9O20Iuuwdl93beb6WP92KfGtYhb9byz\/view?usp=sharing\" target=\"_blank\" rel=\"noopener\">Ver Acta<\/a><\/td>\n<\/tr>\n<tr>\n<td width=\"430\">An\u00e1lisis de Experiencias de Investigaci\u00f3n Sociol\u00f3gica II (030) | Dr. Luis Fernando Mack Echeverr\u00eda<\/td>\n<td style=\"text-align: center;\" width=\"136\"><a href=\"https:\/\/drive.google.com\/file\/d\/1-IR6jagNerAKGHa2h6GwZqxZ72CvDb1n\/view?usp=sharing\" target=\"_blank\" rel=\"noopener\">Ver Acta<\/a><\/p>\n<p><a href=\"https:\/\/drive.google.com\/file\/d\/1mLUAqngAPDlxEbkZlYVipw2_PNvlV9dL\/view?usp=sharing\" target=\"_blank\" rel=\"noopener\">Recuperaci\u00f3n (1ra Oportunidad)<\/a><\/td>\n<\/tr>\n<tr>\n<td width=\"430\">Sociolog\u00eda de la Cultura con Perspectivas de G\u00e9nero y Etnia (032) | Mtra. Victoria Aurora Tub\u00edn Sotz<\/td>\n<td style=\"text-align: center;\" width=\"136\"><a href=\"https:\/\/drive.google.com\/file\/d\/1fACASl7PC2nbddCo5gcV5bsBMpQp6uvN\/view?usp=sharing\" target=\"_blank\" rel=\"noopener\">Ver Acta<\/a><\/td>\n<\/tr>\n<\/tbody>\n<\/table>\n<p>&nbsp;<\/p>\n<p>8VO SEMESTRE, SECCION B<\/p>\n<table>\n<tbody>\n<tr>\n<td width=\"430\">Sociolog\u00eda de la Comunicaci\u00f3n (042) | Lic. Carlos Orlando Oliva Muralles<\/td>\n<td style=\"text-align: center;\" width=\"136\"><a href=\"https:\/\/drive.google.com\/file\/d\/1L5KRmHwilmGiyGrRvGuZN-NO87cjJspY\/view?usp=sharing\" target=\"_blank\" rel=\"noopener\">Ver Acta<\/a><\/td>\n<\/tr>\n<tr>\n<td width=\"430\">Sociolog\u00eda Pol\u00edtica II (041) | Lic. Edmundo Urrutia<\/td>\n<td style=\"text-align: center;\" width=\"136\"><a href=\"https:\/\/drive.google.com\/file\/d\/1K3dEH2pqBhnwl_DrZUztzCV7MUt3lkOO\/view?usp=sharing\" target=\"_blank\" rel=\"noopener\">Ver Acta<\/a><\/td>\n<\/tr>\n<tr>\n<td width=\"430\">Sociolog\u00eda de G\u00e9nero y Etnia II (044) | Mtra. Victoria Aurora Tub\u00edn Sotz<\/td>\n<td style=\"text-align: center;\" width=\"136\"><a href=\"https:\/\/drive.google.com\/file\/d\/1I5QIE-_Di8S3zeL6SypdVtMRPEyEgTYE\/view?usp=sharing\" target=\"_blank\" rel=\"noopener\">Ver Acta<\/a><\/td>\n<\/tr>\n<tr>\n<td width=\"430\">Sociolog\u00eda del Conocimiento (040) | Lic. Boris Abelardo Cabrera Cifuentes<\/td>\n<td style=\"text-align: center;\" width=\"136\"><a href=\"https:\/\/drive.google.com\/file\/d\/1Ffhv0Vw8h-FNP1qZj7ftEkOAwJP79PnE\/view?usp=sharing\" target=\"_blank\" rel=\"noopener\">Ver Acta<\/a><\/td>\n<\/tr>\n<tr>\n<td width=\"430\">Dise\u00f1o de Investigaci\u00f3n de Tesis (043) | Lic. Bequer Neftali Chocooj de la Cruz<\/td>\n<td style=\"text-align: center;\" width=\"136\"><a href=\"https:\/\/drive.google.com\/file\/d\/1MoMbSXF2NM2UQ_iQ3nNbXwFqUprSYwPX\/view?usp=sharing\" target=\"_blank\" rel=\"noopener\">Ver Acta<\/a><\/p>\n<p><a href=\"https:\/\/drive.google.com\/file\/d\/1NTGb_GYopZY9Dq7QEDPBr4VnxZ0DoXlF\/view?usp=sharing\" target=\"_blank\" rel=\"noopener\">Recuperaci\u00f3n (1ra. Oportunidad)<\/a><\/td>\n<\/tr>\n<\/tbody>\n<\/table>\n<p>&nbsp;<\/p>\n<p>10MO SEMESTRE, SECCION B<\/p>\n<table>\n<tbody>\n<tr>\n<td width=\"430\">Seminario sobre Teor\u00edas Sociol\u00f3gicas en Guatemala (051) | Dr. Luis Fernando Mack Echeverr\u00eda<\/td>\n<td style=\"text-align: center;\" width=\"136\"><a href=\"https:\/\/drive.google.com\/file\/d\/1Pm4OIBXOSU9918LGBhStr76dk_DbNDSC\/view?usp=sharing\" target=\"_blank\" rel=\"noopener\">Ver Acta<\/a><\/td>\n<\/tr>\n<tr>\n<td width=\"430\">Informe de Tesis (055) | Licda. Rosaura Raguex Morales<\/td>\n<td style=\"text-align: center;\" width=\"136\"><a href=\"https:\/\/drive.google.com\/file\/d\/1JkxR78MsbcLnVq7aX1fq9LOyDDLt-x2C\/view?usp=sharing\" target=\"_blank\" rel=\"noopener\">Ver Acta<\/a><\/td>\n<\/tr>\n<tr>\n<td width=\"430\">Seminario sobre Pol\u00edticas de Desarrollo Urbano y Rural (052) | Dr. Sergio Alejandro Flores Cruz<\/td>\n<td style=\"text-align: center;\" width=\"136\"><a href=\"https:\/\/drive.google.com\/file\/d\/1bf9Xp0TY9rxmASNGYx2sotbs5E6AepCT\/view?usp=sharing\" target=\"_blank\" rel=\"noopener\">Ver Acta<\/a><\/td>\n<\/tr>\n<tr>\n<td width=\"430\">Seminario sobre G\u00e9nero, Etnia y Educaci\u00f3n en Guatemala (054) | Licda. Delmy Mirrut Escobar Perdomo<\/td>\n<td style=\"text-align: center;\" width=\"136\"><a href=\"https:\/\/drive.google.com\/file\/d\/1JasZqsTf7J51NdUkw60Sp5rJFgsoSYVF\/view?usp=sharing\" target=\"_blank\" rel=\"noopener\">Ver Acta<\/a><\/td>\n<\/tr>\n<tr>\n<td width=\"430\">Seminario sobre Estrategias de Incidencia de Pueblos Ind\u00edgenas y Organizaciones Sociales (053) | Lic. Edmundo Urrutia<\/td>\n<td style=\"text-align: center;\" width=\"136\"><a href=\"https:\/\/drive.google.com\/file\/d\/1OAfBWBJJnYsXVRq1uUWPVDocQMsSHnHp\/view?usp=sharing\" target=\"_blank\" rel=\"noopener\">Ver Acta<\/a><\/td>\n<\/tr>\n<\/tbody>\n<\/table>\n<p><a href=\"https:\/\/cienciapolitica.usac.edu.gt?page_id=4168\"><strong>&lt;&lt; Regresar<\/strong><\/a><\/p>\n","protected":false},"excerpt":{"rendered":"<p>AREA PROFESIONAL SOCIOLOG\u00cdA &lt;&lt; Regresar 4TO SEMESTRE, SECCION A Metodolog\u00eda de las Ciencias Sociales IV (018) | Licda. Alejandra Privado Catal\u00e1n Ver Acta Teor\u00eda Sociol\u00f3gica I (016) | Licda. Jeanie Maritza Herrera N\u00e1jera Ver Acta Micro y Macroeconom\u00eda (019) | Licda. Mar\u00eda Elena Izquierdo Ver Acta Psicolog\u00eda Social de Guatemala (021) | Licda. Nuria Liseth [&hellip;]<\/p>\n","protected":false},"author":101012,"featured_media":0,"parent":0,"menu_order":0,"comment_status":"closed","ping_status":"closed","template":"","meta":[],"_links":{"self":[{"href":"https:\/\/cienciapolitica.usac.edu.gt\/index.php?rest_route=\/wp\/v2\/pages\/4181"}],"collection":[{"href":"https:\/\/cienciapolitica.usac.edu.gt\/index.php?rest_route=\/wp\/v2\/pages"}],"about":[{"href":"https:\/\/cienciapolitica.usac.edu.gt\/index.php?rest_route=\/wp\/v2\/types\/page"}],"author":[{"embeddable":true,"href":"https:\/\/cienciapolitica.usac.edu.gt\/index.php?rest_route=\/wp\/v2\/users\/101012"}],"replies":[{"embeddable":true,"href":"https:\/\/cienciapolitica.usac.edu.gt\/index.php?rest_route=%2Fwp%2Fv2%2Fcomments&post=4181"}],"version-history":[{"count":59,"href":"https:\/\/cienciapolitica.usac.edu.gt\/index.php?rest_route=\/wp\/v2\/pages\/4181\/revisions"}],"predecessor-version":[{"id":5085,"href":"https:\/\/cienciapolitica.usac.edu.gt\/index.php?rest_route=\/wp\/v2\/pages\/4181\/revisions\/5085"}],"wp:attachment":[{"href":"https:\/\/cienciapolitica.usac.edu.gt\/index.php?rest_route=%2Fwp%2Fv2%2Fmedia&parent=4181"}],"curies":[{"name":"wp","href":"https:\/\/api.w.org\/{rel}","templated":true}]}}