{"id":4173,"date":"2020-11-11T05:50:10","date_gmt":"2020-11-11T05:50:10","guid":{"rendered":"https:\/\/cienciapolitica.usac.edu.gt?page_id=4173"},"modified":"2021-10-19T19:25:04","modified_gmt":"2021-10-19T19:25:04","slug":"area-profesional-ciencia-politica","status":"publish","type":"page","link":"https:\/\/cienciapolitica.usac.edu.gt\/?page_id=4173","title":{"rendered":"\u00c1rea Profesional, Ciencia Pol\u00edtica"},"content":{"rendered":"<p style=\"text-align: center;\"><strong>AREA PROFESIONAL<\/strong><\/p>\n<p style=\"text-align: center;\"><strong>CIENCIA POLITICA<\/strong><\/p>\n<p><a href=\"https:\/\/cienciapolitica.usac.edu.gt?page_id=4168\"><strong>&lt;&lt; Regresar<\/strong><\/a><\/p>\n<p>4TO SEMESTRE, SECCION A<\/p>\n<table>\n<tbody>\n<tr>\n<td width=\"422\">Teor\u00eda Pol\u00edtica I (103) | Mtro. Jorge de Jes\u00fas Ponce Reynoso<\/td>\n<td style=\"text-align: center;\" width=\"144\"><a href=\"https:\/\/drive.google.com\/file\/d\/1_Me2XOo3JZwzg3HCJQ8n1YcRRRPsK0oo\/view?usp=sharing\" target=\"_blank\" rel=\"noopener\">Ver Acta<\/a><\/td>\n<\/tr>\n<tr>\n<td width=\"422\">Sistemas Pol\u00edticos I (104) | Lic. Guido Armando Barrillas Quezada<\/td>\n<td style=\"text-align: center;\" width=\"144\"><a href=\"https:\/\/drive.google.com\/file\/d\/1Oe11Ro-XDnfUYh2Br3Htfz3v5uvci-1H\/view?usp=sharing\" target=\"_blank\" rel=\"noopener\">Ver Acta<\/a><\/td>\n<\/tr>\n<tr>\n<td width=\"422\">Micro y Macroeconom\u00eda (019) | Lic. Carlos An\u00edbal Mart\u00ednez Cortez<\/td>\n<td style=\"text-align: center;\" width=\"144\"><a href=\"https:\/\/drive.google.com\/file\/d\/1fYFMvouWDZj_3n0cJ412SF0JwFceUcpX\/view?usp=sharing\" target=\"_blank\" rel=\"noopener\">Ver Acta<\/a><\/p>\n<p><a href=\"https:\/\/drive.google.com\/file\/d\/1L7xy73h2QQzHXUIzZcsI6Jz12whtUNwu\/view?usp=sharing\" target=\"_blank\" rel=\"noopener\">Recuperaci\u00f3n (1ra. Oportunidad)<\/a><\/p>\n<p><a href=\"https:\/\/drive.google.com\/file\/d\/1aMt71x1vSUGYr0DiuxF64WM2tet0goS7\/view?usp=sharing\" target=\"_blank\" rel=\"noopener\">Recuperaci\u00f3n (2da. Oportunidad)<\/a><\/td>\n<\/tr>\n<tr>\n<td width=\"422\">Sociolog\u00eda Pol\u00edtica (106) | Licda. Mar\u00eda Amalia Mandujano Izaguirre<\/td>\n<td style=\"text-align: center;\" width=\"144\"><a href=\"https:\/\/drive.google.com\/file\/d\/1q-8c1AzQQyZv9svwJsadSCmsGceuKHP3\/view?usp=sharing\" target=\"_blank\" rel=\"noopener\">Ver Acta<\/a><\/p>\n<p><a href=\"https:\/\/drive.google.com\/file\/d\/1DB79YtnWL2GX4MKq3NkT7iJ70sbGqXVr\/view?usp=sharing\" target=\"_blank\" rel=\"noopener\">Recuperaci\u00f3n (1ra. Oportunidad)<\/a><\/td>\n<\/tr>\n<tr>\n<td width=\"422\">Metodolog\u00eda de las Ciencias Sociales IV (018) | Lic. Gerardo Alfonso Guarquez V\u00e1squez<\/td>\n<td style=\"text-align: center;\" width=\"144\"><a href=\"https:\/\/drive.google.com\/file\/d\/1YO_EqI4It2qnyT0RI7p0M6K35ZO4PnVP\/view?usp=sharing\" target=\"_blank\" rel=\"noopener\">Ver Acta<\/a><\/p>\n<p><a href=\"https:\/\/drive.google.com\/file\/d\/19mAXNaxfQqsPYoOtzc0JqNXEcWyHGNXB\/view?usp=sharing\" target=\"_blank\" rel=\"noopener\">Recuperaci\u00f3n (1ra. Oportunidad)<\/a><\/td>\n<\/tr>\n<\/tbody>\n<\/table>\n<p>&nbsp;<\/p>\n<p>6TO SEMESTRE, SECCION A<\/p>\n<table>\n<tbody>\n<tr>\n<td width=\"422\">Historia de Guatemala III (031) | Lic. Williams Alejandro Alvarez De Le\u00f3n<\/td>\n<td style=\"text-align: center;\" width=\"144\"><a href=\"https:\/\/drive.google.com\/file\/d\/1ugPlshBTmPNcBjlsDLFpH80S6fXJUUZj\/view?usp=sharing\" target=\"_blank\" rel=\"noopener\">Ver Acta<\/a><\/td>\n<\/tr>\n<tr>\n<td width=\"422\">Administraci\u00f3n P\u00fablica de Guatemala II (114) | Licda. Sonia Abigail P\u00e9rez<\/td>\n<td style=\"text-align: center;\" width=\"144\"><a href=\"https:\/\/drive.google.com\/file\/d\/1jY3CZl-xPQ9xtE1Eis3Mw15PkC6L9lLY\/view?usp=sharing\" target=\"_blank\" rel=\"noopener\">Ver Acta<\/a><\/td>\n<\/tr>\n<tr>\n<td width=\"422\">Contexto de las Pol\u00edticas P\u00fablicas (116) | Licda. Carolina Montepeque Moncrief<\/td>\n<td style=\"text-align: center;\" width=\"144\"><a href=\"https:\/\/drive.google.com\/file\/d\/14jeUssizxGeSiqbyCJe5FYJ6ok0Mf429\/view?usp=sharing\" target=\"_blank\" rel=\"noopener\">Ver Acta<\/a><\/p>\n<p><a href=\"https:\/\/drive.google.com\/file\/d\/1l-7jRr5mcXQwTKOuCUeIGjtHNkjZ8q9w\/view?usp=sharing\" target=\"_blank\" rel=\"noopener\">Recuperaci\u00f3n (1ra. Oportunidad)<\/a><\/td>\n<\/tr>\n<tr>\n<td width=\"422\">Sistemas Pol\u00edticos III (113) | Licda. Cindy Lisbeth Poroj Caraballo<\/td>\n<td style=\"text-align: center;\" width=\"144\"><a href=\"https:\/\/drive.google.com\/file\/d\/1wRVsXdqGrCcsDXAwrQIhAcpwpTjQkLPX\/view?usp=sharing\" target=\"_blank\" rel=\"noopener\">Ver Acta<\/a><\/td>\n<\/tr>\n<tr>\n<td width=\"422\">Teor\u00eda Pol\u00edtica III (112) | Dr. Pablo Daniel Rangel Romero<\/td>\n<td style=\"text-align: center;\" width=\"144\"><a href=\"https:\/\/drive.google.com\/file\/d\/1bYHNmwGc_qz69U4_9zEcj0sojYjY5rXl\/view?usp=sharing\" target=\"_blank\" rel=\"noopener\">Ver Acta<\/a><\/td>\n<\/tr>\n<\/tbody>\n<\/table>\n<p>&nbsp;<\/p>\n<p>8VO SEMESTRE, SECCION A<\/p>\n<table>\n<tbody>\n<tr>\n<td width=\"421\">Partidos pol\u00edticos (123) | Lic. Henry Dennis Mira Sandoval<\/td>\n<td style=\"text-align: center;\" width=\"144\"><a href=\"https:\/\/drive.google.com\/file\/d\/1EER0GL-HdgHBVgrucgxVnI1aYHph0Ao_\/view?usp=sharing\" target=\"_blank\" rel=\"noopener\">Ver Acta<\/a><\/td>\n<\/tr>\n<tr>\n<td width=\"421\">Aplicaci\u00f3n de las pol\u00edticas p\u00fablicas (127) | Licda. Alma Lucrecia Corzantes Barillas<\/td>\n<td style=\"text-align: center;\" width=\"144\"><a href=\"https:\/\/drive.google.com\/file\/d\/1A_m8Uun83JeIm2j_p0t1gYgc8tI9GNwE\/view?usp=sharing\" target=\"_blank\" rel=\"noopener\">Ver Acta<\/a><\/td>\n<\/tr>\n<tr>\n<td width=\"421\">Dise\u00f1o de investigaci\u00f3n de tesis (043) | Licda. Mar\u00eda Virginia Jim\u00e9nez Tuy<\/td>\n<td style=\"text-align: center;\" width=\"144\"><a href=\"https:\/\/drive.google.com\/file\/d\/1ZMLsTbyCEkXKxIxvRmuuVc3wYsMODhLK\/view?usp=sharing\" target=\"_blank\" rel=\"noopener\">Ver Acta<\/a><\/p>\n<p><a href=\"https:\/\/drive.google.com\/file\/d\/1c4SWQSnLyUlXL80bzhzqIEzGbftRPOxr\/view?usp=sharing\" target=\"_blank\" rel=\"noopener\">Recuperaci\u00f3n (1era. Oportunidad)<\/a><\/td>\n<\/tr>\n<tr>\n<td width=\"421\">Negociaci\u00f3n pol\u00edtica (125) | Lic. Luis Rodolfo D\u00e1vila S\u00e1nchez<\/td>\n<td style=\"text-align: center;\" width=\"144\"><a href=\"https:\/\/drive.google.com\/file\/d\/1lxJcquOa_Qg746XH58bzWORjnzsRoKY1\/view?usp=sharing\" target=\"_blank\" rel=\"noopener\">Ver Acta<\/a><\/td>\n<\/tr>\n<tr>\n<td width=\"421\">Teor\u00eda de la democracia (124) | Mtro. Juan Fernando Molina Meza<\/td>\n<td style=\"text-align: center;\" width=\"144\"><a href=\"https:\/\/drive.google.com\/file\/d\/1ahTU3_LfvSz68fqz4M637ye5gMcniCNz\/view?usp=sharing\" target=\"_blank\" rel=\"noopener\">Ver Acta<\/a><\/td>\n<\/tr>\n<\/tbody>\n<\/table>\n<p>&nbsp;<\/p>\n<p>10MO SEMESTRE, SECCION A<\/p>\n<table>\n<tbody>\n<tr>\n<td width=\"422\">Pol\u00edticas Sociales en Am\u00e9rica Latina (142) | Mtra. Geovanna Marcela Letona Rodr\u00edguez<\/td>\n<td style=\"text-align: center;\" width=\"144\"><a href=\"https:\/\/drive.google.com\/file\/d\/1FxgQhDCXDoRh57l_ZtEdedRZqKyatsma\/view?usp=sharing\" target=\"_blank\" rel=\"noopener\">Ver Acta<\/a><\/td>\n<\/tr>\n<tr>\n<td width=\"422\">Seminario sobre Ejecuci\u00f3n Presupuestaria del Sector P\u00fablico (140) | Lic. Juan Francisco Sol\u00f3rzano Foppa<\/td>\n<td style=\"text-align: center;\" width=\"144\"><a href=\"https:\/\/drive.google.com\/file\/d\/1lozCYHPVB5M8xGNF_XqCTrEYDwWqh5cY\/view?usp=sharing\" target=\"_blank\" rel=\"noopener\">Ver Acta<\/a><\/td>\n<\/tr>\n<tr>\n<td width=\"422\">Informe de Tesis (055) | Mtro. Fidel Ar\u00e9valo Gamboa<\/td>\n<td style=\"text-align: center;\" width=\"144\"><a href=\"https:\/\/drive.google.com\/file\/d\/1jlCkTapMu5LE_nYi4l87nAA9Z0Qf0kBo\/view?usp=sharing\" target=\"_blank\" rel=\"noopener\">Ver Acta<\/a><\/td>\n<\/tr>\n<tr>\n<td width=\"422\">Seminario del Ciclo de Pol\u00edtica P\u00fablica (141) | Lic. Silvia Carolina Montepeque Moncrief<\/td>\n<td style=\"text-align: center;\" width=\"144\"><a href=\"https:\/\/drive.google.com\/file\/d\/1gSvaLMoJO8iD0eDQ7qcI2fjixtEYMJRk\/view?usp=sharing\" target=\"_blank\" rel=\"noopener\">Ver Acta<\/a><\/td>\n<\/tr>\n<tr>\n<td width=\"422\">Seguridad Democr\u00e1tica (095) | Lic. Carlos Fredy Ochoa Garc\u00eda<\/td>\n<td style=\"text-align: center;\" width=\"144\"><a href=\"https:\/\/drive.google.com\/file\/d\/1YmmRP092VPorJvNfpGsOVXeQaDKpnO-k\/view?usp=sharing\" target=\"_blank\" rel=\"noopener\">Ver Acta<\/a><\/td>\n<\/tr>\n<\/tbody>\n<\/table>\n<p>&nbsp;<\/p>\n<p>4TO SEMESTRE, SECCION B<\/p>\n<table>\n<tbody>\n<tr>\n<td width=\"422\">Teor\u00eda y Derecho Constitucional Guatemalteco (105) | Mtro. Jorge de Jes\u00fas Ponce Reynoso<\/td>\n<td style=\"text-align: center;\" width=\"144\"><a href=\"https:\/\/drive.google.com\/file\/d\/1equelbLFE6QylHQnLqBC8qBEzg0lleyP\/view?usp=sharing\" target=\"_blank\" rel=\"noopener\">Ver Acta<\/a><\/td>\n<\/tr>\n<tr>\n<td width=\"422\">Sistemas Pol\u00edticos I (104) | Lic. Guido Armando Barrillas Quezada<\/td>\n<td style=\"text-align: center;\" width=\"144\"><a href=\"https:\/\/drive.google.com\/file\/d\/1ZUxFVBv8TJlzbyykJlaa-KrlzzRrdDkQ\/view?usp=sharing\" target=\"_blank\" rel=\"noopener\">Ver Acta<\/a><\/td>\n<\/tr>\n<tr>\n<td width=\"422\">Teor\u00eda Pol\u00edtica I (103) | Dr. Ivan Ricardo Le\u00f3n Archila<\/td>\n<td style=\"text-align: center;\" width=\"144\"><a href=\"https:\/\/drive.google.com\/file\/d\/1ozy4fBWHau__hBuFasc8bRU6VMnj3qmZ\/view?usp=sharing\" target=\"_blank\" rel=\"noopener\">Ver Acta<\/a><\/td>\n<\/tr>\n<tr>\n<td width=\"422\">Micro y Macroeconom\u00eda (019) | Lic. Carlos An\u00edbal Mart\u00ednez Cortez<\/td>\n<td style=\"text-align: center;\" width=\"144\"><a href=\"https:\/\/drive.google.com\/file\/d\/1Zj9cUj8yvN3Vs5uNXMVCcAgihYjHV_qS\/view?usp=sharing\" target=\"_blank\" rel=\"noopener\">Ver Acta<\/a><\/p>\n<p><a href=\"https:\/\/drive.google.com\/file\/d\/1LBnIQ4umyf1LoFJFNKCYIdmygQ_87Mq9\/view?usp=sharing\" target=\"_blank\" rel=\"noopener\">Ver Acta Complementaria<\/a><\/p>\n<p><a href=\"https:\/\/drive.google.com\/file\/d\/1VASlnjTRMyFeweIW-KHWT-oZoivh9RnL\/view?usp=sharing\" target=\"_blank\" rel=\"noopener\">Recuperaci\u00f3n (1ra. Oportunidad)<\/a><\/p>\n<p><a href=\"https:\/\/drive.google.com\/file\/d\/1UxTFqSK6cJnQH6vzz8Ow6QLdRzTTuSht\/view?usp=sharing\" target=\"_blank\" rel=\"noopener\">Recuperaci\u00f3n (2da. Oportunidad)<\/a><\/td>\n<\/tr>\n<tr>\n<td width=\"422\">Metodolog\u00eda de las Ciencias Sociales IV (018) | Mtra. Nora Lizeth Galvez Garc\u00eda<\/td>\n<td style=\"text-align: center;\" width=\"144\"><a href=\"https:\/\/drive.google.com\/file\/d\/1lbo7iM1qLFrCIiNn2qiBZh1y9q9UyOxv\/view?usp=sharing\" target=\"_blank\" rel=\"noopener\">Ver Acta<\/a><\/td>\n<\/tr>\n<\/tbody>\n<\/table>\n<p>&nbsp;<\/p>\n<p>6TO SEMESTRE, SECCION B<\/p>\n<table>\n<tbody>\n<tr>\n<td width=\"422\">Historia de Guatemala III (031) | Licda. Florentina Puac Puac<\/td>\n<td style=\"text-align: center;\" width=\"144\"><a href=\"https:\/\/drive.google.com\/file\/d\/1ra8HuQkVLq2h9iMUsbddluC1mDYrXcpG\/view?usp=sharing\" target=\"_blank\" rel=\"noopener\">Ver Acta<\/a><\/td>\n<\/tr>\n<tr>\n<td width=\"422\">Teor\u00eda Pol\u00edtica III (112) | Lic. Henry Dennis Mira Sandoval<\/td>\n<td style=\"text-align: center;\" width=\"144\"><a href=\"https:\/\/drive.google.com\/file\/d\/1Uorgc_BaaBm1ZdL2L8-rvyLxcyPvyTpO\/view?usp=sharing\" target=\"_blank\" rel=\"noopener\">Ver Acta<\/a><\/p>\n<p><a href=\"https:\/\/drive.google.com\/file\/d\/1_wsYV2hcbNrfy6hc_jXv0gGMeKIKnCxz\/view?usp=sharing\" target=\"_blank\" rel=\"noopener\">Recuperaci\u00f3n (2da. Oportunidad)<\/a><\/td>\n<\/tr>\n<tr>\n<td width=\"422\">Sistemas Pol\u00edticos III (113) | Licda. Cindy Lisbeth Poroj Caraballo<\/td>\n<td style=\"text-align: center;\" width=\"144\"><a href=\"https:\/\/drive.google.com\/file\/d\/1aYJdzQv9lUPsn7WUe2rGqC-WeYjCZvbJ\/view?usp=sharing\" target=\"_blank\" rel=\"noopener\">Ver Acta<\/a><\/td>\n<\/tr>\n<tr>\n<td width=\"422\">Administraci\u00f3n P\u00fablica de Guatemala II (114) | Lic. Douglas Giovanni Mazariegos Marroqu\u00edn<\/td>\n<td style=\"text-align: center;\" width=\"144\"><a href=\"https:\/\/drive.google.com\/file\/d\/1dU5qR9oCCSvM6rmy7IsgdMxE8G9FAm2M\/view?usp=sharing\" target=\"_blank\" rel=\"noopener\">Ver Acta<\/a><\/p>\n<p><a href=\"https:\/\/drive.google.com\/file\/d\/1VnI563gRYd19ZAjxVugB-7uqH85ULzRL\/view?usp=sharing\" target=\"_blank\" rel=\"noopener\">Recuperaci\u00f3n (2da. Oportunidad)<\/a><\/td>\n<\/tr>\n<tr>\n<td width=\"422\">Derecho Internacional P\u00fablico y Organismos Internacionales (115) | Mtro. Rub\u00e9n Corado Cartagena<\/td>\n<td style=\"text-align: center;\" width=\"144\"><a href=\"https:\/\/drive.google.com\/file\/d\/1OHkcz8x5NWn0luAl6tfbE36LGMrpFKmH\/view?usp=sharing\" target=\"_blank\" rel=\"noopener\">Ver Acta<\/a><\/td>\n<\/tr>\n<\/tbody>\n<\/table>\n<p>&nbsp;<\/p>\n<p>8VO SEMESTRE, SECCION B<\/p>\n<table>\n<tbody>\n<tr>\n<td width=\"421\">Negociaci\u00f3n Pol\u00edtica (125) | Dr. Sergio Alejandro Flores Cruz<\/td>\n<td width=\"144\"><\/td>\n<\/tr>\n<tr>\n<td width=\"421\">Partidos Pol\u00edticos (123) | Licda. Florentina Puac Puac<\/td>\n<td style=\"text-align: center;\" width=\"144\"><a href=\"https:\/\/drive.google.com\/file\/d\/1ZuzG8CKV4rFL_IYj1Zqj_4x4EHZR8U_8\/view?usp=sharing\" target=\"_blank\" rel=\"noopener\">Ver Acta<\/a><\/p>\n<p><a href=\"https:\/\/drive.google.com\/file\/d\/1Iq0xXJMXpDgahUQjmLjTJ5walZNdo0tW\/view?usp=sharing\" target=\"_blank\" rel=\"noopener\">Recuperaci\u00f3n (1ra. Oportunidad)<\/a><\/p>\n<p><a href=\"https:\/\/drive.google.com\/file\/d\/1fC49IYvuwiDwcd6QqSr04KpwfywviU-r\/view?usp=sharing\" target=\"_blank\" rel=\"noopener\">Recuperaci\u00f3n (2da. Oportunidad)<\/a><\/td>\n<\/tr>\n<tr>\n<td width=\"421\">Teor\u00eda de la Democracia (124) | Lic. Jorge Rafael Arag\u00f3n Gonz\u00e1lez<\/td>\n<td style=\"text-align: center;\" width=\"144\"><a href=\"https:\/\/drive.google.com\/file\/d\/1uw8SN-_2g7nQkLXpp2pSYMkPAfbwVluF\/view?usp=sharing\" target=\"_blank\" rel=\"noopener\">Ver Acta<\/a><\/td>\n<\/tr>\n<tr>\n<td width=\"421\">An\u00e1lisis Pol\u00edtico (126) | Lic. Werner Enrique Castillo Regalado<\/td>\n<td style=\"text-align: center;\" width=\"144\"><a href=\"https:\/\/drive.google.com\/file\/d\/1PrAnZ-y2Q-3tPy58cngChRFcD796iUwp\/view?usp=sharing\" target=\"_blank\" rel=\"noopener\">Ver Acta<\/a><\/td>\n<\/tr>\n<tr>\n<td width=\"421\">Dise\u00f1o de investigaci\u00f3n de tesis (043) | Lic. Julio Alejandro Valdez Rodas<\/td>\n<td style=\"text-align: center;\" width=\"144\"><a href=\"https:\/\/drive.google.com\/file\/d\/1M3Ib3YXtut0WiGuq1UVL2DA3rm3AvXsM\/view?usp=sharing\" target=\"_blank\" rel=\"noopener\">Ver Acta<\/a><\/td>\n<\/tr>\n<\/tbody>\n<\/table>\n<p>&nbsp;<\/p>\n<p>10MO SEMESTRE, SECCION B<\/p>\n<table>\n<tbody>\n<tr>\n<td width=\"421\">Encuestas (134) | Lic. Jorge Luis Amado Barrios<\/td>\n<td style=\"text-align: center;\" width=\"144\"><a href=\"https:\/\/drive.google.com\/file\/d\/19y0ixn6QY4IFEr7KFp1Dr9B0L222FL2O\/view?usp=sharing\" target=\"_blank\" rel=\"noopener\">Ver Acta<\/a><\/td>\n<\/tr>\n<tr>\n<td width=\"421\">Investigaci\u00f3n Pol\u00edtica (132) | Lic. Carlos Orlando Oliva Muralles<\/td>\n<td style=\"text-align: center;\" width=\"144\"><a href=\"https:\/\/drive.google.com\/file\/d\/1L9qF7m3T15nZUbuUy0SKvt1xup8Rs7o4\/view?usp=sharing\" target=\"_blank\" rel=\"noopener\">Ver Acta<\/a><\/td>\n<\/tr>\n<tr>\n<td width=\"421\">Mercadeo Pol\u00edtico (135) | Lic. Jos\u00e9 Miguel Navarro Lima<\/td>\n<td style=\"text-align: center;\" width=\"144\"><a href=\"https:\/\/drive.google.com\/file\/d\/1kVrZNw8r369AzPxiLFobQWmKkKTVSAYZ\/view?usp=sharing\" target=\"_blank\" rel=\"noopener\">Ver Acta<\/a><\/td>\n<\/tr>\n<tr>\n<td width=\"421\">Seminario de Campa\u00f1as Electorales (133) | Lic. Ricardo Antonio Barreno Arriaza<\/td>\n<td style=\"text-align: center;\" width=\"144\"><a href=\"https:\/\/drive.google.com\/file\/d\/1GMfUdOQjrfgqcQvKyHyVk-C7hlqRMSvp\/view?usp=sharing\" target=\"_blank\" rel=\"noopener\">Ver Acta<\/a><\/td>\n<\/tr>\n<tr>\n<td width=\"421\">Informe de Tesis (055) | Dr. Jorge Luis Zamora Prado<\/td>\n<td style=\"text-align: center;\" width=\"144\"><a href=\"https:\/\/drive.google.com\/file\/d\/1fGkKMrZK02yTwv12ZPaQze-oM4zkPjeU\/view?usp=sharing\" target=\"_blank\" rel=\"noopener\">Ver Acta<\/a><\/td>\n<\/tr>\n<\/tbody>\n<\/table>\n<p><a href=\"https:\/\/cienciapolitica.usac.edu.gt?page_id=4168\"><strong>&lt;&lt; Regresar<\/strong><\/a><\/p>\n","protected":false},"excerpt":{"rendered":"<p>AREA PROFESIONAL CIENCIA POLITICA &lt;&lt; Regresar 4TO SEMESTRE, SECCION A Teor\u00eda Pol\u00edtica I (103) | Mtro. Jorge de Jes\u00fas Ponce Reynoso Ver Acta Sistemas Pol\u00edticos I (104) | Lic. Guido Armando Barrillas Quezada Ver Acta Micro y Macroeconom\u00eda (019) | Lic. Carlos An\u00edbal Mart\u00ednez Cortez Ver Acta Recuperaci\u00f3n (1ra. Oportunidad) Recuperaci\u00f3n (2da. Oportunidad) Sociolog\u00eda Pol\u00edtica [&hellip;]<\/p>\n","protected":false},"author":101012,"featured_media":0,"parent":0,"menu_order":0,"comment_status":"closed","ping_status":"closed","template":"","meta":[],"_links":{"self":[{"href":"https:\/\/cienciapolitica.usac.edu.gt\/index.php?rest_route=\/wp\/v2\/pages\/4173"}],"collection":[{"href":"https:\/\/cienciapolitica.usac.edu.gt\/index.php?rest_route=\/wp\/v2\/pages"}],"about":[{"href":"https:\/\/cienciapolitica.usac.edu.gt\/index.php?rest_route=\/wp\/v2\/types\/page"}],"author":[{"embeddable":true,"href":"https:\/\/cienciapolitica.usac.edu.gt\/index.php?rest_route=\/wp\/v2\/users\/101012"}],"replies":[{"embeddable":true,"href":"https:\/\/cienciapolitica.usac.edu.gt\/index.php?rest_route=%2Fwp%2Fv2%2Fcomments&post=4173"}],"version-history":[{"count":65,"href":"https:\/\/cienciapolitica.usac.edu.gt\/index.php?rest_route=\/wp\/v2\/pages\/4173\/revisions"}],"predecessor-version":[{"id":5297,"href":"https:\/\/cienciapolitica.usac.edu.gt\/index.php?rest_route=\/wp\/v2\/pages\/4173\/revisions\/5297"}],"wp:attachment":[{"href":"https:\/\/cienciapolitica.usac.edu.gt\/index.php?rest_route=%2Fwp%2Fv2%2Fmedia&parent=4173"}],"curies":[{"name":"wp","href":"https:\/\/api.w.org\/{rel}","templated":true}]}}