{"id":4170,"date":"2020-11-11T05:37:58","date_gmt":"2020-11-11T05:37:58","guid":{"rendered":"https:\/\/cienciapolitica.usac.edu.gt?page_id=4170"},"modified":"2021-10-02T03:36:03","modified_gmt":"2021-10-02T03:36:03","slug":"pensum-introductorio-2do-semestre","status":"publish","type":"page","link":"https:\/\/cienciapolitica.usac.edu.gt\/?page_id=4170","title":{"rendered":"Pensum Introductorio, 2do Semestre"},"content":{"rendered":"<p style=\"text-align: center;\"><strong>PENSUM INTRODUCTORIO<\/strong><\/p>\n<p style=\"text-align: center;\"><strong>2DO SEMESTRE<\/strong><\/p>\n<p><a href=\"https:\/\/cienciapolitica.usac.edu.gt?page_id=4168\"><strong>&lt;&lt; Regresar<\/strong><\/a><\/p>\n<p>SECCION A<\/p>\n<table>\n<tbody>\n<tr>\n<td width=\"372\">Relaciones Internacionales II (008) | Licda. Nidia Eunice D\u00edaz Morales<\/td>\n<td style=\"text-align: center;\" width=\"194\"><a href=\"https:\/\/drive.google.com\/file\/d\/1h8DAtBEupS4xX70YiUgKcA-LpL1Szvdn\/view?usp=sharing\" target=\"_blank\" rel=\"noopener\">Ver Acta<\/a><\/p>\n<p><a href=\"https:\/\/drive.google.com\/file\/d\/1mkLGvNvoAkDEcKULZJ3LQSHvCFp0b-ak\/view?usp=sharing\" target=\"_blank\" rel=\"noopener\">Recuperaci\u00f3n (2da. Oportunidad)<\/a><\/td>\n<\/tr>\n<tr>\n<td width=\"372\">Metodolog\u00eda de las Ciencias Sociales II (010) | Lic. Le\u00f3n Roberto Barrios Castillo<\/td>\n<td style=\"text-align: center;\" width=\"194\"><a href=\"https:\/\/drive.google.com\/file\/d\/13LLsI8d8FUITAQpo0dLcOaPeKyLh4noX\/view?usp=sharing\" target=\"_blank\" rel=\"noopener\">Ver Acta<\/a><\/td>\n<\/tr>\n<tr>\n<td width=\"372\">Sociolog\u00eda II (007) | Msc. Manuel Rivera Rivera<\/td>\n<td style=\"text-align: center;\" width=\"194\"><a href=\"https:\/\/drive.google.com\/file\/d\/1IyOvANu6bc1FWB-a9CO-slWaQltdjQG2\/view?usp=sharing\" target=\"_blank\" rel=\"noopener\">Ver Acta<\/a><\/p>\n<p><a href=\"https:\/\/drive.google.com\/file\/d\/1XNFeMaEa2YLtYFb4iGp9ctGUj_LFVPUm\/view?usp=sharing\" target=\"_blank\" rel=\"noopener\">Recuperaci\u00f3n (1ra. Oportunidad)<\/a><\/p>\n<p><a href=\"https:\/\/drive.google.com\/file\/d\/1t24jD6m0SNYPBGcQV9eVGQ_wniiT682M\/view?usp=sharing\" target=\"_blank\" rel=\"noopener\">Recuperaci\u00f3n (2da. Oportunidad)<\/a><\/td>\n<\/tr>\n<tr>\n<td width=\"372\">Ciencia Pol\u00edtica II (006) | Msc. Jorge de Jes\u00fas Ponce Reynoso<\/td>\n<td style=\"text-align: center;\" width=\"194\"><a href=\"https:\/\/drive.google.com\/file\/d\/1wREZXuHzgmlmny6GyHizAvX4Mqb7MKv6\/view?usp=sharing\" target=\"_blank\" rel=\"noopener\">Ver Acta<\/a><\/td>\n<\/tr>\n<tr>\n<td width=\"372\">Historia Latinoamericana (009) | Lic. Juan Carlos Guzm\u00e1n Mor\u00e1n<\/td>\n<td style=\"text-align: center;\" width=\"194\"><a href=\"https:\/\/drive.google.com\/file\/d\/1S18RybA6YSCZhAILdoDa_22xQpIpTKDE\/view?usp=sharing\" target=\"_blank\" rel=\"noopener\">Ver Acta<\/a><\/p>\n<p><a href=\"https:\/\/drive.google.com\/file\/d\/1t0o3nT-Xw97bkmEListFFEiBCXZSzSHj\/view?usp=sharing\" target=\"_blank\" rel=\"noopener\">Recuperaci\u00f3n (1ra. Oportunidad)<\/a><\/td>\n<\/tr>\n<\/tbody>\n<\/table>\n<p>SECCION B<\/p>\n<table>\n<tbody>\n<tr>\n<td width=\"372\">Relaciones Internacionales II (008) | Mtro. Aldo Nery Bonilla Vicente<\/td>\n<td style=\"text-align: center;\" width=\"194\"><a href=\"https:\/\/drive.google.com\/file\/d\/1b6qlwWCgq4vzszstqglEp7zTRAy3wh05\/view?usp=sharing\" target=\"_blank\" rel=\"noopener\">Ver Acta<\/a><\/p>\n<p><a href=\"https:\/\/drive.google.com\/file\/d\/1angGwNQZb2mtuXkYGhJICW3ZRa_Lb7iW\/view?usp=sharing\" target=\"_blank\" rel=\"noopener\">Acta complementaria<\/a><\/td>\n<\/tr>\n<tr>\n<td width=\"372\">Ciencia Pol\u00edtica II (006) | Dra. Claudia Ver\u00f3nica Agreda Ajqu\u00ed<\/td>\n<td style=\"text-align: center;\" width=\"194\"><a href=\"https:\/\/drive.google.com\/file\/d\/14DFn_qxDcwFPhyn3RR1sZ59K9vwt54U0\/view?usp=sharing\" target=\"_blank\" rel=\"noopener\">Ver Acta<\/a><\/p>\n<p><a href=\"https:\/\/drive.google.com\/file\/d\/1m065vE4de8aCDe_jVmLKSmwvWNB3Sy0L\/view?usp=sharing\" target=\"_blank\" rel=\"noopener\">Acta Complementaria<\/a><\/p>\n<p><a href=\"https:\/\/drive.google.com\/file\/d\/1JZaAFlPLSj8a33JBgAx_xBvcvspga59o\/view?usp=sharing\" target=\"_blank\" rel=\"noopener\">Recuperaci\u00f3n (1era. Oportunidad)<\/a><\/td>\n<\/tr>\n<tr>\n<td width=\"372\">Sociolog\u00eda II (007) | Lic. Manuel Rivera Rivera<\/td>\n<td style=\"text-align: center;\" width=\"194\"><a href=\"https:\/\/drive.google.com\/file\/d\/1E1Cuf_6tC5sTarKciANQg72Bt7Ng4xCe\/view?usp=sharing\" target=\"_blank\" rel=\"noopener\">Ver Acta<\/a><\/p>\n<p><a href=\"https:\/\/drive.google.com\/file\/d\/1Rbf329aqxbObk1fA1pwl7JenZ8Dc44wZ\/view?usp=sharing\" target=\"_blank\" rel=\"noopener\">Recuperaci\u00f3n (1ra. Oportunidad)<\/a><\/p>\n<p><a href=\"https:\/\/drive.google.com\/file\/d\/1vz9p3fQu4rfZzHCq7qBgGVP3jZY2MvHJ\/view?usp=sharing\" target=\"_blank\" rel=\"noopener\">Recuperaci\u00f3n (2da. Oportunidad)<\/a><\/td>\n<\/tr>\n<tr>\n<td width=\"372\">Metodolog\u00eda de las Ciencias Sociales II (010) | Mtra. Carmen Olivia Alvarez Bobadilla<\/td>\n<td style=\"text-align: center;\" width=\"194\"><a href=\"https:\/\/drive.google.com\/file\/d\/1856Ail8icgv_-jgq2asZU5Y-N7Vf71qp\/view?usp=sharing\" target=\"_blank\" rel=\"noopener\">Ver Acta<\/a><\/td>\n<\/tr>\n<tr>\n<td width=\"372\">Historia Latinoamericana (009) | Lic. Rub\u00e9n Alvarez Enr\u00edquez<\/td>\n<td style=\"text-align: center;\" width=\"194\"><a href=\"https:\/\/drive.google.com\/file\/d\/1_Ay9WczUDBlsw72Pw8bl_NvlHyPMz3PX\/view?usp=sharing\" target=\"_blank\" rel=\"noopener\">Ver Acta<\/a><\/td>\n<\/tr>\n<\/tbody>\n<\/table>\n<p>SECCION C<\/p>\n<table>\n<tbody>\n<tr>\n<td width=\"372\">Metodolog\u00eda de las Ciencias Sociales II (010) | Mtra. Carmen Olivia Alvarez Bobadilla<\/td>\n<td style=\"text-align: center;\" width=\"194\"><a href=\"https:\/\/drive.google.com\/file\/d\/1D2bUOf6MSl8g-fmsyk9XqtK0ePwP_2Qt\/view?usp=sharing\" target=\"_blank\" rel=\"noopener\">Ver Acta<\/a><\/td>\n<\/tr>\n<tr>\n<td width=\"372\">Relaciones Internacionales II (008) | Dr. Ivan Ricardo Le\u00f3n Archila<\/td>\n<td style=\"text-align: center;\" width=\"194\"><a href=\"https:\/\/drive.google.com\/file\/d\/1dPZQWO2qOtPz299NrH_nFMUIHhSg3Gfa\/view?usp=sharing\" target=\"_blank\" rel=\"noopener\">Ver Acta<\/a><\/td>\n<\/tr>\n<tr>\n<td width=\"372\">Historia Latinoamericana (009) | Licda. Sonia Abigail P\u00e9rez Pivaral<\/td>\n<td style=\"text-align: center;\" width=\"194\"><a href=\"https:\/\/drive.google.com\/file\/d\/1uyWHs1OxY8wKMsNtYc9e7OY4FN1GasG5\/view?usp=sharing\" target=\"_blank\" rel=\"noopener\">Ver Acta<\/a><\/td>\n<\/tr>\n<tr>\n<td width=\"372\">Ciencia Pol\u00edtica II (006) | Mtro. Jorge de Jes\u00fas Ponce Reynoso<\/td>\n<td style=\"text-align: center;\" width=\"194\"><a href=\"https:\/\/drive.google.com\/file\/d\/1Xb1tTzIbV7gzcJF8xR_LjQVV4dkW0yIr\/view?usp=sharing\" target=\"_blank\" rel=\"noopener\">Ver Acta<\/a><\/p>\n<p><a href=\"https:\/\/drive.google.com\/file\/d\/1PjL-pob76yDM56plyvOu2PuzLB_6kGuU\/view?usp=sharing\" target=\"_blank\" rel=\"noopener\">Recuperaci\u00f3n (1era. Oportunidad)<\/a><\/td>\n<\/tr>\n<tr>\n<td width=\"372\">Sociolog\u00eda II (007) | Lic. Licerio Camey Huz<\/td>\n<td style=\"text-align: center;\" width=\"194\"><a href=\"https:\/\/drive.google.com\/file\/d\/1SRo3esflaInH_WsYY5GZKKQICZGkBXKq\/view?usp=sharing\" target=\"_blank\" rel=\"noopener\">Ver Acta<\/a><\/td>\n<\/tr>\n<\/tbody>\n<\/table>\n<p>SECCION D<\/p>\n<table>\n<tbody>\n<tr>\n<td width=\"372\">Relaciones Internacionales II (008) | Lic. Jos\u00e9 Gilberto Cortez Chac\u00f3n<\/td>\n<td style=\"text-align: center;\" width=\"194\"><a href=\"https:\/\/drive.google.com\/file\/d\/1auLIfIJx8MiHp_xRbhFPhcKYq1XXq78u\/view?usp=sharing\" target=\"_blank\" rel=\"noopener\">Ver Acta<\/a><\/p>\n<p><a href=\"https:\/\/drive.google.com\/file\/d\/17SB-bz9dXKNZXfPdqUzcoJj34y7GT2Ar\/view?usp=sharing\" target=\"_blank\" rel=\"noopener\">Recuperaci\u00f3n (1ra. Oportunidad)<\/a><\/p>\n<p><a href=\"https:\/\/drive.google.com\/file\/d\/1Y77DXOUN1H5ib3FYiXpUnffZwrij0lVG\/view?usp=sharing\" target=\"_blank\" rel=\"noopener\">Recuperaci\u00f3n (2da. Oportunidad)<\/a><\/td>\n<\/tr>\n<tr>\n<td width=\"372\">Sociolog\u00eda II (007) | Msc. Manuel Rivera Rivera<\/td>\n<td style=\"text-align: center;\" width=\"194\"><a href=\"https:\/\/drive.google.com\/file\/d\/1X8ZcrsXusHSo5izwdW9njWmVvHnPcmEF\/view?usp=sharing\" target=\"_blank\" rel=\"noopener\">Ver Acta<\/a><\/p>\n<p><a href=\"https:\/\/drive.google.com\/file\/d\/1-xx1fBh_NMUFvV8PrUfg2n4hK-9TOiD2\/view?usp=sharing\" target=\"_blank\" rel=\"noopener\">Recuperaci\u00f3n (1era. Oportunidad)<\/a><\/p>\n<p><a href=\"https:\/\/drive.google.com\/file\/d\/1XxsI52gw_1x60yEMRc0qjAzV2IVHAKEq\/view?usp=sharing\" target=\"_blank\" rel=\"noopener\">Recuperaci\u00f3n (2da. Oportunidad)<\/a><\/td>\n<\/tr>\n<tr>\n<td width=\"372\">Historia Latinoamericana (009) | Lic. Joel Amilcar Hern\u00e1ndez<\/td>\n<td style=\"text-align: center;\" width=\"194\"><a href=\"https:\/\/drive.google.com\/file\/d\/1Jf7nMKsIR-SaVvCiGoEAPFk1y802T5vB\/view?usp=sharing\" target=\"_blank\" rel=\"noopener\">Ver Acta<\/a><\/td>\n<\/tr>\n<tr>\n<td width=\"372\">Ciencia Pol\u00edtica II (006) | Lic. Oscar Estuardo Bautista Soto<\/td>\n<td style=\"text-align: center;\" width=\"194\"><a href=\"https:\/\/drive.google.com\/file\/d\/1og7ROlLcAMJ2ne22saGI5cQiZmNnWRQF\/view?usp=sharing\" target=\"_blank\" rel=\"noopener\">Ver Acta<\/a><\/td>\n<\/tr>\n<tr>\n<td width=\"372\">Metodolog\u00eda de las Ciencias Sociales II (010) | Lic. Luis Armando Ruiz Morales<\/td>\n<td style=\"text-align: center;\" width=\"194\"><a href=\"https:\/\/drive.google.com\/file\/d\/1Jf7nMKsIR-SaVvCiGoEAPFk1y802T5vB\/view?usp=sharing\" target=\"_blank\" rel=\"noopener\">Ver Acta<\/a><\/td>\n<\/tr>\n<\/tbody>\n<\/table>\n<p style=\"text-align: left;\"><a href=\"https:\/\/cienciapolitica.usac.edu.gt?page_id=4168\"><strong>&lt;&lt; Regresar<\/strong><\/a><\/p>\n","protected":false},"excerpt":{"rendered":"<p>PENSUM INTRODUCTORIO 2DO SEMESTRE &lt;&lt; Regresar SECCION A Relaciones Internacionales II (008) | Licda. Nidia Eunice D\u00edaz Morales Ver Acta Recuperaci\u00f3n (2da. Oportunidad) Metodolog\u00eda de las Ciencias Sociales II (010) | Lic. Le\u00f3n Roberto Barrios Castillo Ver Acta Sociolog\u00eda II (007) | Msc. Manuel Rivera Rivera Ver Acta Recuperaci\u00f3n (1ra. Oportunidad) Recuperaci\u00f3n (2da. Oportunidad) Ciencia [&hellip;]<\/p>\n","protected":false},"author":101012,"featured_media":0,"parent":0,"menu_order":0,"comment_status":"closed","ping_status":"closed","template":"","meta":[],"_links":{"self":[{"href":"https:\/\/cienciapolitica.usac.edu.gt\/index.php?rest_route=\/wp\/v2\/pages\/4170"}],"collection":[{"href":"https:\/\/cienciapolitica.usac.edu.gt\/index.php?rest_route=\/wp\/v2\/pages"}],"about":[{"href":"https:\/\/cienciapolitica.usac.edu.gt\/index.php?rest_route=\/wp\/v2\/types\/page"}],"author":[{"embeddable":true,"href":"https:\/\/cienciapolitica.usac.edu.gt\/index.php?rest_route=\/wp\/v2\/users\/101012"}],"replies":[{"embeddable":true,"href":"https:\/\/cienciapolitica.usac.edu.gt\/index.php?rest_route=%2Fwp%2Fv2%2Fcomments&post=4170"}],"version-history":[{"count":47,"href":"https:\/\/cienciapolitica.usac.edu.gt\/index.php?rest_route=\/wp\/v2\/pages\/4170\/revisions"}],"predecessor-version":[{"id":5265,"href":"https:\/\/cienciapolitica.usac.edu.gt\/index.php?rest_route=\/wp\/v2\/pages\/4170\/revisions\/5265"}],"wp:attachment":[{"href":"https:\/\/cienciapolitica.usac.edu.gt\/index.php?rest_route=%2Fwp%2Fv2%2Fmedia&parent=4170"}],"curies":[{"name":"wp","href":"https:\/\/api.w.org\/{rel}","templated":true}]}}