{"id":3921,"date":"2020-07-22T21:28:28","date_gmt":"2020-07-22T21:28:28","guid":{"rendered":"https:\/\/cienciapolitica.usac.edu.gt?page_id=3921"},"modified":"2020-07-27T04:55:31","modified_gmt":"2020-07-27T04:55:31","slug":"asignacion-ciencia-politica","status":"publish","type":"page","link":"https:\/\/cienciapolitica.usac.edu.gt\/?page_id=3921","title":{"rendered":"Asignaci\u00f3n Ciencia Pol\u00edtica"},"content":{"rendered":"<h1 style=\"text-align: center;\">Formulario Electr\u00f3nico para Asignaci\u00f3n de Cursos de Estudiantes de Ciencia Pol\u00edtica<\/h1>\n<p><iframe loading=\"lazy\" src=\"https:\/\/docs.google.com\/forms\/d\/e\/1FAIpQLSegVurQEspCQGW5G8Rku2PIhRiQ8ap_I5RuF7Iks9PnRGejzg\/viewform?embedded=true\" width=\"700\" height=\"520\" frameborder=\"0\" marginwidth=\"0\" marginheight=\"0\">Cargando\u2026<\/iframe><\/p>\n","protected":false},"excerpt":{"rendered":"<p>Formulario Electr\u00f3nico para Asignaci\u00f3n de Cursos de Estudiantes de Ciencia Pol\u00edtica Cargando\u2026<\/p>\n","protected":false},"author":101012,"featured_media":0,"parent":0,"menu_order":0,"comment_status":"closed","ping_status":"closed","template":"","meta":[],"_links":{"self":[{"href":"https:\/\/cienciapolitica.usac.edu.gt\/index.php?rest_route=\/wp\/v2\/pages\/3921"}],"collection":[{"href":"https:\/\/cienciapolitica.usac.edu.gt\/index.php?rest_route=\/wp\/v2\/pages"}],"about":[{"href":"https:\/\/cienciapolitica.usac.edu.gt\/index.php?rest_route=\/wp\/v2\/types\/page"}],"author":[{"embeddable":true,"href":"https:\/\/cienciapolitica.usac.edu.gt\/index.php?rest_route=\/wp\/v2\/users\/101012"}],"replies":[{"embeddable":true,"href":"https:\/\/cienciapolitica.usac.edu.gt\/index.php?rest_route=%2Fwp%2Fv2%2Fcomments&post=3921"}],"version-history":[{"count":7,"href":"https:\/\/cienciapolitica.usac.edu.gt\/index.php?rest_route=\/wp\/v2\/pages\/3921\/revisions"}],"predecessor-version":[{"id":3952,"href":"https:\/\/cienciapolitica.usac.edu.gt\/index.php?rest_route=\/wp\/v2\/pages\/3921\/revisions\/3952"}],"wp:attachment":[{"href":"https:\/\/cienciapolitica.usac.edu.gt\/index.php?rest_route=%2Fwp%2Fv2%2Fmedia&parent=3921"}],"curies":[{"name":"wp","href":"https:\/\/api.w.org\/{rel}","templated":true}]}}