{"id":3878,"date":"2020-07-15T04:03:04","date_gmt":"2020-07-15T04:03:04","guid":{"rendered":"https:\/\/cienciapolitica.usac.edu.gt?page_id=3878"},"modified":"2024-01-06T06:12:53","modified_gmt":"2024-01-06T06:12:53","slug":"voluntariado","status":"publish","type":"page","link":"https:\/\/cienciapolitica.usac.edu.gt\/?page_id=3878","title":{"rendered":"Voluntariado"},"content":{"rendered":"\n<h2 class=\"wp-block-heading has-text-align-center\"><span lang=\"ES\" style=\"color: #000000;\">Universidad de San Carlos de Guatemala<\/span><\/h2>\n\n\n\n<h2 class=\"wp-block-heading has-text-align-center\"><span lang=\"ES\" style=\"color: #000000;\">Escuela de Ciencia Pol\u00edtica<\/span><\/h2>\n\n\n\n<h2 class=\"wp-block-heading has-text-align-center\"><span lang=\"ES\" style=\"color: #000000;\">Voluntariado ECP-USAC<\/span><\/h2>\n\n\n\n<p><\/p>\n\n\n\n<div class=\"wp-block-group is-layout-constrained\"><div class=\"wp-block-group__inner-container\">\n<h6 class=\"wp-block-heading\"><strong>Su fin fundamental es promover la integraci\u00f3n entre la Universidad de San Carlos de Guatemala y la sociedad guatemalteca, en el marco del desarrollo humano, social, cultural, econ\u00f3mico y pol\u00edtico del pa\u00eds.<\/strong><\/h6>\n\n\n\n<h6 class=\"wp-block-heading\"><strong>El Programa de Voluntariado pretende coadyuvar al crecimiento integral, especialmente de los estudiantes. Quienes a partir de la sensibilidad que desarrollan por diferentes situaciones se involucran en programas de apoyo de diversa \u00edndole. Esto, a trav\u00e9s de actividades dentro de la ciudad, en comunidades del interior del pa\u00eds, casi siempre compartiendo en sitios y con personas de escasos recursos econ\u00f3micos. Lo anterior contribuye en su formaci\u00f3n profesional porque los convierte en j\u00f3venes m\u00e1s propensos al di\u00e1logo, a fomentar el debate sano, permitiendo una formaci\u00f3n de ciudadanos\/as responsables con su entorno, contribuyendo a la construcci\u00f3n de un pa\u00eds m\u00e1s tolerante y respetuoso de los derechos m\u00e1s fundamentales.<\/strong><\/h6>\n\n\n\n<h6 class=\"wp-block-heading\"><strong>El voluntariado va dirigido a estudiantes, docentes, personal administrativo, y toda aquella persona miembro de la comunidad universitaria con deseo de desarrollar una filosof\u00eda de vida filantr\u00f3pica en su desarrollo personal.<\/strong><\/h6>\n\n\n\n<h6 class=\"wp-block-heading\"><strong>Para participar puede ser desde las instancias encargadas de la Universidad que cuentan con diversos mecanismos, as\u00ed como todo grupo organizado dentro de la Escuela de Ciencia Politica. Puedes comunicarte con nosotros para encaminar cualquier proyecto e iniciativa.<\/strong><\/h6>\n\n\n\n<h4 class=\"wp-block-heading\"><strong>Contactos:<\/strong><\/h4>\n\n\n\n<hr class=\"wp-block-separator has-alpha-channel-opacity\"\/>\n\n\n\n<h4 class=\"wp-block-heading has-small-font-size\">Licenciada Wendy Garc\u00eda Curruchiche (Supervisora)<\/h4>\n\n\n\n<h4 class=\"wp-block-heading has-small-font-size\"><a rel=\"noreferrer noopener\" href=\"mailto:garcia.elizabeth@usac.edu.gt\" target=\"_blank\"><strong>garcia.elizabeth@usac.edu.gt<\/strong><\/a><\/h4>\n\n\n\n<h4 class=\"wp-block-heading has-small-font-size\"><a rel=\"noreferrer noopener\" href=\"mailto:wendygarcia.20@hotmail.com\" target=\"_blank\"><strong>wendygarcia.20@hotmail.com<\/strong><\/a><\/h4>\n\n\n\n<hr class=\"wp-block-separator has-alpha-channel-opacity\"\/>\n\n\n\n<h4 class=\"wp-block-heading has-small-font-size\">Licenciado Marvin\u00a0Moran Corzo (Supervisor)<\/h4>\n\n\n\n<h4 class=\"wp-block-heading has-small-font-size\"><a href=\"https:\/\/cienciapolitica.usac.edu.gt\/wp-admin\/moran.marvin@usac.edu.gt\"><strong>moran.marvin@usac.edu.gt<\/strong><\/a><\/h4>\n\n\n\n<h4 class=\"wp-block-heading has-small-font-size\"><a rel=\"noreferrer noopener\" href=\"mailto:1970mnmc@gmail.com\" target=\"_blank\"><strong>1970mnmc@gmail.com<\/strong><\/a><\/h4>\n\n\n\n<hr class=\"wp-block-separator has-alpha-channel-opacity\"\/>\n\n\n\n<h4 class=\"wp-block-heading has-small-font-size\">Enlace Direcci\u00f3n de Extensi\u00f3n Universitaria &#8211; USAC<\/h4>\n\n\n\n<h4 class=\"wp-block-heading has-small-font-size\"><a rel=\"noreferrer noopener\" href=\"http:\/\/digeu.usac.edu.gt\/index.php\" target=\"_blank\"><strong>http:\/\/digeu.usac.edu.gt\/index.php<\/strong><\/a><\/h4>\n\n\n\n<hr class=\"wp-block-separator has-alpha-channel-opacity\"\/>\n\n\n\n<h4 class=\"wp-block-heading has-small-font-size\">Enlace El Peri\u00f3dico de la USAC<\/h4>\n\n\n\n<h4 class=\"wp-block-heading has-small-font-size\"><a rel=\"noreferrer noopener\" href=\"http:\/\/periodico.usac.edu.gt\/\" target=\"_blank\"><strong>http:\/\/periodico.usac.edu.gt\/<\/strong><\/a><\/h4>\n\n\n\n<hr class=\"wp-block-separator has-alpha-channel-opacity\"\/>\n\n\n\n<h4 class=\"wp-block-heading has-small-font-size\">Departamento de Deportes &#8211; USAC<\/h4>\n\n\n\n<h4 class=\"wp-block-heading has-small-font-size\"><a rel=\"noreferrer noopener\" href=\"http:\/\/deportes.usac.edu.gt\/\" target=\"_blank\"><strong>http:\/\/deportes.usac.edu.gt<\/strong><\/a><\/h4>\n<\/div><\/div>\n","protected":false},"excerpt":{"rendered":"<p>Universidad de San Carlos de Guatemala Escuela de Ciencia Pol\u00edtica Voluntariado ECP-USAC Su fin fundamental es promover la integraci\u00f3n entre la Universidad de San Carlos de Guatemala y la sociedad guatemalteca, en el marco del desarrollo humano, social, cultural, econ\u00f3mico y pol\u00edtico del pa\u00eds. El Programa de Voluntariado pretende coadyuvar al crecimiento integral, especialmente de [&hellip;]<\/p>\n","protected":false},"author":101012,"featured_media":0,"parent":0,"menu_order":0,"comment_status":"closed","ping_status":"closed","template":"","meta":[],"_links":{"self":[{"href":"https:\/\/cienciapolitica.usac.edu.gt\/index.php?rest_route=\/wp\/v2\/pages\/3878"}],"collection":[{"href":"https:\/\/cienciapolitica.usac.edu.gt\/index.php?rest_route=\/wp\/v2\/pages"}],"about":[{"href":"https:\/\/cienciapolitica.usac.edu.gt\/index.php?rest_route=\/wp\/v2\/types\/page"}],"author":[{"embeddable":true,"href":"https:\/\/cienciapolitica.usac.edu.gt\/index.php?rest_route=\/wp\/v2\/users\/101012"}],"replies":[{"embeddable":true,"href":"https:\/\/cienciapolitica.usac.edu.gt\/index.php?rest_route=%2Fwp%2Fv2%2Fcomments&post=3878"}],"version-history":[{"count":14,"href":"https:\/\/cienciapolitica.usac.edu.gt\/index.php?rest_route=\/wp\/v2\/pages\/3878\/revisions"}],"predecessor-version":[{"id":8384,"href":"https:\/\/cienciapolitica.usac.edu.gt\/index.php?rest_route=\/wp\/v2\/pages\/3878\/revisions\/8384"}],"wp:attachment":[{"href":"https:\/\/cienciapolitica.usac.edu.gt\/index.php?rest_route=%2Fwp%2Fv2%2Fmedia&parent=3878"}],"curies":[{"name":"wp","href":"https:\/\/api.w.org\/{rel}","templated":true}]}}