{"id":3874,"date":"2020-07-15T04:02:32","date_gmt":"2020-07-15T04:02:32","guid":{"rendered":"https:\/\/cienciapolitica.usac.edu.gt?page_id=3874"},"modified":"2020-07-18T01:46:59","modified_gmt":"2020-07-18T01:46:59","slug":"extension","status":"publish","type":"page","link":"https:\/\/cienciapolitica.usac.edu.gt\/?page_id=3874","title":{"rendered":"Extensi\u00f3n"},"content":{"rendered":"<h1 style=\"text-align: center;\"><span lang=\"ES\">Escuela de Ciencia Pol\u00edtica<\/span><\/h1>\n<h1 style=\"text-align: center;\"><span lang=\"ES\">Universidad de San Carlos de Guatemala<\/span><\/h1>\n<h1 style=\"text-align: center;\"><span lang=\"ES\">EXTENSI\u00d3N UNIVERSITARIA<\/span><\/h1>\n<h4 style=\"text-align: justify;\"><span lang=\"ES\">De acuerdo a la Direcci\u00f3n\u00a0<\/span><span lang=\"ES\">General Universitaria de la Universidad de San Carlos de Guatemala,\u00a0por Extensi\u00f3n Universitaria se entiende, la integraci\u00f3n\u00a0Universidad-sociedad, la ciencia y la cultura en todas sus\u00a0manifestaciones, as\u00ed como la identidad nacional, por medio de la\u00a0participaci\u00f3n multidisciplinaria, innovadora, din\u00e1mica y flexible, que\u00a0permita desarrollar capacidades institucionales para contribuir al\u00a0estudio y propuestas de soluci\u00f3n para el desarrollo de la naci\u00f3n\u00a0guatemalteca.\u00a0 Su fin fundamental es promover la integraci\u00f3n entre la\u00a0Universidad de San Carlos de Guatemala y la sociedad guatemalteca, en\u00a0el marco del desarrollo humano, social, cultural, econ\u00f3mico y pol\u00edtico\u00a0del pa\u00eds.<\/span><\/h4>\n<h4>El Arto. 71 del Estatuto de la Universidad de San Carlos de Guatemala\u00a0(Nacional y Aut\u00f3noma), literalmente establece:<\/h4>\n<h4>Art\u00edculo 71.- La Universidad procurar\u00e1 la mayor\u00a0extensi\u00f3n de sus ense\u00f1anzas en provecho de la cultura general\u00a0de la naci\u00f3n, por medio de la extensi\u00f3n universitaria\u00a0que se realizar\u00e1 en las tres direcciones siguientes:<\/h4>\n<h4>a) Cultura elemental;<\/h4>\n<h4>b) Cultura media; y<\/h4>\n<h4>c) Cultura superior.<\/h4>\n","protected":false},"excerpt":{"rendered":"<p>Escuela de Ciencia Pol\u00edtica Universidad de San Carlos de Guatemala EXTENSI\u00d3N UNIVERSITARIA De acuerdo a la Direcci\u00f3n\u00a0General Universitaria de la Universidad de San Carlos de Guatemala,\u00a0por Extensi\u00f3n Universitaria se entiende, la integraci\u00f3n\u00a0Universidad-sociedad, la ciencia y la cultura en todas sus\u00a0manifestaciones, as\u00ed como la identidad nacional, por medio de la\u00a0participaci\u00f3n multidisciplinaria, innovadora, din\u00e1mica y flexible, que\u00a0permita [&hellip;]<\/p>\n","protected":false},"author":101012,"featured_media":0,"parent":0,"menu_order":0,"comment_status":"closed","ping_status":"closed","template":"","meta":[],"_links":{"self":[{"href":"https:\/\/cienciapolitica.usac.edu.gt\/index.php?rest_route=\/wp\/v2\/pages\/3874"}],"collection":[{"href":"https:\/\/cienciapolitica.usac.edu.gt\/index.php?rest_route=\/wp\/v2\/pages"}],"about":[{"href":"https:\/\/cienciapolitica.usac.edu.gt\/index.php?rest_route=\/wp\/v2\/types\/page"}],"author":[{"embeddable":true,"href":"https:\/\/cienciapolitica.usac.edu.gt\/index.php?rest_route=\/wp\/v2\/users\/101012"}],"replies":[{"embeddable":true,"href":"https:\/\/cienciapolitica.usac.edu.gt\/index.php?rest_route=%2Fwp%2Fv2%2Fcomments&post=3874"}],"version-history":[{"count":3,"href":"https:\/\/cienciapolitica.usac.edu.gt\/index.php?rest_route=\/wp\/v2\/pages\/3874\/revisions"}],"predecessor-version":[{"id":3908,"href":"https:\/\/cienciapolitica.usac.edu.gt\/index.php?rest_route=\/wp\/v2\/pages\/3874\/revisions\/3908"}],"wp:attachment":[{"href":"https:\/\/cienciapolitica.usac.edu.gt\/index.php?rest_route=%2Fwp%2Fv2%2Fmedia&parent=3874"}],"curies":[{"name":"wp","href":"https:\/\/api.w.org\/{rel}","templated":true}]}}