{"id":3696,"date":"2020-07-09T02:54:41","date_gmt":"2020-07-09T02:54:41","guid":{"rendered":"https:\/\/cienciapolitica.usac.edu.gt?page_id=3696"},"modified":"2020-07-09T02:54:47","modified_gmt":"2020-07-09T02:54:47","slug":"objetivos","status":"publish","type":"page","link":"https:\/\/cienciapolitica.usac.edu.gt\/?page_id=3696","title":{"rendered":"Objetivos"},"content":{"rendered":"<h1 style=\"text-align: center;\"><strong>Objetivos<\/strong><\/h1>\n<ul>\n<li>\n<h4><strong>Graduar polit\u00f3logos, soci\u00f3logos e internacionalistas, congruentes con las caracter\u00edsticas y demandas de la sociedad guatemalteca;<\/strong><\/h4>\n<\/li>\n<\/ul>\n<ul>\n<li>\n<h4><strong>Desarrollar la investigaci\u00f3n cient\u00edfica en los campos dela Ciencia Pol\u00edtica, la Sociolog\u00eda y las Relaciones Internacionales, para contribuir a la soluci\u00f3n de los problemas nacionales;<\/strong><\/h4>\n<\/li>\n<\/ul>\n<ul>\n<li>\n<h4><strong>Impulsar la realizaci\u00f3n de actividades, funciones y tareas inherentes a la Extensi\u00f3n y el Servicio en los campos dela Sociolog\u00eda,la Ciencia Pol\u00edtica y las Relaciones Internacionales;<\/strong><\/h4>\n<\/li>\n<\/ul>\n<ul>\n<li>\n<h4><strong>Impulsar la investigaci\u00f3n cient\u00edfica, con el prop\u00f3sito de formular teor\u00edas propias acerca de la realidad nacional;<\/strong><\/h4>\n<\/li>\n<\/ul>\n<ul>\n<li>\n<h4><strong>Publicar, informar y difundir ampliamente los resultados de sus investigaciones; y<\/strong><\/h4>\n<\/li>\n<\/ul>\n<ul>\n<li>\n<h4><strong>Mantener v\u00ednculos permanentes de mutua colaboraci\u00f3n con otras instituciones acad\u00e9micas, nacionales e internacionales.<\/strong><\/h4>\n<\/li>\n<\/ul>\n<h4><strong>(Contenido en el art\u00edculo 5to. del Reglamento dela Escuela de Ciencia Pol\u00edtica, aprobados el 15 de noviembre de 1996, seg\u00fan Acta No. 26-96 del Consejo Superior Universitario).<\/strong><\/h4>\n<h4><\/h4>\n","protected":false},"excerpt":{"rendered":"<p>Objetivos Graduar polit\u00f3logos, soci\u00f3logos e internacionalistas, congruentes con las caracter\u00edsticas y demandas de la sociedad guatemalteca; Desarrollar la investigaci\u00f3n cient\u00edfica en los campos dela Ciencia Pol\u00edtica, la Sociolog\u00eda y las Relaciones Internacionales, para contribuir a la soluci\u00f3n de los problemas nacionales; Impulsar la realizaci\u00f3n de actividades, funciones y tareas inherentes a la Extensi\u00f3n y el [&hellip;]<\/p>\n","protected":false},"author":101012,"featured_media":0,"parent":0,"menu_order":0,"comment_status":"closed","ping_status":"closed","template":"","meta":[],"_links":{"self":[{"href":"https:\/\/cienciapolitica.usac.edu.gt\/index.php?rest_route=\/wp\/v2\/pages\/3696"}],"collection":[{"href":"https:\/\/cienciapolitica.usac.edu.gt\/index.php?rest_route=\/wp\/v2\/pages"}],"about":[{"href":"https:\/\/cienciapolitica.usac.edu.gt\/index.php?rest_route=\/wp\/v2\/types\/page"}],"author":[{"embeddable":true,"href":"https:\/\/cienciapolitica.usac.edu.gt\/index.php?rest_route=\/wp\/v2\/users\/101012"}],"replies":[{"embeddable":true,"href":"https:\/\/cienciapolitica.usac.edu.gt\/index.php?rest_route=%2Fwp%2Fv2%2Fcomments&post=3696"}],"version-history":[{"count":1,"href":"https:\/\/cienciapolitica.usac.edu.gt\/index.php?rest_route=\/wp\/v2\/pages\/3696\/revisions"}],"predecessor-version":[{"id":3697,"href":"https:\/\/cienciapolitica.usac.edu.gt\/index.php?rest_route=\/wp\/v2\/pages\/3696\/revisions\/3697"}],"wp:attachment":[{"href":"https:\/\/cienciapolitica.usac.edu.gt\/index.php?rest_route=%2Fwp%2Fv2%2Fmedia&parent=3696"}],"curies":[{"name":"wp","href":"https:\/\/api.w.org\/{rel}","templated":true}]}}