{"id":3685,"date":"2020-07-09T02:27:06","date_gmt":"2020-07-09T02:27:06","guid":{"rendered":"https:\/\/cienciapolitica.usac.edu.gt?page_id=3685"},"modified":"2020-07-09T06:44:43","modified_gmt":"2020-07-09T06:44:43","slug":"mision-y-vision","status":"publish","type":"page","link":"https:\/\/cienciapolitica.usac.edu.gt\/?page_id=3685","title":{"rendered":"Misi\u00f3n y Visi\u00f3n"},"content":{"rendered":"<h1 style=\"text-align: center;\"><strong>Misi\u00f3n<\/strong><\/h1>\n<h4 style=\"text-align: justify;\">La Escuela de Ciencia Pol\u00edtica es la unidad acad\u00e9mica de la Universidad de San Carlos de Guatemala responsable de la formaci\u00f3n profesional, la investigaci\u00f3n cient\u00edfica y la extensi\u00f3n universitaria a nivel de grado y posgrado en las disciplinas de Ciencia Pol\u00edtica, Sociolog\u00eda y Relaciones Internacionales.<\/h4>\n<h4><\/h4>\n<h1 style=\"text-align: center;\"><strong>Visi\u00f3n<\/strong><\/h1>\n<h4 style=\"text-align: justify;\">Al 2023 la Escuela de Ciencia Pol\u00edtica es reconocida como una instituci\u00f3n acad\u00e9mica y administrativa s\u00f3lida que contribuye de manera eficiente a la soluci\u00f3n de los problemas nacionales de su competencia, graduando profesionales \u00e9ticamente comprometidos; desarrollando propuestas cient\u00edficamente fundamentadas; y brindando servicios oportunos a la sociedad para la construcci\u00f3n de una Guatemala m\u00e1s justa y democr\u00e1tica.<\/h4>\n","protected":false},"excerpt":{"rendered":"<p>Misi\u00f3n La Escuela de Ciencia Pol\u00edtica es la unidad acad\u00e9mica de la Universidad de San Carlos de Guatemala responsable de la formaci\u00f3n profesional, la investigaci\u00f3n cient\u00edfica y la extensi\u00f3n universitaria a nivel de grado y posgrado en las disciplinas de Ciencia Pol\u00edtica, Sociolog\u00eda y Relaciones Internacionales. Visi\u00f3n Al 2023 la Escuela de Ciencia Pol\u00edtica es [&hellip;]<\/p>\n","protected":false},"author":101012,"featured_media":0,"parent":0,"menu_order":0,"comment_status":"closed","ping_status":"closed","template":"","meta":[],"_links":{"self":[{"href":"https:\/\/cienciapolitica.usac.edu.gt\/index.php?rest_route=\/wp\/v2\/pages\/3685"}],"collection":[{"href":"https:\/\/cienciapolitica.usac.edu.gt\/index.php?rest_route=\/wp\/v2\/pages"}],"about":[{"href":"https:\/\/cienciapolitica.usac.edu.gt\/index.php?rest_route=\/wp\/v2\/types\/page"}],"author":[{"embeddable":true,"href":"https:\/\/cienciapolitica.usac.edu.gt\/index.php?rest_route=\/wp\/v2\/users\/101012"}],"replies":[{"embeddable":true,"href":"https:\/\/cienciapolitica.usac.edu.gt\/index.php?rest_route=%2Fwp%2Fv2%2Fcomments&post=3685"}],"version-history":[{"count":4,"href":"https:\/\/cienciapolitica.usac.edu.gt\/index.php?rest_route=\/wp\/v2\/pages\/3685\/revisions"}],"predecessor-version":[{"id":3730,"href":"https:\/\/cienciapolitica.usac.edu.gt\/index.php?rest_route=\/wp\/v2\/pages\/3685\/revisions\/3730"}],"wp:attachment":[{"href":"https:\/\/cienciapolitica.usac.edu.gt\/index.php?rest_route=%2Fwp%2Fv2%2Fmedia&parent=3685"}],"curies":[{"name":"wp","href":"https:\/\/api.w.org\/{rel}","templated":true}]}}