{"id":3636,"date":"2020-07-08T06:35:09","date_gmt":"2020-07-08T06:35:09","guid":{"rendered":"https:\/\/cienciapolitica.usac.edu.gt?page_id=3636"},"modified":"2020-07-11T03:07:29","modified_gmt":"2020-07-11T03:07:29","slug":"centro-universitario-de-san-marcos-cusam","status":"publish","type":"page","link":"https:\/\/cienciapolitica.usac.edu.gt\/?page_id=3636","title":{"rendered":"Centro Universitario de San Marcos (CUSAM)"},"content":{"rendered":"<h1 style=\"text-align: center;\">Centro Universitario de San Marcos en el \u00a0Departamento de San Marcos (USAC-CUSAM)<\/h1>\n<h4 style=\"text-align: justify;\">Las carreras de Ciencia Pol\u00edtica, Sociolog\u00eda y Relaciones Internacionales inician actividades acad\u00e9micas en la ciudad de San Marcos el a\u00f1o 2017. Una de las funciones principales \u00a0de las carreras es la de generar espacios que puedan coadyuvar al mejoramiento intelectual y material de los estudiantes (a) de la regi\u00f3n de San Marcos y del Occidente de Guatemala.<\/h4>\n<h2 style=\"text-align: justify;\">Contacto:<\/h2>\n<h4 style=\"text-align: justify;\">Coordinador: \u00a0Dr. Hugo Rafael L\u00f3pez Mazariegos<\/h4>\n<h4 style=\"text-align: justify;\">Correo Electr\u00f3nico:\u00a0 <a href=\"mailto:loppez_mazariegos@yahoo.com\">loppez_mazariegos@yahoo.com\u00a0<\/a><\/h4>\n<h4 style=\"text-align: justify;\">Celular: (502) 4709-7463<\/h4>\n<h2>Pol\u00edticas Cusam<\/h2>\n<h4>Link: <a href=\"https:\/\/www.facebook.com\/politicas.cusam.7\" target=\"_blank\" rel=\"noopener\">https:\/\/www.facebook.com\/politicas.cusam.7<\/a><\/h4>\n<h2>Estudiantes de Ciencia Pol\u00edtica USAC \u2013 CUSAM<\/h2>\n<h4>Link: <a href=\"https:\/\/www.facebook.com\/ecpcusam\" target=\"_blank\" rel=\"noopener\">https:\/\/www.facebook.com\/ecpcusam<\/a><\/h4>\n","protected":false},"excerpt":{"rendered":"<p>Centro Universitario de San Marcos en el \u00a0Departamento de San Marcos (USAC-CUSAM) Las carreras de Ciencia Pol\u00edtica, Sociolog\u00eda y Relaciones Internacionales inician actividades acad\u00e9micas en la ciudad de San Marcos el a\u00f1o 2017. Una de las funciones principales \u00a0de las carreras es la de generar espacios que puedan coadyuvar al mejoramiento intelectual y material de [&hellip;]<\/p>\n","protected":false},"author":101012,"featured_media":0,"parent":0,"menu_order":0,"comment_status":"closed","ping_status":"closed","template":"","meta":[],"_links":{"self":[{"href":"https:\/\/cienciapolitica.usac.edu.gt\/index.php?rest_route=\/wp\/v2\/pages\/3636"}],"collection":[{"href":"https:\/\/cienciapolitica.usac.edu.gt\/index.php?rest_route=\/wp\/v2\/pages"}],"about":[{"href":"https:\/\/cienciapolitica.usac.edu.gt\/index.php?rest_route=\/wp\/v2\/types\/page"}],"author":[{"embeddable":true,"href":"https:\/\/cienciapolitica.usac.edu.gt\/index.php?rest_route=\/wp\/v2\/users\/101012"}],"replies":[{"embeddable":true,"href":"https:\/\/cienciapolitica.usac.edu.gt\/index.php?rest_route=%2Fwp%2Fv2%2Fcomments&post=3636"}],"version-history":[{"count":4,"href":"https:\/\/cienciapolitica.usac.edu.gt\/index.php?rest_route=\/wp\/v2\/pages\/3636\/revisions"}],"predecessor-version":[{"id":3797,"href":"https:\/\/cienciapolitica.usac.edu.gt\/index.php?rest_route=\/wp\/v2\/pages\/3636\/revisions\/3797"}],"wp:attachment":[{"href":"https:\/\/cienciapolitica.usac.edu.gt\/index.php?rest_route=%2Fwp%2Fv2%2Fmedia&parent=3636"}],"curies":[{"name":"wp","href":"https:\/\/api.w.org\/{rel}","templated":true}]}}