{"id":3582,"date":"2020-07-08T04:23:16","date_gmt":"2020-07-08T04:23:16","guid":{"rendered":"https:\/\/cienciapolitica.usac.edu.gt?page_id=3582"},"modified":"2023-06-23T02:49:31","modified_gmt":"2023-06-23T02:49:31","slug":"instituto-de-investigaciones-politicas-y-sociales","status":"publish","type":"page","link":"https:\/\/cienciapolitica.usac.edu.gt\/?page_id=3582","title":{"rendered":"Instituto de Investigaciones Pol\u00edticas y Sociales"},"content":{"rendered":"<h1 style=\"text-align: center;\">INSTITUTO DE INVESTIGACIONES POLITICAS Y SOCIALES (IIPS)<\/h1>\n<h4 style=\"text-align: justify;\"><span lang=\"es\" style=\"color: #000000;\">El IIPS \u00abDr. Ren\u00e9 Poitevin Dard\u00f3n\u00bb, funciona desde el a\u00f1o 1976 como parte de la Escuela de Ciencia Pol\u00edtica, con el objeto de canalizar a trav\u00e9s de \u00e9l, las actividades de car\u00e1cter investigativo que emprenden. Es un centro de estudios e investigaci\u00f3n dedicado al an\u00e1lisis de los problemas internacionales, pol\u00edticos y sociales del pa\u00eds para el servicio de la universidad y de la naci\u00f3n en general.<\/span><span lang=\"es\"><span style=\"color: #000000;\"><u><\/u>\u00a0<\/span><u><\/u><\/span><\/h4>\n<h4 style=\"text-align: justify;\"><span lang=\"es\" style=\"color: #000000;\">El Instituto es una unidad administrativa destinada a cumplir una funci\u00f3n acad\u00e9mica consistente en identificar, buscar, perseguir, promover, difundir y provocar la inquietud intelectual, por v\u00eda de la investigaci\u00f3n en la ciencia y en la realidad, en los \u00e1mbitos que le conciernen a la Escuela de Ciencia Pol\u00edtica, tanto a nivel nacional como internacional y, tambi\u00e9n, en los campos docente y estudiantil.<\/span><\/h4>\n<h4 style=\"text-align: justify;\"><span lang=\"es\" style=\"color: #000000;\">El IIPS cuenta con cuatro \u00e1reas de investigaci\u00f3n:<\/span><\/h4>\n<ul style=\"text-align: justify;\">\n<li>\n<h4><span lang=\"es\" style=\"color: #000000;\">Estudios Pol\u00edticos (encargado: MSc. Jorge Arag\u00f3n)<\/span><\/h4>\n<\/li>\n<li>\n<h4><span lang=\"es\" style=\"color: #000000;\">Estudios Sociol\u00f3gicos (encargada: MSc. Rosaura Raguex)<\/span><\/h4>\n<\/li>\n<li>\n<h4><span lang=\"es\" style=\"color: #000000;\">Estudios Internacionales (encargada: Licda. Karen Ar\u00e9valo)<\/span><\/h4>\n<\/li>\n<li>\n<h4><span lang=\"es\" style=\"color: #000000;\">Estudios sobre Discapacidad (encargado: MSc. Gabriel Escobar)<\/span><\/h4>\n<\/li>\n<\/ul>\n<h4 style=\"text-align: justify;\">Contacto:<\/h4>\n<h4 style=\"text-align: justify;\"><span lang=\"es\" style=\"color: #000000;\">Tel: 24188705<\/span><\/h4>\n<h4 style=\"text-align: justify;\"><span lang=\"es\" style=\"color: #000000;\">E-mail:\u00a0<a style=\"color: #000000;\" href=\"mailto:iipsecp@gmail.com\" target=\"_blank\" rel=\"noopener\">iipsecp@gmail.com<\/a><\/span><\/h4>\n<h4 style=\"text-align: justify;\"><span lang=\"es\" style=\"color: #000000;\">Edificio M5, segundo nivel, Escuela de Ciencia Pol\u00edtica, USAC.<\/span><\/h4>\n<h4 style=\"text-align: justify;\"><span lang=\"es\" style=\"color: #000000;\">P\u00e1gina web: <a style=\"color: #000000;\" href=\"http:\/\/iips.usac.edu.gt\/\">http:\/\/iips.usac.edu.gt\/<\/a><\/span><\/h4>\n","protected":false},"excerpt":{"rendered":"<p>INSTITUTO DE INVESTIGACIONES POLITICAS Y SOCIALES (IIPS) El IIPS \u00abDr. Ren\u00e9 Poitevin Dard\u00f3n\u00bb, funciona desde el a\u00f1o 1976 como parte de la Escuela de Ciencia Pol\u00edtica, con el objeto de canalizar a trav\u00e9s de \u00e9l, las actividades de car\u00e1cter investigativo que emprenden. Es un centro de estudios e investigaci\u00f3n dedicado al an\u00e1lisis de los problemas [&hellip;]<\/p>\n","protected":false},"author":101012,"featured_media":0,"parent":0,"menu_order":0,"comment_status":"closed","ping_status":"closed","template":"","meta":[],"_links":{"self":[{"href":"https:\/\/cienciapolitica.usac.edu.gt\/index.php?rest_route=\/wp\/v2\/pages\/3582"}],"collection":[{"href":"https:\/\/cienciapolitica.usac.edu.gt\/index.php?rest_route=\/wp\/v2\/pages"}],"about":[{"href":"https:\/\/cienciapolitica.usac.edu.gt\/index.php?rest_route=\/wp\/v2\/types\/page"}],"author":[{"embeddable":true,"href":"https:\/\/cienciapolitica.usac.edu.gt\/index.php?rest_route=\/wp\/v2\/users\/101012"}],"replies":[{"embeddable":true,"href":"https:\/\/cienciapolitica.usac.edu.gt\/index.php?rest_route=%2Fwp%2Fv2%2Fcomments&post=3582"}],"version-history":[{"count":16,"href":"https:\/\/cienciapolitica.usac.edu.gt\/index.php?rest_route=\/wp\/v2\/pages\/3582\/revisions"}],"predecessor-version":[{"id":7607,"href":"https:\/\/cienciapolitica.usac.edu.gt\/index.php?rest_route=\/wp\/v2\/pages\/3582\/revisions\/7607"}],"wp:attachment":[{"href":"https:\/\/cienciapolitica.usac.edu.gt\/index.php?rest_route=%2Fwp%2Fv2%2Fmedia&parent=3582"}],"curies":[{"name":"wp","href":"https:\/\/api.w.org\/{rel}","templated":true}]}}