{"id":3574,"date":"2020-07-08T03:41:23","date_gmt":"2020-07-08T03:41:23","guid":{"rendered":"https:\/\/cienciapolitica.usac.edu.gt?page_id=3574"},"modified":"2023-06-23T03:01:40","modified_gmt":"2023-06-23T03:01:40","slug":"cooperacion-internacional","status":"publish","type":"page","link":"https:\/\/cienciapolitica.usac.edu.gt\/?page_id=3574","title":{"rendered":"Cooperaci\u00f3n Internacional"},"content":{"rendered":"<h2 style=\"text-align: center;\">DEPARTAMENTO DE COOPERACI\u00d3N INTERNACIONAL DE LA ESCUELA DE CIENCIA POL\u00cdTICA<\/h2>\n<h2 style=\"text-align: center;\">UNIVERSIDAD DE SAN CARLOS DE GUATEMALA<\/h2>\n<h2 style=\"text-align: center;\" align=\"center\"><strong><span lang=\"ES-GT\"><u><\/u>\u00a0<u><\/u><\/span><\/strong><\/h2>\n<h3>Presentaci\u00f3n<\/h3>\n<p><span lang=\"ES-GT\" style=\"color: #000000;\">El Departamento de Cooperaci\u00f3n Internacional de la Escuela de Ciencia Pol\u00edtica, tiene a su cargo dar seguimiento y atenci\u00f3n a las necesidades de los estudiantes y docentes como parte del fortalecimiento acad\u00e9mico e institucional y al compromiso de contribuir a alcanzar los objetivos priorizados y el Plan Estrat\u00e9gico de esta Escuela.<\/span><\/p>\n<p><span lang=\"ES-GT\" style=\"color: #000000;\">En el marco de los objetivos de la Escuela de Ciencia Pol\u00edtica, se pretende contribuir a la soluci\u00f3n de los problemas nacionales; Impulsar la investigaci\u00f3n cient\u00edfica y la realizaci\u00f3n de actividades inherentes a la Extensi\u00f3n y el Servicio en los campos de la Sociolog\u00eda, la Ciencia Pol\u00edtica y las Relaciones Internacionales; as\u00ed como, mantener v\u00ednculos permanentes de mutua colaboraci\u00f3n con otras instituciones acad\u00e9micas, diplom\u00e1ticas, organismos nacionales e internacionales.<\/span><\/p>\n<p><span lang=\"ES-GT\" style=\"color: #000000;\">Adem\u00e1s, el Departamento de Cooperaci\u00f3n Internacional de la Escuela de Ciencia Pol\u00edtica mantiene comunicaci\u00f3n directa con la Coordinadora General de Cooperaci\u00f3n Internacional y Relaciones Internacionales de la Universidad de San Carlos de Guatemala, con el objeto de aprovechar las oportunidades y espacios que se gestionan a trav\u00e9s de la Coordinadora General, como los recursos t\u00e9cnicos, financieros, programas y proyectos pertinentes.<\/span><\/p>\n<p><span lang=\"ES-GT\" style=\"color: #000000;\">Por otra parte, el Departamento de Cooperaci\u00f3n Internacional colabora en la realizaci\u00f3n de actividades para las cuales es requerido su apoyo con el fin de incentivar a los estudiantes para alcanzar sus metas u objetivos, como lo es la organizaci\u00f3n de conferencias especializadas con invitados nacionales e internacionales, foros, Congresos, gesti\u00f3n para la suscripci\u00f3n de firmas de Cartas de Entendimientos, apertura de contactos para EPS, enlaces interuniversitarios nacionales e internacionales, as\u00ed como la promoci\u00f3n y gesti\u00f3n de becas. En una forma m\u00e1s espec\u00edfica podemos puntualizar que al departamento de Cooperaci\u00f3n Internacional de la Escuela de Ciencia Pol\u00edtica le corresponde:<\/span><\/p>\n<ul>\n<li style=\"text-align: justify;\"><span lang=\"ES-GT\" style=\"color: #000000;\">Proponer lineamientos para promover la cooperaci\u00f3n en el marco de la normatividad vigente a fin de asegurar que los programas, actividades y proyectos de cooperaci\u00f3n se est\u00e9n afines a las pol\u00edticas de la Escuela.<\/span><\/li>\n<\/ul>\n<ul>\n<li style=\"text-align: justify;\"><span lang=\"ES-GT\" style=\"color: #000000;\">Identificar, coordinar y canalizar la demanda de cooperaci\u00f3n t\u00e9cnica nacional como internacional.<\/span><\/li>\n<\/ul>\n<ul>\n<li style=\"text-align: justify;\"><span lang=\"ES-GT\" style=\"color: #000000;\">Promover y articular la participaci\u00f3n de la Escuela en espacios de concertaci\u00f3n internacional en el marco de la academia.<\/span><\/li>\n<\/ul>\n<ul>\n<li style=\"text-align: justify;\"><span lang=\"ES-GT\" style=\"color: #000000;\">Proponer, asesorar y coordinar la suscripci\u00f3n de Convenios y Cartas de Entendimiento, as\u00ed como efectuar el seguimiento de los compromisos adquiridos en los acuerdos suscritos por la Escuela de Ciencia Pol\u00edtica.<\/span><\/li>\n<\/ul>\n<ul>\n<li><span lang=\"ES-GT\" style=\"color: #000000;\">Las dem\u00e1s funciones que le sean encomendadas por la Direcci\u00f3n de la Escuela y el Consejo Directivo y las que correspondan por mandato expreso<\/span><\/li>\n<\/ul>\n<h3>Funciones y objetivos<\/h3>\n<ul>\n<li>El Departamento de Cooperaci\u00f3n Internacional, es un \u00f3rgano de apoyo dependiente del despacho de la Direcci\u00f3n de la Escuela de Ciencia Pol\u00edtica, encargado de la formulaci\u00f3n de la gesti\u00f3n, ejecuci\u00f3n y seguimiento de las estrategias, pol\u00edticas, planes y programas de cooperaci\u00f3n y de las relaciones interinstitucionales de la Escuela con instituciones nacionales e internacionales.<\/li>\n<\/ul>\n<ul style=\"text-align: justify;\">\n<li>Establecer pol\u00edticas, normas, estrategias y procedimientos para la suscripci\u00f3n, difusi\u00f3n, ejecuci\u00f3n y evaluaci\u00f3n de los convenios, Cartas de Entendimiento, redes y otras formas de cooperaci\u00f3n interinstitucional.<\/li>\n<\/ul>\n<ul style=\"text-align: justify;\">\n<li>Dise\u00f1ar, organizar y ejecutar planes y programas de capacitaci\u00f3n de cooperaci\u00f3n interinstitucional.<\/li>\n<\/ul>\n<ul style=\"text-align: justify;\">\n<li>Gestionar becas nacionales e internacionales para el perfeccionamiento y capacitaci\u00f3n de docentes, administrativos y estudiantes.<\/li>\n<\/ul>\n<ul style=\"text-align: justify;\">\n<li>Coordinar la participaci\u00f3n oportuna de la Escuela en programas nacionales e internacionales en el campo de la docencia, investigaci\u00f3n, proyecci\u00f3n social, extensi\u00f3n educativa, capacitaci\u00f3n, entre otros.<\/li>\n<\/ul>\n<ul>\n<li>Apoyar y asesar en las actividades del \u00e1mbito de su competencia y las dem\u00e1s que le asigne la Direcci\u00f3n de la Escuela.<br \/>\n<h4><\/h4>\n<\/li>\n<\/ul>\n","protected":false},"excerpt":{"rendered":"<p>DEPARTAMENTO DE COOPERACI\u00d3N INTERNACIONAL DE LA ESCUELA DE CIENCIA POL\u00cdTICA UNIVERSIDAD DE SAN CARLOS DE GUATEMALA \u00a0 Presentaci\u00f3n El Departamento de Cooperaci\u00f3n Internacional de la Escuela de Ciencia Pol\u00edtica, tiene a su cargo dar seguimiento y atenci\u00f3n a las necesidades de los estudiantes y docentes como parte del fortalecimiento acad\u00e9mico e institucional y al compromiso [&hellip;]<\/p>\n","protected":false},"author":101012,"featured_media":0,"parent":0,"menu_order":0,"comment_status":"closed","ping_status":"closed","template":"","meta":[],"_links":{"self":[{"href":"https:\/\/cienciapolitica.usac.edu.gt\/index.php?rest_route=\/wp\/v2\/pages\/3574"}],"collection":[{"href":"https:\/\/cienciapolitica.usac.edu.gt\/index.php?rest_route=\/wp\/v2\/pages"}],"about":[{"href":"https:\/\/cienciapolitica.usac.edu.gt\/index.php?rest_route=\/wp\/v2\/types\/page"}],"author":[{"embeddable":true,"href":"https:\/\/cienciapolitica.usac.edu.gt\/index.php?rest_route=\/wp\/v2\/users\/101012"}],"replies":[{"embeddable":true,"href":"https:\/\/cienciapolitica.usac.edu.gt\/index.php?rest_route=%2Fwp%2Fv2%2Fcomments&post=3574"}],"version-history":[{"count":15,"href":"https:\/\/cienciapolitica.usac.edu.gt\/index.php?rest_route=\/wp\/v2\/pages\/3574\/revisions"}],"predecessor-version":[{"id":7616,"href":"https:\/\/cienciapolitica.usac.edu.gt\/index.php?rest_route=\/wp\/v2\/pages\/3574\/revisions\/7616"}],"wp:attachment":[{"href":"https:\/\/cienciapolitica.usac.edu.gt\/index.php?rest_route=%2Fwp%2Fv2%2Fmedia&parent=3574"}],"curies":[{"name":"wp","href":"https:\/\/api.w.org\/{rel}","templated":true}]}}