{"id":3507,"date":"2020-07-07T20:07:58","date_gmt":"2020-07-07T20:07:58","guid":{"rendered":"https:\/\/cienciapolitica.usac.edu.gt?page_id=3507"},"modified":"2024-10-04T16:24:28","modified_gmt":"2024-10-04T16:24:28","slug":"relaciones-internacionales","status":"publish","type":"page","link":"https:\/\/cienciapolitica.usac.edu.gt\/?page_id=3507","title":{"rendered":"Relaciones Internacionales"},"content":{"rendered":"<h1 style=\"text-align: center;\">LICENCIATURA EN RELACIONES INTERNACIONALES (INTERNACIONALISTA)<\/h1>\n<h2>Objetivo de la Carrera<\/h2>\n<p style=\"text-align: justify;\">La Universidad de San Carlos de Guatemala cuenta con distintas facultades y escuelas no Facultativas, siendo el caso la Escuela de Ciencia Pol\u00edtica que forma parte de las unidades acad\u00e9micas que contribuyen a la educaci\u00f3n superior para la construcci\u00f3n de conocimiento, generaci\u00f3n de pensamiento cr\u00edtico, y formaci\u00f3n de futuros profesionales quienes contribuir\u00e1n y participar\u00e1n en el desarrollo del Estado de Guatemala. Asimismo, es encargada de organizar, coordinar e implementar programas de formaci\u00f3n, extensi\u00f3n y servicios en relaci\u00f3n con la disciplina de Relaciones Internacionales. Uno de sus objetivos es graduar Internacionalistas con el grado acad\u00e9mico de Licenciatura en Relaciones Internacionales, quienes contaran con una formaci\u00f3n acad\u00e9mica superior de forma te\u00f3rica \u2013 pr\u00e1ctica, con metodolog\u00eda, para la comprensi\u00f3n, an\u00e1lisis y critica de fen\u00f3menos nacionales e internacionales, entiendo sus causas y consecuencias, aplicando posturas y compar\u00e1ndolas con te\u00f3ricos expertos en la materia, identificando escenarios y presentando soluciones.<\/p>\n<h2>Duraci\u00f3n<\/h2>\n<p style=\"text-align: justify;\">La carrera cuenta con 10 ciclos durante los cuales se desarrollan en cinco a\u00f1os con un total de 132 cr\u00e9ditos, distribuidos en 50 cursos, contando con 39 del \u00e1rea social, 02 del \u00e1rea cient\u00edfica y 09 del \u00e1rea tecnol\u00f3gica. \u00a0El nivel introductorio tiene una duraci\u00f3n de 3 ciclos, lo cual equivale a 1 a\u00f1o y medio. A partir del 4\u00ba. Ciclo se inicia con el nivel profesional concluyendo con el 10\u00ba. Ciclo, con una duraci\u00f3n de 2 a\u00f1os y medio aplica para las dos especialidades.<\/p>\n<p style=\"text-align: justify;\">Con el cierre de la carrera al aprobar los 50 cursos, el estudiante tiene optar por realizar el Ejercicio Profesional Supervisado (EPS) o Examen General de Conocimientos (PRIVADO). Concluido con alguno de estos dos procesos continua con la aprobaci\u00f3n de tema de tesis, dise\u00f1o y elaboraci\u00f3n de tesis con el acompa\u00f1amiento de un Asesor\/a; quien al final de la asesor\u00eda emite su dictamen favorable para que pueda sustentar la defensa de tesis con una terna evaluadora asignada por la Coordinaci\u00f3n de la carrera.<\/p>\n<p style=\"text-align: justify;\">Con la aprobaci\u00f3n de la tesis por parte de la Terna evaluadora proceder\u00e1 al Acto p\u00fablico de Graduaci\u00f3n. El estudiante en el proceso de entrega de su expediente para graduaci\u00f3n presentar\u00e1 la acreditaci\u00f3n de contar con el nivel 12 del idioma ingl\u00e9s, \u00e9sta debe ser extendida por el Centro de Aprendizaje de Lenguas de la Universidad de San Carlos de Guatemala \u2013 CALUSAC.<\/p>\n<p style=\"text-align: justify;\">Los estudiantes graduados realizan su tr\u00e1mite de colegiaci\u00f3n ante el Colegio de Abogados y Notarios de Guatemala.<\/p>\n<h2>\u00c1reas de Especialidad<\/h2>\n<ul>\n<li style=\"text-align: justify;\">Licenciatura en Relaciones Internacionales con especialidad en Seguridad Internacional<\/li>\n<\/ul>\n<p style=\"margin-left: 40px; text-align: justify;\">Jornada: Matutina<\/p>\n<p style=\"margin-left: 40px; text-align: justify;\">Horarios de clases: \u00a007:30 a.m. a 10:30 a.m. (lunes a viernes \u2013 2 cursos diarios)<\/p>\n<ul>\n<li>Licenciatura en Relaciones Internacionales con especialidad en Analista Pol\u00edtica Internacional<\/li>\n<\/ul>\n<p style=\"margin-left: 40px;\">Jornada: Nocturna<\/p>\n<p style=\"margin-left: 40px;\">Horarios de clases: \u00a017:30 p.m. a 20:30 p.m. (lunes a viernes \u2013 2 cursos diarios)<\/p>\n<h2>Perfil de ingreso<\/h2>\n<p style=\"text-align: justify;\">En la Escuela de Ciencia Pol\u00edtica se imparten 3 carreras, incluida la carrera de Relaciones Internacionales; las cuales manejan el siguiente perfil de ingreso:<\/p>\n<ul>\n<li>Inter\u00e9s intelectual<\/li>\n<li>Esp\u00edritu cient\u00edfico y de investigaci\u00f3n<\/li>\n<li>Actitud de servicio frente a los problemas sociales<\/li>\n<li>Capacidad de an\u00e1lisis y de observaci\u00f3n<\/li>\n<li>Habilidad para la resoluci\u00f3n de problemas l\u00f3gico-matem\u00e1ticos<\/li>\n<li>Capacidad de s\u00edntesis<\/li>\n<li>Facultad de sistematizar, clasificar y ordenar ideas<\/li>\n<li>Facilidad de expresi\u00f3n: oral y escrita<\/li>\n<li>Exactitud para identificar y procesar datos<\/li>\n<li>Flexibilidad de car\u00e1cter<\/li>\n<li>Iniciativa y creatividad<\/li>\n<li>Actitud positiva en las relaciones humanas<\/li>\n<li>Poseer sentido de autocr\u00edtica<\/li>\n<li>Habilidad verbal, num\u00e9rica y abstracta<\/li>\n<li>Amplio sentido de responsabilidad y principios \u00e9ticos<\/li>\n<\/ul>\n<h2>Perfil de egreso<\/h2>\n<p style=\"text-align: justify;\">La carrera de Relaciones Internacionales en la readecuaci\u00f3n curricular del a\u00f1o 2015 presenta 2 especialidades en la jornada matutina con la especialidad en Seguridad Internacional y en la Jornada Nocturna con especialidad en Analista Pol\u00edtico Internacional; ambas especialidades cuentan con el siguiente perfil de Egreso:<\/p>\n<ul style=\"list-style-type: circle; text-align: justify;\">\n<li style=\"text-align: justify;\">Posee conocimientos fundamentales sobre las teor\u00edas tradicionales y no tradicionales en el contexto de las relaciones internacionales, vinculadas con los diversos problemas de la guerra y la paz en el sistema internacional, las relaciones de poder y los diversos actores, el papel de las instituciones, la autonom\u00eda estatal, la dependencia y la subordinaci\u00f3n, as\u00ed como la construcci\u00f3n de la identidad, fomentando la resoluci\u00f3n de conflictos mediante el dialogo y la negociaci\u00f3n.<\/li>\n<li style=\"text-align: justify;\">Mantiene una actitud cr\u00edtica y reflexiva ante los hechos internacionales que marcan el acontecimiento hist\u00f3rico y la actualidad universal, regional y nacional que repercuten en los aspectos sociales, econ\u00f3micos y pol\u00edticos de los Estados, participando en la resoluci\u00f3n de los problemas que le competen.<\/li>\n<li style=\"text-align: justify;\">Muestra una actitud positiva ante los cambios observados en el acontecer nacional, regional y mundial, situ\u00e1ndose en el marco de las exigencias de la realidad social y pol\u00edtica internacional.<\/li>\n<li style=\"text-align: justify;\">Posee los conocimientos generales y especializados en las Relaciones Internacionales con actitud positiva hacia la continua especializaci\u00f3n para asumir los diferentes roles individuales y en equipos multi, inter y transdisciplinarios.<\/li>\n<li style=\"text-align: justify;\">Domina el idioma ingl\u00e9s y el espa\u00f1ol como idioma oficial, comunic\u00e1ndose adecuadamente.<\/li>\n<li style=\"text-align: justify;\">Ejerce liderazgo basado en un modelo de competencias internacionales, generando nuevos conocimientos en el proceso de formaci\u00f3n, en la investigaci\u00f3n, en la prestaci\u00f3n de servicios y en la gesti\u00f3n institucional.<\/li>\n<li style=\"text-align: justify;\">Busca est\u00e1ndares de calidad en la producci\u00f3n de conocimientos, en la investigaci\u00f3n y en la proyecci\u00f3n social con una actitud favorable hacia el dialogo y la negociaci\u00f3n con actores individuales e institucionales que se involucran en procesos pol\u00edtico-sociales.<\/li>\n<li style=\"text-align: justify;\">Posee un alto esp\u00edritu cient\u00edfico para investigar los problemas sociales y pol\u00edticos, nacionales e internacionales que le permitan realizar proyectos para generar nuevos conocimientos.<\/li>\n<li style=\"text-align: justify;\">Analiza los procesos de formulaci\u00f3n y ejecuci\u00f3n de las pol\u00edticas internacionales de los Estados, con especial \u00e9nfasis en el caso de Guatemala.<\/li>\n<li style=\"text-align: justify;\">Analiza estrat\u00e9gicamente las pol\u00edticas y escenarios de la problem\u00e1tica de seguridad internacional y sus efectos en la pol\u00edtica nacional de seguridad, para prevenir y mantener la estabilidad, el equilibrio y la paz interna.<\/li>\n<\/ul>\n<h2>Campo de acci\u00f3n de la carrera<\/h2>\n<p style=\"text-align: justify;\">La Escuela de Ciencia Pol\u00edtica previo a iniciar la readecuaci\u00f3n curricular e implementar el nuevo pensum 2015, realiz\u00f3 un estudio para conocer sobre la demanda profesional y as\u00ed identificar las oportunidades laborales para sus futuros egresados, donde puedan aplicar sus conocimientos e interactuar en espacios importantes. \u00a0La participaci\u00f3n de nuestros egresados se ha dado en instituciones p\u00fablicas y privadas, organismos internacionales, organismos no gubernamentales, entre otros. Durante toda la carrera nuestros estudiantes adquieren conocimientos en varios aspectos: econ\u00f3micos, sociales, culturales, pol\u00edticos, entre otros. Asimismo, por la variedad de los temas que se tratan en la carrera, nuestros egresados pueden especializarse en aquellos temas que son de su inter\u00e9s: Comercio Internacional, Diplomacia, Derecho Internacional, Derechos Humanos, Pol\u00edticas P\u00fablicas, entre otra gran diversidad de temas.<\/p>\n<h2>Contacto<\/h2>\n<p>Coordinadora: Licda. Emily Gir\u00f3n Beltr\u00e1n<\/p>\n<p>coordrriiecp@profesor.usac.edu.gt<\/p>\n<p>Jennifer Vicente (Secretaria de carrera)<\/p>\n<p>secretariarelacionesintl.ecp@usac.edu.gt<\/p>\n<h4><a href=\"https:\/\/drive.google.com\/file\/d\/1IOaYlop2dmn8tD7kSClPbp67fFbgmxQ4\/view?usp=sharing\" target=\"_blank\" rel=\"noopener\">DESCARGAR PENSUM<\/a><\/h4>\n<p><a href=\"https:\/\/cienciapolitica.usac.edu.gt\/?page_id=6732\" target=\"_blank\" rel=\"noopener\">Recursos y descargas<\/a><\/p>\n","protected":false},"excerpt":{"rendered":"<p>LICENCIATURA EN RELACIONES INTERNACIONALES (INTERNACIONALISTA) Objetivo de la Carrera La Universidad de San Carlos de Guatemala cuenta con distintas facultades y escuelas no Facultativas, siendo el caso la Escuela de Ciencia Pol\u00edtica que forma parte de las unidades acad\u00e9micas que contribuyen a la educaci\u00f3n superior para la construcci\u00f3n de conocimiento, generaci\u00f3n de pensamiento cr\u00edtico, y [&hellip;]<\/p>\n","protected":false},"author":101012,"featured_media":0,"parent":0,"menu_order":0,"comment_status":"closed","ping_status":"closed","template":"","meta":[],"_links":{"self":[{"href":"https:\/\/cienciapolitica.usac.edu.gt\/index.php?rest_route=\/wp\/v2\/pages\/3507"}],"collection":[{"href":"https:\/\/cienciapolitica.usac.edu.gt\/index.php?rest_route=\/wp\/v2\/pages"}],"about":[{"href":"https:\/\/cienciapolitica.usac.edu.gt\/index.php?rest_route=\/wp\/v2\/types\/page"}],"author":[{"embeddable":true,"href":"https:\/\/cienciapolitica.usac.edu.gt\/index.php?rest_route=\/wp\/v2\/users\/101012"}],"replies":[{"embeddable":true,"href":"https:\/\/cienciapolitica.usac.edu.gt\/index.php?rest_route=%2Fwp%2Fv2%2Fcomments&post=3507"}],"version-history":[{"count":18,"href":"https:\/\/cienciapolitica.usac.edu.gt\/index.php?rest_route=\/wp\/v2\/pages\/3507\/revisions"}],"predecessor-version":[{"id":9459,"href":"https:\/\/cienciapolitica.usac.edu.gt\/index.php?rest_route=\/wp\/v2\/pages\/3507\/revisions\/9459"}],"wp:attachment":[{"href":"https:\/\/cienciapolitica.usac.edu.gt\/index.php?rest_route=%2Fwp%2Fv2%2Fmedia&parent=3507"}],"curies":[{"name":"wp","href":"https:\/\/api.w.org\/{rel}","templated":true}]}}