{"id":3505,"date":"2020-07-07T20:07:49","date_gmt":"2020-07-07T20:07:49","guid":{"rendered":"https:\/\/cienciapolitica.usac.edu.gt?page_id=3505"},"modified":"2023-02-02T04:43:50","modified_gmt":"2023-02-02T04:43:50","slug":"sociologia","status":"publish","type":"page","link":"https:\/\/cienciapolitica.usac.edu.gt\/?page_id=3505","title":{"rendered":"Sociolog\u00eda"},"content":{"rendered":"<h1 style=\"text-align: center;\">LICENCIATURA EN SOCIOLOG\u00cdA (SOCI\u00d3LOGO)<\/h1>\n<h2>Objetivo de la Carrera<\/h2>\n<p style=\"text-align: justify;\">La Escuela de Ciencia Pol\u00edtica es la Unidad Acad\u00e9mica de la Universidad de San Carlos de Guatemala encargada de organizar, coordinar e implementar programas de formaci\u00f3n, extensi\u00f3n y servicios en relaci\u00f3n con la disciplina sociol\u00f3gica. Tiene como objetivo\u00a0 graduar soci\u00f3logos a nivel de Licenciatura y en el campo sociol\u00f3gico desarrollar investigaci\u00f3n cient\u00edfica e impulsar actividades, funciones y tareas inherentes a la extensi\u00f3n y servicio. En coherencia con lo anterior, la Carrera de Sociolog\u00eda a partir de la Readecuaci\u00f3n Curricular de 2015 tiene como objetivo graduar a nivel de licenciatura a profesionales de la disciplina con una s\u00f3lida formaci\u00f3n te\u00f3rica y metodol\u00f3gica especializada capaces de interpretar problemas y ofrecer soluciones desde la perspectiva sociol\u00f3gica con una actitud cient\u00edfica reflexiva y cr\u00edtica que busca contribuir a atender los problemas nacionales de la sociedad guatemalteca entendida como una entidad cultural diversa.<\/p>\n<h2>Duraci\u00f3n<\/h2>\n<p style=\"text-align: justify;\">La Licenciatura en Sociolog\u00eda aprobada seg\u00fan el plan de estudios 2015 en sus dos especialidades tiene una duraci\u00f3n de 5 a\u00f1os.\u00a0 Se conforma de 50 cursos, 38 del \u00c1rea Social, 2 del \u00c1rea Cient\u00edfica y 10 del \u00c1rea Tecnol\u00f3gica. \u00a0El nivel introductorio tiene una duraci\u00f3n de 3 ciclos, 1 a\u00f1o y medio. El nivel profesional una duraci\u00f3n de 5 ciclos, 2 a\u00f1os y medio y en el nivel de especialidad 2 ciclos, 1 a\u00f1o. Una vez aprobados los 50 cursos el estudiante puede realizar el Ejercicio Profesional Supervisado (EPS) o bien el Examen General de Conocimientos. Aprobado alguno de los dos anteriores puede desarrollar una investigaci\u00f3n de tesis como paso previo a su graduaci\u00f3n. La acreditaci\u00f3n por el Centro de Aprendizaje de Lenguas de la Universidad de San Carlos de Guatemala \u2013CALUSAC- de idioma ingl\u00e9s (nivel 12) o un idioma nacional (nivel 8) se constituye en uno de los requisitos previos a la graduaci\u00f3n. La colegiaci\u00f3n de los egresados se realiza en el Colegio de Abogados y Notarios de Guatemala.<\/p>\n<h2>\u00c1rea\u00a0de Especialidad<\/h2>\n<ul>\n<li>\n<p style=\"text-align: justify;\">Jornada Matutina. Licenciatura con Especialidad en Violencia Social y Paz en Guatemala. Horario: 7:30 a 10:30 (Jornada Matutina).<\/p>\n<\/li>\n<\/ul>\n<ul>\n<li>\n<p style=\"text-align: justify;\">Jornada Vespertina. Licenciatura con Especialidad en G\u00e9nero y Etnicidad en Guatemala, 17:30 a 20:30 (Jornada Vespertina).<\/p>\n<\/li>\n<\/ul>\n<h2>Perfil de Ingreso<\/h2>\n<p>Para las 3 carreras que se imparten en la Escuela de Ciencia Pol\u00edtica:<\/p>\n<ul>\n<li>Inter\u00e9s intelectual<\/li>\n<li>Esp\u00edritu cient\u00edfico y de investigaci\u00f3n<\/li>\n<li>Actitud de servicio frente a los problemas sociales<\/li>\n<li>Capacidad de an\u00e1lisis y de observaci\u00f3n<\/li>\n<li>Habilidad para la resoluci\u00f3n de problemas l\u00f3gico matem\u00e1ticos<\/li>\n<li>Capacidad de s\u00edntesis<\/li>\n<li>Facultad para sistematizar, clasificar y ordenar ideas<\/li>\n<li>Facilidad de expresi\u00f3n: oral y escrita<\/li>\n<li>Exactitud para identificar y procesar datos<\/li>\n<li>Flexibilidad de car\u00e1cter<\/li>\n<li>Iniciativa y creatividad<\/li>\n<li>Actitud positiva en las relaciones humanas<\/li>\n<li>Poseer sentido de autocr\u00edtica<\/li>\n<li>Habilidad verbal, num\u00e9rica y abstracta<\/li>\n<\/ul>\n<ul>\n<li>Amplio sentido de responsabilidad y principios \u00e9ticos<\/li>\n<\/ul>\n<h2>Perfil de Egreso<\/h2>\n<p style=\"text-align: justify;\">Para las 2 especialidades de la Licenciatura en Sociolog\u00eda:<\/p>\n<ul style=\"text-align: justify;\">\n<li>Posee los conocimientos generales y especializados sobre la ciencia Sociol\u00f3gica y ciencias afines para su desempe\u00f1o, desde la \u00f3ptica de la disciplina Sociol\u00f3gica con una actitud proclive hacia la continua actualizaci\u00f3n, para asumir los diferentes campos en forma individual y en equipo, multi, inter y transdiciplinarios.<\/li>\n<\/ul>\n<ul style=\"text-align: justify;\">\n<li>Tiene los conocimientos especializados sobre la ciencia Sociol\u00f3gica y ciencias afines para abordar problemas de inter\u00e9s para la sociedad guatemalteca, pudiendo dise\u00f1ar y ejecutar proyectos con actitud cr\u00edtica a favor de los grupos sociales vulnerables e hist\u00f3ricamente excluidos.<\/li>\n<\/ul>\n<ul style=\"text-align: justify;\">\n<li>Mantiene una actitud cr\u00edtica y reflexiva basada en los conocimientos fundamentales sobre las teor\u00edas sociol\u00f3gicas generales y especializadas, desarrollando la capacidad para aprovechar y potenciar sus atributos heur\u00edsticos frente a las teor\u00edas cl\u00e1sicas y contempor\u00e1neas.<\/li>\n<\/ul>\n<ul style=\"text-align: justify;\">\n<li>Analiza los problemas sociales del pa\u00eds, haciendo uso de las metodolog\u00edas y teor\u00edas de investigaci\u00f3n sociol\u00f3gica para llevar a cabo procesos de investigaci\u00f3n epistemol\u00f3gicamente fundamentados cualitativa y cuantitativamente.<\/li>\n<\/ul>\n<ul style=\"text-align: justify;\">\n<li>Se sit\u00faa cr\u00edticamente analizando los hechos hist\u00f3ricos del pa\u00eds desde diferentes perspectivas.<\/li>\n<\/ul>\n<ul style=\"text-align: justify;\">\n<li>Contribuye a la soluci\u00f3n de los problemas sociales m\u00e1s sensibles con conocimientos especializados que permiten generar propuestas innovadoras, basadas en el an\u00e1lisis cient\u00edfico y t\u00e9cnico de las relaciones \u00e9tnicas y de g\u00e9nero, as\u00ed como la violencia social, en busca de construir un pa\u00eds diferente.<\/li>\n<\/ul>\n<ul style=\"text-align: justify;\">\n<li>Posee conocimientos t\u00e9cnicos y metodol\u00f3gicos de g\u00e9nero interculturalidad, derechos humanos y ambiente, que le permiten promover la participaci\u00f3n ciudadana y fortalecer el estado democr\u00e1tico, equidad y justicia en el marco de una cultura de paz, multi\u00e9tnica, multiling\u00fce y multicultural con sensibilidad y compromiso social en la transformaci\u00f3n de las situaciones de inequidad (de g\u00e9nero, \u00e9tnica, econ\u00f3mica y laboral).<\/li>\n<\/ul>\n<ul style=\"text-align: justify;\">\n<li>Asume su responsabilidad enfrentando los retos y transformaciones para estar a la vanguardia de las demandas profesionales.<\/li>\n<\/ul>\n<ul>\n<li>\n<p style=\"text-align: justify;\">Domina el idioma ingl\u00e9s o un idioma nacional y el espa\u00f1ol como lengua oficial, comunic\u00e1ndose adecuadamente.<\/p>\n<\/li>\n<\/ul>\n<h2>Campo de Acci\u00f3n<\/h2>\n<p style=\"text-align: justify;\">El estudio sobre demanda profesional realizado en 2013 como requisito previo para la Readecuaci\u00f3n Curricular de 2015 indica que los egresados de la Escuela de Ciencia Pol\u00edtica tienen en su mayor\u00eda campo de desempe\u00f1o laboral tanto en el sector p\u00fablico como el privado, y en menor grado en Organizaciones no Gubernamentales.\u00a0 Algunos han continuado sus estudios de especializaci\u00f3n en otras universidades dentro y fuera del pa\u00eds. En estos espacios en la actualidad ocupan diferentes roles, entre los que destacan el funcionariado p\u00fablico, las consultor\u00edas t\u00e9cnicas, la asesor\u00eda tem\u00e1tica basada en investigaci\u00f3n social, la docencia universitaria, entre otras.<\/p>\n<h2>Contacto<\/h2>\n<p style=\"padding-left: 30px;\">Licda. Irene Chac\u00f3n Zu\u00f1iga (Asistencia Secretarial)<\/p>\n<p style=\"padding-left: 30px;\">secretariasociologia.ecp@usac.edu.gt<\/p>\n<h4><a href=\"https:\/\/drive.google.com\/file\/d\/1vlzgk_TnUoVe5-IwSp8fvIa-qQmNfhBp\/view?usp=sharing\" target=\"_blank\" rel=\"noopener\">DESCARGAR PENSUM<\/a><\/h4>\n","protected":false},"excerpt":{"rendered":"<p>LICENCIATURA EN SOCIOLOG\u00cdA (SOCI\u00d3LOGO) Objetivo de la Carrera La Escuela de Ciencia Pol\u00edtica es la Unidad Acad\u00e9mica de la Universidad de San Carlos de Guatemala encargada de organizar, coordinar e implementar programas de formaci\u00f3n, extensi\u00f3n y servicios en relaci\u00f3n con la disciplina sociol\u00f3gica. Tiene como objetivo\u00a0 graduar soci\u00f3logos a nivel de Licenciatura y en el [&hellip;]<\/p>\n","protected":false},"author":101012,"featured_media":0,"parent":0,"menu_order":0,"comment_status":"closed","ping_status":"closed","template":"","meta":[],"_links":{"self":[{"href":"https:\/\/cienciapolitica.usac.edu.gt\/index.php?rest_route=\/wp\/v2\/pages\/3505"}],"collection":[{"href":"https:\/\/cienciapolitica.usac.edu.gt\/index.php?rest_route=\/wp\/v2\/pages"}],"about":[{"href":"https:\/\/cienciapolitica.usac.edu.gt\/index.php?rest_route=\/wp\/v2\/types\/page"}],"author":[{"embeddable":true,"href":"https:\/\/cienciapolitica.usac.edu.gt\/index.php?rest_route=\/wp\/v2\/users\/101012"}],"replies":[{"embeddable":true,"href":"https:\/\/cienciapolitica.usac.edu.gt\/index.php?rest_route=%2Fwp%2Fv2%2Fcomments&post=3505"}],"version-history":[{"count":31,"href":"https:\/\/cienciapolitica.usac.edu.gt\/index.php?rest_route=\/wp\/v2\/pages\/3505\/revisions"}],"predecessor-version":[{"id":6614,"href":"https:\/\/cienciapolitica.usac.edu.gt\/index.php?rest_route=\/wp\/v2\/pages\/3505\/revisions\/6614"}],"wp:attachment":[{"href":"https:\/\/cienciapolitica.usac.edu.gt\/index.php?rest_route=%2Fwp%2Fv2%2Fmedia&parent=3505"}],"curies":[{"name":"wp","href":"https:\/\/api.w.org\/{rel}","templated":true}]}}