{"id":3503,"date":"2020-07-07T20:07:39","date_gmt":"2020-07-07T20:07:39","guid":{"rendered":"https:\/\/cienciapolitica.usac.edu.gt?page_id=3503"},"modified":"2023-02-02T04:42:55","modified_gmt":"2023-02-02T04:42:55","slug":"ciencia-politica","status":"publish","type":"page","link":"https:\/\/cienciapolitica.usac.edu.gt\/?page_id=3503","title":{"rendered":"Ciencia Pol\u00edtica"},"content":{"rendered":"<h1 style=\"text-align: center;\">LICENCIATURA EN CIENCIA POL\u00cdTICA (POLIT\u00d3LOGO)<\/h1>\n<h2>Objetivo de la Carrera<\/h2>\n<p style=\"text-align: justify;\">La Escuela de Ciencia Pol\u00edtica en la Unidad Acad\u00e9mica de la Universidad de San Carlos de Guatemala encargada de organizar, coordinar e implementar programas de formaci\u00f3n, extensi\u00f3n y servicios en relaci\u00f3n con la Ciencia Pol\u00edtica. Tiene como objetivo graduar polit\u00f3logos a nivel Licenciatura y en el campo de la Ciencia Pol\u00edtica proveer de los conocimientos especializados para abordar, investigar, interpretar y plantear soluciones a diversos problemas de inter\u00e9s para la sociedad guatemalteca. Por lo anterior, la Carrera de Ciencia Pol\u00edtica tiene como objetivo fundamental graduar a nivel de licenciatura a profesionales de la disciplina con un alto esp\u00edritu cient\u00edfico\/metodol\u00f3gico, con sentido cr\u00edtico y un profundo conocimiento del aparato p\u00fablico y sus interrelaciones que le permiten interpretar los problemas sociales y pol\u00edticos, nacionales e internacionales contribuyendo en la soluci\u00f3n de los mismos en forma eficiente.<\/p>\n<h2 style=\"text-align: justify;\">Duraci\u00f3n<\/h2>\n<p style=\"text-align: justify;\">La Licenciatura en Ciencia Pol\u00edtica aprobada seg\u00fan el plan de estudios 2015 en sus dos especialidades cuenta con 10 ciclos durante cinco (5) a\u00f1os con un total de 132 cr\u00e9ditos, distribuidos en 50 cursos de los cuales 40 son del \u00e1rea social, 03 del \u00e1rea cient\u00edfica y 07 del \u00e1rea tecnol\u00f3gica. El nivel introductorio tiene una duraci\u00f3n de 3 ciclos, 1 a\u00f1o y medio. El nivel Profesional una duraci\u00f3n de 5 ciclos, 2 a\u00f1os y medio y el nivel de especialidad 2 ciclos, 1 a\u00f1o. Una vez aprobados los 50 cursos el estudiante puede realizar el Ejercicio Profesional Supervisado (EPS) o bien el Examen General de Conocimientos. Aprobado alguno de los dos anteriores puede desarrollar una investigaci\u00f3n de tesis como paso previo a su graduaci\u00f3n. La acreditaci\u00f3n por el Centro de Aprendizaje de Lenguas de la Universidad de San Carlos de Guatemala -CALUSAC- de idioma ingl\u00e9s (nivel 12)se constituye en uno de los requisitos previos a la graduaci\u00f3n. La colegiaci\u00f3n de los egresados se realiza en el Colegio de Abogados y Notarios de Guatemala.<\/p>\n<h2>\u00c1rea de Especialidad<\/h2>\n<ul>\n<li style=\"text-align: justify;\">Jornada Matutina: Licenciatura en Ciencia Pol\u00edtica con Especialidad en Pol\u00edticas P\u00fablicas. Horario: 7:30 a 10:30 (Jornada Matutina).<\/li>\n<li style=\"text-align: justify;\">Jornada Vespertina: Licenciatura en Ciencia Pol\u00edtica con Especialidad en Analista Pol\u00edtico. Horario:17:30 a 20:30 (Jornada Vespertina).<\/li>\n<\/ul>\n<h2>Perfil de Ingreso<\/h2>\n<p>Para ingresar a las 3 carreras de Licenciatura que se imparten en la Escuela de Ciencia Pol\u00edtica se requieren las siguientes caracter\u00edsticas:<\/p>\n<ul>\n<li>Inter\u00e9s intelectual<\/li>\n<li>Esp\u00edritu cient\u00edfico y de investigaci\u00f3n<\/li>\n<li>Actitud de servicio frente a los problemas sociales<\/li>\n<li>Capacidad de an\u00e1lisis y de observaci\u00f3n<\/li>\n<li>Habilidad para la resoluci\u00f3n de problemas l\u00f3gico matem\u00e1ticos<\/li>\n<li>Capacidad de s\u00edntesis<\/li>\n<li>Facultad para sistematizar, clasificar y ordenar ideas<\/li>\n<li>Facilidad de expresi\u00f3n: \u00a0oral y escrita<\/li>\n<li>Exactitud para identificar y procesar \u00a0datos<\/li>\n<li>Flexibilidad de car\u00e1cter<\/li>\n<li>Iniciativa y creatividad<\/li>\n<li>Actitud positiva en las relaciones humanas<\/li>\n<li>Poseer sentido de autocritica<\/li>\n<li>Habilidad \u00a0verbal, num\u00e9rica y abstracta<\/li>\n<li>Amplio sentido de responsabilidad \u00a0y principios \u00e9ticos.<\/li>\n<\/ul>\n<h2>Perfil de Egreso<\/h2>\n<p>Para las dos especialidades de la Licenciatura en Ciencia Pol\u00edtica se pretende lograr como m\u00ednimo que el estudiante:<\/p>\n<ul>\n<li style=\"text-align: justify;\">Posee los conocimientos fundamentales sobre la Ciencia Pol\u00edtica y ciencias afines para su desempe\u00f1o, con actitud positiva hacia la continua actualizaci\u00f3n para asumir los diferentes roles individual y en equipos multi, inter y transdisciplinarios.<\/li>\n<li style=\"text-align: justify;\">Tiene los conocimientos especializados sobre la Ciencia Pol\u00edtica y ciencias afines para abordar problemas de inter\u00e9s para la sociedad guatemalteca, pudiendo dise\u00f1ar y ejecutar proyectos as\u00ed como comunicar pol\u00edticas \u00a0con actitud cr\u00edtica a favor de los grupos sociales vulnerables e hist\u00f3ricamente excluidos.<\/li>\n<li style=\"text-align: justify;\">Genera nuevos conocimientos en el proceso de formaci\u00f3n, en la investigaci\u00f3n, en la prestaci\u00f3n de servicios y en la gesti\u00f3n institucional.<\/li>\n<li style=\"text-align: justify;\">Participa en la toma de decisiones necesarias para el desarrollo de su entorno: pol\u00edtico, socioecon\u00f3mico y cultural, de acuerdo a la exigencia de reforzar una imagen p\u00fablica de compromiso social y su desarrollo<\/li>\n<li style=\"text-align: justify;\">Emite juicios cr\u00edticos sobre el devenir hist\u00f3rico de Guatemala, para descubrir las contradicciones y hechos que han intervenido en la conformaci\u00f3n de los procesos sociales e hist\u00f3ricos del pa\u00eds.<\/li>\n<li style=\"text-align: justify;\">Fomenta la interrelaci\u00f3n de la Ciencia Pol\u00edtica y su aplicaci\u00f3n en la soluci\u00f3n de los problemas nacionales, aportando conocimientos que contribuyan al progreso de la sociedad con \u00e9tica, responsabilidad y compromiso.<\/li>\n<li style=\"text-align: justify;\">Posee un alto esp\u00edritu cient\u00edfico para investigar los problemas sociales y pol\u00edticos, nacionales e internacionales que le permita contribuir en la soluci\u00f3n de los mismos en forma eficiente.<\/li>\n<li style=\"text-align: justify;\">Participa en la realizaci\u00f3n de cambios que promuevan el desarrollo sociopol\u00edtico, la pr\u00e1ctica de la democracia como sistema de vida y el bienestar de la poblaci\u00f3n.<\/li>\n<li style=\"text-align: justify;\">Posee el conocimiento del aparato p\u00fablico, dominando el dise\u00f1o y ejecuci\u00f3n de sus diferentes pol\u00edticas.<\/li>\n<li style=\"text-align: justify;\">Analiza los procesos de formulaci\u00f3n y ejecuci\u00f3n de la pol\u00edtica internacional de los Estados con especial \u00e9nfasis en el caso de Guatemala.<\/li>\n<li style=\"text-align: justify;\">Domina el idioma ingl\u00e9s y el espa\u00f1ol como idioma oficial, comunic\u00e1ndose adecuadamente.<\/li>\n<\/ul>\n<h2>Campo de Acci\u00f3n<\/h2>\n<p style=\"text-align: justify;\">El estudio sobre demanda profesional realizado en el a\u00f1o 2013 como requisito previo para la Readecuaci\u00f3n Curricular de 2015 indica que los egresados de la Escuela de Ciencia Pol\u00edtica tienen en su mayor\u00eda campo de desempe\u00f1o laboral tanto en el sector p\u00fablico como el privado, y en menor grado en Organizaciones no Gubernamentales. Algunos contin\u00faan sus estudios de especializaci\u00f3n dentro y fuera del pa\u00eds. En estos espacios en la actualidad ocupan diferentes roles, entre los que destacan el funcionario p\u00fablico, las consultor\u00edas t\u00e9cnicas, la asesor\u00eda tem\u00e1tica basada en investigaci\u00f3n pol\u00edtico\/social, la docencia universitaria, entre otras.<\/p>\n<h2 style=\"text-align: justify;\">Contacto<\/h2>\n<p style=\"text-align: justify;\">Licenciada Silvia Barneond (Asistencia Secretarial)<\/p>\n<p style=\"text-align: justify;\">secretariacienciapol.ecp@usac.edu.gt<\/p>\n<h4><a href=\"https:\/\/drive.google.com\/file\/d\/15F2O_fD3pMA9WwfqcNbxQHcy7PRBrBP7\/view?usp=sharing\" target=\"_blank\" rel=\"noopener\">DESCARGAR PENSUM<\/a><\/h4>\n","protected":false},"excerpt":{"rendered":"<p>LICENCIATURA EN CIENCIA POL\u00cdTICA (POLIT\u00d3LOGO) Objetivo de la Carrera La Escuela de Ciencia Pol\u00edtica en la Unidad Acad\u00e9mica de la Universidad de San Carlos de Guatemala encargada de organizar, coordinar e implementar programas de formaci\u00f3n, extensi\u00f3n y servicios en relaci\u00f3n con la Ciencia Pol\u00edtica. Tiene como objetivo graduar polit\u00f3logos a nivel Licenciatura y en el [&hellip;]<\/p>\n","protected":false},"author":101012,"featured_media":0,"parent":0,"menu_order":0,"comment_status":"closed","ping_status":"closed","template":"","meta":[],"_links":{"self":[{"href":"https:\/\/cienciapolitica.usac.edu.gt\/index.php?rest_route=\/wp\/v2\/pages\/3503"}],"collection":[{"href":"https:\/\/cienciapolitica.usac.edu.gt\/index.php?rest_route=\/wp\/v2\/pages"}],"about":[{"href":"https:\/\/cienciapolitica.usac.edu.gt\/index.php?rest_route=\/wp\/v2\/types\/page"}],"author":[{"embeddable":true,"href":"https:\/\/cienciapolitica.usac.edu.gt\/index.php?rest_route=\/wp\/v2\/users\/101012"}],"replies":[{"embeddable":true,"href":"https:\/\/cienciapolitica.usac.edu.gt\/index.php?rest_route=%2Fwp%2Fv2%2Fcomments&post=3503"}],"version-history":[{"count":12,"href":"https:\/\/cienciapolitica.usac.edu.gt\/index.php?rest_route=\/wp\/v2\/pages\/3503\/revisions"}],"predecessor-version":[{"id":6613,"href":"https:\/\/cienciapolitica.usac.edu.gt\/index.php?rest_route=\/wp\/v2\/pages\/3503\/revisions\/6613"}],"wp:attachment":[{"href":"https:\/\/cienciapolitica.usac.edu.gt\/index.php?rest_route=%2Fwp%2Fv2%2Fmedia&parent=3503"}],"curies":[{"name":"wp","href":"https:\/\/api.w.org\/{rel}","templated":true}]}}