{"id":3478,"date":"2020-07-07T19:40:31","date_gmt":"2020-07-07T19:40:31","guid":{"rendered":"https:\/\/cienciapolitica.usac.edu.gt?page_id=3478"},"modified":"2023-02-08T20:56:47","modified_gmt":"2023-02-08T20:56:47","slug":"postgrados","status":"publish","type":"page","link":"https:\/\/cienciapolitica.usac.edu.gt\/?page_id=3478","title":{"rendered":"Postgrados"},"content":{"rendered":"<h1 style=\"text-align: center;\">Departamento de Postgrado<\/h1>\n<h1 style=\"text-align: center;\">Escuela de Ciencia Pol\u00edtica<\/h1>\n<h4 style=\"text-align: justify;\">El Departamento de Estudios de Postgrado de la Escuela de Ciencia Pol\u00edtica se fundamenta en el Reglamento del Sistema de Estudios de Postgrado de la Universidad de San Carlos de Guatemala, aprobado \u00a0en \u00faltima modificaci\u00f3n en el Punto Octavo, Inciso 8.2 del Acta 01-2012 del Consejo Superior Universitario del 25 de enero de 2012 y el acuerdo de creaci\u00f3n del Departamento de Estudios de Postgrado de la Escuela de Ciencia Pol\u00edtica, contenido en el Punto Octavo, Inciso 8.6 del Acta No. 02-2007 de fecha 14 de febrero del a\u00f1o 2007 del Consejo Directivo de la Escuela de Ciencia Pol\u00edtica.<\/h4>\n<h4 style=\"text-align: justify;\">El Departamento de Estudios de Postgrado de la Escuela de Ciencia Pol\u00edtica es el ente acad\u00e9mico encargado de dirigir los estudios de maestr\u00eda y doctorado en la Escuela de Ciencia Pol\u00edtica, cuyos fines son la formaci\u00f3n actualizaci\u00f3n y capacitaci\u00f3n de profesionales e investigadores de nivel superior, de la ciencia pol\u00edtica, sociolog\u00eda, relaciones internacionales y otras afines, con el prop\u00f3sito de responder a la demandan de recursos humanos altamente calificados que requiere la sociedad guatemalteca.<\/h4>\n<h4 style=\"text-align: justify;\">En la Escuela de Ciencia Pol\u00edtica se han promovido en a\u00f1os anteriores, la Maestr\u00eda en Investigaci\u00f3n de Pol\u00edtica y Sociedad, la Maestr\u00eda de An\u00e1lisis Estrat\u00e9gico, Seguridad y Geopol\u00edtica. \u00a0Actualmente est\u00e1n en ejecuci\u00f3n la Maestr\u00eda en Seguridad de la Naci\u00f3n, la Maestr\u00eda en Sexualidad G\u00e9nero y Pol\u00edticas P\u00fablicas y de manera Conjunta con la Escuela de Trabajo Social y la Escuela de Historia, el Doctorado en Ciencias Sociales.<\/h4>\n<h4 style=\"text-align: justify;\">Durante el pr\u00f3ximo a\u00f1o, se tendr\u00e1n disponibles la Maestr\u00eda en Relaciones Internacionales con orientaci\u00f3n en Comercio Exterior e Integraci\u00f3n y la Maestr\u00eda en Conflictividad Social.<\/h4>\n<hr \/>\n<h4 style=\"text-align: justify; padding-left: 30px;\">Mtra. Geidy de Mata Medrano<\/h4>\n<h4 style=\"text-align: justify;\"><\/h4>\n<h4 style=\"text-align: right;\"><\/h4>\n","protected":false},"excerpt":{"rendered":"<p>Departamento de Postgrado Escuela de Ciencia Pol\u00edtica El Departamento de Estudios de Postgrado de la Escuela de Ciencia Pol\u00edtica se fundamenta en el Reglamento del Sistema de Estudios de Postgrado de la Universidad de San Carlos de Guatemala, aprobado \u00a0en \u00faltima modificaci\u00f3n en el Punto Octavo, Inciso 8.2 del Acta 01-2012 del Consejo Superior Universitario [&hellip;]<\/p>\n","protected":false},"author":101012,"featured_media":0,"parent":0,"menu_order":0,"comment_status":"closed","ping_status":"closed","template":"","meta":[],"_links":{"self":[{"href":"https:\/\/cienciapolitica.usac.edu.gt\/index.php?rest_route=\/wp\/v2\/pages\/3478"}],"collection":[{"href":"https:\/\/cienciapolitica.usac.edu.gt\/index.php?rest_route=\/wp\/v2\/pages"}],"about":[{"href":"https:\/\/cienciapolitica.usac.edu.gt\/index.php?rest_route=\/wp\/v2\/types\/page"}],"author":[{"embeddable":true,"href":"https:\/\/cienciapolitica.usac.edu.gt\/index.php?rest_route=\/wp\/v2\/users\/101012"}],"replies":[{"embeddable":true,"href":"https:\/\/cienciapolitica.usac.edu.gt\/index.php?rest_route=%2Fwp%2Fv2%2Fcomments&post=3478"}],"version-history":[{"count":11,"href":"https:\/\/cienciapolitica.usac.edu.gt\/index.php?rest_route=\/wp\/v2\/pages\/3478\/revisions"}],"predecessor-version":[{"id":6884,"href":"https:\/\/cienciapolitica.usac.edu.gt\/index.php?rest_route=\/wp\/v2\/pages\/3478\/revisions\/6884"}],"wp:attachment":[{"href":"https:\/\/cienciapolitica.usac.edu.gt\/index.php?rest_route=%2Fwp%2Fv2%2Fmedia&parent=3478"}],"curies":[{"name":"wp","href":"https:\/\/api.w.org\/{rel}","templated":true}]}}