{"id":3034,"date":"2020-05-18T18:15:56","date_gmt":"2020-05-18T18:15:56","guid":{"rendered":"https:\/\/cienciapolitica.usac.edu.gt?page_id=3034"},"modified":"2020-07-04T04:08:59","modified_gmt":"2020-07-04T04:08:59","slug":"ciencia-politica","status":"publish","type":"page","link":"https:\/\/cienciapolitica.usac.edu.gt\/?page_id=3034","title":{"rendered":"Ciencia Politica"},"content":{"rendered":"<ul>\n<li>QUINTO CICLO<\/li>\n<\/ul>\n<p>PUEDE DAR CLICK PARA VER LAS NOTAS EN LAS OPCIONES EN VINO TINTO<\/p>\n<p>SECCION A<\/p>\n<table>\n<tbody>\n<tr>\n<td width=\"106\"><\/td>\n<td width=\"267\"><strong>Quinto Ciclo<\/strong><\/td>\n<\/tr>\n<tr>\n<td width=\"106\">107<\/td>\n<td width=\"267\">\n<h3><a href=\"https:\/\/cienciapolitica.usac.edu.gtwp-content\/uploads\/2020\/06\/107A-con-firma.pdf\" target=\"_blank\" rel=\"noopener\"><span style=\"color: #800000;\">Teor\u00eda Pol\u00edtica II<\/span><\/a><\/h3>\n<\/td>\n<\/tr>\n<tr>\n<td width=\"106\">\n<h3>108<\/h3>\n<\/td>\n<td width=\"267\">\n<h3><span style=\"color: #800000;\"><a style=\"color: #800000;\" href=\"https:\/\/cienciapolitica.usac.edu.gtwp-content\/uploads\/2020\/06\/acta108a.jpeg\" target=\"_blank\" rel=\"noopener\">Sistemas Pol\u00edticos II<\/a><\/span><\/h3>\n<\/td>\n<\/tr>\n<tr>\n<td width=\"106\">\n<h3>025<\/h3>\n<\/td>\n<td width=\"267\">\n<h3><span style=\"color: #800000;\"><a style=\"color: #800000;\" href=\"https:\/\/cienciapolitica.usac.edu.gtwp-content\/uploads\/2020\/06\/25a1.jpg\" target=\"_blank\" rel=\"noopener\">Historia de Guatemala II<\/a><\/span><\/h3>\n<\/td>\n<\/tr>\n<tr>\n<td width=\"106\">109<\/td>\n<td width=\"267\">\n<h3><a href=\"https:\/\/cienciapolitica.usac.edu.gtwp-content\/uploads\/2020\/06\/47bmod.pdf\" target=\"_blank\" rel=\"noopener\"><span style=\"color: #800000;\">Administraci\u00f3n P\u00fablica de Guatemala<\/span> I<\/a><\/h3>\n<\/td>\n<\/tr>\n<tr>\n<td width=\"106\">\n<h2>110<\/h2>\n<\/td>\n<td width=\"267\">\n<h2><span style=\"color: #800000;\"><a style=\"color: #800000;\" href=\"https:\/\/cienciapolitica.usac.edu.gtwp-content\/uploads\/2020\/06\/110A.jpeg\" target=\"_blank\" rel=\"noopener\">Ideolog\u00edas Pol\u00edticas<\/a><\/span><\/h2>\n<\/td>\n<\/tr>\n<\/tbody>\n<\/table>\n<p>&nbsp;<\/p>\n<p>&nbsp;<\/p>\n<p>&nbsp;<\/p>\n<p>SECCION B<\/p>\n<table>\n<tbody>\n<tr>\n<td width=\"106\">107<\/td>\n<td width=\"267\">\n<h3><a href=\"https:\/\/cienciapolitica.usac.edu.gtwp-content\/uploads\/2020\/07\/107B.jpg\" target=\"_blank\" rel=\"noopener\"><span style=\"color: #800000;\"><em>Teor\u00eda Pol\u00edtica II<\/em><\/span><\/a><\/h3>\n<\/td>\n<\/tr>\n<tr>\n<td width=\"106\">\n<h3>108<\/h3>\n<\/td>\n<td width=\"267\"><span style=\"color: #800000;\"><a style=\"color: #800000;\" href=\"https:\/\/cienciapolitica.usac.edu.gtwp-content\/uploads\/2020\/06\/108-B-Iv\u00e1n-Le\u00f3n.pdf\" target=\"_blank\" rel=\"noopener\">Sistemas Pol\u00edticos II<\/a><\/span><\/td>\n<\/tr>\n<tr>\n<td width=\"106\"><span style=\"color: #800000;\">025<\/span><\/td>\n<td width=\"267\"><span style=\"color: #800000;\"><a style=\"color: #800000;\" href=\"https:\/\/cienciapolitica.usac.edu.gtwp-content\/uploads\/2020\/06\/25b1-1.pdf\" target=\"_blank\" rel=\"noopener\">Historia de Guatemala II<\/a><\/span><\/td>\n<\/tr>\n<tr>\n<td width=\"106\">109<\/td>\n<td width=\"267\">\n<table>\n<tbody>\n<tr>\n<td width=\"267\">\n<h3><span style=\"color: #800000;\"><a style=\"color: #800000;\" href=\"https:\/\/cienciapolitica.usac.edu.gtwp-content\/uploads\/2020\/06\/109b.-firmada.pdf\" target=\"_blank\" rel=\"noopener\">Administraci\u00f3n P\u00fablica de Guatemala I|<\/a><\/span><\/h3>\n<\/td>\n<\/tr>\n<\/tbody>\n<\/table>\n<\/td>\n<\/tr>\n<tr>\n<td width=\"106\">111<\/td>\n<td width=\"267\">\n<h3><a href=\"https:\/\/cienciapolitica.usac.edu.gtwp-content\/uploads\/2020\/06\/111b.pdf\" target=\"_blank\" rel=\"noopener\">Pr<span style=\"color: #800000;\">oceso de cambio y modernizacion<\/span><\/a><\/h3>\n<\/td>\n<\/tr>\n<\/tbody>\n<\/table>\n<p>&nbsp;<\/p>\n","protected":false},"excerpt":{"rendered":"<p>QUINTO CICLO PUEDE DAR CLICK PARA VER LAS NOTAS EN LAS OPCIONES EN VINO TINTO SECCION A Quinto Ciclo 107 Teor\u00eda Pol\u00edtica II 108 Sistemas Pol\u00edticos II 025 Historia de Guatemala II 109 Administraci\u00f3n P\u00fablica de Guatemala I 110 Ideolog\u00edas Pol\u00edticas &nbsp; &nbsp; &nbsp; SECCION B 107 Teor\u00eda Pol\u00edtica II 108 Sistemas Pol\u00edticos II 025 [&hellip;]<\/p>\n","protected":false},"author":2,"featured_media":0,"parent":3028,"menu_order":0,"comment_status":"closed","ping_status":"closed","template":"","meta":[],"_links":{"self":[{"href":"https:\/\/cienciapolitica.usac.edu.gt\/index.php?rest_route=\/wp\/v2\/pages\/3034"}],"collection":[{"href":"https:\/\/cienciapolitica.usac.edu.gt\/index.php?rest_route=\/wp\/v2\/pages"}],"about":[{"href":"https:\/\/cienciapolitica.usac.edu.gt\/index.php?rest_route=\/wp\/v2\/types\/page"}],"author":[{"embeddable":true,"href":"https:\/\/cienciapolitica.usac.edu.gt\/index.php?rest_route=\/wp\/v2\/users\/2"}],"replies":[{"embeddable":true,"href":"https:\/\/cienciapolitica.usac.edu.gt\/index.php?rest_route=%2Fwp%2Fv2%2Fcomments&post=3034"}],"version-history":[{"count":18,"href":"https:\/\/cienciapolitica.usac.edu.gt\/index.php?rest_route=\/wp\/v2\/pages\/3034\/revisions"}],"predecessor-version":[{"id":3465,"href":"https:\/\/cienciapolitica.usac.edu.gt\/index.php?rest_route=\/wp\/v2\/pages\/3034\/revisions\/3465"}],"up":[{"embeddable":true,"href":"https:\/\/cienciapolitica.usac.edu.gt\/index.php?rest_route=\/wp\/v2\/pages\/3028"}],"wp:attachment":[{"href":"https:\/\/cienciapolitica.usac.edu.gt\/index.php?rest_route=%2Fwp%2Fv2%2Fmedia&parent=3034"}],"curies":[{"name":"wp","href":"https:\/\/api.w.org\/{rel}","templated":true}]}}