{"id":3028,"date":"2020-05-18T18:07:19","date_gmt":"2020-05-18T18:07:19","guid":{"rendered":"https:\/\/cienciapolitica.usac.edu.gt?page_id=3028"},"modified":"2020-09-02T23:25:32","modified_gmt":"2020-09-02T23:25:32","slug":"a-notas-finales-primer-semestre-2020","status":"publish","type":"page","link":"https:\/\/cienciapolitica.usac.edu.gt\/?page_id=3028","title":{"rendered":"A. Notas finales primer semestre 2020"},"content":{"rendered":"<p style=\"text-align: right;\">Pensun introductorio<\/p>\n<p>primer ciclo<\/p>\n<p>secci\u00f3n A<\/p>\n<table>\n<tbody>\n<tr>\n<td width=\"69\"><strong>\u00a0<\/strong><\/td>\n<td width=\"283\"><strong>Primer Ciclo<\/strong><\/td>\n<\/tr>\n<tr>\n<td width=\"69\">0<\/p>\n<h2><span style=\"color: #3366ff;\">01<\/span><\/h2>\n<\/td>\n<td width=\"283\">\n<h2><span style=\"color: #800000;\"><a style=\"color: #800000;\" href=\"https:\/\/cienciapolitica.usac.edu.gtwp-content\/uploads\/2020\/06\/1amod.pdf\" target=\"_blank\" rel=\"noopener\">Ciencia Pol\u00edtica I<\/a><\/span><\/h2>\n<\/td>\n<\/tr>\n<tr>\n<td width=\"69\">\n<h3>002<\/h3>\n<\/td>\n<td width=\"283\">\n<h3><span style=\"color: #800000;\"><a style=\"color: #800000;\" href=\"https:\/\/cienciapolitica.usac.edu.gtwp-content\/uploads\/2020\/06\/SOCIOLOGI\u0301A-I-SECCIO\u0301N-A.pdf\" target=\"_blank\" rel=\"noopener\">Sociolog\u00eda I<\/a><\/span><\/h3>\n<\/td>\n<\/tr>\n<tr>\n<td width=\"69\">\n<h3>003<\/h3>\n<\/td>\n<td width=\"283\">\n<h3><span style=\"color: #800000;\"><a style=\"color: #800000;\" href=\"https:\/\/cienciapolitica.usac.edu.gtwp-content\/uploads\/2020\/06\/3a-1.pdf\" target=\"_blank\" rel=\"noopener\">Relaciones Internacionales I<\/a><\/span><\/h3>\n<\/td>\n<\/tr>\n<tr>\n<td width=\"69\">004<\/td>\n<td width=\"283\">\n<h3><span style=\"color: #800000;\"><a style=\"color: #800000;\" href=\"https:\/\/cienciapolitica.usac.edu.gtwp-content\/uploads\/2020\/06\/Curso-004.pdf\" target=\"_blank\" rel=\"noopener\">Historia Mundial<\/a><\/span><\/h3>\n<\/td>\n<\/tr>\n<tr>\n<td width=\"69\">\n<h3>005<\/h3>\n<\/td>\n<td width=\"283\">\n<h3><a href=\"https:\/\/cienciapolitica.usac.edu.gtwp-content\/uploads\/2020\/06\/005ann.pdf\" target=\"_blank\" rel=\"noopener\"><span style=\"color: #800000;\">Metodolog\u00eda de las Ciencias Sociales\u00a0 I<\/span><\/a><\/h3>\n<\/td>\n<\/tr>\n<\/tbody>\n<\/table>\n<p>Secci\u00f3n B<\/p>\n<table>\n<tbody>\n<tr>\n<td width=\"69\"><strong>\u00a0<\/strong><\/td>\n<td width=\"283\"><strong>Primer Ciclo<\/strong><\/td>\n<\/tr>\n<tr>\n<td width=\"69\">\n<h3>001<\/h3>\n<\/td>\n<td width=\"283\">\n<h3><span style=\"color: #800000;\"><a style=\"color: #800000;\" href=\"https:\/\/cienciapolitica.usac.edu.gtwp-content\/uploads\/2020\/06\/1b.pdf\" target=\"_blank\" rel=\"noopener\">Ciencia Pol\u00edtica I<\/a><\/span><\/h3>\n<\/td>\n<\/tr>\n<tr>\n<td width=\"69\">\n<h3><strong>002<\/strong><\/h3>\n<\/td>\n<td width=\"283\">\n<h3><span style=\"color: #800000;\"><a style=\"color: #800000;\" href=\"https:\/\/cienciapolitica.usac.edu.gtwp-content\/uploads\/2020\/06\/Acta-Sociologia-I-SECCION-B.pdf\" target=\"_blank\" rel=\"noopener\">\u00a0Sociologia\u00a0 I<\/a><\/span><\/h3>\n<\/td>\n<\/tr>\n<tr>\n<td width=\"69\">\n<h3>003<\/h3>\n<\/td>\n<td width=\"283\">\n<h3><span style=\"color: #800000;\"><a style=\"color: #800000;\" href=\"https:\/\/cienciapolitica.usac.edu.gtwp-content\/uploads\/2020\/06\/3BMODIF.pdf\" target=\"_blank\" rel=\"noopener\">Relaciones Internacionales I<\/a><\/span><\/h3>\n<\/td>\n<\/tr>\n<tr>\n<td width=\"69\">\n<h3>004<\/h3>\n<\/td>\n<td width=\"283\">\n<h3><span style=\"color: #800000;\"><a style=\"color: #800000;\" href=\"https:\/\/cienciapolitica.usac.edu.gtwp-content\/uploads\/2020\/06\/4b.pdf\" target=\"_blank\" rel=\"noopener\">Historia Mundial<\/a><\/span><\/h3>\n<\/td>\n<\/tr>\n<tr>\n<td width=\"69\">005<\/td>\n<td width=\"283\">\n<h3><span style=\"color: #800000;\"><a style=\"color: #800000;\" href=\"https:\/\/cienciapolitica.usac.edu.gtwp-content\/uploads\/2020\/06\/5bmod2.pdf\" target=\"_blank\" rel=\"noopener\">Metodolog\u00eda de las Ciencias Sociales\u00a0 I<\/a><\/span><\/h3>\n<\/td>\n<\/tr>\n<\/tbody>\n<\/table>\n<p>secci\u00f3n\u00a0 C<\/p>\n<table>\n<tbody>\n<tr>\n<td width=\"69\"><strong>\u00a0<\/strong><\/td>\n<td width=\"283\"><strong>Primer Ciclo<\/strong><\/td>\n<\/tr>\n<tr>\n<td width=\"69\">\n<h3>001<\/h3>\n<\/td>\n<td width=\"283\">\n<h3><span style=\"color: #800000;\"><a style=\"color: #800000;\" href=\"https:\/\/cienciapolitica.usac.edu.gtwp-content\/uploads\/2020\/06\/1c.pdf\" target=\"_blank\" rel=\"noopener\">Ciencia Pol\u00edtica I<\/a><\/span><\/h3>\n<\/td>\n<\/tr>\n<tr>\n<td width=\"69\">\n<h3>002<\/h3>\n<\/td>\n<td width=\"283\">\n<h3><span style=\"color: #800000;\"><a style=\"color: #800000;\" href=\"https:\/\/cienciapolitica.usac.edu.gtwp-content\/uploads\/2020\/06\/Acta-Sociologia-I-SECCION-C.pdf\" target=\"_blank\" rel=\"noopener\">Sociolog\u00eda I<\/a><\/span><\/h3>\n<\/td>\n<\/tr>\n<tr>\n<td width=\"69\">\n<h3>003<\/h3>\n<\/td>\n<td width=\"283\">\n<h3><a href=\"https:\/\/cienciapolitica.usac.edu.gtwp-content\/uploads\/2020\/06\/3C.pdf\" target=\"_blank\" rel=\"noopener\"><span style=\"color: #800000;\">Relaciones Internacionales I<\/span><\/a><\/h3>\n<\/td>\n<\/tr>\n<tr>\n<td width=\"69\">\n<h3>004<\/h3>\n<\/td>\n<td width=\"283\">\n<h3><a href=\"https:\/\/cienciapolitica.usac.edu.gtwp-content\/uploads\/2020\/09\/4cmod.pdf\" target=\"_blank\" rel=\"noopener\"><span style=\"color: #800000;\">Historia Mundial<\/span><\/a><\/h3>\n<\/td>\n<\/tr>\n<tr>\n<td width=\"69\">\n<h3>005<\/h3>\n<\/td>\n<td width=\"283\">\n<h3><span style=\"color: #800000;\"><a style=\"color: #800000;\" href=\"https:\/\/cienciapolitica.usac.edu.gtwp-content\/uploads\/2020\/06\/Acta-F.-Met-I-Secc.-C.pdf\" target=\"_blank\" rel=\"noopener\">Metodolog\u00eda de las Ciencias Sociales\u00a0 I<\/a><\/span><\/h3>\n<\/td>\n<\/tr>\n<\/tbody>\n<\/table>\n<p>secci\u00f3n\u00a0 \u00a0D<\/p>\n<table>\n<tbody>\n<tr>\n<td width=\"69\"><strong>\u00a0<\/strong><\/td>\n<td width=\"283\"><strong>Primer Ciclo<\/strong><\/td>\n<\/tr>\n<tr>\n<td width=\"69\">001<\/td>\n<td width=\"283\">\n<h3><span style=\"color: #800000;\"><a style=\"color: #800000;\" href=\"https:\/\/cienciapolitica.usac.edu.gtwp-content\/uploads\/2020\/06\/1d-1.pdf\" target=\"_blank\" rel=\"noopener\">Ciencia Pol\u00edtica I<\/a><\/span><\/h3>\n<\/td>\n<\/tr>\n<tr>\n<td width=\"69\">\n<h3>002<\/h3>\n<\/td>\n<td width=\"283\">\n<h3><span style=\"color: #800000;\"><a style=\"color: #800000;\" href=\"https:\/\/cienciapolitica.usac.edu.gtwp-content\/uploads\/2020\/06\/S0CIOLOGI\u0301A-I-SECCIO\u0301N-D.pdf\" target=\"_blank\" rel=\"noopener\">Sociolog\u00eda I<\/a><\/span><\/h3>\n<\/td>\n<\/tr>\n<tr>\n<td width=\"69\">003<\/td>\n<td width=\"283\">\n<h2><span style=\"color: #800000;\"><a style=\"color: #800000;\" href=\"https:\/\/cienciapolitica.usac.edu.gtwp-content\/uploads\/2020\/06\/3dmo.pdf\" target=\"_blank\" rel=\"noopener\">Relaciones Internacionales I<\/a><\/span><\/h2>\n<\/td>\n<\/tr>\n<tr>\n<td width=\"69\">\n<h3>004<\/h3>\n<\/td>\n<td width=\"283\">\n<h3><span style=\"color: #800000;\"><a style=\"color: #800000;\" href=\"https:\/\/cienciapolitica.usac.edu.gtwp-content\/uploads\/2020\/06\/4d.pdf\" target=\"_blank\" rel=\"noopener\">Historia Mundial<\/a><\/span><\/h3>\n<\/td>\n<\/tr>\n<tr>\n<td width=\"69\">005<\/td>\n<td width=\"283\">Metodolog\u00eda de las Ciencias Sociales\u00a0 I<\/td>\n<\/tr>\n<\/tbody>\n<\/table>\n<p>&nbsp;<\/p>\n<p>&nbsp;<\/p>\n<p>&nbsp;<\/p>\n<p>&nbsp;<\/p>\n<p>&nbsp;<\/p>\n","protected":false},"excerpt":{"rendered":"<p>Pensun introductorio primer ciclo secci\u00f3n A \u00a0 Primer Ciclo 0 01 Ciencia Pol\u00edtica I 002 Sociolog\u00eda I 003 Relaciones Internacionales I 004 Historia Mundial 005 Metodolog\u00eda de las Ciencias Sociales\u00a0 I Secci\u00f3n B \u00a0 Primer Ciclo 001 Ciencia Pol\u00edtica I 002 \u00a0Sociologia\u00a0 I 003 Relaciones Internacionales I 004 Historia Mundial 005 Metodolog\u00eda de las Ciencias [&hellip;]<\/p>\n","protected":false},"author":2,"featured_media":0,"parent":3557,"menu_order":0,"comment_status":"closed","ping_status":"closed","template":"","meta":[],"_links":{"self":[{"href":"https:\/\/cienciapolitica.usac.edu.gt\/index.php?rest_route=\/wp\/v2\/pages\/3028"}],"collection":[{"href":"https:\/\/cienciapolitica.usac.edu.gt\/index.php?rest_route=\/wp\/v2\/pages"}],"about":[{"href":"https:\/\/cienciapolitica.usac.edu.gt\/index.php?rest_route=\/wp\/v2\/types\/page"}],"author":[{"embeddable":true,"href":"https:\/\/cienciapolitica.usac.edu.gt\/index.php?rest_route=\/wp\/v2\/users\/2"}],"replies":[{"embeddable":true,"href":"https:\/\/cienciapolitica.usac.edu.gt\/index.php?rest_route=%2Fwp%2Fv2%2Fcomments&post=3028"}],"version-history":[{"count":35,"href":"https:\/\/cienciapolitica.usac.edu.gt\/index.php?rest_route=\/wp\/v2\/pages\/3028\/revisions"}],"predecessor-version":[{"id":11335,"href":"https:\/\/cienciapolitica.usac.edu.gt\/index.php?rest_route=\/wp\/v2\/pages\/3028\/revisions\/11335"}],"up":[{"embeddable":true,"href":"https:\/\/cienciapolitica.usac.edu.gt\/index.php?rest_route=\/wp\/v2\/pages\/3557"}],"wp:attachment":[{"href":"https:\/\/cienciapolitica.usac.edu.gt\/index.php?rest_route=%2Fwp%2Fv2%2Fmedia&parent=3028"}],"curies":[{"name":"wp","href":"https:\/\/api.w.org\/{rel}","templated":true}]}}