{"id":1139,"date":"2014-10-03T01:54:27","date_gmt":"2014-10-03T01:54:27","guid":{"rendered":"http:\/\/sitios.usac.edu.gt\/wp_cienciapolitica\/?page_id=1139"},"modified":"2015-10-08T22:26:37","modified_gmt":"2015-10-08T22:26:37","slug":"pensum-ciencia-politica-2","status":"publish","type":"page","link":"https:\/\/cienciapolitica.usac.edu.gt\/?page_id=1139","title":{"rendered":"Pensum Ciencia Pol\u00edtica 2"},"content":{"rendered":"<p><body style=\"background:#800000\"><br \/>\nLicenciatura de\u00a0 Ciencia Pol\u00edtica\u00a0\u00a0 con Especialidad en Pol\u00edticas<\/p>\n<p>Publicas<\/p>\n<p>Escuela\u00a0 Ciencia Pol\u00edtica <strong><\/strong><\/p>\n<p align=\"center\"><strong>PENSUM INTRODUCTORIO 1\/<\/strong><\/p>\n<table border=\"1\" cellspacing=\"0\" cellpadding=\"0\">\n<tbody>\n<tr>\n<td valign=\"top\" width=\"51\">\n<p align=\"center\"><strong>C\u00f3digo<\/strong><\/p>\n<\/td>\n<td valign=\"top\" width=\"251\">\n<p align=\"center\"><strong>Curso<\/strong><\/p>\n<\/td>\n<td valign=\"top\" width=\"57\">\n<p align=\"center\"><strong>Cr\u00e9ditos<\/strong><\/p>\n<\/td>\n<td valign=\"top\" width=\"66\">\n<p align=\"center\"><strong>Requisitos<\/strong><\/p>\n<\/td>\n<\/tr>\n<tr>\n<td valign=\"top\" width=\"51\">\n<p align=\"center\"><strong>\u00a0<\/strong><\/p>\n<\/td>\n<td valign=\"top\" width=\"251\">\n<p align=\"center\"><strong>PRIMER SEMESTRE<\/strong><\/p>\n<\/td>\n<td valign=\"top\" width=\"57\">\n<p align=\"center\"><strong>\u00a0<\/strong><\/p>\n<\/td>\n<td valign=\"top\" width=\"66\">\n<p align=\"center\"><strong>\u00a0<\/strong><\/p>\n<\/td>\n<\/tr>\n<tr>\n<td valign=\"top\" width=\"51\">\n<p align=\"center\">001<\/p>\n<\/td>\n<td valign=\"top\" width=\"251\">Ciencia Pol\u00edtica I<\/td>\n<td valign=\"top\" width=\"57\">\n<p align=\"center\">2<\/p>\n<\/td>\n<td valign=\"top\" width=\"66\">\n<p align=\"center\">Ninguno<\/p>\n<\/td>\n<\/tr>\n<tr>\n<td valign=\"top\" width=\"51\">\n<p align=\"center\">002<\/p>\n<\/td>\n<td valign=\"top\" width=\"251\">Sociolog\u00eda I<\/td>\n<td valign=\"top\" width=\"57\">\n<p align=\"center\">2<\/p>\n<\/td>\n<td valign=\"top\" width=\"66\">\n<p align=\"center\">Ninguno<\/p>\n<\/td>\n<\/tr>\n<tr>\n<td valign=\"top\" width=\"51\">\n<p align=\"center\">003<\/p>\n<\/td>\n<td valign=\"top\" width=\"251\">Relaciones Internacionales I<\/td>\n<td valign=\"top\" width=\"57\">\n<p align=\"center\">2<\/p>\n<\/td>\n<td valign=\"top\" width=\"66\">\n<p align=\"center\">Ninguno<\/p>\n<\/td>\n<\/tr>\n<tr>\n<td valign=\"top\" width=\"51\">\n<p align=\"center\">004<\/p>\n<\/td>\n<td valign=\"top\" width=\"251\">Historia Mundial<\/td>\n<td valign=\"top\" width=\"57\">\n<p align=\"center\">2<\/p>\n<\/td>\n<td valign=\"top\" width=\"66\">\n<p align=\"center\">Ninguno<\/p>\n<\/td>\n<\/tr>\n<tr>\n<td valign=\"top\" width=\"51\">\n<p align=\"center\">005<\/p>\n<\/td>\n<td valign=\"top\" width=\"251\">Metodolog\u00eda de las Ciencias Sociales\u00a0 I<\/td>\n<td valign=\"top\" width=\"57\">\n<p align=\"center\">3<\/p>\n<\/td>\n<td valign=\"top\" width=\"66\">\n<p align=\"center\">Ninguno<\/p>\n<\/td>\n<\/tr>\n<tr>\n<td valign=\"top\" width=\"51\"><\/td>\n<td valign=\"top\" width=\"251\">\n<p align=\"center\"><strong>SEGUNDO CICLO<\/strong><\/p>\n<\/td>\n<td valign=\"top\" width=\"57\">\n<p align=\"center\"><strong>\u00a0<\/strong><\/p>\n<\/td>\n<td valign=\"top\" width=\"66\">\n<p align=\"center\"><strong>\u00a0<\/strong><\/p>\n<\/td>\n<\/tr>\n<tr>\n<td valign=\"top\" width=\"51\">\n<p align=\"center\">006<\/p>\n<\/td>\n<td valign=\"top\" width=\"251\">Ciencia Pol\u00edtica II<\/td>\n<td valign=\"top\" width=\"57\">\n<p align=\"center\">2<\/p>\n<\/td>\n<td valign=\"top\" width=\"66\">\n<p align=\"center\">001<\/p>\n<\/td>\n<\/tr>\n<tr>\n<td valign=\"top\" width=\"51\">\n<p align=\"center\">007<\/p>\n<\/td>\n<td valign=\"top\" width=\"251\">Sociolog\u00eda II<\/td>\n<td valign=\"top\" width=\"57\">\n<p align=\"center\">2<\/p>\n<\/td>\n<td valign=\"top\" width=\"66\">\n<p align=\"center\">002<\/p>\n<\/td>\n<\/tr>\n<tr>\n<td valign=\"top\" width=\"51\">\n<p align=\"center\">008<\/p>\n<\/td>\n<td valign=\"top\" width=\"251\">Relaciones Internacionales II<\/td>\n<td valign=\"top\" width=\"57\">\n<p align=\"center\">2<\/p>\n<\/td>\n<td valign=\"top\" width=\"66\">\n<p align=\"center\">003<\/p>\n<\/td>\n<\/tr>\n<tr>\n<td valign=\"top\" width=\"51\">\n<p align=\"center\">009<\/p>\n<\/td>\n<td valign=\"top\" width=\"251\">Historia Latino Americana<\/td>\n<td valign=\"top\" width=\"57\">\n<p align=\"center\">2<\/p>\n<\/td>\n<td valign=\"top\" width=\"66\">\n<p align=\"center\">004<\/p>\n<\/td>\n<\/tr>\n<tr>\n<td valign=\"top\" width=\"51\">\n<p align=\"center\">010<\/p>\n<\/td>\n<td valign=\"top\" width=\"251\">Metodolog\u00eda de las Ciencias\u00a0 Sociales II<\/td>\n<td valign=\"top\" width=\"57\">\n<p align=\"center\">3<\/p>\n<\/td>\n<td valign=\"top\" width=\"66\">\n<p align=\"center\">005<\/p>\n<\/td>\n<\/tr>\n<tr>\n<td valign=\"top\" width=\"51\"><\/td>\n<td valign=\"top\" width=\"251\">\n<p align=\"center\"><strong>TERCER\u00a0 CICLO<\/strong><\/p>\n<\/td>\n<td valign=\"top\" width=\"57\">\n<p align=\"center\"><strong>\u00a0<\/strong><\/p>\n<\/td>\n<td valign=\"top\" width=\"66\">\n<p align=\"center\"><strong>\u00a0<\/strong><\/p>\n<\/td>\n<\/tr>\n<tr>\n<td valign=\"top\" width=\"51\">\n<p align=\"center\">011<\/p>\n<\/td>\n<td valign=\"top\" width=\"251\">Filosof\u00eda<\/td>\n<td valign=\"top\" width=\"57\">\n<p align=\"center\">2<\/p>\n<\/td>\n<td valign=\"top\" width=\"66\">\n<p align=\"center\">Ninguno<\/p>\n<\/td>\n<\/tr>\n<tr>\n<td valign=\"top\" width=\"51\">\n<p align=\"center\">012<\/p>\n<\/td>\n<td valign=\"top\" width=\"251\">Introducci\u00f3n a la Econom\u00eda<\/td>\n<td valign=\"top\" width=\"57\">\n<p align=\"center\">2<\/p>\n<\/td>\n<td valign=\"top\" width=\"66\">\n<p align=\"center\">Ninguno<\/p>\n<\/td>\n<\/tr>\n<tr>\n<td valign=\"top\" width=\"51\">\n<p align=\"center\">013<\/p>\n<\/td>\n<td valign=\"top\" width=\"251\">Introducci\u00f3n al Derecho<\/td>\n<td valign=\"top\" width=\"57\">\n<p align=\"center\">2<\/p>\n<\/td>\n<td valign=\"top\" width=\"66\">\n<p align=\"center\">Ninguno<\/p>\n<\/td>\n<\/tr>\n<tr>\n<td valign=\"top\" width=\"51\">\n<p align=\"center\">014<\/p>\n<\/td>\n<td valign=\"top\" width=\"251\">Historia de Guatemala I<\/td>\n<td valign=\"top\" width=\"57\">\n<p align=\"center\">2<\/p>\n<\/td>\n<td valign=\"top\" width=\"66\">\n<p align=\"center\">009<\/p>\n<\/td>\n<\/tr>\n<tr>\n<td valign=\"top\" width=\"51\">\n<p align=\"center\">015<\/p>\n<\/td>\n<td valign=\"top\" width=\"251\">Metodolog\u00eda de las Ciencias Sociales III<\/td>\n<td valign=\"top\" width=\"57\">\n<p align=\"center\">3<\/p>\n<\/td>\n<td valign=\"top\" width=\"66\">\n<p align=\"center\">010<\/p>\n<\/td>\n<\/tr>\n<\/tbody>\n<\/table>\n<p>1\/PENSUM INTRODUCTORIO ES COM\u00d9N A LAS 3 CARRERAS<\/p>\n<p align=\"center\">AREA PROFESIONAL: LICENCIATURA EN CIENCIA POL\u00ccTICA<\/p>\n<table border=\"1\" cellspacing=\"0\" cellpadding=\"0\">\n<tbody>\n<tr>\n<td valign=\"top\" width=\"47\">\n<p align=\"center\"><strong>C\u00f3digo<\/strong><\/p>\n<\/td>\n<td valign=\"top\" width=\"252\">\n<p align=\"center\"><strong>Curso<\/strong><\/p>\n<\/td>\n<td valign=\"top\" width=\"58\">\n<p align=\"center\"><strong>Cr\u00e9ditos<\/strong><\/p>\n<\/td>\n<td valign=\"top\" width=\"69\">\n<p align=\"center\"><strong>Requisitos<\/strong><\/p>\n<\/td>\n<\/tr>\n<tr>\n<td valign=\"top\" width=\"47\">\n<p align=\"center\"><strong>\u00a0<\/strong><\/p>\n<\/td>\n<td valign=\"top\" width=\"252\">\n<p align=\"center\"><strong>CUARTO\u00a0 CICLO<\/strong><\/p>\n<\/td>\n<td valign=\"top\" width=\"58\">\n<p align=\"center\"><strong>\u00a0<\/strong><\/p>\n<\/td>\n<td valign=\"top\" width=\"69\">\n<p align=\"center\"><strong>\u00a0<\/strong><\/p>\n<\/td>\n<\/tr>\n<tr>\n<td valign=\"top\" width=\"47\">\n<p align=\"center\">103<\/p>\n<\/td>\n<td valign=\"top\" width=\"252\">Teor\u00eda Pol\u00edtica I<\/td>\n<td valign=\"top\" width=\"58\">\n<p align=\"center\">2<\/p>\n<\/td>\n<td valign=\"top\" width=\"69\">\n<p align=\"center\">Ninguno<\/p>\n<\/td>\n<\/tr>\n<tr>\n<td valign=\"top\" width=\"47\">\n<p align=\"center\">104<\/p>\n<\/td>\n<td valign=\"top\" width=\"252\">Sistemas Pol\u00edticos I<\/td>\n<td valign=\"top\" width=\"58\">\n<p align=\"center\">2<\/p>\n<\/td>\n<td valign=\"top\" width=\"69\">\n<p align=\"center\">Ninguno<\/p>\n<\/td>\n<\/tr>\n<tr>\n<td valign=\"top\" width=\"47\">\n<p align=\"center\">018<\/p>\n<\/td>\n<td valign=\"top\" width=\"252\">Metodolog\u00eda de las Ciencias Sociales IV<\/td>\n<td valign=\"top\" width=\"58\">\n<p align=\"center\">3<\/p>\n<\/td>\n<td valign=\"top\" width=\"69\">\n<p align=\"center\">015<\/p>\n<\/td>\n<\/tr>\n<tr>\n<td valign=\"top\" width=\"47\">\n<p align=\"center\">019<\/p>\n<\/td>\n<td valign=\"top\" width=\"252\">Micro y Macroeconom\u00eda<\/td>\n<td valign=\"top\" width=\"58\">\n<p align=\"center\">2<\/p>\n<\/td>\n<td valign=\"top\" width=\"69\">\n<p align=\"center\">Ninguno<\/p>\n<\/td>\n<\/tr>\n<tr>\n<td valign=\"top\" width=\"47\">\n<p align=\"center\">106<\/p>\n<\/td>\n<td valign=\"top\" width=\"252\">Sociolog\u00eda Pol\u00edtica<\/td>\n<td valign=\"top\" width=\"58\">\n<p align=\"center\">3<\/p>\n<\/td>\n<td valign=\"top\" width=\"69\">\n<p align=\"center\">Ninguno<\/p>\n<\/td>\n<\/tr>\n<tr>\n<td valign=\"top\" width=\"47\"><\/td>\n<td valign=\"top\" width=\"252\">\n<p align=\"center\"><strong>QUINTO CICLO<\/strong><\/p>\n<\/td>\n<td valign=\"top\" width=\"58\"><\/td>\n<td valign=\"top\" width=\"69\"><\/td>\n<\/tr>\n<tr>\n<td valign=\"top\" width=\"47\">\n<p align=\"center\">107<\/p>\n<\/td>\n<td valign=\"top\" width=\"252\">Teor\u00eda Pol\u00edtica II<\/td>\n<td valign=\"top\" width=\"58\">\n<p align=\"center\">3<\/p>\n<\/td>\n<td valign=\"top\" width=\"69\">\n<p align=\"center\">103<\/p>\n<\/td>\n<\/tr>\n<tr>\n<td valign=\"top\" width=\"47\">\n<p align=\"center\">108<\/p>\n<\/td>\n<td valign=\"top\" width=\"252\">Sistemas Pol\u00edticos II<\/td>\n<td valign=\"top\" width=\"58\">\n<p align=\"center\">3<\/p>\n<\/td>\n<td valign=\"top\" width=\"69\">\n<p align=\"center\">104<\/p>\n<\/td>\n<\/tr>\n<tr>\n<td valign=\"top\" width=\"47\">\n<p align=\"center\">025<\/p>\n<\/td>\n<td valign=\"top\" width=\"252\">Historia de Guatemala II<\/td>\n<td valign=\"top\" width=\"58\">\n<p align=\"center\">2<\/p>\n<\/td>\n<td valign=\"top\" width=\"69\">\n<p align=\"center\">014<\/p>\n<\/td>\n<\/tr>\n<tr>\n<td valign=\"top\" width=\"47\">\n<p align=\"center\">109<\/p>\n<\/td>\n<td valign=\"top\" width=\"252\">Administraci\u00f3n P\u00fablica de Guatemala I<\/td>\n<td valign=\"top\" width=\"58\">\n<p align=\"center\">3<\/p>\n<\/td>\n<td valign=\"top\" width=\"69\">\n<p align=\"center\">Ninguno<\/p>\n<\/td>\n<\/tr>\n<tr>\n<td valign=\"top\" width=\"47\">\n<p align=\"center\">111<\/p>\n<\/td>\n<td valign=\"top\" width=\"252\">Procesos de Cambio y Modernidad<\/td>\n<td valign=\"top\" width=\"58\">\n<p align=\"center\">3<\/p>\n<\/td>\n<td valign=\"top\" width=\"69\">\n<p align=\"center\">Ninguno<\/p>\n<\/td>\n<\/tr>\n<tr>\n<td valign=\"top\" width=\"47\"><\/td>\n<td valign=\"top\" width=\"252\">\n<p align=\"center\"><strong>SEXTO CICLO<\/strong><\/p>\n<\/td>\n<td valign=\"top\" width=\"58\"><\/td>\n<td valign=\"top\" width=\"69\"><\/td>\n<\/tr>\n<tr>\n<td valign=\"top\" width=\"47\">\n<p align=\"center\">112<\/p>\n<\/td>\n<td valign=\"top\" width=\"252\">Teor\u00eda Pol\u00edtica III<\/td>\n<td valign=\"top\" width=\"58\">\n<p align=\"center\">3<\/p>\n<\/td>\n<td valign=\"top\" width=\"69\">\n<p align=\"center\">107<\/p>\n<\/td>\n<\/tr>\n<tr>\n<td valign=\"top\" width=\"47\">\n<p align=\"center\">113<\/p>\n<\/td>\n<td valign=\"top\" width=\"252\">Sistemas Pol\u00edticos III<\/td>\n<td valign=\"top\" width=\"58\">\n<p align=\"center\">3<\/p>\n<\/td>\n<td valign=\"top\" width=\"69\">\n<p align=\"center\">108<\/p>\n<\/td>\n<\/tr>\n<tr>\n<td valign=\"top\" width=\"47\">\n<p align=\"center\">114<\/p>\n<\/td>\n<td valign=\"top\" width=\"252\">Administraci\u00f3n P\u00fablica de Guatemala II<\/td>\n<td valign=\"top\" width=\"58\">\n<p align=\"center\">3<\/p>\n<\/td>\n<td valign=\"top\" width=\"69\">\n<p align=\"center\">109<\/p>\n<\/td>\n<\/tr>\n<tr>\n<td valign=\"top\" width=\"47\">\n<p align=\"center\">031<\/p>\n<\/td>\n<td valign=\"top\" width=\"252\">Historia de Guatemala III<\/td>\n<td valign=\"top\" width=\"58\">\n<p align=\"center\">2<\/p>\n<\/td>\n<td valign=\"top\" width=\"69\">\n<p align=\"center\">025<\/p>\n<\/td>\n<\/tr>\n<tr>\n<td valign=\"top\" width=\"47\">\n<p align=\"center\">116<\/p>\n<\/td>\n<td valign=\"top\" width=\"252\">Contexto de las Pol\u00edticas P\u00fablicas<\/td>\n<td valign=\"top\" width=\"58\">\n<p align=\"center\">3<\/p>\n<\/td>\n<td valign=\"top\" width=\"69\">\n<p align=\"center\">Ninguno<\/p>\n<\/td>\n<\/tr>\n<tr>\n<td valign=\"top\" width=\"47\"><\/td>\n<td valign=\"top\" width=\"252\">\n<p align=\"center\"><strong>S\u00c9PTIMO CICLO<\/strong><\/p>\n<\/td>\n<td valign=\"top\" width=\"58\"><\/td>\n<td valign=\"top\" width=\"69\"><\/td>\n<\/tr>\n<tr>\n<td valign=\"top\" width=\"47\">\n<p align=\"center\">117<\/p>\n<\/td>\n<td valign=\"top\" width=\"252\">Teor\u00eda Pol\u00edtica IV<\/td>\n<td valign=\"top\" width=\"58\">\n<p align=\"center\">3<\/p>\n<\/td>\n<td valign=\"top\" width=\"69\">\n<p align=\"center\">112<\/p>\n<\/td>\n<\/tr>\n<tr>\n<td valign=\"top\" width=\"47\">\n<p align=\"center\">118<\/p>\n<\/td>\n<td valign=\"top\" width=\"252\">Econom\u00eda Internacional<\/td>\n<td valign=\"top\" width=\"58\">\n<p align=\"center\">3<\/p>\n<\/td>\n<td valign=\"top\" width=\"69\">\n<p align=\"center\">019<\/p>\n<\/td>\n<\/tr>\n<tr>\n<td valign=\"top\" width=\"47\">\n<p align=\"center\">119<\/p>\n<\/td>\n<td valign=\"top\" width=\"252\">Administraci\u00f3n P\u00fablica de Guatemala III<\/td>\n<td valign=\"top\" width=\"58\">\n<p align=\"center\">3<\/p>\n<\/td>\n<td valign=\"top\" width=\"69\">\n<p align=\"center\">114<\/p>\n<\/td>\n<\/tr>\n<tr>\n<td valign=\"top\" width=\"47\">\n<p align=\"center\">120<\/p>\n<\/td>\n<td valign=\"top\" width=\"252\">Actores Pol\u00edticos Internacionales y Globalizaci\u00f3n<\/td>\n<td valign=\"top\" width=\"58\">\n<p align=\"center\">3<\/p>\n<\/td>\n<td valign=\"top\" width=\"69\">\n<p align=\"center\">Ninguno<\/p>\n<\/td>\n<\/tr>\n<tr>\n<td valign=\"top\" width=\"47\">\n<p align=\"center\">122<\/p>\n<\/td>\n<td valign=\"top\" width=\"252\">Formulaci\u00f3n de las Pol\u00edticas P\u00fablicas<\/td>\n<td valign=\"top\" width=\"58\">\n<p align=\"center\">3<\/p>\n<\/td>\n<td valign=\"top\" width=\"69\">\n<p align=\"center\">116<\/p>\n<\/td>\n<\/tr>\n<tr>\n<td valign=\"top\" width=\"47\"><\/td>\n<td valign=\"top\" width=\"252\">\n<p align=\"center\"><strong>OCTAVO CICLO<\/strong><\/p>\n<\/td>\n<td valign=\"top\" width=\"58\"><\/td>\n<td valign=\"top\" width=\"69\"><\/td>\n<\/tr>\n<tr>\n<td valign=\"top\" width=\"47\">\n<p align=\"center\">043<\/p>\n<\/td>\n<td valign=\"top\" width=\"252\">Dise\u00f1o de Investigaci\u00f3n de Tesis I<\/td>\n<td valign=\"top\" width=\"58\">\n<p align=\"center\">3<\/p>\n<\/td>\n<td valign=\"top\" width=\"69\">\n<p align=\"center\">018<\/p>\n<\/td>\n<\/tr>\n<tr>\n<td valign=\"top\" width=\"47\">\n<p align=\"center\">123<\/p>\n<\/td>\n<td valign=\"top\" width=\"252\">Partidos Pol\u00edticos<\/td>\n<td valign=\"top\" width=\"58\">\n<p align=\"center\">2<\/p>\n<\/td>\n<td valign=\"top\" width=\"69\">\n<p align=\"center\">Ninguno<\/p>\n<\/td>\n<\/tr>\n<tr>\n<td valign=\"top\" width=\"47\">\n<p align=\"center\">124<\/p>\n<\/td>\n<td valign=\"top\" width=\"252\">Teor\u00eda de la Democracia<\/td>\n<td valign=\"top\" width=\"58\">\n<p align=\"center\">3<\/p>\n<\/td>\n<td valign=\"top\" width=\"69\">\n<p align=\"center\">Ninguno<\/p>\n<\/td>\n<\/tr>\n<tr>\n<td valign=\"top\" width=\"47\">\n<p align=\"center\">125<\/p>\n<\/td>\n<td valign=\"top\" width=\"252\">Negociaci\u00f3n Pol\u00edtica<\/td>\n<td valign=\"top\" width=\"58\">\n<p align=\"center\">3<\/p>\n<\/td>\n<td valign=\"top\" width=\"69\">\n<p align=\"center\">Ninguno<\/p>\n<\/td>\n<\/tr>\n<tr>\n<td valign=\"top\" width=\"47\">\n<p align=\"center\">127<\/p>\n<\/td>\n<td valign=\"top\" width=\"252\">Aplicaci\u00f3n de las Pol\u00edticas P\u00fablicas<\/td>\n<td valign=\"top\" width=\"58\">\n<p align=\"center\">3<\/p>\n<\/td>\n<td valign=\"top\" width=\"69\">\n<p align=\"center\">122<\/p>\n<\/td>\n<\/tr>\n<tr>\n<td valign=\"top\" width=\"47\"><\/td>\n<td valign=\"top\" width=\"252\">\n<p align=\"center\"><strong>NOVENO CICLO<\/strong><\/p>\n<\/td>\n<td valign=\"top\" width=\"58\"><\/td>\n<td valign=\"top\" width=\"69\"><\/td>\n<\/tr>\n<tr>\n<td valign=\"top\" width=\"47\">\n<p align=\"center\">050<\/p>\n<\/td>\n<td valign=\"top\" width=\"252\">Dise\u00f1o de Investigaci\u00f3n\u00a0 de Tesis II<\/td>\n<td valign=\"top\" width=\"58\">\n<p align=\"center\">3<\/p>\n<\/td>\n<td valign=\"top\" width=\"69\">\n<p align=\"center\">043<\/p>\n<\/td>\n<\/tr>\n<tr>\n<td valign=\"top\" width=\"47\">\n<p align=\"center\">136<\/p>\n<\/td>\n<td valign=\"top\" width=\"252\">Evaluaci\u00f3n de las Pol\u00edticas P\u00fablicas<\/td>\n<td valign=\"top\" width=\"58\">\n<p align=\"center\">3<\/p>\n<\/td>\n<td valign=\"top\" width=\"69\">\n<p align=\"center\">127<\/p>\n<\/td>\n<\/tr>\n<tr>\n<td valign=\"top\" width=\"47\">\n<p align=\"center\">137<\/p>\n<\/td>\n<td valign=\"top\" width=\"252\">Proceso de Financiamiento y Gesti\u00f3n Presupuestaria de Pol\u00edticas P\u00fablicas<\/td>\n<td valign=\"top\" width=\"58\">\n<p align=\"center\">3<\/p>\n<\/td>\n<td valign=\"top\" width=\"69\">\n<p align=\"center\">Ninguno<\/p>\n<\/td>\n<\/tr>\n<tr>\n<td valign=\"top\" width=\"47\">\n<p align=\"center\">138<\/p>\n<\/td>\n<td valign=\"top\" width=\"252\">Seminario de Reformas del Estado<\/td>\n<td valign=\"top\" width=\"58\">\n<p align=\"center\">3<\/p>\n<\/td>\n<td valign=\"top\" width=\"69\">\n<p align=\"center\">Ninguno<\/p>\n<\/td>\n<\/tr>\n<tr>\n<td valign=\"top\" width=\"47\">\n<p align=\"center\">139<\/p>\n<\/td>\n<td valign=\"top\" width=\"252\">An\u00e1lisis e Interpretaci\u00f3n de Variables e Indicadores Socioecon\u00f3micos<\/td>\n<td valign=\"top\" width=\"58\">\n<p align=\"center\">3<\/p>\n<\/td>\n<td valign=\"top\" width=\"69\">\n<p align=\"center\">Ninguno<\/p>\n<\/td>\n<\/tr>\n<tr>\n<td valign=\"top\" width=\"47\"><\/td>\n<td valign=\"top\" width=\"252\">\n<p align=\"center\"><strong>D\u00c9CIMO CICLO<\/strong><\/p>\n<\/td>\n<td valign=\"top\" width=\"58\"><\/td>\n<td valign=\"top\" width=\"69\"><\/td>\n<\/tr>\n<tr>\n<td valign=\"top\" width=\"47\">\n<p align=\"center\">055<\/p>\n<\/td>\n<td valign=\"top\" width=\"252\">\u00a0Informe de Tesis<\/td>\n<td valign=\"top\" width=\"58\">\n<p align=\"center\">3<\/p>\n<\/td>\n<td valign=\"top\" width=\"69\">\n<p align=\"center\">050<\/p>\n<\/td>\n<\/tr>\n<tr>\n<td valign=\"top\" width=\"47\">\n<p align=\"center\">140<\/p>\n<\/td>\n<td valign=\"top\" width=\"252\">Seminario sobre Ejecuci\u00f3n Presupuestaria del Sector P\u00fablico<\/td>\n<td valign=\"top\" width=\"58\">\n<p align=\"center\">3<\/p>\n<\/td>\n<td valign=\"top\" width=\"69\">\n<p align=\"center\">137<\/p>\n<\/td>\n<\/tr>\n<tr>\n<td valign=\"top\" width=\"47\">\n<p align=\"center\">141<\/p>\n<\/td>\n<td valign=\"top\" width=\"252\">Seminario del Ciclo de Pol\u00edtica P\u00fablica<\/td>\n<td valign=\"top\" width=\"58\">\n<p align=\"center\">3<\/p>\n<\/td>\n<td valign=\"top\" width=\"69\">\n<p align=\"center\">136<\/p>\n<\/td>\n<\/tr>\n<tr>\n<td valign=\"top\" width=\"47\">\n<p align=\"center\">142<\/p>\n<\/td>\n<td valign=\"top\" width=\"252\">Pol\u00edticas Sociales en Am\u00e9rica Latina<\/td>\n<td valign=\"top\" width=\"58\">\n<p align=\"center\">3<\/p>\n<\/td>\n<td valign=\"top\" width=\"69\">\n<p align=\"center\">Ninguno<\/p>\n<\/td>\n<\/tr>\n<tr>\n<td valign=\"top\" width=\"47\">\n<p align=\"center\">095<\/p>\n<\/td>\n<td valign=\"top\" width=\"252\">Seguridad Democr\u00e1tica<\/td>\n<td valign=\"top\" width=\"58\">\n<p align=\"center\">3<\/p>\n<\/td>\n<td valign=\"top\" width=\"69\">\n<p align=\"center\">Ninguno<\/p>\n<\/td>\n<\/tr>\n<\/tbody>\n<\/table>\n<p><strong>Observaciones: Idioma: <\/strong>Para la carrera de Ciencia Pol\u00edtica el pensum se completa con el manejo instrumental del Ingl\u00e9s en nivel 12.\u00a0 Para ingresar al sexto semestre, los estudiantes deben presentar certificaci\u00f3n en nivel 06, extendida por CALUSAC. <strong>Pr\u00e1cticas: <\/strong>Tambi\u00e9n deben\u00a0 aprobar tres pr\u00e1cticas obligatorias ubicadas en el segundo, cuarto y sexto semestre, siendo requisito aprobar cada una, para ingresar al semestre inmediato superior. <strong>Requisitos: <\/strong>El estudiante debe observar estrictamente el orden de los requisitos y en ning\u00fan caso aprobar un curso sin tener el requisito correspondiente.<strong>Observaciones: Horario<\/strong>: se implementa en la jornada matutina la especialidad:Pol\u00edticas Publicas. <strong>Aprobado por el Consejo Directivo.Punto CUARTO, inciso 4.1, del Acta extraordinaria No. 03\/2014 de fecha 10\/03\/2014<\/strong><\/p>\n","protected":false},"excerpt":{"rendered":"<p>Licenciatura de\u00a0 Ciencia Pol\u00edtica\u00a0\u00a0 con Especialidad en Pol\u00edticas Publicas Escuela\u00a0 Ciencia Pol\u00edtica PENSUM INTRODUCTORIO 1\/ C\u00f3digo Curso Cr\u00e9ditos Requisitos \u00a0 PRIMER SEMESTRE \u00a0 \u00a0 001 Ciencia Pol\u00edtica I 2 Ninguno 002 Sociolog\u00eda I 2 Ninguno 003 Relaciones Internacionales I 2 Ninguno 004 Historia Mundial 2 Ninguno 005 Metodolog\u00eda de las Ciencias Sociales\u00a0 I 3 Ninguno [&hellip;]<\/p>\n","protected":false},"author":1,"featured_media":0,"parent":1098,"menu_order":0,"comment_status":"closed","ping_status":"closed","template":"","meta":[],"_links":{"self":[{"href":"https:\/\/cienciapolitica.usac.edu.gt\/index.php?rest_route=\/wp\/v2\/pages\/1139"}],"collection":[{"href":"https:\/\/cienciapolitica.usac.edu.gt\/index.php?rest_route=\/wp\/v2\/pages"}],"about":[{"href":"https:\/\/cienciapolitica.usac.edu.gt\/index.php?rest_route=\/wp\/v2\/types\/page"}],"author":[{"embeddable":true,"href":"https:\/\/cienciapolitica.usac.edu.gt\/index.php?rest_route=\/wp\/v2\/users\/1"}],"replies":[{"embeddable":true,"href":"https:\/\/cienciapolitica.usac.edu.gt\/index.php?rest_route=%2Fwp%2Fv2%2Fcomments&post=1139"}],"version-history":[{"count":4,"href":"https:\/\/cienciapolitica.usac.edu.gt\/index.php?rest_route=\/wp\/v2\/pages\/1139\/revisions"}],"predecessor-version":[{"id":1730,"href":"https:\/\/cienciapolitica.usac.edu.gt\/index.php?rest_route=\/wp\/v2\/pages\/1139\/revisions\/1730"}],"up":[{"embeddable":true,"href":"https:\/\/cienciapolitica.usac.edu.gt\/index.php?rest_route=\/wp\/v2\/pages\/1098"}],"wp:attachment":[{"href":"https:\/\/cienciapolitica.usac.edu.gt\/index.php?rest_route=%2Fwp%2Fv2%2Fmedia&parent=1139"}],"curies":[{"name":"wp","href":"https:\/\/api.w.org\/{rel}","templated":true}]}}