{"id":11377,"date":"2026-05-06T16:32:25","date_gmt":"2026-05-06T16:32:25","guid":{"rendered":"https:\/\/cienciapolitica.usac.edu.gt\/?page_id=11377"},"modified":"2026-05-14T17:11:29","modified_gmt":"2026-05-14T17:11:29","slug":"actas-relaciones-internacionales-1-2026","status":"publish","type":"page","link":"https:\/\/cienciapolitica.usac.edu.gt\/?page_id=11377","title":{"rendered":"ACTAS RELACIONES INTERNACIONALES 1-2026"},"content":{"rendered":"\n<div class=\"wp-block-buttons is-layout-flex\">\n<div class=\"wp-block-button\"><a class=\"wp-block-button__link has-midnight-gradient-background has-background wp-element-button\" href=\"https:\/\/cienciapolitica.usac.edu.gt\/?page_id=11336(abre en una nueva pesta\u00f1a)\">Regreso<\/a><\/div>\n<\/div>\n\n\n\n<div class=\"wp-block-columns is-layout-flex wp-container-3\">\n<div class=\"wp-block-column is-layout-flow\">\n<p>QUINTO CICLO SECCI\u00d3N A<\/p>\n\n\n\n<figure class=\"wp-block-table\"><table class=\"has-pale-ocean-gradient-background has-background\"><tbody><tr><td>CODIGO        <\/td><td>CURSO<\/td><td>PROFESOR(A)<\/td><td>ACTA FINAL   <\/td><td>RECUPERACI\u00d3N               <\/td><\/tr><tr><td>066<\/td><td>TEOR\u00cdA DE LAS RELACIONES INTERNACIONALES II<\/td><td>Dr. Alain Pierce Samayoa<\/td><td><a href=\"https:\/\/drive.google.com\/file\/d\/1ZD4A_wEhxxc-mKG6ZbMPoM0v5tjMQ_kv\/view?usp=sharing\" target=\"_blank\" rel=\"noreferrer noopener\">Ver Acta<\/a><\/td><td>&nbsp;<\/td><\/tr><tr><td>067<\/td><td>AN\u00c1LISIS DE LA POL\u00cdTICA INTERNACIONAL II<\/td><td>Mtro. Alexander Sandoval Portillo<\/td><td><a href=\"https:\/\/drive.google.com\/file\/d\/1WYxMNUAiok2aruZqkylsq94J1INo6agD\/view?usp=sharing\" target=\"_blank\" rel=\"noreferrer noopener\">Ver Acta<\/a><\/td><td>&nbsp;<\/td><\/tr><tr><td>025<\/td><td>HISTORIA DE GUATEMALA II<\/td><td>Lic. Mizraim V\u00e1squez<\/td><td>&nbsp;<\/td><td>&nbsp;<\/td><\/tr><tr><td>068<\/td><td>DERECHO INTERNACIONAL P\u00daBLICO<\/td><td>Dr. Dumbar Harris<\/td><td><a href=\"https:\/\/drive.google.com\/file\/d\/1iZfZ_ygDngdZei7jq3q2x9qffy-LUvhO\/view?usp=sharing\" target=\"_blank\" rel=\"noreferrer noopener\">Ver Acta<\/a><\/td><td>&nbsp;<\/td><\/tr><tr><td>070<\/td><td>PROBLEMAS Y POL\u00cdTICAS DE SEGURIDAD INTERNACIONAL<\/td><td>Lic. Oscar Argueta<\/td><td>&nbsp;<\/td><td>&nbsp;<\/td><\/tr><\/tbody><\/table><\/figure>\n<\/div>\n<\/div>\n\n\n\n<div class=\"wp-block-columns is-layout-flex wp-container-5\">\n<div class=\"wp-block-column is-layout-flow\">\n<p>SEPTIMO CICLO SECCI\u00d3N A<\/p>\n\n\n\n<figure class=\"wp-block-table\"><table class=\"has-pale-ocean-gradient-background has-background\"><tbody><tr><td>CODIGO           <\/td><td>CURSO<\/td><td>PROFESOR(A)<\/td><td>ACTA FINAL      <\/td><td>RECUPERACI\u00d3N                      <\/td><\/tr><tr><td>076<\/td><td>ORGANISMOS INTERNACIONALES II<\/td><td>Licda. Ingrid Rivera Barillas<\/td><td><a href=\"https:\/\/drive.google.com\/file\/d\/1lxuwmr_uTzZCprYnEmj0JZprR4CQ73w2\/view?usp=sharing\" target=\"_blank\" rel=\"noreferrer noopener\">Ver Acta<\/a><\/td><td>&nbsp;<\/td><\/tr><tr><td>077<\/td><td>GEOPOL\u00cdTICA<\/td><td>Mtra. Vera G\u00f3mez Palacios<\/td><td>&nbsp;<\/td><td>&nbsp;<\/td><\/tr><tr><td>078<\/td><td>COOPERACI\u00d3N INTERNACIONAL AL DESARROLLO<\/td><td>Lic. Oscar Bautista Soto<\/td><td>&nbsp;<\/td><td>&nbsp;<\/td><\/tr><tr><td>079<\/td><td>METODOLOG\u00cdA DE INVESTIGACI\u00d3N APLICADA A LAS RELACIONES INTERNACIONALES<\/td><td>Licda. Flor De Mar\u00eda Sap\u00f3n<\/td><td>&nbsp;<\/td><td>&nbsp;<\/td><\/tr><tr><td>081<\/td><td>AN\u00c1LISIS DE CONFLICTOS INTERNACIONALES CONTEMPOR\u00c1NEOS<\/td><td>Mtro. Luis Rodolfo D\u00e1vila<\/td><td>&nbsp;<\/td><td>&nbsp;<\/td><\/tr><\/tbody><\/table><\/figure>\n<\/div>\n<\/div>\n\n\n\n<div class=\"wp-block-columns is-layout-flex wp-container-7\">\n<div class=\"wp-block-column is-layout-flow\">\n<p>NOVENO CICLO SECCI\u00d3N A<\/p>\n\n\n\n<figure class=\"wp-block-table\"><table class=\"has-pale-ocean-gradient-background has-background\"><tbody><tr><td>CODIGO           <\/td><td>CURSO<\/td><td>PROFESOR(A)<\/td><td>ACTA FINAL             <\/td><td>RECUPERACI\u00d3N                      <\/td><\/tr><tr><td>050<\/td><td>DISE\u00d1O DE INVESTIGACI\u00d3N DE TESIS II<\/td><td>Licda. Jeimy Nairobi G\u00f3mez<\/td><td>&nbsp;<\/td><td>&nbsp;<\/td><\/tr><tr><td>095<\/td><td>SEGURIDAD DEMOCR\u00c1TICA<\/td><td>Dr. Jorge Calvo Drago<\/td><td><a href=\"https:\/\/drive.google.com\/file\/d\/1LuGepD4i6pgEqbgO-9qvVI3v78G_YGT7\/view?usp=sharing\" target=\"_blank\" rel=\"noreferrer noopener\">Ver Acta<\/a><\/td><td>&nbsp;<\/td><\/tr><tr><td>096<\/td><td>PAZ Y SEGURIDAD INTERNACIONAL<\/td><td>Licda. Ingrid Rivera Barillas<\/td><td><a href=\"https:\/\/drive.google.com\/file\/d\/18BOHx3ohMHHCXfAzukbIVpTx9zQyCiRf\/view?usp=sharing\" target=\"_blank\" rel=\"noreferrer noopener\">Ver Acta<\/a><\/td><td>&nbsp;<\/td><\/tr><tr><td>097<\/td><td>SEMINARIO S\/PROBLEMAS ACTUALES DE LA SEGURIDAD INTERNACIONAL<\/td><td>Mtro. Luis Rodolfo D\u00e1vila<\/td><td>&nbsp;<\/td><td>&nbsp;<\/td><\/tr><tr><td>098<\/td><td>AMENAZAS Y RIESGOS A LA SEGURIDAD INTERNACIONAL<\/td><td>Mtro. Jos\u00e9 Cortez Chac\u00f3n<\/td><td>&nbsp;<\/td><td>&nbsp;<\/td><\/tr><\/tbody><\/table><\/figure>\n<\/div>\n<\/div>\n\n\n\n<div class=\"wp-block-columns is-layout-flex wp-container-9\">\n<div class=\"wp-block-column is-layout-flow\">\n<p>ACTAS DEL QUINTO CICLO SECCI\u00d3N   B<\/p>\n\n\n\n<figure class=\"wp-block-table\"><table class=\"has-pale-ocean-gradient-background has-background\"><tbody><tr><td>CODIGO           <\/td><td>CURSO<\/td><td>PROFESOR(A)<\/td><td>ACTA  FINAL       <\/td><td>RECUPERACI\u00d3N                          <\/td><\/tr><tr><td>066<\/td><td>TEOR\u00cdA DE LAS RELACIONES INTERNACIONALES II<\/td><td>Dra. Beatriz Bola\u00f1os Sagastume<\/td><td>&nbsp;<\/td><td>&nbsp;<\/td><\/tr><tr><td>067<\/td><td>AN\u00c1LISIS DE LA POL\u00cdTICA INTERNACIONAL II<\/td><td>Mtra. Paola Gonz\u00e1lez<\/td><td>&nbsp;<\/td><td>&nbsp;<\/td><\/tr><tr><td>025<\/td><td>HISTORIA DE GUATEMALA II<\/td><td>Mtro. Mike Rivera Contreras<\/td><td>&nbsp;<\/td><td>&nbsp;<\/td><\/tr><tr><td>068<\/td><td>DERECHO INTERNACIONAL P\u00daBLICO<\/td><td>Mtro. Sergio Alejandro Mart\u00ednez<\/td><td>&nbsp;<\/td><td>&nbsp;<\/td><\/tr><tr><td>069<\/td><td>METODOLOG\u00cdA PARA EL AN\u00c1LISIS POL\u00cdTICO INTERNACIONAL<\/td><td>Lic. Diego Palma &nbsp;<\/td><td>&nbsp;<\/td><td>&nbsp;<\/td><\/tr><\/tbody><\/table><\/figure>\n<\/div>\n<\/div>\n\n\n\n<div class=\"wp-block-columns is-layout-flex wp-container-11\">\n<div class=\"wp-block-column is-layout-flow\">\n<p>SEPTIMO CICLO SECCIP\u00d3N B<\/p>\n\n\n\n<figure class=\"wp-block-table\"><table class=\"has-pale-ocean-gradient-background has-background\"><tbody><tr><td>CODIGO             <\/td><td>CURSO<\/td><td>PROFESOR(A)<\/td><td>ACTA FINAL      <\/td><td>RECUPERACI\u00d3N                         <\/td><\/tr><tr><td>076<\/td><td>ORGANISMOS INTERNACIONALES II<\/td><td>Mtra. Mayra Del Rosario Villatoro<\/td><td>&nbsp;<\/td><td>&nbsp;<\/td><\/tr><tr><td>077<\/td><td>GEOPOL\u00cdTICA<\/td><td>Lic. Ranfery Emmanuel Montufar<\/td><td><a href=\"https:\/\/drive.google.com\/file\/d\/1pZ16KhI0gKw-VNaIINt5i7BlMQrc6PHa\/view?usp=sharing\" target=\"_blank\" rel=\"noreferrer noopener\">Ver Acta<\/a><\/td><td>&nbsp;<\/td><\/tr><tr><td>078<\/td><td>COOPERACI\u00d3N INTERNACIONAL AL DESARROLLO<\/td><td>Lic. Oscar Bautista Soto<\/td><td>&nbsp;<\/td><td>&nbsp;<\/td><\/tr><tr><td>079<\/td><td>METODOLOG\u00cdA DE INVESTIGACI\u00d3N APLICADA A LAS RELACIONES INTERNACIONALES<\/td><td>Mtra. Paola Gonz\u00e1lez<\/td><td>&nbsp;<\/td><td>&nbsp;<\/td><\/tr><tr><td>080<\/td><td>AN\u00c1LISIS DE COYUNTURA INTERNACIONAL<\/td><td>Dra. Beatriz Bola\u00f1os Sagastume<\/td><td>&nbsp;<\/td><td>&nbsp;<\/td><\/tr><\/tbody><\/table><\/figure>\n<\/div>\n<\/div>\n\n\n\n<div class=\"wp-block-columns is-layout-flex wp-container-13\">\n<div class=\"wp-block-column is-layout-flow\">\n<p>NOVENO CICLO SECCION B<\/p>\n\n\n\n<figure class=\"wp-block-table\"><table class=\"has-pale-ocean-gradient-background has-background\"><tbody><tr><td>CODIGO       <\/td><td>CURSO<\/td><td>PROFESOR(A)<\/td><td>ACTA FINAL   <\/td><td>RECUPERACI\u00d3N              <\/td><\/tr><tr><td>050<\/td><td>DISE\u00d1O DE INVESTIGACI\u00d3N DE TESIS II<\/td><td>Licda. Betzaida Callejas<\/td><td><a href=\"https:\/\/drive.google.com\/file\/d\/15z7KVUEOS9DokcwbF-H7IpaUtdI05ddz\/view?usp=sharing\" target=\"_blank\" rel=\"noreferrer noopener\">Ver Acta<\/a><\/td><td>&nbsp;<\/td><\/tr><tr><td>087<\/td><td>SEMINARIO DE GLOBALIZACI\u00d3N<\/td><td>Mtro. Sergio Alejandro Mart\u00ednez<\/td><td>&nbsp;<\/td><td>&nbsp;<\/td><\/tr><tr><td>088<\/td><td>SEMINARIO DE ECONOM\u00cdA POL\u00cdTICA INTERNACIONAL<\/td><td>Mtra. Mar\u00eda Elena Izquierdo<\/td><td><a href=\"https:\/\/drive.google.com\/file\/d\/1vX_sERWzJOJpfyK9XGlZSa6hqlBQxyVm\/view?usp=sharing\" target=\"_blank\" rel=\"noreferrer noopener\">Ver Acta<\/a><\/td><td>&nbsp;<\/td><\/tr><tr><td>089<\/td><td>POLITICA EXTERIOR DE EEUU.<\/td><td>Mtro. Jos\u00e9 Cortez Chac\u00f3n<\/td><td>&nbsp;<\/td><td>&nbsp;<\/td><\/tr><tr><td>090<\/td><td>ESTUDIOS REGIONALES: AMERICA LATINA<\/td><td>Mtra. Sory G\u00f3mez<\/td><td><a href=\"https:\/\/drive.google.com\/file\/d\/1ZD4A_wEhxxc-mKG6ZbMPoM0v5tjMQ_kv\/view?usp=sharing\" target=\"_blank\" rel=\"noreferrer noopener\">Ver Acta<\/a><\/td><td>&nbsp;<\/td><\/tr><\/tbody><\/table><\/figure>\n<\/div>\n<\/div>\n\n\n\n<div class=\"wp-block-columns is-layout-flex wp-container-15\">\n<div class=\"wp-block-column is-layout-flow\">\n<p>NOVENO CICLO SECCI\u00d3N C<\/p>\n\n\n\n<figure class=\"wp-block-table\"><table class=\"has-pale-ocean-gradient-background has-background\"><tbody><tr><td>CODIGO         <\/td><td>CURSO<\/td><td>PROFESOR(A)<\/td><td>ACTA FINAL    <\/td><td>RECUPERACI\u00d3N              <\/td><\/tr><tr><td>050<\/td><td>DISE\u00d1O DE INVESTIGACI\u00d3N DE TESIS II<\/td><td>Licda. Annaly Hern\u00e1ndez Cartagena<\/td><td><a href=\"https:\/\/drive.google.com\/file\/d\/1LGMJRIzeqHX8VNd1K_31ls1HX6DgBP63\/view?usp=sharing\" target=\"_blank\" rel=\"noreferrer noopener\">Ver Acta<\/a><\/td><td>&nbsp;<\/td><\/tr><tr><td>087<\/td><td>SEMINARIO DE GLOBALIZACI\u00d3N<\/td><td>Mtra. Telma S\u00e1nchez<\/td><td><a rel=\"noreferrer noopener\" href=\"https:\/\/drive.google.com\/file\/d\/1zDwR-wU3V3qxDok2Yk2d1l29QAM12sQZ\/view?usp=sharing\" target=\"_blank\">V<\/a><a rel=\"noreferrer noopener\" href=\"https:\/\/drive.google.com\/file\/d\/1zDwR-wU3V3qxDok2Yk2d1l29QAM12sQZ\/view?usp=sharing\" target=\"_blank\">e<\/a><a rel=\"noreferrer noopener\" href=\"https:\/\/drive.google.com\/file\/d\/1zDwR-wU3V3qxDok2Yk2d1l29QAM12sQZ\/view?usp=sharing\" target=\"_blank\">r<\/a><a rel=\"noreferrer noopener\" href=\"https:\/\/drive.google.com\/file\/d\/1zDwR-wU3V3qxDok2Yk2d1l29QAM12sQZ\/view?usp=sharing\" target=\"_blank\"> <\/a><a rel=\"noreferrer noopener\" href=\"https:\/\/drive.google.com\/file\/d\/1zDwR-wU3V3qxDok2Yk2d1l29QAM12sQZ\/view?usp=sharing\" target=\"_blank\">A<\/a><a rel=\"noreferrer noopener\" href=\"https:\/\/drive.google.com\/file\/d\/1zDwR-wU3V3qxDok2Yk2d1l29QAM12sQZ\/view?usp=sharing\" target=\"_blank\">cta<\/a><\/td><td>&nbsp;<\/td><\/tr><tr><td>088<\/td><td>SEMINARIO DE ECONOM\u00cdA POL\u00cdTICA INTERNACIONAL<\/td><td>Mtro. Selvin D\u00edaz<\/td><td><a href=\"https:\/\/drive.google.com\/file\/d\/1RBnWIB6zoimUR8E6OgHMOmLSfmXCYmDH\/view?usp=sharing\" target=\"_blank\" rel=\"noreferrer noopener\">Ver Acta<\/a><\/td><td>&nbsp;<\/td><\/tr><tr><td>089<\/td><td>POLITICA EXTERIOR DE EEUU.<\/td><td>Licda. Mar\u00eda Alejandra Saenz<\/td><td>&nbsp;<\/td><td>&nbsp;<\/td><\/tr><tr><td>090<\/td><td>ESTUDIOS REGIONALES: AMERICA LATINA<\/td><td>Licda. Aracely De Le\u00f3n<\/td><td><a href=\"https:\/\/drive.google.com\/file\/d\/1hfba70js-Qb1rgeOsgjWcppo20fwjkzp\/view?usp=sharing\" target=\"_blank\" rel=\"noreferrer noopener\">Ver Acta<\/a><\/td><td>&nbsp;<\/td><\/tr><\/tbody><\/table><\/figure>\n<\/div>\n<\/div>\n","protected":false},"excerpt":{"rendered":"<p>QUINTO CICLO SECCI\u00d3N A CODIGO CURSO PROFESOR(A) ACTA FINAL RECUPERACI\u00d3N 066 TEOR\u00cdA DE LAS RELACIONES INTERNACIONALES II Dr. Alain Pierce Samayoa Ver Acta &nbsp; 067 AN\u00c1LISIS DE LA POL\u00cdTICA INTERNACIONAL II Mtro. Alexander Sandoval Portillo Ver Acta &nbsp; 025 HISTORIA DE GUATEMALA II Lic. Mizraim V\u00e1squez &nbsp; &nbsp; 068 DERECHO INTERNACIONAL P\u00daBLICO Dr. Dumbar Harris [&hellip;]<\/p>\n","protected":false},"author":101014,"featured_media":0,"parent":0,"menu_order":0,"comment_status":"closed","ping_status":"closed","template":"","meta":[],"_links":{"self":[{"href":"https:\/\/cienciapolitica.usac.edu.gt\/index.php?rest_route=\/wp\/v2\/pages\/11377"}],"collection":[{"href":"https:\/\/cienciapolitica.usac.edu.gt\/index.php?rest_route=\/wp\/v2\/pages"}],"about":[{"href":"https:\/\/cienciapolitica.usac.edu.gt\/index.php?rest_route=\/wp\/v2\/types\/page"}],"author":[{"embeddable":true,"href":"https:\/\/cienciapolitica.usac.edu.gt\/index.php?rest_route=\/wp\/v2\/users\/101014"}],"replies":[{"embeddable":true,"href":"https:\/\/cienciapolitica.usac.edu.gt\/index.php?rest_route=%2Fwp%2Fv2%2Fcomments&post=11377"}],"version-history":[{"count":19,"href":"https:\/\/cienciapolitica.usac.edu.gt\/index.php?rest_route=\/wp\/v2\/pages\/11377\/revisions"}],"predecessor-version":[{"id":11535,"href":"https:\/\/cienciapolitica.usac.edu.gt\/index.php?rest_route=\/wp\/v2\/pages\/11377\/revisions\/11535"}],"wp:attachment":[{"href":"https:\/\/cienciapolitica.usac.edu.gt\/index.php?rest_route=%2Fwp%2Fv2%2Fmedia&parent=11377"}],"curies":[{"name":"wp","href":"https:\/\/api.w.org\/{rel}","templated":true}]}}