{"id":11373,"date":"2026-05-06T16:29:45","date_gmt":"2026-05-06T16:29:45","guid":{"rendered":"https:\/\/cienciapolitica.usac.edu.gt\/?page_id=11373"},"modified":"2026-05-14T22:40:16","modified_gmt":"2026-05-14T22:40:16","slug":"actas-ciencia-politica-1-2026","status":"publish","type":"page","link":"https:\/\/cienciapolitica.usac.edu.gt\/?page_id=11373","title":{"rendered":"Actas Ciencia Politica 1-2026"},"content":{"rendered":"\n<div class=\"wp-block-buttons is-layout-flex\">\n<div class=\"wp-block-button\"><a class=\"wp-block-button__link has-midnight-gradient-background has-background wp-element-button\" href=\"https:\/\/cienciapolitica.usac.edu.gt\/?page_id=11336(abre en una nueva pesta\u00f1a)\">Regreso<\/a><\/div>\n<\/div>\n\n\n\n<div class=\"wp-block-columns is-layout-flex wp-container-3\">\n<div class=\"wp-block-column is-layout-flow\">\n<p>QUINTO CICLO SECCI\u00d3N A<\/p>\n<\/div>\n<\/div>\n\n\n\n<figure class=\"wp-block-table\"><table class=\"has-pale-ocean-gradient-background has-background\"><tbody><tr><td>CODIGO<\/td><td>CURSO<\/td><td>PROFESOR(A)<\/td><td>ACTA FINAL       <\/td><td>RECUPERACI\u00d3N<\/td><\/tr><tr><td>107<\/td><td>TEOR\u00cdA POL\u00cdTICA II<\/td><td>LIC. JOSE DAVID TALE ROSALES<\/td><td>&nbsp;<\/td><td>&nbsp;<\/td><\/tr><tr><td>108<\/td><td>SISTEMAS POL\u00cdTICOS II<\/td><td>LIC. DAVID ESCOBEDO<\/td><td>&nbsp;<\/td><td>&nbsp;<\/td><\/tr><tr><td>025<\/td><td>HISTORIA DE GUATEMALA II<\/td><td>LICDA. CECILE TAHUICO<\/td><td><a href=\"https:\/\/drive.google.com\/file\/d\/1AIzzn3agFqwuLkdgJm7Q3lOsdvNfUzrW\/view?usp=sharing\" target=\"_blank\" rel=\"noreferrer noopener\">Ver Acta<\/a><\/td><td>&nbsp;<\/td><\/tr><tr><td>109<\/td><td>ADMINISTRACI\u00d3N P\u00daBLICA DE GUATEMALA I<\/td><td>LIC. SERGIO CABRIA<\/td><td><a href=\"https:\/\/drive.google.com\/file\/d\/1sEMhyXIIs_8at8w4J8FDt-iWrvrIBNzV\/view?usp=sharing\" target=\"_blank\" rel=\"noreferrer noopener\">Ver Acta<\/a><\/td><td>&nbsp;<\/td><\/tr><tr><td>110<\/td><td>IDEOLOG\u00cdAS POL\u00cdTICAS<\/td><td>LIC. WERNER ENRIQUE CASTILLO REGALADO<\/td><td><a href=\"https:\/\/drive.google.com\/file\/d\/1VH2AYA0JLLwB2VKvvgVvDLFo5JOHfKYQ\/view?usp=sharing\" target=\"_blank\" rel=\"noreferrer noopener\">Ver Acta<\/a><\/td><td>&nbsp;<\/td><\/tr><\/tbody><\/table><\/figure>\n\n\n\n<div class=\"wp-block-columns is-layout-flex wp-container-5\">\n<div class=\"wp-block-column is-layout-flow\">\n<p>SEPTIMO CICLO SECCI\u00d3N A<\/p>\n\n\n\n<figure class=\"wp-block-table\"><table class=\"has-pale-ocean-gradient-background has-background\"><tbody><tr><td>CODIGO             <\/td><td>CURSO<\/td><td>PROFESOR(A)<\/td><td>ACTA FINAL             <\/td><td>RECUPERACI\u00d3N                           <\/td><\/tr><tr><td>117<\/td><td>TEOR\u00cdA POL\u00cdTICA IV<\/td><td>Maestro Luis Alberto Santos Qui\u00f1onez<\/td><td><a href=\"https:\/\/drive.google.com\/file\/d\/1PxlU2maxqg79ihndPmAXPfaDhaZGp9fJ\/view?usp=sharing\" target=\"_blank\" rel=\"noreferrer noopener\">Ver Acta<\/a><\/td><td>&nbsp;<\/td><\/tr><tr><td>118<\/td><td>ECONOM\u00cdA INTERNACIONAL<\/td><td>Licda. Estefany Gir\u00f3n Linares<\/td><td><a href=\"https:\/\/drive.google.com\/file\/d\/172mpA1ZpCsieq7zi5mFHIs-ofJ0XZ98e\/view?usp=sharing\" target=\"_blank\" rel=\"noreferrer noopener\">Ver Acta<\/a><\/td><td>&nbsp;<\/td><\/tr><tr><td>119<\/td><td>ADMINISTRACI\u00d3N P\u00daBLICA DE GUATEMALA III<\/td><td>Doctora Paola Rodr\u00edguez<\/td><td>&nbsp;<\/td><td>&nbsp;<\/td><\/tr><tr><td>120<\/td><td>ACTORES POL\u00cdTICOS INTERNACIONALES Y GLOBALIZACI\u00d3N<\/td><td>Maestro Jorge Rodr\u00edguez &nbsp;<\/td><td>&nbsp;<\/td><td>&nbsp;<\/td><\/tr><tr><td>122<\/td><td>AN\u00c1LISIS E INTERPRETACI\u00d3N DE VARIABLES E INDICADORES SOCIOECON\u00d3MICO<\/td><td>Mtra. Geidy Magali De Mata<\/td><td>&nbsp;<\/td><td>&nbsp;<\/td><\/tr><\/tbody><\/table><\/figure>\n<\/div>\n<\/div>\n\n\n\n<div class=\"wp-block-columns is-layout-flex wp-container-7\">\n<div class=\"wp-block-column is-layout-flow\">\n<p>NOVENO CICLO SECCI\u00d3N A<\/p>\n<\/div>\n<\/div>\n\n\n\n<figure class=\"wp-block-table\"><table class=\"has-pale-ocean-gradient-background has-background\"><tbody><tr><td>CODIGO<\/td><td>CURSO<\/td><td>PROFESOR(A)<\/td><td>ACTA FINAL     <\/td><td>RECUPERACI\u00d3N<\/td><\/tr><tr><td>050<\/td><td>DISE\u00d1O DE INVESTIGACI\u00d3N DE TESIS II<\/td><td>Mtro. Secil de Le\u00f3n<\/td><td><a rel=\"noreferrer noopener\" href=\"https:\/\/drive.google.com\/file\/d\/1DYMs4Jx5w_mi-GVyvxBffB9dWHsTZIm_\/view?usp=sharing\" target=\"_blank\">V<\/a><a rel=\"noreferrer noopener\" href=\"https:\/\/drive.google.com\/file\/d\/1DYMs4Jx5w_mi-GVyvxBffB9dWHsTZIm_\/view?usp=sharing\" target=\"_blank\">e<\/a><a rel=\"noreferrer noopener\" href=\"https:\/\/drive.google.com\/file\/d\/1DYMs4Jx5w_mi-GVyvxBffB9dWHsTZIm_\/view?usp=sharing\" target=\"_blank\">r<\/a><a rel=\"noreferrer noopener\" href=\"https:\/\/drive.google.com\/file\/d\/1DYMs4Jx5w_mi-GVyvxBffB9dWHsTZIm_\/view?usp=sharing\" target=\"_blank\"> <\/a><a rel=\"noreferrer noopener\" href=\"https:\/\/drive.google.com\/file\/d\/1DYMs4Jx5w_mi-GVyvxBffB9dWHsTZIm_\/view?usp=sharing\" target=\"_blank\">A<\/a><a rel=\"noreferrer noopener\" href=\"https:\/\/drive.google.com\/file\/d\/1DYMs4Jx5w_mi-GVyvxBffB9dWHsTZIm_\/view?usp=sharing\" target=\"_blank\">cta<\/a><\/td><td>&nbsp;<\/td><\/tr><tr><td>136<\/td><td>EVALUACI\u00d3N DE LAS POL\u00cdTICAS P\u00daBLICAS<\/td><td>Maestra Ekaterina Parrilla<\/td><td><a href=\"https:\/\/drive.google.com\/file\/d\/1YqNeBF-gVk5yZtgx_rPQ0ZC-_Oj6njff\/view?usp=sharing\" target=\"_blank\" rel=\"noreferrer noopener\">Ver Acta<\/a><\/td><td>&nbsp;<\/td><\/tr><tr><td>137<\/td><td>PROCESO DE FINANCIAMIENTO Y GESTI\u00d3N PRESUPUESTARIA DE POL\u00cdTICAS P\u00daBLICAS<\/td><td>Mtra. Mariely Johana Carrillo &nbsp;<\/td><td>&nbsp;<\/td><td>&nbsp;<\/td><\/tr><tr><td>138<\/td><td>SEMINARIO DE REFORMAS DEL ESTADO<\/td><td>Mtra. Geidy Magali De Mata<\/td><td>&nbsp;<\/td><td>&nbsp;<\/td><\/tr><tr><td>139<\/td><td>AN\u00c1LISIS E INTERPRETACI\u00d3N DE VARIABLES E INDICADORES SOCIOECON\u00d3MICO<\/td><td>Mtro. Luis Fernando Castellanos<\/td><td>&nbsp;<\/td><td>&nbsp;<\/td><\/tr><\/tbody><\/table><\/figure>\n\n\n\n<div class=\"wp-block-columns is-layout-flex wp-container-9\">\n<div class=\"wp-block-column is-layout-flow\">\n<p>QUINTO CICLO SECCI\u00d3N B<\/p>\n\n\n\n<figure class=\"wp-block-table\"><table class=\"has-pale-ocean-gradient-background has-background\"><tbody><tr><td>CODIGO     <\/td><td>CURSO<\/td><td>PROFESOR(A)<\/td><td>ACTA FINAL<\/td><td>RECUPERACI\u00d3N         <\/td><\/tr><tr><td>107<\/td><td>TEOR\u00cdA POL\u00cdTICA II<\/td><td>MTRA. FLORENTINA PUAC<\/td><td>&nbsp;<\/td><td>&nbsp;<\/td><\/tr><tr><td>108<\/td><td>SISTEMAS POL\u00cdTICOS II<\/td><td>DR. OSCAR INTERIANO<\/td><td><a href=\"https:\/\/drive.google.com\/file\/d\/1JeRzPbcjHbwxoBUKzYV1Lf9wZxHIAXBo\/view?usp=sharing\" target=\"_blank\" rel=\"noreferrer noopener\">Ver Acta<\/a><\/td><td>&nbsp;<\/td><\/tr><tr><td>025<\/td><td>HISTORIA DE GUATEMALA II<\/td><td>MTRO. MIKE RIVERA CONTRERAS<\/td><td>&nbsp;<\/td><td>&nbsp;<\/td><\/tr><tr><td>109<\/td><td>ADMINISTRACI\u00d3N P\u00daBLICA DE GUATEMALA I<\/td><td>DRA. CLAUDIA AGREDA AJQU\u00cd<\/td><td><a href=\"https:\/\/drive.google.com\/file\/d\/1aTeqdAZJf-s2Fw3yPWsXRv6v0xoT0BjS\/view?usp=sharing\" target=\"_blank\" rel=\"noreferrer noopener\">Ver Acta<\/a><\/td><td>&nbsp;<\/td><\/tr><tr><td>111<\/td><td>PROCESOS DE CAMBIO Y MODERNIDAD<\/td><td>MTRA. LIZETH GALVEZ<\/td><td><a href=\"https:\/\/drive.google.com\/file\/d\/1GpASTWzwQyS5p406VWAu09oGH1l84bpS\/view?usp=sharing\" target=\"_blank\" rel=\"noreferrer noopener\">Ver Acta<\/a><\/td><td>&nbsp;<\/td><\/tr><\/tbody><\/table><\/figure>\n<\/div>\n<\/div>\n\n\n\n<div class=\"wp-block-columns is-layout-flex wp-container-11\">\n<div class=\"wp-block-column is-layout-flow\">\n<p>SEPTIMO CICLO SECCI\u00d3N B<\/p>\n\n\n\n<figure class=\"wp-block-table\"><table class=\"has-pale-ocean-gradient-background has-background\"><tbody><tr><td>CODIGO           <\/td><td>CURSO<\/td><td>PROFESOR(A)<\/td><td>ACTA FINAL        <\/td><td>RECUPERACI\u00d3N                 <\/td><\/tr><tr><td>117<\/td><td>TEOR\u00cdA POL\u00cdTICA IV<\/td><td>Mtra. Geidy Magali De Mata<\/td><td>&nbsp;<\/td><td>&nbsp;<\/td><\/tr><tr><td>118<\/td><td>ECONOM\u00cdA INTERNACIONAL<\/td><td>Mtro. Francisco Jos\u00e9 Lemus Miranda<\/td><td>&nbsp;<\/td><td>&nbsp;<\/td><\/tr><tr><td>119<\/td><td>ADMINISTRACI\u00d3N P\u00daBLICA DE GUATEMALA III<\/td><td>Mtra. Alma Consuelo Coguox<\/td><td><a href=\"https:\/\/drive.google.com\/file\/d\/13B0CETXwI-TAdoCk_1jTwX5i4_TtVVzd\/view?usp=sharing\" target=\"_blank\" rel=\"noreferrer noopener\">Ver acta<\/a><\/td><td>&nbsp;<\/td><\/tr><tr><td>120<\/td><td>ACTORES POL\u00cdTICOS INTERNACIONALES Y GLOBALIZACI\u00d3N<\/td><td>Mtra. Mayra Villatoro Del Valle<\/td><td>&nbsp;<\/td><td>&nbsp;<\/td><\/tr><tr><td>121<\/td><td>ESTRUCTURA Y L\u00d3GICA DEL PODER EN GUATEMALA<\/td><td>Mtro. Mynor Rafael Garc\u00eda Mendez<\/td><td>&nbsp;<\/td><td>&nbsp;<\/td><\/tr><\/tbody><\/table><\/figure>\n<\/div>\n<\/div>\n\n\n\n<div class=\"wp-block-columns is-layout-flex wp-container-13\">\n<div class=\"wp-block-column is-layout-flow\">\n<p>NOVENO CICLO SECCI\u00d3N B<\/p>\n\n\n\n<figure class=\"wp-block-table\"><table class=\"has-pale-ocean-gradient-background has-background\"><tbody><tr><td>CODIGO      <\/td><td>CURSO<\/td><td>PROFESOR(A)<\/td><td>ACTA FINAL     <\/td><td>RECUPERACI\u00d3N             <\/td><\/tr><tr><td>050<\/td><td>DISE\u00d1O DE INVESTIGACI\u00d3N DE TESIS II<\/td><td>Mtra. Florentina Puac<\/td><td><a href=\"https:\/\/drive.google.com\/file\/d\/1XLrQ_XUIBOSyQFaJKkygrNhYVjWKj17W\/view?usp=sharing\" target=\"_blank\" rel=\"noreferrer noopener\">Ver Acta<\/a><\/td><td>&nbsp;<\/td><\/tr><tr><td>128<\/td><td>SEMINARIO DE AN\u00c1LISIS POL\u00cdTICO<\/td><td>Lic. Werner Enrique Castillo Regalado<\/td><td><a href=\"https:\/\/drive.google.com\/file\/d\/1MzCt_JglTJY4hKEXfoLe4hOkAZwXLL1R\/view?usp=sharing\" target=\"_blank\" rel=\"noreferrer noopener\">Ver Acta<\/a><\/td><td>&nbsp;<\/td><\/tr><tr><td>129<\/td><td>DISCURSO POL\u00cdTICO<\/td><td>Mtra. Geidy Magali De Mata<\/td><td>&nbsp;<\/td><td>&nbsp;<\/td><\/tr><tr><td>130<\/td><td>PSICOLOG\u00cdA POL\u00cdTICA<\/td><td>Mtro. Julio Valdez<\/td><td><a href=\"https:\/\/drive.google.com\/file\/d\/1s8IFRCQQsH_bXgd6inj5swze4nx0RX1W\/view?usp=drive_link\" target=\"_blank\" rel=\"noreferrer noopener\">&nbsp;Ver_Acta<\/a><\/td><td>&nbsp;<\/td><\/tr><tr><td>131<\/td><td>COMUNICACI\u00d3N POL\u00cdTICA Y PROCESO ELECTORAL<\/td><td>Dr. Dumbar Harris<\/td><td><a href=\"https:\/\/drive.google.com\/file\/d\/1hm-IDry2bJQ8FnckAyLTVqk2mr8ZAwVh\/view?usp=sharing\" target=\"_blank\" rel=\"noreferrer noopener\">Ver Acta<\/a><\/td><td>&nbsp;<\/td><\/tr><\/tbody><\/table><\/figure>\n<\/div>\n<\/div>\n","protected":false},"excerpt":{"rendered":"<p>QUINTO CICLO SECCI\u00d3N A CODIGO CURSO PROFESOR(A) ACTA FINAL RECUPERACI\u00d3N 107 TEOR\u00cdA POL\u00cdTICA II LIC. JOSE DAVID TALE ROSALES &nbsp; &nbsp; 108 SISTEMAS POL\u00cdTICOS II LIC. DAVID ESCOBEDO &nbsp; &nbsp; 025 HISTORIA DE GUATEMALA II LICDA. CECILE TAHUICO Ver Acta &nbsp; 109 ADMINISTRACI\u00d3N P\u00daBLICA DE GUATEMALA I LIC. SERGIO CABRIA Ver Acta &nbsp; 110 IDEOLOG\u00cdAS [&hellip;]<\/p>\n","protected":false},"author":101014,"featured_media":0,"parent":0,"menu_order":0,"comment_status":"closed","ping_status":"closed","template":"","meta":[],"_links":{"self":[{"href":"https:\/\/cienciapolitica.usac.edu.gt\/index.php?rest_route=\/wp\/v2\/pages\/11373"}],"collection":[{"href":"https:\/\/cienciapolitica.usac.edu.gt\/index.php?rest_route=\/wp\/v2\/pages"}],"about":[{"href":"https:\/\/cienciapolitica.usac.edu.gt\/index.php?rest_route=\/wp\/v2\/types\/page"}],"author":[{"embeddable":true,"href":"https:\/\/cienciapolitica.usac.edu.gt\/index.php?rest_route=\/wp\/v2\/users\/101014"}],"replies":[{"embeddable":true,"href":"https:\/\/cienciapolitica.usac.edu.gt\/index.php?rest_route=%2Fwp%2Fv2%2Fcomments&post=11373"}],"version-history":[{"count":23,"href":"https:\/\/cienciapolitica.usac.edu.gt\/index.php?rest_route=\/wp\/v2\/pages\/11373\/revisions"}],"predecessor-version":[{"id":11548,"href":"https:\/\/cienciapolitica.usac.edu.gt\/index.php?rest_route=\/wp\/v2\/pages\/11373\/revisions\/11548"}],"wp:attachment":[{"href":"https:\/\/cienciapolitica.usac.edu.gt\/index.php?rest_route=%2Fwp%2Fv2%2Fmedia&parent=11373"}],"curies":[{"name":"wp","href":"https:\/\/api.w.org\/{rel}","templated":true}]}}