{"id":11356,"date":"2026-05-06T15:00:05","date_gmt":"2026-05-06T15:00:05","guid":{"rendered":"https:\/\/cienciapolitica.usac.edu.gt\/?page_id=11356"},"modified":"2026-05-14T21:42:05","modified_gmt":"2026-05-14T21:42:05","slug":"actas-de-sociologia-1-2026","status":"publish","type":"page","link":"https:\/\/cienciapolitica.usac.edu.gt\/?page_id=11356","title":{"rendered":"ACTAS DE SOCIOLOGIA 1-2026"},"content":{"rendered":"\n<div class=\"wp-block-columns is-layout-flex wp-container-4\">\n<div class=\"wp-block-column is-layout-flow\">\n<p>QUINTO CICLO  A<\/p>\n\n\n\n<div class=\"wp-block-columns is-layout-flex wp-container-2\">\n<div class=\"wp-block-column is-layout-flow\">\n<figure class=\"wp-block-table\"><table class=\"has-pale-ocean-gradient-background has-background\"><tbody><tr><td>CODIGO               <\/td><td>CURSO<\/td><td><strong>PROFESOR(A)<\/strong>       <\/td><td>ACTA FINAL           <\/td><td>&nbsp;RECUPERACION                               <\/td><\/tr><tr><td>22<\/td><td>TEOR\u00cdA SOCIOL\u00d3GICA II<\/td><td>LIC. JUAN IGNACIO PONCIANO                                                 <\/td><td>&nbsp;<a href=\"https:\/\/drive.google.com\/file\/d\/11AdmSl1DRSVl-I3V_r1ljTU8jQ6_pMph\/view?usp=drive_link\" target=\"_blank\" rel=\"noreferrer noopener\">Ver_Acta<\/a><\/td><td>&nbsp;<\/td><\/tr><tr><td>23<\/td><td>SOCIOLOG\u00cdA DE GUATEMALA II<\/td><td>LIC. ANDRES GUERRERO V\u00c9LIZ<\/td><td>&nbsp;<\/td><td>&nbsp;<\/td><\/tr><tr><td>24<\/td><td>AN\u00c1LISIS DE EXPERIENCIAS DE INVESTIGACI\u00d3N SOCIOL\u00d3GICA I<\/td><td>LIC. MARVIN MOR\u00c1N CORZO<\/td><td>&nbsp;<\/td><td>&nbsp;<\/td><\/tr><tr><td>25<\/td><td>HISTORIA DE GUATEMALA II<\/td><td>LICDA. LAYDI RUANO MARROQU\u00cdN<\/td><td><a href=\"https:\/\/drive.google.com\/file\/d\/1hf96A6CqAP-_ynWufbEYFuD4yy94TaZ1\/view?usp=drive_link\" target=\"_blank\" rel=\"noreferrer noopener\">&nbsp;Ver_Acta<\/a><\/td><td>&nbsp;<\/td><\/tr><tr><td>27<\/td><td>SOCIOLOG\u00cdA DEL DERECHO<\/td><td>MTRO. BEQUER NEFTALI CHOCOOJ<\/td><td>&nbsp;<\/td><td>&nbsp;<\/td><\/tr><\/tbody><\/table><\/figure>\n<\/div>\n<\/div>\n<\/div>\n<\/div>\n\n\n\n<div class=\"wp-block-columns is-layout-flex wp-container-6\">\n<div class=\"wp-block-column is-layout-flow\">\n<p>SEPTIMO CICLO SECCI\u00d3N A<\/p>\n<\/div>\n<\/div>\n\n\n\n<div class=\"wp-block-columns is-layout-flex wp-container-8\">\n<div class=\"wp-block-column is-layout-flow\">\n<figure class=\"wp-block-table\"><table class=\"has-pale-ocean-gradient-background has-background\"><tbody><tr><td>CODIGO       <\/td><td>CURSO<\/td><td>DOCENTE<\/td><td>ACTA FINAL      <\/td><td>&nbsp; RECUPERACION           <\/td><\/tr><tr><td>34<\/td><td>TEOR\u00cdA SOCIOL\u00d3GICA IV<\/td><td>LIC. CHRISTIAN CALDER\u00d3N CEDILLOS<\/td><td>&nbsp;<\/td><td>&nbsp;<\/td><\/tr><tr><td>35<\/td><td>SOCIOLOG\u00cdA DE GUATEMALA IV<\/td><td>LICDA. VIRGINIA JIM\u00c9NEZ TUY<\/td><td><a href=\"https:\/\/drive.google.com\/file\/d\/1gCNURx5vYUOfZFh0HBF3hEHmUIU5TJRI\/view?usp=drive_link\" target=\"_blank\" rel=\"noreferrer noopener\">\u00a0ver_acta<\/a><\/td><td>&nbsp;<\/td><\/tr><tr><td>36<\/td><td>EPISTEMOLOG\u00cdA DE LAS CIENCIAS SOCIALES<\/td><td>DR. CARLOS OLIVA MURALLES<\/td><td>&nbsp;<\/td><td>&nbsp;<\/td><\/tr><tr><td>37<\/td><td>SOCIOLOG\u00cdA POL\u00cdTICA I<\/td><td>LIC. CHRISTIAN CALDER\u00d3N CEDILLOS<\/td><td>&nbsp;<\/td><td>&nbsp;<\/td><\/tr><tr><td>39<\/td><td>VIOLENCIA Y PAZ EN GUATEMALA<\/td><td>LIC. MARVIN MOR\u00c1N CORZO<\/td><td>&nbsp;<\/td><td>&nbsp;<\/td><\/tr><\/tbody><\/table><\/figure>\n<\/div>\n<\/div>\n\n\n\n<div class=\"wp-block-columns is-layout-flex wp-container-10\">\n<div class=\"wp-block-column is-layout-flow\">\n<p>NOVENO CICLO SECCION A<\/p>\n\n\n\n<figure class=\"wp-block-table\"><table class=\"has-pale-ocean-gradient-background has-background\"><tbody><tr><td><strong>CODIGO<\/strong>  <\/td><td><strong>CURSO<\/strong><\/td><td><strong>PROFESOR(A)<\/strong><\/td><td>ACTA FINAL<\/td><\/tr><tr><td>46<\/td><td>SEMINARIO S\/TEOR\u00cdAS SOCIOL\u00d3GICAS CONTEMPOR\u00c1NEAS<\/td><td>no hay estudiantes<\/td><td>&nbsp;<\/td><\/tr><tr><td>56<\/td><td>Seminario de&nbsp; Estudios sobre Violencia y Paz en<br>Guatemala<\/td><td>no hay estudiantes<\/td><td>&nbsp;<\/td><\/tr><tr><td>57<\/td><td>Seminario sobre Pol\u00edticas de Seguridad y<br>Prevenci\u00f3n&nbsp;&nbsp; del Delito<\/td><td>no hay estudiantes<\/td><td>&nbsp;<\/td><\/tr><tr><td>58<\/td><td>Seminario sobre Movimientos Sociales de Derechos<br>Humanos y Acceso a la&nbsp; Justicia<\/td><td>no hay estudiantes<\/td><td>&nbsp;<\/td><\/tr><tr><td>50<\/td><td>DISE\u00d1O DE INVESTIGACI\u00d3N DE TESIS II<\/td><td>no hay estudiantes<\/td><td>&nbsp;<\/td><\/tr><\/tbody><\/table><\/figure>\n<\/div>\n<\/div>\n\n\n\n<div class=\"wp-block-columns is-layout-flex wp-container-14\">\n<div class=\"wp-block-column is-layout-flow\">\n<p>QUINTO CICLO SECCI\u00d3N B<\/p>\n\n\n\n<div class=\"wp-block-columns is-layout-flex wp-container-12\">\n<div class=\"wp-block-column is-layout-flow\">\n<figure class=\"wp-block-table\"><table class=\"has-pale-ocean-gradient-background has-background\"><tbody><tr><td><strong>CODIGO<\/strong>        <\/td><td><strong>CURSO<\/strong><\/td><td><strong>PROFESOR(A)<\/strong><\/td><td>ACTA FINAL     <\/td><td>&nbsp;RECUPERACION<\/td><\/tr><tr><td>25<\/td><td>HISTORIA DE GUATEMALA II<\/td><td>LIC. JUAN CARLOS GUZM\u00c1N<\/td><td><a href=\"https:\/\/drive.google.com\/file\/d\/199_NJ0MfyGgc0J0DEwfBjMCgKdH9LX8G\/view?usp=drive_link\" target=\"_blank\" rel=\"noreferrer noopener\">&nbsp;Ver_Acta<\/a><\/td><td>&nbsp;<\/td><\/tr><tr><td>22<\/td><td>TEOR\u00cdA SOCIOL\u00d3GICA II<\/td><td>LIC. JULIO SIGUERE<\/td><td>&nbsp;<a href=\"https:\/\/drive.google.com\/file\/d\/1DqWgJGpccll6glVx4ZMHCi5_3-Kf1Fha\/view?usp=drive_link\" target=\"_blank\" rel=\"noreferrer noopener\">Ver_Acta <\/a> <\/td><td>&nbsp;<\/td><\/tr><tr><td>23<\/td><td>SOCIOLOG\u00cdA DE GUATEMALA II<\/td><td>LIC. BORIS CABRERA CIFUENTES<\/td><td>&nbsp;<a href=\"https:\/\/drive.google.com\/file\/d\/1TkcmHpGYxKuogN48L-oxgHcRZXlICzUW\/view?usp=drive_link\" target=\"_blank\" rel=\"noreferrer noopener\">Ver_Acta<\/a><\/td><td>&nbsp;<\/td><\/tr><tr><td>24<\/td><td>AN\u00c1LISIS DE EXPERIENCIAS DE INVESTIGACI\u00d3N SOCIOL\u00d3GICA I<\/td><td>LICDA. AMANDA ROSAL\u00cdA SOL\u00d3RZANO<\/td><td>&nbsp;<\/td><td>&nbsp;<\/td><\/tr><tr><td>26<\/td><td>SOCIOLOG\u00cdA DE GENERO Y ETNIA I<\/td><td>DR. AROLDO CAMPOSECO MONTEJO<\/td><td>&nbsp;<\/td><td>&nbsp;<\/td><\/tr><\/tbody><\/table><\/figure>\n<\/div>\n<\/div>\n<\/div>\n<\/div>\n\n\n\n<div class=\"wp-block-columns is-layout-flex wp-container-16\">\n<div class=\"wp-block-column is-layout-flow\">\n<p>SEPTIMO CICLO SECCI\u00d3N B<\/p>\n<\/div>\n<\/div>\n\n\n\n<figure class=\"wp-block-table\"><table class=\"has-pale-ocean-gradient-background has-background\"><tbody><tr><td><strong>CODIGO<\/strong><\/td><td><strong>CURSO<\/strong><\/td><td><strong>PROFESOR(A)<\/strong><\/td><td>ACTA FINAL<\/td><td>&nbsp;RECUPERACION<\/td><\/tr><tr><td>34<\/td><td>TEOR\u00cdA SOCIOL\u00d3GICA IV<\/td><td>DRA. ANA NINETH BURGOS<\/td><td>&nbsp;<a href=\"https:\/\/drive.google.com\/file\/d\/1mrAyYrU8C76X1kd0eDy5er0WOeeqIt_p\/view?usp=drive_link\" target=\"_blank\" rel=\"noreferrer noopener\">Ver_acta<\/a><\/td><td>&nbsp;<\/td><\/tr><tr><td>35<\/td><td>SOCIOLOG\u00cdA DE GUATEMALA IV<\/td><td>LIC. ANDRES GUERRERO V\u00c9LIZ<\/td><td>&nbsp;<\/td><td>&nbsp;<\/td><\/tr><tr><td>38<\/td><td>RELACIONES \u00c9TNICAS EN GUATEMALA<\/td><td>DRA. ANA NINETH BURGOS<\/td><td><a href=\"https:\/\/drive.google.com\/file\/d\/1OBQMuOnLjh8v8casMQLdE5C3gxa4w4rl\/view?usp=drive_link\" target=\"_blank\" rel=\"noreferrer noopener\">&nbsp;Ver_Acta<\/a><\/td><td>&nbsp;<\/td><\/tr><tr><td>36<\/td><td>EPISTEMOLOG\u00cdA DE LAS CIENCIAS SOCIALES<\/td><td>LIC. BORIS CABRERA CIFUENTES<\/td><td>&nbsp;<a href=\"https:\/\/drive.google.com\/file\/d\/1duAjwR75diGfkwFyEmSzPa5AsPXo67Es\/view?usp=drive_link\" target=\"_blank\" rel=\"noreferrer noopener\">Ver_Acta<\/a><\/td><td>&nbsp;<\/td><\/tr><tr><td>37<\/td><td>SOCIOLOG\u00cdA POL\u00cdTICA I<\/td><td>LIC. WELLINGTON TELLO<\/td><td>&nbsp;<\/td><td>&nbsp;<\/td><\/tr><\/tbody><\/table><\/figure>\n\n\n\n<div class=\"wp-block-columns is-layout-flex wp-container-18\">\n<div class=\"wp-block-column is-layout-flow\">\n<p>NOVENO CICLO SECCI\u00d3N B<\/p>\n\n\n\n<figure class=\"wp-block-table\"><table class=\"has-pale-ocean-gradient-background has-background\"><tbody><tr><td><strong>CODIGO<\/strong>          <\/td><td><strong>CURSO<\/strong><\/td><td><strong>PROFESOR(A)<\/strong><\/td><td>ACTA FINAL       <\/td><td>&nbsp; RECUPERACION                  <\/td><\/tr><tr><td>46<\/td><td>SEMINARIO S\/TEOR\u00cdAS SOCIOL\u00d3GICAS CONTEMPOR\u00c1NEAS<\/td><td>LIC. ALVARO CABALLEROS<\/td><td>&nbsp;<\/td><td>&nbsp;<\/td><\/tr><tr><td>50<\/td><td>DISE\u00d1O DE INVESTIGACI\u00d3N DE TESIS II<\/td><td>MTRA. NORA LIZETH G\u00c1LVEZ<\/td><td><a href=\"https:\/\/drive.google.com\/file\/d\/1g8dDU1uGA_2sHUj-mwa1KOO0An1FB2tt\/view?usp=sharing\" target=\"_blank\" rel=\"noreferrer noopener\">Ver Acta<\/a><\/td><td>&nbsp;<\/td><\/tr><tr><td>47<\/td><td>SEMINARIO S\/ESTUDIOS DE G\u00c8NERO Y ETNICIDAD EN GUATEMALA<\/td><td>MTRA. VICTORIA TUB\u00cdN<\/td><td><a href=\"https:\/\/drive.google.com\/file\/d\/1QG4ds9OHFq5D4-_hsUEtuNy-u3_qbs2F\/view?usp=drive_link\" target=\"_blank\" rel=\"noreferrer noopener\">Ver Acta<\/a><\/td><td>&nbsp;<\/td><\/tr><tr><td>48<\/td><td>SEM. S\/POL. SOC. PARA LA ERRADICACION DEL RACISMO Y LA DISC. EN GUA.<\/td><td>LIC. DOUGLAS MAZARIEGOS<\/td><td>&nbsp;<a href=\"https:\/\/drive.google.com\/file\/d\/1UJv4VahOk8sjrP0kV4SO_5Vtc-NVPcK2\/view?usp=drive_link\" target=\"_blank\" rel=\"noreferrer noopener\">Ver_Acta<\/a><\/td><td>&nbsp;<\/td><\/tr><tr><td>49<\/td><td>SEM. S\/POL. P\u00daBLICAS PARA EL ACCESO A LA JUSTICIA Y EQUIDAD DE G\u00c9NERO<\/td><td>LIC. DOUGLAS MAZARIEGOS<\/td><td>&nbsp;<a href=\"https:\/\/drive.google.com\/file\/d\/1tzKYCo5q0ipv7IWu9DEpU6o3l8VsGjia\/view?usp=drive_link\" target=\"_blank\" rel=\"noreferrer noopener\">Ver_acta<\/a><\/td><td>&nbsp;<\/td><\/tr><\/tbody><\/table><\/figure>\n<\/div>\n<\/div>\n\n\n\n<div class=\"wp-block-buttons is-layout-flex\">\n<div class=\"wp-block-button\"><a class=\"wp-block-button__link has-background wp-element-button\" href=\"https:\/\/cienciapolitica.usac.edu.gt\/?page_id=11336(abre en una nueva pesta\u00f1a)\" style=\"background-color:#437898\">Regreso<\/a><\/div>\n<\/div>\n","protected":false},"excerpt":{"rendered":"<p>QUINTO CICLO A CODIGO CURSO PROFESOR(A) ACTA FINAL &nbsp;RECUPERACION 22 TEOR\u00cdA SOCIOL\u00d3GICA II LIC. JUAN IGNACIO PONCIANO &nbsp;Ver_Acta &nbsp; 23 SOCIOLOG\u00cdA DE GUATEMALA II LIC. ANDRES GUERRERO V\u00c9LIZ &nbsp; &nbsp; 24 AN\u00c1LISIS DE EXPERIENCIAS DE INVESTIGACI\u00d3N SOCIOL\u00d3GICA I LIC. MARVIN MOR\u00c1N CORZO &nbsp; &nbsp; 25 HISTORIA DE GUATEMALA II LICDA. LAYDI RUANO MARROQU\u00cdN &nbsp;Ver_Acta &nbsp; [&hellip;]<\/p>\n","protected":false},"author":101014,"featured_media":0,"parent":0,"menu_order":0,"comment_status":"closed","ping_status":"closed","template":"","meta":[],"_links":{"self":[{"href":"https:\/\/cienciapolitica.usac.edu.gt\/index.php?rest_route=\/wp\/v2\/pages\/11356"}],"collection":[{"href":"https:\/\/cienciapolitica.usac.edu.gt\/index.php?rest_route=\/wp\/v2\/pages"}],"about":[{"href":"https:\/\/cienciapolitica.usac.edu.gt\/index.php?rest_route=\/wp\/v2\/types\/page"}],"author":[{"embeddable":true,"href":"https:\/\/cienciapolitica.usac.edu.gt\/index.php?rest_route=\/wp\/v2\/users\/101014"}],"replies":[{"embeddable":true,"href":"https:\/\/cienciapolitica.usac.edu.gt\/index.php?rest_route=%2Fwp%2Fv2%2Fcomments&post=11356"}],"version-history":[{"count":23,"href":"https:\/\/cienciapolitica.usac.edu.gt\/index.php?rest_route=\/wp\/v2\/pages\/11356\/revisions"}],"predecessor-version":[{"id":11547,"href":"https:\/\/cienciapolitica.usac.edu.gt\/index.php?rest_route=\/wp\/v2\/pages\/11356\/revisions\/11547"}],"wp:attachment":[{"href":"https:\/\/cienciapolitica.usac.edu.gt\/index.php?rest_route=%2Fwp%2Fv2%2Fmedia&parent=11356"}],"curies":[{"name":"wp","href":"https:\/\/api.w.org\/{rel}","templated":true}]}}