{"id":11345,"date":"2026-05-05T22:40:47","date_gmt":"2026-05-05T22:40:47","guid":{"rendered":"https:\/\/cienciapolitica.usac.edu.gt\/?page_id=11345"},"modified":"2026-05-15T01:11:08","modified_gmt":"2026-05-15T01:11:08","slug":"acta-pensum-introductorio-1-2026","status":"publish","type":"page","link":"https:\/\/cienciapolitica.usac.edu.gt\/?page_id=11345","title":{"rendered":"Acta Pensum  Introductorio 1-2026"},"content":{"rendered":"\n<div class=\"wp-block-columns is-layout-flex wp-container-8\">\n<div class=\"wp-block-column is-layout-flow\">\n<p class=\"has-blush-light-purple-gradient-background has-background has-large-font-size\">Actas Primer Ciclo  <\/p>\n\n\n\n<p>Secci\u00f3n A<\/p>\n\n\n\n<div class=\"wp-block-columns is-layout-flex wp-container-4\">\n<div class=\"wp-block-column is-layout-flow\">\n<div class=\"wp-block-columns is-layout-flex wp-container-2\">\n<div class=\"wp-block-column is-layout-flow\">\n<figure class=\"wp-block-table\"><table class=\"has-pale-ocean-gradient-background has-background\"><tbody><tr><td><strong>C\u00d3DIGO<\/strong>     <\/td><td><strong>CURSO<\/strong><\/td><td><strong>PROFESOR<\/strong><\/td><td><strong>Acta final<\/strong>     <\/td><td><strong>Acta recuperaci\u00f3n<\/strong><\/td><\/tr><tr><td>1<\/td><td>CIENCIA POLITICA I<\/td><td>LICDA. CARMEN AMANDA ALVAREZ<\/td><td>&nbsp;<\/td><td>&nbsp;<\/td><\/tr><tr><td>2<\/td><td>SOCIOLOGIA I<\/td><td>LICDA. HELLEN HERRERA<\/td><td>&nbsp;<\/td><td>&nbsp;<\/td><\/tr><tr><td>3<\/td><td>RELACIONES INTERNACIONALES I<\/td><td>MTRO. JOS\u00c9 CORT\u00c9Z CHAC\u00d3N<\/td><td>&nbsp;<\/td><td>&nbsp;<\/td><\/tr><tr><td>4<\/td><td>HISTORIA MUNDIAL<\/td><td>LICDA. MAR\u00cdA FERNANDA ZELADA<\/td><td><a href=\"https:\/\/drive.google.com\/file\/d\/1MVT-zhS66LxSbCbL-lBZo0aeiNU3gnMO\/view?usp=drive_link\" target=\"_blank\" rel=\"noreferrer noopener\">&nbsp;Ver_Acta <\/a><\/td><td>&nbsp;<\/td><\/tr><tr><td>5<\/td><td>METODOLOG\u00cdA DE LAS CIENCIAS SOCIALES<\/td><td>LICDA. ALEJANDRA MOREIRA<\/td><td>&nbsp;<\/td><td>&nbsp;<\/td><\/tr><\/tbody><\/table><figcaption class=\"wp-element-caption\"> Secci\u00f3n  B<\/figcaption><\/figure>\n<\/div>\n<\/div>\n<\/div>\n<\/div>\n\n\n\n<div class=\"wp-block-columns is-layout-flex wp-container-6\">\n<div class=\"wp-block-column is-layout-flow\">\n<figure class=\"wp-block-table\"><table class=\"has-pale-ocean-gradient-background has-background\"><tbody><tr><td><strong>C\u00d3DIGO<\/strong>    <\/td><td><strong>CURSO<\/strong><\/td><td><strong>PROFESOR<\/strong><\/td><td><strong>Acta final<\/strong>      <\/td><td><strong>Acta recuperaci\u00f3n<\/strong><\/td><\/tr><tr><td>1<\/td><td>CIENCIA POLITICA I<\/td><td>LICDA. CARMEN AMANDA ALVAREZ<\/td><td>&nbsp;<\/td><td>&nbsp;<\/td><\/tr><tr><td>2<\/td><td>SOCIOLOGIA I<\/td><td>LICDA. HELLEN HERRERA<\/td><td>&nbsp;<\/td><td>&nbsp;<\/td><\/tr><tr><td>3<\/td><td>RELACIONES INTERNACIONALES I<\/td><td>LICDA. MAR\u00cdA FERNANDA ZELADA<\/td><td><a href=\"https:\/\/drive.google.com\/file\/d\/1rhl7KGyKPC_fAiwupSYSkTApbH6ifq3S\/view?usp=drive_link\">&nbsp;Ver_Acta<\/a><\/td><td>&nbsp;<\/td><\/tr><tr><td>4<\/td><td>HISTORIA MUNDIAL<\/td><td>LIC. DAVID WINTER LUTHER<\/td><td>&nbsp;<a href=\"https:\/\/drive.google.com\/file\/d\/1UIfeJxyOEVeyOKayYDa2KJnPHw7we_QH\/view?usp=drive_link\" target=\"_blank\" rel=\"noreferrer noopener\">Ver_Acta<\/a><\/td><td>&nbsp;<\/td><\/tr><tr><td>5<\/td><td>METODOLOG\u00cdA DE LAS CIENCIAS SOCIALES<\/td><td>LICDA. KARLA PATRICIA GIR\u00d3N FRANCO<\/td><td>&nbsp;<\/td><td>&nbsp;<\/td><\/tr><\/tbody><\/table><figcaption class=\"wp-element-caption\">Secci\u00f3n C<\/figcaption><\/figure>\n<\/div>\n<\/div>\n<\/div>\n<\/div>\n\n\n\n<div class=\"wp-block-columns is-layout-flex wp-container-10\">\n<div class=\"wp-block-column is-layout-flow\">\n<figure class=\"wp-block-table\"><table class=\"has-pale-ocean-gradient-background has-background\"><tbody><tr><td><strong>C\u00d3DIGO<\/strong>   <\/td><td><strong>CURSO<\/strong><\/td><td><strong>PROFESOR<\/strong><\/td><td><strong>Acta final<\/strong>   <\/td><td><strong>Acta recuperaci\u00f3n<\/strong><\/td><\/tr><tr><td>1<\/td><td>CIENCIA POLITICA I<\/td><td>LIC. HUGO RAM\u00cdREZ PAZOS<\/td><td><a href=\"https:\/\/drive.google.com\/file\/d\/12SUs5AMZXoXcNnOodLCDQtUZzjSxjFUc\/view?usp=sharing\" target=\"_blank\" rel=\"noreferrer noopener\">Ver Acta<\/a><\/td><td>&nbsp;<\/td><\/tr><tr><td>2<\/td><td>SOCIOLOGIA I<\/td><td>MTRO. JUAN CARLOS ALEMAN<\/td><td><a href=\"https:\/\/drive.google.com\/file\/d\/1O9K28KBTS41GISPAHeRG4vmtv332u_eO\/view?usp=drive_link\" target=\"_blank\" rel=\"noreferrer noopener\">\u00a0Ver_acta<\/a><\/td><td>&nbsp;<\/td><\/tr><tr><td>3<\/td><td>RELACIONES INTERNACIONALES I<\/td><td>LICDA. RITA MIRANDA<\/td><td>&nbsp;<a href=\"https:\/\/drive.google.com\/file\/d\/18qL6iwSaG1Zw_32mxfcwdR6UNUgdKxnb\/view?usp=drive_link\" target=\"_blank\" rel=\"noreferrer noopener\">Ver Acta<\/a><\/td><td>&nbsp;<\/td><\/tr><tr><td>4<\/td><td>HISTORIA MUNDIAL<\/td><td>LIC. JUAN CARLOS GUZM\u00c1N<\/td><td>\u00a0<a href=\"https:\/\/drive.google.com\/file\/d\/1wTtNCHCvp5YzyCMqzMzkeTJmOToTKOvv\/view?usp=drive_link\" target=\"_blank\" rel=\"noreferrer noopener\">ver_acta<\/a><\/td><td>&nbsp;<\/td><\/tr><tr><td>5<\/td><td>METODOLOG\u00cdA DE LAS CIENCIAS SOCIALES<\/td><td>DR. LUIS FERNANDO MACK<\/td><td>\u00a0<a href=\"https:\/\/drive.google.com\/file\/d\/16QCmmGDJakjUVzl1FsGWQ9kJDYtWmqC1\/view?usp=drive_link\" target=\"_blank\" rel=\"noreferrer noopener\">Ver_Acta<\/a><\/td><td>&nbsp;<\/td><\/tr><\/tbody><\/table><figcaption class=\"wp-element-caption\">Secci\u00f3n  D<\/figcaption><\/figure>\n<\/div>\n<\/div>\n\n\n\n<div class=\"wp-block-columns is-layout-flex wp-container-12\">\n<div class=\"wp-block-column is-layout-flow\">\n<figure class=\"wp-block-table\"><table class=\"has-pale-ocean-gradient-background has-background\"><tbody><tr><td><strong>C\u00d3DIGO<\/strong>    <\/td><td><strong>CURSO<\/strong><\/td><td><strong>PROFESOR<\/strong><\/td><td><strong>Acta final<\/strong>   <\/td><td><strong>Acta recuperaci\u00f3n<\/strong><\/td><\/tr><tr><td>1<\/td><td>CIENCIA POLITICA I<\/td><td>DRA. CLAUDIA AGREDA AJQUI<\/td><td>&nbsp;<a href=\"https:\/\/drive.google.com\/file\/d\/137c74WUu_GqfRc0yVJIIjiVf1MsAP7ee\/view?usp=drive_link\" target=\"_blank\" rel=\"noreferrer noopener\">Ver_Acta<\/a><\/td><td>&nbsp;<\/td><\/tr><tr><td>2<\/td><td>SOCIOLOGIA I<\/td><td>MTRO. JULIO VALDEZ<\/td><td>&nbsp;<\/td><td>&nbsp;<\/td><\/tr><tr><td>3<\/td><td>RELACIONES INTERNACIONALES I<\/td><td>MTRO. SECIL DE LE\u00d3N<\/td><td>&nbsp;<a href=\"https:\/\/drive.google.com\/file\/d\/10vnA5z2A2a2-hdCwygVTq-zg0ZuyJo4h\/view?usp=drive_link\" target=\"_blank\" rel=\"noreferrer noopener\">ver_acta<\/a><\/td><td>&nbsp;<\/td><\/tr><tr><td>4<\/td><td>HISTORIA MUNDIAL<\/td><td>LIC. MARVIN MOR\u00c1N CORZO<\/td><td>&nbsp;<\/td><td>&nbsp;<\/td><\/tr><tr><td>5<\/td><td>METODOLOG\u00cdA DE LAS CIENCIAS SOCIALES<\/td><td>LICDA. CONSUELO MORALES<\/td><td><a href=\"https:\/\/drive.google.com\/file\/d\/1BUf83E5iOpE9p84flPrvnXz6bUEgC5I2\/view?usp=drive_link\" target=\"_blank\" rel=\"noreferrer noopener\">&nbsp;Ver_Acta<\/a><\/td><td>&nbsp;<\/td><\/tr><\/tbody><\/table><figcaption class=\"wp-element-caption\">Secci\u00f3n E<\/figcaption><\/figure>\n<\/div>\n<\/div>\n\n\n\n<div class=\"wp-block-columns is-layout-flex wp-container-14\">\n<div class=\"wp-block-column is-layout-flow\">\n<figure class=\"wp-block-table\"><table class=\"has-pale-ocean-gradient-background has-background\"><tbody><tr><td><strong>CODIGO<\/strong>     <\/td><td><strong>CURSO<\/strong><\/td><td><strong>PROFESOR<\/strong><\/td><td><strong>Acta final<\/strong><\/td><td><strong>Acta recuperaci\u00f3n<\/strong><\/td><\/tr><tr><td>1<\/td><td>CIENCIA POLITICA I<\/td><td>LIC. LUIS PEDRO MEJ\u00cdA<\/td><td>&nbsp;<a href=\"https:\/\/drive.google.com\/file\/d\/1d8OW-hjdn1i1j1OM-Ljkn6cIp6L53IM8\/view?usp=drive_link\" target=\"_blank\" rel=\"noreferrer noopener\">Ver_ Acta<\/a>      <\/td><td>&nbsp;<\/td><\/tr><tr><td>2<\/td><td>SOCIOLOGIA I<\/td><td>LIC. JUAN CARLOS ALEMAN<\/td><td>\u00a0<a href=\"https:\/\/drive.google.com\/file\/d\/16xihWvgSwYS9g-2j03AJ6Wi62gTr7TD7\/view?usp=drive_link\" target=\"_blank\" rel=\"noreferrer noopener\">ver_acta<\/a><\/td><td>&nbsp;<\/td><\/tr><tr><td>3<\/td><td>RELACIONES INTERNACIONALES I<\/td><td>MTRO. JOS\u00c9 CORT\u00c9Z CHAC\u00d3N<\/td><td>&nbsp;<\/td><td>&nbsp;<\/td><\/tr><tr><td>4<\/td><td>HISTORIA MUNDIAL<\/td><td>LICDA. CINTIA MAGA\u00d1A<\/td><td>&nbsp;<\/td><td>&nbsp;<\/td><\/tr><tr><td>5<\/td><td>METODOLOG\u00cdA DE LAS CIENCIAS SOCIALES<\/td><td>LICDA. KARLA PATRICIA GIR\u00d3N FRANCO<\/td><td>&nbsp;<\/td><td>&nbsp;<\/td><\/tr><\/tbody><\/table><\/figure>\n<\/div>\n<\/div>\n\n\n\n<div class=\"wp-block-columns is-layout-flex wp-container-16\">\n<div class=\"wp-block-column is-layout-flow\">\n<p class=\"has-blush-light-purple-gradient-background has-background has-large-font-size\">Actas del tercer ciclo <\/p>\n\n\n\n<p>Secci\u00f3n   A<\/p>\n<\/div>\n<\/div>\n\n\n\n<div class=\"wp-block-columns is-layout-flex wp-container-20\">\n<div class=\"wp-block-column is-layout-flow\">\n<figure class=\"wp-block-table\"><table class=\"has-pale-ocean-gradient-background has-background\"><tbody><tr><td><strong>C\u00d3DIGO<\/strong>    <\/td><td><strong>CURSO<\/strong><\/td><td><strong>PROFESOR<\/strong><\/td><td><strong>Acta final<\/strong>    <\/td><td><strong>Acta recuperaci\u00f3n<\/strong><\/td><\/tr><tr><td>11<\/td><td>FILOSOFIA<\/td><td>LIC. DAVID ESCOBEDO MAY\u00c9N<\/td><td>&nbsp;<\/td><td>&nbsp;<\/td><\/tr><tr><td>12<\/td><td>INTRODUCCI\u00d3N A LA ECONOM\u00cdA<\/td><td>MTRA. MAR\u00cdA ELENA IZQUIERDO<\/td><td>&nbsp;<a href=\"https:\/\/drive.google.com\/file\/d\/1ODrB_TaT0WHLI4RGm72zDiwlkBwjhTla\/view?usp=drive_link\" target=\"_blank\" rel=\"noreferrer noopener\">Ver_Acta<\/a><\/td><td>&nbsp;<\/td><\/tr><tr><td>13<\/td><td>INTRODUCCI\u00d3N AL DERECHO<\/td><td>LIC. OSCAR BAUTISTA SOTO<\/td><td>&nbsp;<\/td><td>&nbsp;<\/td><\/tr><tr><td>14<\/td><td>HISTORIA DE GUATEMALA I<\/td><td>MTRA. ALMA CONSUELO COGUOX<\/td><td>&nbsp;<\/td><td>&nbsp;<\/td><\/tr><tr><td>15<\/td><td>METODOLOG\u00cdA DE LAS CIENCIAS SOCIALES III<\/td><td>LICDA. ANA RITA CANEK ROMERO<\/td><td>&nbsp;<\/td><td>&nbsp;<\/td><\/tr><\/tbody><\/table><figcaption class=\"wp-element-caption\">Secci\u00f3n B<\/figcaption><\/figure>\n\n\n\n<div class=\"wp-block-columns is-layout-flex wp-container-18\">\n<div class=\"wp-block-column is-layout-flow\">\n<figure class=\"wp-block-table\"><table class=\"has-pale-ocean-gradient-background has-background\"><tbody><tr><td><strong>C\u00d3DIGO<\/strong>     <\/td><td><strong>CURSO<\/strong><\/td><td><strong>PROFESOR<\/strong><\/td><td><strong>Acta final<\/strong>      <\/td><td><strong>Acta recuperaci\u00f3n<\/strong>  <\/td><\/tr><tr><td>11<\/td><td>FILOSOFIA<\/td><td>LICDA. CORY NINETH GIR\u00d3N BELTR\u00c1N<\/td><td><a href=\"https:\/\/drive.google.com\/file\/d\/1ukcWvrdvIRLfV1VT-8yDfHVSi2LFQvR7\/view?usp=drive_link\" target=\"_blank\" rel=\"noreferrer noopener\">&nbsp;Ver_Acta<\/a><\/td><td>&nbsp;<\/td><\/tr><tr><td>12<\/td><td>INTRODUCCI\u00d3N A LA ECONOM\u00cdA<\/td><td>MTRO. NESTOR GONZ\u00c1LEZ<\/td><td>&nbsp;<a href=\"https:\/\/drive.google.com\/file\/d\/1sAEv5G-cBPbAno6jIbTm-53LsDm0mUfx\/view?usp=drive_link\" target=\"_blank\" rel=\"noreferrer noopener\">Ver_Acta<\/a><\/td><td>&nbsp;<\/td><\/tr><tr><td>13<\/td><td>INTRODUCCI\u00d3N AL DERECHO<\/td><td>MTRO. NESTOR LEMUS GUTI\u00c9RREZ<\/td><td>&nbsp;<\/td><td>&nbsp;<\/td><\/tr><tr><td>14<\/td><td>HISTORIA DE GUATEMALA I<\/td><td>LICDA. DELMY MIRRUT ESCOBAR PERDOMO<\/td><td>&nbsp;<\/td><td>&nbsp;<\/td><\/tr><tr><td>15<\/td><td>METODOLOG\u00cdA DE LAS CIENCIAS SOCIALES III<\/td><td>LICDA. MIRNA LISSETH CAMPOS BOC<\/td><td>&nbsp;<\/td><td>&nbsp;<\/td><\/tr><\/tbody><\/table><figcaption class=\"wp-element-caption\">Secci\u00f3n C<\/figcaption><\/figure>\n<\/div>\n<\/div>\n<\/div>\n<\/div>\n\n\n\n<div class=\"wp-block-columns is-layout-flex wp-container-22\">\n<div class=\"wp-block-column is-layout-flow\">\n<figure class=\"wp-block-table\"><table class=\"has-pale-ocean-gradient-background has-background\"><tbody><tr><td><strong>CODIGO<\/strong><\/td><td><strong>CURSO<\/strong><\/td><td><strong>PROFESOR<\/strong><\/td><td><strong>Acta final<\/strong><\/td><td><strong>Acta recuperaci\u00f3n<\/strong><\/td><\/tr><tr><td>11<\/td><td>FILOSOFIA<\/td><td>DR. CARLOS ORLANDO OLIVA<\/td><td><a href=\"https:\/\/drive.google.com\/file\/d\/1mBx-DEq-pHXZxbVN9FqmWTV7cmTsXNps\/view?usp=drive_link\" target=\"_blank\" rel=\"noreferrer noopener\">&nbsp;Ver_Acta<\/a><\/td><td>&nbsp;<\/td><\/tr><tr><td>12<\/td><td>INTRODUCCI\u00d3N A LA ECONOM\u00cdA<\/td><td>MTRA. MAR\u00cdA ELENA IZQUIERDO<\/td><td>&nbsp;V<a href=\"https:\/\/drive.google.com\/file\/d\/1VJ0T8wy4zeNEoK1fqtKbJoAVFLkJRJ-d\/view?usp=drive_link\" target=\"_blank\" rel=\"noreferrer noopener\">er_Acta <\/a>     <\/td><td>&nbsp;<\/td><\/tr><tr><td>13<\/td><td>INTRODUCCI\u00d3N AL DERECHO<\/td><td>LIC. JOS\u00c9 IV\u00c1N BOCANEGRA SANTIZO<\/td><td>&nbsp;<\/td><td>&nbsp;<\/td><\/tr><tr><td>14<\/td><td>HISTORIA DE GUATEMALA I<\/td><td>MTRO. FRANCISCO JOS\u00c9 LEMUS MIRANDA<\/td><td>&nbsp;<\/td><td>&nbsp;<\/td><\/tr><tr><td>15<\/td><td>METODOLOG\u00cdA DE LAS CIENCIAS SOCIALES III<\/td><td>DR. FIDEL AR\u00c9VALO<\/td><td><a href=\"https:\/\/drive.google.com\/file\/d\/1Kb5cVODFRMgRTUl_q7CFo08iljeBzpCz\/view?usp=drive_link\" target=\"_blank\" rel=\"noreferrer noopener\">\u00a0ver _acta<\/a><\/td><td>&nbsp;<\/td><\/tr><\/tbody><\/table><figcaption class=\"wp-element-caption\">Secci\u00f3n D<\/figcaption><\/figure>\n<\/div>\n<\/div>\n\n\n\n<div class=\"wp-block-columns is-layout-flex wp-container-24\">\n<div class=\"wp-block-column is-layout-flow\">\n<figure class=\"wp-block-table\"><table class=\"has-pale-ocean-gradient-background has-background\"><tbody><tr><td><strong>CODIGO<\/strong>     <\/td><td><strong>CURSO<\/strong><\/td><td><strong>PROFESOR<\/strong><\/td><td><strong>Acta final<\/strong>     <\/td><td><strong>Acta recuperaci\u00f3n<\/strong><\/td><\/tr><tr><td>11<\/td><td>FILOSOFIA<\/td><td>MTRO. EDDY MORALES<\/td><td><a href=\"https:\/\/drive.google.com\/file\/d\/1rogjaeScO6ELX6rbNkr3Um41bcHXPMAw\/view?usp=sharing\" target=\"_blank\" rel=\"noreferrer noopener\">Ver Acta<\/a><\/td><td>&nbsp;<\/td><\/tr><tr><td>12<\/td><td>INTRODUCCI\u00d3N A LA ECONOM\u00cdA<\/td><td>MTRA. MAR\u00cdA ELENA IZQUIERDO<\/td><td><a href=\"https:\/\/drive.google.com\/file\/d\/1daQctqHZ9tVYGs1UmRyGbytzPyw8YHZx\/view?usp=drive_link\" target=\"_blank\" rel=\"noreferrer noopener\">\u00a0Ver_Acta<\/a><\/td><td>&nbsp;<\/td><\/tr><tr><td>13<\/td><td>INTRODUCCI\u00d3N AL DERECHO<\/td><td>LICDA. NATHALIE HERRERA<\/td><td>&nbsp;<\/td><td>&nbsp;<\/td><\/tr><tr><td>14<\/td><td>HISTORIA DE GUATEMALA I<\/td><td>MTRA. EUNICE RODR\u00cdGUEZ GUILL\u00c9N<\/td><td>&nbsp;<\/td><td>&nbsp;<\/td><\/tr><tr><td>15<\/td><td>METODOLOG\u00cdA DE LAS CIENCIAS SOCIALES III<\/td><td>MTRA. LISSETH MONTENEGRO<\/td><td>&nbsp;<\/td><td>&nbsp;<\/td><\/tr><\/tbody><\/table><\/figure>\n<\/div>\n<\/div>\n\n\n\n<div class=\"wp-block-buttons is-layout-flex\">\n<div class=\"wp-block-button\"><a class=\"wp-block-button__link has-background wp-element-button\" href=\"https:\/\/cienciapolitica.usac.edu.gt\/?page_id=11336(abre en una nueva pesta\u00f1a)\" style=\"background-color:#11608b\">Regreso<\/a><\/div>\n<\/div>\n","protected":false},"excerpt":{"rendered":"<p>Actas Primer Ciclo Secci\u00f3n A C\u00d3DIGO CURSO PROFESOR Acta final Acta recuperaci\u00f3n 1 CIENCIA POLITICA I LICDA. CARMEN AMANDA ALVAREZ &nbsp; &nbsp; 2 SOCIOLOGIA I LICDA. HELLEN HERRERA &nbsp; &nbsp; 3 RELACIONES INTERNACIONALES I MTRO. JOS\u00c9 CORT\u00c9Z CHAC\u00d3N &nbsp; &nbsp; 4 HISTORIA MUNDIAL LICDA. MAR\u00cdA FERNANDA ZELADA &nbsp;Ver_Acta &nbsp; 5 METODOLOG\u00cdA DE LAS CIENCIAS SOCIALES [&hellip;]<\/p>\n","protected":false},"author":101014,"featured_media":0,"parent":0,"menu_order":0,"comment_status":"closed","ping_status":"closed","template":"","meta":[],"_links":{"self":[{"href":"https:\/\/cienciapolitica.usac.edu.gt\/index.php?rest_route=\/wp\/v2\/pages\/11345"}],"collection":[{"href":"https:\/\/cienciapolitica.usac.edu.gt\/index.php?rest_route=\/wp\/v2\/pages"}],"about":[{"href":"https:\/\/cienciapolitica.usac.edu.gt\/index.php?rest_route=\/wp\/v2\/types\/page"}],"author":[{"embeddable":true,"href":"https:\/\/cienciapolitica.usac.edu.gt\/index.php?rest_route=\/wp\/v2\/users\/101014"}],"replies":[{"embeddable":true,"href":"https:\/\/cienciapolitica.usac.edu.gt\/index.php?rest_route=%2Fwp%2Fv2%2Fcomments&post=11345"}],"version-history":[{"count":51,"href":"https:\/\/cienciapolitica.usac.edu.gt\/index.php?rest_route=\/wp\/v2\/pages\/11345\/revisions"}],"predecessor-version":[{"id":11552,"href":"https:\/\/cienciapolitica.usac.edu.gt\/index.php?rest_route=\/wp\/v2\/pages\/11345\/revisions\/11552"}],"wp:attachment":[{"href":"https:\/\/cienciapolitica.usac.edu.gt\/index.php?rest_route=%2Fwp%2Fv2%2Fmedia&parent=11345"}],"curies":[{"name":"wp","href":"https:\/\/api.w.org\/{rel}","templated":true}]}}