{"id":1133,"date":"2014-10-03T01:52:09","date_gmt":"2014-10-03T01:52:09","guid":{"rendered":"http:\/\/sitios.usac.edu.gt\/wp_cienciapolitica\/?page_id=1133"},"modified":"2014-10-03T01:52:38","modified_gmt":"2014-10-03T01:52:38","slug":"pensum-relaciones-internacionales-2","status":"publish","type":"page","link":"https:\/\/cienciapolitica.usac.edu.gt\/?page_id=1133","title":{"rendered":"Pensum Relaciones Internacionales 2"},"content":{"rendered":"<p>Licenciatura Relaciones Internacionales con Especialidad en Seguridad Internacional<\/p>\n<p>Escuela\u00a0 Ciencia Pol\u00edtica<strong>\u00a0\u00a0\u00a0\u00a0\u00a0\u00a0\u00a0\u00a0\u00a0\u00a0\u00a0\u00a0\u00a0\u00a0\u00a0\u00a0\u00a0\u00a0\u00a0\u00a0\u00a0\u00a0\u00a0\u00a0\u00a0\u00a0\u00a0\u00a0\u00a0\u00a0\u00a0\u00a0\u00a0\u00a0\u00a0\u00a0\u00a0\u00a0\u00a0\u00a0 PENSUM INTRODUCTORIO 1\/<\/strong><\/p>\n<table border=\"1\" cellspacing=\"0\" cellpadding=\"0\">\n<tbody>\n<tr>\n<td valign=\"top\" width=\"51\">\n<p align=\"center\"><strong>C\u00f3digo<\/strong><\/p>\n<\/td>\n<td valign=\"top\" width=\"258\">\n<p align=\"center\"><strong>Curso<\/strong><\/p>\n<\/td>\n<td valign=\"top\" width=\"50\">\n<p align=\"center\"><strong>Cr\u00e9ditos<\/strong><\/p>\n<\/td>\n<td valign=\"top\" width=\"66\">\n<p align=\"center\"><strong>Requisitos<\/strong><\/p>\n<\/td>\n<\/tr>\n<tr>\n<td valign=\"top\" width=\"51\">\n<p align=\"center\"><strong>\u00a0<\/strong><\/p>\n<\/td>\n<td valign=\"top\" width=\"258\">\n<p align=\"center\"><strong>PRIMER SEMESTRE<\/strong><\/p>\n<\/td>\n<td valign=\"top\" width=\"50\">\n<p align=\"center\"><strong>\u00a0<\/strong><\/p>\n<\/td>\n<td valign=\"top\" width=\"66\">\n<p align=\"center\"><strong>\u00a0<\/strong><\/p>\n<\/td>\n<\/tr>\n<tr>\n<td valign=\"top\" width=\"51\">\n<p align=\"center\">001<\/p>\n<\/td>\n<td valign=\"top\" width=\"258\">Ciencia Pol\u00edtica I<\/td>\n<td valign=\"top\" width=\"50\">\n<p align=\"center\">2<\/p>\n<\/td>\n<td valign=\"top\" width=\"66\">\n<p align=\"center\">Ninguno<\/p>\n<\/td>\n<\/tr>\n<tr>\n<td valign=\"top\" width=\"51\">\n<p align=\"center\">002<\/p>\n<\/td>\n<td valign=\"top\" width=\"258\">Sociolog\u00eda I<\/td>\n<td valign=\"top\" width=\"50\">\n<p align=\"center\">2<\/p>\n<\/td>\n<td valign=\"top\" width=\"66\">\n<p align=\"center\">Ninguno<\/p>\n<\/td>\n<\/tr>\n<tr>\n<td valign=\"top\" width=\"51\">\n<p align=\"center\">003<\/p>\n<\/td>\n<td valign=\"top\" width=\"258\">Relaciones Internacionales I<\/td>\n<td valign=\"top\" width=\"50\">\n<p align=\"center\">2<\/p>\n<\/td>\n<td valign=\"top\" width=\"66\">\n<p align=\"center\">Ninguno<\/p>\n<\/td>\n<\/tr>\n<tr>\n<td valign=\"top\" width=\"51\">\n<p align=\"center\">004<\/p>\n<\/td>\n<td valign=\"top\" width=\"258\">Historia Mundial<\/td>\n<td valign=\"top\" width=\"50\">\n<p align=\"center\">2<\/p>\n<\/td>\n<td valign=\"top\" width=\"66\">\n<p align=\"center\">Ninguno<\/p>\n<\/td>\n<\/tr>\n<tr>\n<td valign=\"top\" width=\"51\">\n<p align=\"center\">005<\/p>\n<\/td>\n<td valign=\"top\" width=\"258\">Metodolog\u00eda de las Ciencias Sociales\u00a0 I<\/td>\n<td valign=\"top\" width=\"50\">\n<p align=\"center\">3<\/p>\n<\/td>\n<td valign=\"top\" width=\"66\">\n<p align=\"center\">Ninguno<\/p>\n<\/td>\n<\/tr>\n<tr>\n<td valign=\"top\" width=\"51\"><\/td>\n<td valign=\"top\" width=\"258\">\n<p align=\"center\"><strong>SEGUNDO CICLO<\/strong><\/p>\n<\/td>\n<td valign=\"top\" width=\"50\">\n<p align=\"center\"><strong>\u00a0<\/strong><\/p>\n<\/td>\n<td valign=\"top\" width=\"66\">\n<p align=\"center\"><strong>\u00a0<\/strong><\/p>\n<\/td>\n<\/tr>\n<tr>\n<td valign=\"top\" width=\"51\">\n<p align=\"center\">006<\/p>\n<\/td>\n<td valign=\"top\" width=\"258\">Ciencia Pol\u00edtica II<\/td>\n<td valign=\"top\" width=\"50\">\n<p align=\"center\">2<\/p>\n<\/td>\n<td valign=\"top\" width=\"66\">\n<p align=\"center\">001<\/p>\n<\/td>\n<\/tr>\n<tr>\n<td valign=\"top\" width=\"51\">\n<p align=\"center\">007<\/p>\n<\/td>\n<td valign=\"top\" width=\"258\">Sociolog\u00eda II<\/td>\n<td valign=\"top\" width=\"50\">\n<p align=\"center\">2<\/p>\n<\/td>\n<td valign=\"top\" width=\"66\">\n<p align=\"center\">002<\/p>\n<\/td>\n<\/tr>\n<tr>\n<td valign=\"top\" width=\"51\">\n<p align=\"center\">008<\/p>\n<\/td>\n<td valign=\"top\" width=\"258\">Relaciones Internacionales II<\/td>\n<td valign=\"top\" width=\"50\">\n<p align=\"center\">2<\/p>\n<\/td>\n<td valign=\"top\" width=\"66\">\n<p align=\"center\">003<\/p>\n<\/td>\n<\/tr>\n<tr>\n<td valign=\"top\" width=\"51\">\n<p align=\"center\">009<\/p>\n<\/td>\n<td valign=\"top\" width=\"258\">Historia Latino Americana<\/td>\n<td valign=\"top\" width=\"50\">\n<p align=\"center\">2<\/p>\n<\/td>\n<td valign=\"top\" width=\"66\">\n<p align=\"center\">004<\/p>\n<\/td>\n<\/tr>\n<tr>\n<td valign=\"top\" width=\"51\">\n<p align=\"center\">010<\/p>\n<\/td>\n<td valign=\"top\" width=\"258\">Metodolog\u00eda de las Ciencias\u00a0 Sociales II<\/td>\n<td valign=\"top\" width=\"50\">\n<p align=\"center\">3<\/p>\n<\/td>\n<td valign=\"top\" width=\"66\">\n<p align=\"center\">005<\/p>\n<\/td>\n<\/tr>\n<tr>\n<td valign=\"top\" width=\"51\"><\/td>\n<td valign=\"top\" width=\"258\">\n<p align=\"center\"><strong>TERCER\u00a0 CICLO<\/strong><\/p>\n<\/td>\n<td valign=\"top\" width=\"50\">\n<p align=\"center\"><strong>\u00a0<\/strong><\/p>\n<\/td>\n<td valign=\"top\" width=\"66\">\n<p align=\"center\"><strong>\u00a0<\/strong><\/p>\n<\/td>\n<\/tr>\n<tr>\n<td valign=\"top\" width=\"51\">\n<p align=\"center\">011<\/p>\n<\/td>\n<td valign=\"top\" width=\"258\">Filosof\u00eda<\/td>\n<td valign=\"top\" width=\"50\">\n<p align=\"center\">2<\/p>\n<\/td>\n<td valign=\"top\" width=\"66\">\n<p align=\"center\">Ninguno<\/p>\n<\/td>\n<\/tr>\n<tr>\n<td valign=\"top\" width=\"51\">\n<p align=\"center\">012<\/p>\n<\/td>\n<td valign=\"top\" width=\"258\">Introducci\u00f3n a la Econom\u00eda<\/td>\n<td valign=\"top\" width=\"50\">\n<p align=\"center\">2<\/p>\n<\/td>\n<td valign=\"top\" width=\"66\">\n<p align=\"center\">Ninguno<\/p>\n<\/td>\n<\/tr>\n<tr>\n<td valign=\"top\" width=\"51\">\n<p align=\"center\">013<\/p>\n<\/td>\n<td valign=\"top\" width=\"258\">Introducci\u00f3n al Derecho<\/td>\n<td valign=\"top\" width=\"50\">\n<p align=\"center\">2<\/p>\n<\/td>\n<td valign=\"top\" width=\"66\">\n<p align=\"center\">Ninguno<\/p>\n<\/td>\n<\/tr>\n<tr>\n<td valign=\"top\" width=\"51\">\n<p align=\"center\">014<\/p>\n<\/td>\n<td valign=\"top\" width=\"258\">Historia de Guatemala I<\/td>\n<td valign=\"top\" width=\"50\">\n<p align=\"center\">2<\/p>\n<\/td>\n<td valign=\"top\" width=\"66\">\n<p align=\"center\">009<\/p>\n<\/td>\n<\/tr>\n<tr>\n<td valign=\"top\" width=\"51\">\n<p align=\"center\">015<\/p>\n<\/td>\n<td valign=\"top\" width=\"258\">Metodolog\u00eda de las Ciencias Sociales III<\/td>\n<td valign=\"top\" width=\"50\">\n<p align=\"center\">3<\/p>\n<\/td>\n<td valign=\"top\" width=\"66\">\n<p align=\"center\">010<\/p>\n<\/td>\n<\/tr>\n<\/tbody>\n<\/table>\n<p>1\/PENSUM INTRODUCTORIO ES COM\u00d9N A LAS 3 CARRERAS<\/p>\n<p align=\"center\">AREA PROFESIONALLICENCIATURA: EN RELACIONES INTERNACIONALES.<\/p>\n<table border=\"1\" cellspacing=\"0\" cellpadding=\"0\">\n<tbody>\n<tr>\n<td valign=\"top\" width=\"47\">\n<p align=\"center\"><strong>C\u00f3digo<\/strong><\/p>\n<\/td>\n<td valign=\"top\" width=\"259\">\n<p align=\"center\"><strong>Curso<\/strong><\/p>\n<\/td>\n<td valign=\"top\" width=\"50\">\n<p align=\"center\"><strong>Cr\u00e9ditos<\/strong><\/p>\n<\/td>\n<td valign=\"top\" width=\"69\">\n<p align=\"center\"><strong>Requisitos<\/strong><\/p>\n<\/td>\n<\/tr>\n<tr>\n<td valign=\"top\" width=\"47\"><\/td>\n<td valign=\"top\" width=\"259\">\n<p align=\"center\"><strong>CUARTO SEMESTRE<\/strong><\/p>\n<\/td>\n<td valign=\"top\" width=\"50\"><\/td>\n<td valign=\"top\" width=\"69\"><\/td>\n<\/tr>\n<tr>\n<td valign=\"top\" width=\"47\">\n<p align=\"center\">062<\/p>\n<\/td>\n<td valign=\"top\" width=\"259\">Teor\u00eda de las Relaciones Internacionales I<\/td>\n<td valign=\"top\" width=\"50\">\n<p align=\"center\">3<\/p>\n<\/td>\n<td valign=\"top\" width=\"69\">\u00a0\u00a0 003-008<\/td>\n<\/tr>\n<tr>\n<td valign=\"top\" width=\"47\">\n<p align=\"center\">063<\/p>\n<\/td>\n<td valign=\"top\" width=\"259\">An\u00e1lisis de la Pol\u00edtica Internacional I<\/td>\n<td valign=\"top\" width=\"50\">\n<p align=\"center\">3<\/p>\n<\/td>\n<td valign=\"top\" width=\"69\">\n<p align=\"center\">Ninguno<\/p>\n<\/td>\n<\/tr>\n<tr>\n<td valign=\"top\" width=\"47\">\n<p align=\"center\">018<\/p>\n<\/td>\n<td valign=\"top\" width=\"259\">Metodolog\u00eda de las Ciencias Sociales IV<\/td>\n<td valign=\"top\" width=\"50\">\n<p align=\"center\">3<\/p>\n<\/td>\n<td valign=\"top\" width=\"69\">\n<p align=\"center\">015<\/p>\n<\/td>\n<\/tr>\n<tr>\n<td valign=\"top\" width=\"47\">\n<p align=\"center\">019<\/p>\n<\/td>\n<td valign=\"top\" width=\"259\">Micro y Macroeconom\u00eda<\/td>\n<td valign=\"top\" width=\"50\">\n<p align=\"center\">2<\/p>\n<\/td>\n<td valign=\"top\" width=\"69\">\n<p align=\"center\">Ninguno<\/p>\n<\/td>\n<\/tr>\n<tr>\n<td valign=\"top\" width=\"47\">\n<p align=\"center\">065<\/p>\n<\/td>\n<td valign=\"top\" width=\"259\">Teor\u00edas\u00a0 de la Seguridad Internacional<\/td>\n<td valign=\"top\" width=\"50\">\n<p align=\"center\">2<\/p>\n<\/td>\n<td valign=\"top\" width=\"69\">Ninguno<\/td>\n<\/tr>\n<tr>\n<td valign=\"top\" width=\"47\"><\/td>\n<td valign=\"top\" width=\"259\">\n<p align=\"center\"><strong>QUINTO SEMESTRE<\/strong><\/p>\n<\/td>\n<td valign=\"top\" width=\"50\"><\/td>\n<td valign=\"top\" width=\"69\"><\/td>\n<\/tr>\n<tr>\n<td valign=\"top\" width=\"47\">\n<p align=\"center\">066<\/p>\n<\/td>\n<td valign=\"top\" width=\"259\">Teor\u00eda de las Relaciones Internacionales II<\/td>\n<td valign=\"top\" width=\"50\">\n<p align=\"center\">3<\/p>\n<\/td>\n<td valign=\"top\" width=\"69\">\n<p align=\"center\">062<\/p>\n<\/td>\n<\/tr>\n<tr>\n<td valign=\"top\" width=\"47\">\n<p align=\"center\">067<\/p>\n<\/td>\n<td valign=\"top\" width=\"259\">An\u00e1lisis de la pol\u00edtica Internacional II<\/td>\n<td valign=\"top\" width=\"50\">\n<p align=\"center\">3<\/p>\n<\/td>\n<td valign=\"top\" width=\"69\">\n<p align=\"center\">063<\/p>\n<\/td>\n<\/tr>\n<tr>\n<td valign=\"top\" width=\"47\">\n<p align=\"center\">025<\/p>\n<\/td>\n<td valign=\"top\" width=\"259\">Historia de Guatemala II<\/td>\n<td valign=\"top\" width=\"50\">\n<p align=\"center\">2<\/p>\n<\/td>\n<td valign=\"top\" width=\"69\">\n<p align=\"center\">014<\/p>\n<\/td>\n<\/tr>\n<tr>\n<td valign=\"top\" width=\"47\">\n<p align=\"center\">068<\/p>\n<\/td>\n<td valign=\"top\" width=\"259\">Derecho Internacional P\u00fablico<\/td>\n<td valign=\"top\" width=\"50\">\n<p align=\"center\">3<\/p>\n<\/td>\n<td valign=\"top\" width=\"69\">\n<p align=\"center\">013<\/p>\n<\/td>\n<\/tr>\n<tr>\n<td valign=\"top\" width=\"47\">\n<p align=\"center\">070<\/p>\n<\/td>\n<td valign=\"top\" width=\"259\">Problemas y Pol\u00edticas de Seguridad Internacional<\/td>\n<td valign=\"top\" width=\"50\">\n<p align=\"center\">3<\/p>\n<\/td>\n<td valign=\"top\" width=\"69\">\n<p align=\"center\">065<\/p>\n<\/td>\n<\/tr>\n<tr>\n<td valign=\"top\" width=\"47\"><\/td>\n<td valign=\"top\" width=\"259\">\n<p align=\"center\"><strong>SEXTO SEMESTRE<\/strong><\/p>\n<\/td>\n<td valign=\"top\" width=\"50\"><\/td>\n<td valign=\"top\" width=\"69\"><\/td>\n<\/tr>\n<tr>\n<td valign=\"top\" width=\"47\">\n<p align=\"center\">071<\/p>\n<\/td>\n<td valign=\"top\" width=\"259\">Comercio Internacional<\/td>\n<td valign=\"top\" width=\"50\">\n<p align=\"center\">3<\/p>\n<\/td>\n<td valign=\"top\" width=\"69\">\n<p align=\"center\">Ninguno<\/p>\n<\/td>\n<\/tr>\n<tr>\n<td valign=\"top\" width=\"47\">\n<p align=\"center\">072<\/p>\n<\/td>\n<td valign=\"top\" width=\"259\">Organismos Internacionales I<\/td>\n<td valign=\"top\" width=\"50\">\n<p align=\"center\">2<\/p>\n<\/td>\n<td valign=\"top\" width=\"69\">\n<p align=\"center\">Ninguno<\/p>\n<\/td>\n<\/tr>\n<tr>\n<td valign=\"top\" width=\"47\">\n<p align=\"center\">031<\/p>\n<\/td>\n<td valign=\"top\" width=\"259\">Historia de Guatemala III<\/td>\n<td valign=\"top\" width=\"50\">\n<p align=\"center\">2<\/p>\n<\/td>\n<td valign=\"top\" width=\"69\">\n<p align=\"center\">025<\/p>\n<\/td>\n<\/tr>\n<tr>\n<td valign=\"top\" width=\"47\">\n<p align=\"center\">073<\/p>\n<\/td>\n<td valign=\"top\" width=\"259\">Derecho Consular y Diplom\u00e1tico<\/td>\n<td valign=\"top\" width=\"50\">\n<p align=\"center\">3<\/p>\n<\/td>\n<td valign=\"top\" width=\"69\">\n<p align=\"center\">068<\/p>\n<\/td>\n<\/tr>\n<tr>\n<td valign=\"top\" width=\"47\">\n<p align=\"center\">075<\/p>\n<\/td>\n<td valign=\"top\" width=\"259\">Estructura, Actores e instituciones de Seguridad Internacional<\/td>\n<td valign=\"top\" width=\"50\">\n<p align=\"center\">3<\/p>\n<\/td>\n<td valign=\"top\" width=\"69\">\n<p align=\"center\">070<\/p>\n<\/td>\n<\/tr>\n<tr>\n<td valign=\"top\" width=\"47\"><\/td>\n<td valign=\"top\" width=\"259\">\n<p align=\"center\"><strong>SEPTIMO SEMESTRE<\/strong><\/p>\n<\/td>\n<td valign=\"top\" width=\"50\"><\/td>\n<td valign=\"top\" width=\"69\"><\/td>\n<\/tr>\n<tr>\n<td valign=\"top\" width=\"47\">\n<p align=\"center\">076<\/p>\n<\/td>\n<td valign=\"top\" width=\"259\">Organismos Internacionales II<\/td>\n<td valign=\"top\" width=\"50\">\n<p align=\"center\">2<\/p>\n<\/td>\n<td valign=\"top\" width=\"69\">\n<p align=\"center\">072<\/p>\n<\/td>\n<\/tr>\n<tr>\n<td valign=\"top\" width=\"47\">\n<p align=\"center\">077<\/p>\n<\/td>\n<td valign=\"top\" width=\"259\">Geopol\u00edtica<\/td>\n<td valign=\"top\" width=\"50\">\n<p align=\"center\">3<\/p>\n<\/td>\n<td valign=\"top\" width=\"69\">\n<p align=\"center\">Ninguno<\/p>\n<\/td>\n<\/tr>\n<tr>\n<td valign=\"top\" width=\"47\">\n<p align=\"center\">078<\/p>\n<\/td>\n<td valign=\"top\" width=\"259\">Cooperaci\u00f3n Internacional al Desarrollo<\/td>\n<td valign=\"top\" width=\"50\">\n<p align=\"center\">3<\/p>\n<\/td>\n<td valign=\"top\" width=\"69\">\n<p align=\"center\">Ninguno<\/p>\n<\/td>\n<\/tr>\n<tr>\n<td valign=\"top\" width=\"47\">\n<p align=\"center\">079<\/p>\n<\/td>\n<td valign=\"top\" width=\"259\">Metodolog\u00eda de la Investigaci\u00f3n aplicada a las Relaciones Internacionales<\/td>\n<td valign=\"top\" width=\"50\">\n<p align=\"center\">3<\/p>\n<\/td>\n<td valign=\"top\" width=\"69\">\n<p align=\"center\">018<\/p>\n<\/td>\n<\/tr>\n<tr>\n<td valign=\"top\" width=\"47\">\n<p align=\"center\">081<\/p>\n<\/td>\n<td valign=\"top\" width=\"259\">An\u00e1lisis de los Conflictos Internacionales Contempor\u00e1neos<\/td>\n<td valign=\"top\" width=\"50\">\n<p align=\"center\">3<\/p>\n<\/td>\n<td valign=\"top\" width=\"69\">\n<p align=\"center\">Ninguno<\/p>\n<\/td>\n<\/tr>\n<tr>\n<td valign=\"top\" width=\"47\"><\/td>\n<td valign=\"top\" width=\"259\">\n<p align=\"center\"><strong>OCTAVO SEMESTRE<\/strong><\/p>\n<\/td>\n<td valign=\"top\" width=\"50\"><\/td>\n<td valign=\"top\" width=\"69\"><\/td>\n<\/tr>\n<tr>\n<td valign=\"top\" width=\"47\">\n<p align=\"center\">082<\/p>\n<\/td>\n<td valign=\"top\" width=\"259\">Pol\u00edtica Exterior de Guatemala<\/td>\n<td valign=\"top\" width=\"50\">\n<p align=\"center\">3<\/p>\n<\/td>\n<td valign=\"top\" width=\"69\">\n<p align=\"center\">Ninguno<\/p>\n<\/td>\n<\/tr>\n<tr>\n<td valign=\"top\" width=\"47\">\n<p align=\"center\">083<\/p>\n<\/td>\n<td valign=\"top\" width=\"259\">Estructura y L\u00f3gica del Poder Mundial<\/td>\n<td valign=\"top\" width=\"50\">\n<p align=\"center\">3<\/p>\n<\/td>\n<td valign=\"top\" width=\"69\">\n<p align=\"center\">077<\/p>\n<\/td>\n<\/tr>\n<tr>\n<td valign=\"top\" width=\"47\">\n<p align=\"center\">084<\/p>\n<\/td>\n<td valign=\"top\" width=\"259\">Negociaci\u00f3n Internacional<\/td>\n<td valign=\"top\" width=\"50\">\n<p align=\"center\">3<\/p>\n<\/td>\n<td valign=\"top\" width=\"69\">\n<p align=\"center\">Ninguno<\/p>\n<\/td>\n<\/tr>\n<tr>\n<td valign=\"top\" width=\"47\">\n<p align=\"center\">043<\/p>\n<\/td>\n<td valign=\"top\" width=\"259\">Dise\u00f1o de Investigaci\u00f3n de Tesis I<\/td>\n<td valign=\"top\" width=\"50\">\n<p align=\"center\">3<\/p>\n<\/td>\n<td valign=\"top\" width=\"69\">\n<p align=\"center\">079<\/p>\n<\/td>\n<\/tr>\n<tr>\n<td valign=\"top\" width=\"47\">\n<p align=\"center\">086<\/p>\n<\/td>\n<td valign=\"top\" width=\"259\">An\u00e1lisis Estrat\u00e9gico Interno e Internacional<\/td>\n<td valign=\"top\" width=\"50\">\n<p align=\"center\">3<\/p>\n<\/td>\n<td valign=\"top\" width=\"69\">\n<p align=\"center\">080<\/p>\n<\/td>\n<\/tr>\n<tr>\n<td valign=\"top\" width=\"47\"><\/td>\n<td valign=\"top\" width=\"259\">\n<p align=\"center\"><strong>NOVENO SEMESTRE, SEGURIDAD<\/strong><\/p>\n<\/td>\n<td valign=\"top\" width=\"50\"><\/td>\n<td valign=\"top\" width=\"69\"><\/td>\n<\/tr>\n<tr>\n<td valign=\"top\" width=\"47\">\n<p align=\"center\">050<\/p>\n<\/td>\n<td valign=\"top\" width=\"259\">Dise\u00f1o de Investigaci\u00f3n de Tesis II<\/td>\n<td valign=\"top\" width=\"50\">\n<p align=\"center\">3<\/p>\n<\/td>\n<td valign=\"top\" width=\"69\">\n<p align=\"center\">043<\/p>\n<\/td>\n<\/tr>\n<tr>\n<td valign=\"top\" width=\"47\">\n<p align=\"center\">095<\/p>\n<\/td>\n<td valign=\"top\" width=\"259\">Seguridad Democr\u00e1tica<\/td>\n<td valign=\"top\" width=\"50\">\n<p align=\"center\">3<\/p>\n<\/td>\n<td valign=\"top\" width=\"69\">\n<p align=\"center\">Ninguno<\/p>\n<\/td>\n<\/tr>\n<tr>\n<td valign=\"top\" width=\"47\">\n<p align=\"center\">096<\/p>\n<\/td>\n<td valign=\"top\" width=\"259\">Paz y Seguridad Internacional<\/td>\n<td valign=\"top\" width=\"50\">\n<p align=\"center\">3<\/p>\n<\/td>\n<td valign=\"top\" width=\"69\">\n<p align=\"center\">Ninguno<\/p>\n<\/td>\n<\/tr>\n<tr>\n<td valign=\"top\" width=\"47\">\n<p align=\"center\">097<\/p>\n<\/td>\n<td valign=\"top\" width=\"259\">Seminario sobre Problemas Actuales de la Seguridad Internacional <strong><\/strong><\/td>\n<td valign=\"top\" width=\"50\">\n<p align=\"center\">3<\/p>\n<\/td>\n<td valign=\"top\" width=\"69\">\n<p align=\"center\">Ninguno<\/p>\n<\/td>\n<\/tr>\n<tr>\n<td valign=\"top\" width=\"47\">\n<p align=\"center\">098<\/p>\n<\/td>\n<td valign=\"top\" width=\"259\">Amenazas y Riesgos a la Seguridad Internacional<\/td>\n<td valign=\"top\" width=\"50\">\n<p align=\"center\">3<\/p>\n<\/td>\n<td valign=\"top\" width=\"69\">\n<p align=\"center\">Ninguno<\/p>\n<\/td>\n<\/tr>\n<tr>\n<td valign=\"top\" width=\"47\"><\/td>\n<td valign=\"top\" width=\"259\">\n<p align=\"center\"><strong>D\u00c8CIMO SEMESTRE SEGURIDAD<\/strong><\/p>\n<\/td>\n<td valign=\"top\" width=\"50\"><\/td>\n<td valign=\"top\" width=\"69\"><\/td>\n<\/tr>\n<tr>\n<td valign=\"top\" width=\"47\">\n<p align=\"center\">055<\/p>\n<\/td>\n<td valign=\"top\" width=\"259\">Informe de Tesis<\/td>\n<td valign=\"top\" width=\"50\">\n<p align=\"center\">3<\/p>\n<\/td>\n<td valign=\"top\" width=\"69\">\n<p align=\"center\">050<\/p>\n<\/td>\n<\/tr>\n<tr>\n<td valign=\"top\" width=\"47\">\n<p align=\"center\">099<\/p>\n<\/td>\n<td valign=\"top\" width=\"259\">Gesti\u00f3n de Seguridad, Crisis y Emergencias<\/td>\n<td valign=\"top\" width=\"50\">\n<p align=\"center\">3<\/p>\n<\/td>\n<td valign=\"top\" width=\"69\">\n<p align=\"center\">Ninguno<\/p>\n<\/td>\n<\/tr>\n<tr>\n<td valign=\"top\" width=\"47\">\n<p align=\"center\">100<\/p>\n<\/td>\n<td valign=\"top\" width=\"259\">Seminario de An\u00e1lisis de Vulnerabilidad, Gesti\u00f3n de Riesgos y Ayuda Humanitaria<\/td>\n<td valign=\"top\" width=\"50\">\n<p align=\"center\">3<\/p>\n<\/td>\n<td valign=\"top\" width=\"69\">\n<p align=\"center\">098<\/p>\n<\/td>\n<\/tr>\n<tr>\n<td valign=\"top\" width=\"47\">\n<p align=\"center\">101<\/p>\n<\/td>\n<td valign=\"top\" width=\"259\">An\u00e1lisis\u00a0 y Construcci\u00f3n de Escenarios de\u00a0\u00a0\u00a0\u00a0\u00a0\u00a0 Seguridad Nacional e Internacional.<\/td>\n<td valign=\"top\" width=\"50\">\n<p align=\"center\">3<\/p>\n<\/td>\n<td valign=\"top\" width=\"69\">\n<p align=\"center\">Ninguno<\/p>\n<\/td>\n<\/tr>\n<tr>\n<td valign=\"top\" width=\"47\">\n<p align=\"center\">102<\/p>\n<\/td>\n<td valign=\"top\" width=\"259\">Formulaci\u00f3n y An\u00e1lisis\u00a0\u00a0 de Pol\u00edticas P\u00fablicas de Seguridad.<\/td>\n<td valign=\"top\" width=\"50\">\n<p align=\"center\">3<\/p>\n<\/td>\n<td valign=\"top\" width=\"69\">\n<p align=\"center\">Ninguno<\/p>\n<\/td>\n<\/tr>\n<\/tbody>\n<\/table>\n<p><strong>Observaciones: Idioma: <\/strong>Para la carrera de Relaciones Internacionales el pensum se completa con el manejo instrumental del Ingl\u00e9s en nivel 12.\u00a0 Para ingresar al sexto semestre, los estudiantes deben presentar certificaci\u00f3n en nivel 06, extendida por CALUSAC.\u00a0 <strong>Pr\u00e1cticas: <\/strong>Tambi\u00e9n deben\u00a0 aprobar tres pr\u00e1cticas obligatorias ubicadas en el segundo, cuarto y sexto semestre, siendo requisito aprobar cada una, para ingresar al semestre inmediato superior. <strong>Requisitos: <\/strong>El estudiante debe observar estrictamente el orden de los prerrequisitos y en ning\u00fan caso aprobar un curso sin tener el requisito correspondiente.<strong>Observaciones: Horario<\/strong>: se implementa en la jornada matutina la especialidad:Seguridad Internacional.<strong>Aprobado por el Consejo Directivo.Punto CUARTO, inciso 4.1, del Acta extraordinaria No. 03\/2014 de fecha 10\/03\/2014.<\/strong><\/p>\n<p>&nbsp;<\/p>\n<p>&nbsp;<\/p>\n","protected":false},"excerpt":{"rendered":"<p>Licenciatura Relaciones Internacionales con Especialidad en Seguridad Internacional Escuela\u00a0 Ciencia Pol\u00edtica\u00a0\u00a0\u00a0\u00a0\u00a0\u00a0\u00a0\u00a0\u00a0\u00a0\u00a0\u00a0\u00a0\u00a0\u00a0\u00a0\u00a0\u00a0\u00a0\u00a0\u00a0\u00a0\u00a0\u00a0\u00a0\u00a0\u00a0\u00a0\u00a0\u00a0\u00a0\u00a0\u00a0\u00a0\u00a0\u00a0\u00a0\u00a0\u00a0\u00a0 PENSUM INTRODUCTORIO 1\/ C\u00f3digo Curso Cr\u00e9ditos Requisitos \u00a0 PRIMER SEMESTRE \u00a0 \u00a0 001 Ciencia Pol\u00edtica I 2 Ninguno 002 Sociolog\u00eda I 2 Ninguno 003 Relaciones Internacionales I 2 Ninguno 004 Historia Mundial 2 Ninguno 005 Metodolog\u00eda de las Ciencias Sociales\u00a0 I 3 Ninguno SEGUNDO [&hellip;]<\/p>\n","protected":false},"author":1,"featured_media":0,"parent":1098,"menu_order":0,"comment_status":"closed","ping_status":"closed","template":"onecolumn-page.php","meta":[],"_links":{"self":[{"href":"https:\/\/cienciapolitica.usac.edu.gt\/index.php?rest_route=\/wp\/v2\/pages\/1133"}],"collection":[{"href":"https:\/\/cienciapolitica.usac.edu.gt\/index.php?rest_route=\/wp\/v2\/pages"}],"about":[{"href":"https:\/\/cienciapolitica.usac.edu.gt\/index.php?rest_route=\/wp\/v2\/types\/page"}],"author":[{"embeddable":true,"href":"https:\/\/cienciapolitica.usac.edu.gt\/index.php?rest_route=\/wp\/v2\/users\/1"}],"replies":[{"embeddable":true,"href":"https:\/\/cienciapolitica.usac.edu.gt\/index.php?rest_route=%2Fwp%2Fv2%2Fcomments&post=1133"}],"version-history":[{"count":3,"href":"https:\/\/cienciapolitica.usac.edu.gt\/index.php?rest_route=\/wp\/v2\/pages\/1133\/revisions"}],"predecessor-version":[{"id":1136,"href":"https:\/\/cienciapolitica.usac.edu.gt\/index.php?rest_route=\/wp\/v2\/pages\/1133\/revisions\/1136"}],"up":[{"embeddable":true,"href":"https:\/\/cienciapolitica.usac.edu.gt\/index.php?rest_route=\/wp\/v2\/pages\/1098"}],"wp:attachment":[{"href":"https:\/\/cienciapolitica.usac.edu.gt\/index.php?rest_route=%2Fwp%2Fv2%2Fmedia&parent=1133"}],"curies":[{"name":"wp","href":"https:\/\/api.w.org\/{rel}","templated":true}]}}