{"id":1116,"date":"2014-10-02T18:32:36","date_gmt":"2014-10-02T18:32:36","guid":{"rendered":"http:\/\/sitios.usac.edu.gt\/wp_cienciapolitica\/?page_id=1116"},"modified":"2014-10-03T00:56:41","modified_gmt":"2014-10-03T00:56:41","slug":"pensum-sociologia-matutina","status":"publish","type":"page","link":"https:\/\/cienciapolitica.usac.edu.gt\/?page_id=1116","title":{"rendered":"Pensum Sociologia Matutina"},"content":{"rendered":"<p>Licenciatura en Sociolog\u00eda con Especialidad en Violencia Social y Paz en Guatemala<\/p>\n<p>Escuela\u00a0 Ciencia Pol\u00edtica<\/p>\n<p align=\"center\"><strong>PENSUM INTRODUCTORIO 1\/<\/strong><\/p>\n<table border=\"1\" cellspacing=\"0\" cellpadding=\"0\">\n<tbody>\n<tr>\n<td valign=\"top\" width=\"45\">\n<p align=\"center\"><strong>C\u00f3digo<\/strong><\/p>\n<\/td>\n<td valign=\"top\" width=\"257\">\n<p align=\"center\"><strong>Curso<\/strong><\/p>\n<\/td>\n<td valign=\"top\" width=\"57\">\n<p align=\"center\"><strong>Cr\u00e9ditos<\/strong><\/p>\n<\/td>\n<td valign=\"top\" width=\"66\">\n<p align=\"center\"><strong>Requisitos<\/strong><\/p>\n<\/td>\n<\/tr>\n<tr>\n<td valign=\"top\" width=\"45\">\n<p align=\"center\"><strong>\u00a0<\/strong><\/p>\n<\/td>\n<td valign=\"top\" width=\"257\">\n<p align=\"center\"><strong>PRIMER SEMESTRE<\/strong><\/p>\n<\/td>\n<td valign=\"top\" width=\"57\">\n<p align=\"center\"><strong>\u00a0<\/strong><\/p>\n<\/td>\n<td valign=\"top\" width=\"66\">\n<p align=\"center\"><strong>\u00a0<\/strong><\/p>\n<\/td>\n<\/tr>\n<tr>\n<td valign=\"top\" width=\"45\">\n<p align=\"center\">001<\/p>\n<\/td>\n<td valign=\"top\" width=\"257\">Ciencia Pol\u00edtica I<\/td>\n<td valign=\"top\" width=\"57\">\n<p align=\"center\">2<\/p>\n<\/td>\n<td valign=\"top\" width=\"66\">\n<p align=\"center\">Ninguno<\/p>\n<\/td>\n<\/tr>\n<tr>\n<td valign=\"top\" width=\"45\">\n<p align=\"center\">002<\/p>\n<\/td>\n<td valign=\"top\" width=\"257\">Sociolog\u00eda I<\/td>\n<td valign=\"top\" width=\"57\">\n<p align=\"center\">2<\/p>\n<\/td>\n<td valign=\"top\" width=\"66\">\n<p align=\"center\">Ninguno<\/p>\n<\/td>\n<\/tr>\n<tr>\n<td valign=\"top\" width=\"45\">\n<p align=\"center\">003<\/p>\n<\/td>\n<td valign=\"top\" width=\"257\">Relaciones Internacionales I<\/td>\n<td valign=\"top\" width=\"57\">\n<p align=\"center\">2<\/p>\n<\/td>\n<td valign=\"top\" width=\"66\">\n<p align=\"center\">Ninguno<\/p>\n<\/td>\n<\/tr>\n<tr>\n<td valign=\"top\" width=\"45\">\n<p align=\"center\">004<\/p>\n<\/td>\n<td valign=\"top\" width=\"257\">Historia Mundial<\/td>\n<td valign=\"top\" width=\"57\">\n<p align=\"center\">2<\/p>\n<\/td>\n<td valign=\"top\" width=\"66\">\n<p align=\"center\">Ninguno<\/p>\n<\/td>\n<\/tr>\n<tr>\n<td valign=\"top\" width=\"45\">\n<p align=\"center\">005<\/p>\n<\/td>\n<td valign=\"top\" width=\"257\">Metodolog\u00eda de las Ciencias Sociales\u00a0 I<\/td>\n<td valign=\"top\" width=\"57\">\n<p align=\"center\">3<\/p>\n<\/td>\n<td valign=\"top\" width=\"66\">\n<p align=\"center\">Ninguno<\/p>\n<\/td>\n<\/tr>\n<tr>\n<td valign=\"top\" width=\"45\">\n<p align=\"center\">\n<\/td>\n<td valign=\"top\" width=\"257\">\n<p align=\"center\"><strong>SEGUNDO CICLO<\/strong><\/p>\n<\/td>\n<td valign=\"top\" width=\"57\">\n<p align=\"center\"><strong>\u00a0<\/strong><\/p>\n<\/td>\n<td valign=\"top\" width=\"66\">\n<p align=\"center\"><strong>\u00a0<\/strong><\/p>\n<\/td>\n<\/tr>\n<tr>\n<td valign=\"top\" width=\"45\">\n<p align=\"center\">006<\/p>\n<\/td>\n<td valign=\"top\" width=\"257\">Ciencia Pol\u00edtica II<\/td>\n<td valign=\"top\" width=\"57\">\n<p align=\"center\">2<\/p>\n<\/td>\n<td valign=\"top\" width=\"66\">\n<p align=\"center\">001<\/p>\n<\/td>\n<\/tr>\n<tr>\n<td valign=\"top\" width=\"45\">\n<p align=\"center\">007<\/p>\n<\/td>\n<td valign=\"top\" width=\"257\">Sociolog\u00eda II<\/td>\n<td valign=\"top\" width=\"57\">\n<p align=\"center\">2<\/p>\n<\/td>\n<td valign=\"top\" width=\"66\">\n<p align=\"center\">002<\/p>\n<\/td>\n<\/tr>\n<tr>\n<td valign=\"top\" width=\"45\">\n<p align=\"center\">008<\/p>\n<\/td>\n<td valign=\"top\" width=\"257\">Relaciones Internacionales II<\/td>\n<td valign=\"top\" width=\"57\">\n<p align=\"center\">2<\/p>\n<\/td>\n<td valign=\"top\" width=\"66\">\n<p align=\"center\">003<\/p>\n<\/td>\n<\/tr>\n<tr>\n<td valign=\"top\" width=\"45\">\n<p align=\"center\">009<\/p>\n<\/td>\n<td valign=\"top\" width=\"257\">Historia Latino Americana<\/td>\n<td valign=\"top\" width=\"57\">\n<p align=\"center\">2<\/p>\n<\/td>\n<td valign=\"top\" width=\"66\">\n<p align=\"center\">004<\/p>\n<\/td>\n<\/tr>\n<tr>\n<td valign=\"top\" width=\"45\">\n<p align=\"center\">010<\/p>\n<\/td>\n<td valign=\"top\" width=\"257\">Metodolog\u00eda de las Ciencias\u00a0 Sociales II<\/td>\n<td valign=\"top\" width=\"57\">\n<p align=\"center\">3<\/p>\n<\/td>\n<td valign=\"top\" width=\"66\">\n<p align=\"center\">005<\/p>\n<\/td>\n<\/tr>\n<tr>\n<td valign=\"top\" width=\"45\">\n<p align=\"center\">\n<\/td>\n<td valign=\"top\" width=\"257\">\n<p align=\"center\"><strong>TERCER\u00a0 CICLO<\/strong><\/p>\n<\/td>\n<td valign=\"top\" width=\"57\">\n<p align=\"center\"><strong>\u00a0<\/strong><\/p>\n<\/td>\n<td valign=\"top\" width=\"66\">\n<p align=\"center\"><strong>\u00a0<\/strong><\/p>\n<\/td>\n<\/tr>\n<tr>\n<td valign=\"top\" width=\"45\">\n<p align=\"center\">011<\/p>\n<\/td>\n<td valign=\"top\" width=\"257\">Filosof\u00eda<\/td>\n<td valign=\"top\" width=\"57\">\n<p align=\"center\">2<\/p>\n<\/td>\n<td valign=\"top\" width=\"66\">\n<p align=\"center\">Ninguno<\/p>\n<\/td>\n<\/tr>\n<tr>\n<td valign=\"top\" width=\"45\">\n<p align=\"center\">012<\/p>\n<\/td>\n<td valign=\"top\" width=\"257\">Introducci\u00f3n a la Econom\u00eda<\/td>\n<td valign=\"top\" width=\"57\">\n<p align=\"center\">2<\/p>\n<\/td>\n<td valign=\"top\" width=\"66\">\n<p align=\"center\">Ninguno<\/p>\n<\/td>\n<\/tr>\n<tr>\n<td valign=\"top\" width=\"45\">\n<p align=\"center\">013<\/p>\n<\/td>\n<td valign=\"top\" width=\"257\">Introducci\u00f3n al Derecho<\/td>\n<td valign=\"top\" width=\"57\">\n<p align=\"center\">2<\/p>\n<\/td>\n<td valign=\"top\" width=\"66\">\n<p align=\"center\">Ninguno<\/p>\n<\/td>\n<\/tr>\n<tr>\n<td valign=\"top\" width=\"45\">\n<p align=\"center\">014<\/p>\n<\/td>\n<td valign=\"top\" width=\"257\">Historia de Guatemala I<\/td>\n<td valign=\"top\" width=\"57\">\n<p align=\"center\">2<\/p>\n<\/td>\n<td valign=\"top\" width=\"66\">\n<p align=\"center\">009<\/p>\n<\/td>\n<\/tr>\n<tr>\n<td valign=\"top\" width=\"45\">\n<p align=\"center\">015<\/p>\n<\/td>\n<td valign=\"top\" width=\"257\">Metodolog\u00eda de las Ciencias Sociales III<\/td>\n<td valign=\"top\" width=\"57\">\n<p align=\"center\">3<\/p>\n<\/td>\n<td valign=\"top\" width=\"66\">\n<p align=\"center\">010<\/p>\n<\/td>\n<\/tr>\n<\/tbody>\n<\/table>\n<p>1\/PENSUM INTRODUCTORIO ES COM\u00d9N A LAS 3 CARRERAS<\/p>\n<p align=\"center\">AREA PROFESIONAL: LICENCIATURA EN SOCIOLOG\u00ccA<\/p>\n<table border=\"1\" cellspacing=\"0\" cellpadding=\"0\">\n<tbody>\n<tr>\n<td valign=\"top\" width=\"45\">\n<p align=\"center\"><strong>C\u00f3digo<\/strong><\/p>\n<\/td>\n<td valign=\"top\" width=\"257\">\n<p align=\"center\"><strong>Curso<\/strong><\/p>\n<\/td>\n<td valign=\"top\" width=\"54\">\n<p align=\"center\"><strong>Cr\u00e9ditos<\/strong><\/p>\n<\/td>\n<td valign=\"top\" width=\"69\">\n<p align=\"center\"><strong>Requisitos<\/strong><\/p>\n<\/td>\n<\/tr>\n<tr>\n<td valign=\"top\" width=\"45\">&nbsp;<\/td>\n<td valign=\"top\" width=\"257\">\n<p align=\"center\"><strong>Cuarto\u00a0 Ciclo<\/strong><\/p>\n<\/td>\n<td valign=\"top\" width=\"54\">\n<p align=\"center\">\n<\/td>\n<td valign=\"top\" width=\"69\">\n<p align=\"center\">\n<\/td>\n<\/tr>\n<tr>\n<td valign=\"top\" width=\"45\">\n<p align=\"center\">016<\/p>\n<\/td>\n<td valign=\"top\" width=\"257\">Teor\u00eda Sociol\u00f3gica I<\/td>\n<td valign=\"top\" width=\"54\">\n<p align=\"center\">2<\/p>\n<\/td>\n<td valign=\"top\" width=\"69\">\n<p align=\"center\">007<\/p>\n<\/td>\n<\/tr>\n<tr>\n<td valign=\"top\" width=\"45\">\n<p align=\"center\">017<\/p>\n<\/td>\n<td valign=\"top\" width=\"257\">Sociolog\u00eda de Guatemala I<\/td>\n<td valign=\"top\" width=\"54\">\n<p align=\"center\">2<\/p>\n<\/td>\n<td valign=\"top\" width=\"69\">\n<p align=\"center\">Ninguno<\/p>\n<\/td>\n<\/tr>\n<tr>\n<td valign=\"top\" width=\"45\">\n<p align=\"center\">018<\/p>\n<\/td>\n<td valign=\"top\" width=\"257\">Metodolog\u00eda de\u00a0 las Ciencias Sociales IV<\/td>\n<td valign=\"top\" width=\"54\">\n<p align=\"center\">3<\/p>\n<\/td>\n<td valign=\"top\" width=\"69\">\n<p align=\"center\">015<\/p>\n<\/td>\n<\/tr>\n<tr>\n<td valign=\"top\" width=\"45\">\n<p align=\"center\">019<\/p>\n<\/td>\n<td valign=\"top\" width=\"257\">Micro y Macroeconom\u00eda<\/td>\n<td valign=\"top\" width=\"54\">\n<p align=\"center\">2<\/p>\n<\/td>\n<td valign=\"top\" width=\"69\">\n<p align=\"center\">Ninguno<\/p>\n<\/td>\n<\/tr>\n<tr>\n<td valign=\"top\" width=\"45\">\n<p align=\"center\">021<\/p>\n<\/td>\n<td valign=\"top\" width=\"257\">Psicolog\u00eda Social de Guatemala<\/td>\n<td valign=\"top\" width=\"54\">\n<p align=\"center\">3<\/p>\n<\/td>\n<td valign=\"top\" width=\"69\">\n<p align=\"center\">Ninguno<\/p>\n<\/td>\n<\/tr>\n<tr>\n<td valign=\"top\" width=\"45\">\n<p align=\"center\">\n<\/td>\n<td valign=\"top\" width=\"257\">\n<p align=\"center\"><strong>Quinto Ciclo<\/strong><\/p>\n<\/td>\n<td valign=\"top\" width=\"54\">&nbsp;<\/td>\n<td valign=\"top\" width=\"69\">\n<p align=\"center\">\n<\/td>\n<\/tr>\n<tr>\n<td valign=\"top\" width=\"45\">\n<p align=\"center\">022<\/p>\n<\/td>\n<td valign=\"top\" width=\"257\">Teor\u00eda Sociol\u00f3gica II<\/td>\n<td valign=\"top\" width=\"54\">\n<p align=\"center\">3<\/p>\n<\/td>\n<td valign=\"top\" width=\"69\">\n<p align=\"center\">016<\/p>\n<\/td>\n<\/tr>\n<tr>\n<td valign=\"top\" width=\"45\">\n<p align=\"center\">023<\/p>\n<\/td>\n<td valign=\"top\" width=\"257\">Sociolog\u00eda de Guatemala II<\/td>\n<td valign=\"top\" width=\"54\">\n<p align=\"center\">3<\/p>\n<\/td>\n<td valign=\"top\" width=\"69\">\n<p align=\"center\">017<\/p>\n<\/td>\n<\/tr>\n<tr>\n<td valign=\"top\" width=\"45\">\n<p align=\"center\">024<\/p>\n<\/td>\n<td valign=\"top\" width=\"257\">An\u00e1lisis de Experiencias de Investigaci\u00f3n Sociol\u00f3gica I<\/td>\n<td valign=\"top\" width=\"54\">\n<p align=\"center\">3<\/p>\n<\/td>\n<td valign=\"top\" width=\"69\">\n<p align=\"center\">018<\/p>\n<\/td>\n<\/tr>\n<tr>\n<td valign=\"top\" width=\"45\">\n<p align=\"center\">025<\/p>\n<\/td>\n<td valign=\"top\" width=\"257\">Historia de Guatemala II<\/td>\n<td valign=\"top\" width=\"54\">\n<p align=\"center\">2<\/p>\n<\/td>\n<td valign=\"top\" width=\"69\">\n<p align=\"center\">014<\/p>\n<\/td>\n<\/tr>\n<tr>\n<td valign=\"top\" width=\"45\">\n<p align=\"center\">027<\/p>\n<\/td>\n<td valign=\"top\" width=\"257\">Sociolog\u00eda del Derecho<\/td>\n<td valign=\"top\" width=\"54\">\n<p align=\"center\">2<\/p>\n<\/td>\n<td valign=\"top\" width=\"69\">\n<p align=\"center\">013<\/p>\n<\/td>\n<\/tr>\n<tr>\n<td valign=\"top\" width=\"45\">\n<p align=\"center\">\n<\/td>\n<td valign=\"top\" width=\"257\">\n<p align=\"center\"><strong>Sexto Ciclo<\/strong><\/p>\n<\/td>\n<td valign=\"top\" width=\"54\">&nbsp;<\/td>\n<td valign=\"top\" width=\"69\">&nbsp;<\/td>\n<\/tr>\n<tr>\n<td valign=\"top\" width=\"45\">\n<p align=\"center\">028<\/p>\n<\/td>\n<td valign=\"top\" width=\"257\">Teor\u00eda Sociol\u00f3gica III<\/td>\n<td valign=\"top\" width=\"54\">\n<p align=\"center\">3<\/p>\n<\/td>\n<td valign=\"top\" width=\"69\">\n<p align=\"center\">022<\/p>\n<\/td>\n<\/tr>\n<tr>\n<td valign=\"top\" width=\"45\">\n<p align=\"center\">029<\/p>\n<\/td>\n<td valign=\"top\" width=\"257\">Sociolog\u00eda de Guatemala III<\/td>\n<td valign=\"top\" width=\"54\">\n<p align=\"center\">3<\/p>\n<\/td>\n<td valign=\"top\" width=\"69\">\n<p align=\"center\">023<\/p>\n<\/td>\n<\/tr>\n<tr>\n<td valign=\"top\" width=\"45\">\n<p align=\"center\">030<\/p>\n<\/td>\n<td valign=\"top\" width=\"257\">An\u00e1lisis de Experiencias\u00a0 de\u00a0 Investigaci\u00f3n Sociol\u00f3gica II<\/td>\n<td valign=\"top\" width=\"54\">\n<p align=\"center\">3<\/p>\n<\/td>\n<td valign=\"top\" width=\"69\">\n<p align=\"center\">024<\/p>\n<\/td>\n<\/tr>\n<tr>\n<td valign=\"top\" width=\"45\">\n<p align=\"center\">031<\/p>\n<\/td>\n<td valign=\"top\" width=\"257\">Historia de Guatemala III<\/td>\n<td valign=\"top\" width=\"54\">\n<p align=\"center\">2<\/p>\n<\/td>\n<td valign=\"top\" width=\"69\">\n<p align=\"center\">025<\/p>\n<\/td>\n<\/tr>\n<tr>\n<td valign=\"top\" width=\"45\">\n<p align=\"center\">033<\/p>\n<\/td>\n<td valign=\"top\" width=\"257\">Derechos Humanos y Seguridad Humana en Guatemala<\/td>\n<td valign=\"top\" width=\"54\">\n<p align=\"center\">3<\/p>\n<\/td>\n<td valign=\"top\" width=\"69\">\n<p align=\"center\">Ninguno<\/p>\n<\/td>\n<\/tr>\n<tr>\n<td valign=\"top\" width=\"45\">\n<p align=\"center\">\n<\/td>\n<td valign=\"top\" width=\"257\">\n<p align=\"center\"><strong>S\u00e9ptimo Ciclo<\/strong><\/p>\n<\/td>\n<td valign=\"top\" width=\"54\">\n<p align=\"center\">\n<\/td>\n<td valign=\"top\" width=\"69\">&nbsp;<\/td>\n<\/tr>\n<tr>\n<td valign=\"top\" width=\"45\">\n<p align=\"center\">034<\/p>\n<\/td>\n<td valign=\"top\" width=\"257\">Teor\u00eda Sociol\u00f3gica IV<\/td>\n<td valign=\"top\" width=\"54\">\n<p align=\"center\">3<\/p>\n<\/td>\n<td valign=\"top\" width=\"69\">\n<p align=\"center\">028<\/p>\n<\/td>\n<\/tr>\n<tr>\n<td valign=\"top\" width=\"45\">\n<p align=\"center\">035<\/p>\n<\/td>\n<td valign=\"top\" width=\"257\">Sociolog\u00eda de Guatemala IV<\/td>\n<td valign=\"top\" width=\"54\">\n<p align=\"center\">3<\/p>\n<\/td>\n<td valign=\"top\" width=\"69\">\n<p align=\"center\">029<\/p>\n<\/td>\n<\/tr>\n<tr>\n<td valign=\"top\" width=\"45\">\n<p align=\"center\">036<\/p>\n<\/td>\n<td valign=\"top\" width=\"257\">Epistemolog\u00eda de las Ciencias Sociales<\/td>\n<td valign=\"top\" width=\"54\">\n<p align=\"center\">3<\/p>\n<\/td>\n<td valign=\"top\" width=\"69\">\n<p align=\"center\">030<\/p>\n<\/td>\n<\/tr>\n<tr>\n<td valign=\"top\" width=\"45\">\n<p align=\"center\">037<\/p>\n<\/td>\n<td valign=\"top\" width=\"257\">Sociolog\u00eda\u00a0 Pol\u00edtica I<\/td>\n<td valign=\"top\" width=\"54\">\n<p align=\"center\">3<\/p>\n<\/td>\n<td valign=\"top\" width=\"69\">\n<p align=\"center\">006<\/p>\n<\/td>\n<\/tr>\n<tr>\n<td valign=\"top\" width=\"45\">\n<p align=\"center\">039<\/p>\n<\/td>\n<td valign=\"top\" width=\"257\">Violencia y\u00a0 Paz en Guatemala<\/td>\n<td valign=\"top\" width=\"54\">\n<p align=\"center\">3<\/p>\n<\/td>\n<td valign=\"top\" width=\"69\">\n<p align=\"center\">Ninguno<\/p>\n<\/td>\n<\/tr>\n<\/tbody>\n<\/table>\n<table border=\"1\" cellspacing=\"0\" cellpadding=\"0\">\n<tbody>\n<tr>\n<td valign=\"top\" width=\"45\">\n<p align=\"center\">\n<\/td>\n<td valign=\"top\" width=\"257\">\n<p align=\"center\"><strong>Octavo Ciclo<\/strong><\/p>\n<\/td>\n<td valign=\"top\" width=\"54\">&nbsp;<\/td>\n<td valign=\"top\" width=\"69\">&nbsp;<\/td>\n<\/tr>\n<tr>\n<td valign=\"top\" width=\"45\">\n<p align=\"center\">040<\/p>\n<\/td>\n<td valign=\"top\" width=\"257\">Sociolog\u00eda del Conocimiento<\/td>\n<td valign=\"top\" width=\"54\">\n<p align=\"center\">3<\/p>\n<\/td>\n<td valign=\"top\" width=\"69\">\n<p align=\"center\">036<\/p>\n<\/td>\n<\/tr>\n<tr>\n<td valign=\"top\" width=\"45\">\n<p align=\"center\">041<\/p>\n<\/td>\n<td valign=\"top\" width=\"257\">Sociolog\u00eda Pol\u00edtica II<\/td>\n<td valign=\"top\" width=\"54\">\n<p align=\"center\">3<\/p>\n<\/td>\n<td valign=\"top\" width=\"69\">\n<p align=\"center\">037<\/p>\n<\/td>\n<\/tr>\n<tr>\n<td valign=\"top\" width=\"45\">\n<p align=\"center\">042<\/p>\n<\/td>\n<td valign=\"top\" width=\"257\">Sociolog\u00eda de la Comunicaci\u00f3n<\/td>\n<td valign=\"top\" width=\"54\">\n<p align=\"center\">3<\/p>\n<\/td>\n<td valign=\"top\" width=\"69\">\n<p align=\"center\">Ninguno<\/p>\n<\/td>\n<\/tr>\n<tr>\n<td valign=\"top\" width=\"45\">\n<p align=\"center\">043<\/p>\n<\/td>\n<td valign=\"top\" width=\"257\">Dise\u00f1o de Investigaci\u00f3n de Tesis I<\/td>\n<td valign=\"top\" width=\"54\">\n<p align=\"center\">3<\/p>\n<\/td>\n<td valign=\"top\" width=\"69\">\n<p align=\"center\">030<\/p>\n<\/td>\n<\/tr>\n<tr>\n<td valign=\"top\" width=\"45\">\n<p align=\"center\">045<\/p>\n<\/td>\n<td valign=\"top\" width=\"257\">Legislaci\u00f3n Social de Guatemala<\/td>\n<td valign=\"top\" width=\"54\">\n<p align=\"center\">3<\/p>\n<\/td>\n<td valign=\"top\" width=\"69\">\n<p align=\"center\">027<\/p>\n<\/td>\n<\/tr>\n<tr>\n<td valign=\"top\" width=\"45\">\n<p align=\"center\">\n<\/td>\n<td valign=\"top\" width=\"257\">\n<p align=\"center\"><strong>Noveno Ciclo<\/strong><\/p>\n<\/td>\n<td valign=\"top\" width=\"54\">&nbsp;<\/td>\n<td valign=\"top\" width=\"69\">&nbsp;<\/td>\n<\/tr>\n<tr>\n<td valign=\"top\" width=\"45\">\n<p align=\"center\">046<\/p>\n<\/td>\n<td valign=\"top\" width=\"257\">Seminario sobre Teor\u00edas Sociol\u00f3gicas Contempor\u00e1neas<\/td>\n<td valign=\"top\" width=\"54\">\n<p align=\"center\">3<\/p>\n<\/td>\n<td valign=\"top\" width=\"69\">\n<p align=\"center\">034<\/p>\n<\/td>\n<\/tr>\n<tr>\n<td valign=\"top\" width=\"45\">\n<p align=\"center\">056<\/p>\n<\/td>\n<td valign=\"top\" width=\"257\">Seminario de\u00a0 Estudios sobre Violencia y Paz en Guatemala<\/td>\n<td valign=\"top\" width=\"54\">\n<p align=\"center\">3<\/p>\n<\/td>\n<td valign=\"top\" width=\"69\">\n<p align=\"center\">039<\/p>\n<\/td>\n<\/tr>\n<tr>\n<td valign=\"top\" width=\"45\">\n<p align=\"center\">057<\/p>\n<\/td>\n<td valign=\"top\" width=\"257\">Seminario sobre Pol\u00edticas de Seguridad y Prevenci\u00f3n\u00a0\u00a0 del Delito<\/td>\n<td valign=\"top\" width=\"54\">\n<p align=\"center\">3<\/p>\n<\/td>\n<td valign=\"top\" width=\"69\">\n<p align=\"center\">039<\/p>\n<\/td>\n<\/tr>\n<tr>\n<td valign=\"top\" width=\"45\">\n<p align=\"center\">058<\/p>\n<\/td>\n<td valign=\"top\" width=\"257\">Seminario sobre Movimientos Sociales de Derechos Humanos y Acceso a la\u00a0 Justicia<\/td>\n<td valign=\"top\" width=\"54\">\n<p align=\"center\">3<\/p>\n<\/td>\n<td valign=\"top\" width=\"69\">\n<p align=\"center\">Ninguno<\/p>\n<\/td>\n<\/tr>\n<tr>\n<td valign=\"top\" width=\"45\">\n<p align=\"center\">050<\/p>\n<\/td>\n<td valign=\"top\" width=\"257\">Dise\u00f1o de Investigaci\u00f3n de Tesis II<\/td>\n<td valign=\"top\" width=\"54\">\n<p align=\"center\">3<\/p>\n<\/td>\n<td valign=\"top\" width=\"69\">\n<p align=\"center\">043<\/p>\n<\/td>\n<\/tr>\n<tr>\n<td valign=\"top\" width=\"45\">&nbsp;<\/td>\n<td valign=\"top\" width=\"257\">\n<p align=\"center\"><strong>D\u00e9cimo Ciclo<\/strong><\/p>\n<\/td>\n<td valign=\"top\" width=\"54\">\n<p align=\"center\">\n<\/td>\n<td valign=\"top\" width=\"69\">&nbsp;<\/td>\n<\/tr>\n<tr>\n<td valign=\"top\" width=\"45\">\n<p align=\"center\">051<\/p>\n<\/td>\n<td valign=\"top\" width=\"257\">Seminario sobre Teor\u00edas Sociol\u00f3gicas en Guatemala<\/td>\n<td valign=\"top\" width=\"54\">\n<p align=\"center\">3<\/p>\n<\/td>\n<td valign=\"top\" width=\"69\">\n<p align=\"center\">046<\/p>\n<\/td>\n<\/tr>\n<tr>\n<td valign=\"top\" width=\"45\">\n<p align=\"center\">059<\/p>\n<\/td>\n<td valign=\"top\" width=\"257\">Seminario sobre\u00a0 Derechos Humanos y Defensa del Territorio y la Naturaleza desde la Perspectiva Local.<\/td>\n<td valign=\"top\" width=\"54\">\n<p align=\"center\">3<\/p>\n<\/td>\n<td valign=\"top\" width=\"69\">\n<p align=\"center\">Ninguno<\/p>\n<\/td>\n<\/tr>\n<tr>\n<td valign=\"top\" width=\"45\">\n<p align=\"center\">060<\/p>\n<\/td>\n<td valign=\"top\" width=\"257\">Seminario sobre Conflictividad, An\u00e1lisis y Resoluci\u00f3n de Conflictos Sociales<\/td>\n<td valign=\"top\" width=\"54\">\n<p align=\"center\">3<\/p>\n<\/td>\n<td valign=\"top\" width=\"69\">\n<p align=\"center\">057<\/p>\n<\/td>\n<\/tr>\n<tr>\n<td valign=\"top\" width=\"45\">\n<p align=\"center\">061<\/p>\n<\/td>\n<td valign=\"top\" width=\"257\">Seminario sobre Pol\u00edticas P\u00fablicas de Rehabilitaci\u00f3n de Transgresores de la Ley<\/td>\n<td valign=\"top\" width=\"54\">\n<p align=\"center\">3<\/p>\n<\/td>\n<td valign=\"top\" width=\"69\">\n<p align=\"center\">058<\/p>\n<\/td>\n<\/tr>\n<tr>\n<td valign=\"top\" width=\"45\">\n<p align=\"center\">055<\/p>\n<\/td>\n<td valign=\"top\" width=\"257\">Informe de Tesis<\/td>\n<td valign=\"top\" width=\"54\">\n<p align=\"center\">3<\/p>\n<\/td>\n<td valign=\"top\" width=\"69\">\n<p align=\"center\">050<\/p>\n<\/td>\n<\/tr>\n<\/tbody>\n<\/table>\n<p><strong>Observaciones: Idioma:<\/strong>Para la carrera de Sociolog\u00eda, el pensum se completa con el manejo instrumental del Ingl\u00e9s en nivel 12 o nacional nivel 08, exceptuando la lengua materna, debiendo presentar certificaci\u00f3n de Ingl\u00e9s nivel 06 o nacional nivel 04, para ingresar al sexto semestre extendidas por CALUSAC.\u00a0 <strong>Pr\u00e1cticas: <\/strong>Tambi\u00e9n deben\u00a0 aprobar tres pr\u00e1cticas obligatorias ubicadas en el segundo, cuarto y sexto semestre, siendo requisito aprobar cada una, para ingresar al semestre inmediato superior. <strong>Requisitos: <\/strong>El estudiante debe observar estrictamente el orden de los prerrequisitos y en ning\u00fan caso aprobar un curso sin tener el requisito correspondiente.<strong>Observaciones: Horario<\/strong>: se implementa en la jornada matutina la especialidad: Violencia Social y Paz en Guatemala. <strong>Aprobado por el Consejo Directivo.Punto CUARTO, inciso 4.1, del Acta extraordinaria No. 03\/2014 de fecha 10\/03\/2014.<\/strong><\/p>\n<p>&nbsp;<\/p>\n<p>&nbsp;<\/p>\n<p>&nbsp;<\/p>\n<p>&nbsp;<\/p>\n<p>&nbsp;<\/p>\n","protected":false},"excerpt":{"rendered":"<p>Licenciatura en Sociolog\u00eda con Especialidad en Violencia Social y Paz en Guatemala Escuela\u00a0 Ciencia Pol\u00edtica PENSUM INTRODUCTORIO 1\/ C\u00f3digo Curso Cr\u00e9ditos Requisitos \u00a0 PRIMER SEMESTRE \u00a0 \u00a0 001 Ciencia Pol\u00edtica I 2 Ninguno 002 Sociolog\u00eda I 2 Ninguno 003 Relaciones Internacionales I 2 Ninguno 004 Historia Mundial 2 Ninguno 005 Metodolog\u00eda de las Ciencias Sociales\u00a0 [&hellip;]<\/p>\n","protected":false},"author":1,"featured_media":0,"parent":1098,"menu_order":0,"comment_status":"closed","ping_status":"closed","template":"onecolumn-page.php","meta":[],"_links":{"self":[{"href":"https:\/\/cienciapolitica.usac.edu.gt\/index.php?rest_route=\/wp\/v2\/pages\/1116"}],"collection":[{"href":"https:\/\/cienciapolitica.usac.edu.gt\/index.php?rest_route=\/wp\/v2\/pages"}],"about":[{"href":"https:\/\/cienciapolitica.usac.edu.gt\/index.php?rest_route=\/wp\/v2\/types\/page"}],"author":[{"embeddable":true,"href":"https:\/\/cienciapolitica.usac.edu.gt\/index.php?rest_route=\/wp\/v2\/users\/1"}],"replies":[{"embeddable":true,"href":"https:\/\/cienciapolitica.usac.edu.gt\/index.php?rest_route=%2Fwp%2Fv2%2Fcomments&post=1116"}],"version-history":[{"count":6,"href":"https:\/\/cienciapolitica.usac.edu.gt\/index.php?rest_route=\/wp\/v2\/pages\/1116\/revisions"}],"predecessor-version":[{"id":1121,"href":"https:\/\/cienciapolitica.usac.edu.gt\/index.php?rest_route=\/wp\/v2\/pages\/1116\/revisions\/1121"}],"up":[{"embeddable":true,"href":"https:\/\/cienciapolitica.usac.edu.gt\/index.php?rest_route=\/wp\/v2\/pages\/1098"}],"wp:attachment":[{"href":"https:\/\/cienciapolitica.usac.edu.gt\/index.php?rest_route=%2Fwp%2Fv2%2Fmedia&parent=1116"}],"curies":[{"name":"wp","href":"https:\/\/api.w.org\/{rel}","templated":true}]}}