{"id":10739,"date":"2025-10-28T16:28:12","date_gmt":"2025-10-28T16:28:12","guid":{"rendered":"https:\/\/cienciapolitica.usac.edu.gt\/?page_id=10739"},"modified":"2026-03-06T23:30:16","modified_gmt":"2026-03-06T23:30:16","slug":"sociologia-semestre-2-2025","status":"publish","type":"page","link":"https:\/\/cienciapolitica.usac.edu.gt\/?page_id=10739","title":{"rendered":"Sociolog\u00eda &#8211; Semestre 2-2025"},"content":{"rendered":"\n<figure class=\"wp-block-table is-style-stripes\"><table class=\"has-background\" style=\"background:linear-gradient(252deg,rgb(255,245,203) 0%,rgb(182,227,212) 50%,rgb(51,167,181) 100%)\"><tbody><tr><td colspan=\"4\"><strong>CUARTO CICLO SECCI\u00d3N A<\/strong><\/td><\/tr><tr><td><strong>CODIGO<\/strong><\/td><td><strong>CURSO<\/strong><\/td><td><strong>PROFESOR (A)<\/strong><\/td><td><strong>VER ACTA<\/strong><\/td><\/tr><tr><td>16<\/td><td>TEOR\u00cdA SOCIOL\u00d3GICA I<\/td><td>LIC. BORIS CABRERA<\/td><td><a href=\"https:\/\/drive.google.com\/file\/d\/1ySTuEp5QjGojIVh2ZYmgKwxQZ5K5ESEg\/view?usp=drive_link\" target=\"_blank\" rel=\"noreferrer noopener\">FINAL<\/a>&nbsp;<\/td><\/tr><tr><td>17<\/td><td>SOCIOLOG\u00cdA DE GUATEMALA I<\/td><td>MTRO. MIKE RIVERA CONTRERAS<\/td><td><a href=\"https:\/\/drive.google.com\/file\/d\/1n5WQvKbNUP0WMh8cyoKzu9hgj-QU5dah\/view?usp=sharing\" target=\"_blank\" rel=\"noreferrer noopener\">FINAL<\/a>&nbsp;<\/td><\/tr><tr><td>18<\/td><td>METODOLOG\u00cdA DE LAS CIENCIAS SOCIALES IV<\/td><td>MTRO. MARVIN MOR\u00c1N CORZO<\/td><td><a rel=\"noreferrer noopener\" href=\"https:\/\/drive.google.com\/file\/d\/1JrlnKEwtMVwVkgafSCIuPxKfCW_B79HK\/view?usp=drive_link\" target=\"_blank\">FINAL<\/a><\/td><\/tr><tr><td>19<\/td><td>MICRO Y MACROECONOM\u00cdA<\/td><td>MTRA. MAR\u00cdA ELENA IZQUIERDO<\/td><td><a rel=\"noreferrer noopener\" href=\"https:\/\/drive.google.com\/file\/d\/1efjvFlIfd_Dpi_z5d8OHh3gcPW_yPukh\/view?usp=drive_link\" target=\"_blank\">FINAL<\/a><\/td><\/tr><tr><td>21<\/td><td>PSICOLOG\u00cdA SOCIAL DE GUATEMALA<\/td><td>MTRA. ALMA CONSUELO COGUOX PEREZ<\/td><td><a rel=\"noreferrer noopener\" href=\"https:\/\/drive.google.com\/file\/d\/19Lu79vbjaA8Z_lhUANARJuN_Om-VPh79\/view?usp=drive_link\" target=\"_blank\">FINAL<\/a><\/td><\/tr><tr><td colspan=\"4\"><strong>CUARTO CICLO SECCI\u00d3N B<\/strong><\/td><\/tr><tr><td><strong>CODIGO<\/strong><\/td><td><strong>CURSO<\/strong><\/td><td><strong>PROFESOR (A)<\/strong><\/td><td><strong>VER ACTA<\/strong><\/td><\/tr><tr><td>16<\/td><td>TEOR\u00cdA SOCIOL\u00d3GICA I<\/td><td>LICDA. AMANDA ROSAL\u00cdA SOL\u00d3RZANO<\/td><td><a href=\"https:\/\/drive.google.com\/file\/d\/1cXyAZjvMQ7SAoMnOaCB1AQg-u5bpWx_h\/view?usp=drive_link\" target=\"_blank\" rel=\"noreferrer noopener\">FINAL<\/a><\/td><\/tr><tr><td>17<\/td><td>SOCIOLOG\u00cdA DE GUATEMALA I<\/td><td>DRA. NINETH BURGOS MENDEZ<\/td><td><a rel=\"noreferrer noopener\" href=\"https:\/\/drive.google.com\/file\/d\/1wX3QmBPF7ZD_pF5HSoZY9K34CPAtlJ0X\/view?usp=drive_link\" target=\"_blank\">FINAL<\/a><\/td><\/tr><tr><td>18<\/td><td>METODOLOG\u00cdA DE LAS CIENCIAS SOCIALES IV<\/td><td>MTRA. LIZETH GALVEZ<\/td><td><a href=\"https:\/\/drive.google.com\/file\/d\/1VQ_QEHy-cmt8WYACR9saUEXJHnQPK2sK\/view?usp=sharing\" target=\"_blank\" rel=\"noreferrer noopener\">FINAL<\/a><\/td><\/tr><tr><td>19<\/td><td>MICRO Y MACROECONOM\u00cdA<\/td><td>LICDA. CINTIA MAGA\u00d1A<\/td><td><a rel=\"noreferrer noopener\" href=\"https:\/\/drive.google.com\/file\/d\/1jLCHu1JoGMv9lyPHX85FlC-SpLRVqtlv\/view?usp=drive_link\" target=\"_blank\">FINAL<\/a><\/td><\/tr><tr><td>20<\/td><td>ANTROPOLOG\u00cdA SOCIAL DE GUATEMALA<\/td><td>LIC. JULIO VALDEZ<\/td><td><a href=\"https:\/\/drive.google.com\/file\/d\/1PjmJWLEPeQposPR5GA097l4rUbX0vF-4\/view?usp=drive_link\" target=\"_blank\" rel=\"noreferrer noopener\">FINAL<\/a><\/td><\/tr><tr><td colspan=\"4\"><strong>SEXTO CICLO SECCI\u00d3N A<\/strong><\/td><\/tr><tr><td><strong>CODIGO<\/strong><\/td><td><strong>CURSO<\/strong><\/td><td><strong>PROFESOR (A)<\/strong><\/td><td><strong>VER ACTA<\/strong><\/td><\/tr><tr><td>28<\/td><td>TEOR\u00cdA SOCIOL\u00d3GICA III<\/td><td>LIC. RICARDO ZEPEDA<\/td><td><a rel=\"noreferrer noopener\" href=\"https:\/\/drive.google.com\/file\/d\/1bqJAzj6Kvo4ghbn1ZT6WvNyzgGWR8k0K\/view?usp=drive_link\" target=\"_blank\">FINAL<\/a><\/td><\/tr><tr><td>29<\/td><td>SOCIOLOG\u00cdA DE GUATEMALA III<\/td><td>LIC. JUAN CARLOS GUZM\u00c1N MOR\u00c1N<\/td><td><a href=\"https:\/\/drive.google.com\/file\/d\/1x8S_7PVEB_RRS2XojP4iMIzQ52RJkS-V\/view?usp=drive_link\" target=\"_blank\" rel=\"noreferrer noopener\">FINAL<\/a><\/td><\/tr><tr><td>30<\/td><td>AN\u00c1LISIS DE EXPERIENCIAS DE INVESTIGACI\u00d3N SOCIOLOGICA II<\/td><td>LIC. MARVIN MOR\u00c1N<\/td><td><a rel=\"noreferrer noopener\" href=\"https:\/\/drive.google.com\/file\/d\/1Fsl2n_I9eqW2AunUjNelPzaZ6WDUcKGP\/view?usp=drive_link\" target=\"_blank\">FINAL<\/a><\/td><\/tr><tr><td>31<\/td><td>HISTORIA DE GUATEMALA III<\/td><td>LIC. CHRISTIAN CALDER\u00d3N CEDILLOS<\/td><td><a rel=\"noreferrer noopener\" href=\"https:\/\/drive.google.com\/file\/d\/1fK2WJF_6yz4whfFXIIqThlcYecjcugy7\/view?usp=drive_link\" target=\"_blank\">FINAL<\/a><\/td><\/tr><tr><td>33<\/td><td>DERECHOS HUMANOS Y SEGURIDAD HUMANA EN GUATEMALA<\/td><td>DR. ALAIN PIERCE SAMAYOA<\/td><td><a rel=\"noreferrer noopener\" href=\"https:\/\/drive.google.com\/file\/d\/19Bxq7bHTZ-DFXVJqbNZPAXOhcn91L7UZ\/view?usp=drive_link\" target=\"_blank\">FINAL<\/a><\/td><\/tr><tr><td colspan=\"4\"><strong>SEXTO CICLO SECCI\u00d3N B<\/strong><\/td><\/tr><tr><td><strong>CODIGO<\/strong><\/td><td><strong>CURSO<\/strong><\/td><td><strong>PROFESOR (A)<\/strong><\/td><td><strong>VER ACTA<\/strong><\/td><\/tr><tr><td>28<\/td><td>TEOR\u00cdA SOCIOL\u00d3GICA III<\/td><td>DRA. NINETH BURGOS MENDEZ<\/td><td><a rel=\"noreferrer noopener\" href=\"https:\/\/drive.google.com\/file\/d\/1V66hUzWh4ZKrztsBOY681JWePEQ5tYcJ\/view?usp=drive_link\" target=\"_blank\">FINAL<\/a><\/td><\/tr><tr><td>29<\/td><td>SOCIOLOG\u00cdA DE GUATEMALA III<\/td><td>LIC. EDSON OCTAVIO DE LE\u00d3N<\/td><td><a rel=\"noreferrer noopener\" href=\"https:\/\/drive.google.com\/file\/d\/19X9QvnZtqktXKTNTCT_NI9NJkkUjX4YX\/view?usp=drive_link\" target=\"_blank\">FINAL<\/a><\/td><\/tr><tr><td>30<\/td><td>AN\u00c1LISIS DE EXPERIENCIAS DE INVESTIGACI\u00d3N SOCIOLOGICA II<\/td><td>MTRO. WELLINGTON TELLO MART\u00cdNEZ<\/td><td><a href=\"https:\/\/drive.google.com\/file\/d\/1mSFFz30P3J0Xf-Uo0bTq4eTaFeiLyJN2\/view?usp=drive_link\" target=\"_blank\" rel=\"noreferrer noopener\">FINAL<\/a><\/td><\/tr><tr><td>31<\/td><td>HISTORIA DE GUATEMALA III<\/td><td>MTRO. MARVIN MOR\u00c1N CORZO<\/td><td><a rel=\"noreferrer noopener\" href=\"https:\/\/drive.google.com\/file\/d\/1N0WCssRKo8gLCYXYJOp6n4MoJWOLugiL\/view?usp=drive_link\" target=\"_blank\">FINAL<\/a><\/td><\/tr><tr><td>32<\/td><td>SOCIOLOG\u00cdA DE LA CULTURA CON PERSPECTIVA DE G\u00c9NERO Y ETNIA<\/td><td>MTRO. DENNIS VALVERT<\/td><td><a href=\"https:\/\/drive.google.com\/file\/d\/1LmRL7fWGKnm9Q0NGVwz1lOvfT_MNTw7w\/view?usp=sharing\" target=\"_blank\" rel=\"noreferrer noopener\">FINAL<\/a>&nbsp;<\/td><\/tr><tr><td colspan=\"4\"><strong>OCTAVO CICLO SECCI\u00d3N A<\/strong><\/td><\/tr><tr><td><strong>CODIGO<\/strong><\/td><td><strong>CURSO<\/strong><\/td><td><strong>PROFESOR (A)<\/strong><\/td><td><strong>VER ACTA<\/strong><\/td><\/tr><tr><td>40<\/td><td>SOCIOLOG\u00cdA DEL CONOCIMIENTO<\/td><td colspan=\"2\">SIN ALUMNOS<\/td><\/tr><tr><td>41<\/td><td>SOCIOLOG\u00cdA POL\u00cdTICA II<\/td><td colspan=\"2\">SIN ALUMNOS<\/td><\/tr><tr><td>42<\/td><td>SOCIOLOG\u00cdA DE LA COMUNICACI\u00d3N<\/td><td colspan=\"2\">SIN ALUMNOS<\/td><\/tr><tr><td>43<\/td><td>DISE\u00d1O DE INVESTIGACI\u00d3N DE TESIS I<\/td><td colspan=\"2\">SIN ALUMNOS<\/td><\/tr><tr><td>45<\/td><td>LEGISLACI\u00d3N SOCIAL DE GUATEMALA<\/td><td colspan=\"2\">SIN ALUMNOS<\/td><\/tr><tr><td colspan=\"4\"><strong>OCTAVO CICLO SECCI\u00d3N B<\/strong><\/td><\/tr><tr><td><strong>CODIGO<\/strong><\/td><td><strong>CURSO<\/strong><\/td><td><strong>PROFESOR (A)<\/strong><\/td><td><strong>VER ACTA<\/strong><\/td><\/tr><tr><td>40<\/td><td>SOCIOLOG\u00cdA DEL CONOCIMIENTO<\/td><td>LIC. BORIS CABRERA CIFUENTES<\/td><td><a rel=\"noreferrer noopener\" href=\"https:\/\/drive.google.com\/file\/d\/1xD5oE219iEe4b6ZpMKvuDJ9RVtCLP7Xg\/view?usp=drive_link\" target=\"_blank\">FINAL<\/a><\/td><\/tr><tr><td>41<\/td><td>SOCIOLOG\u00cdA POL\u00cdTICA II<\/td><td>LICDA. ROC\u00cdO IZAGUIRRE<\/td><td><a rel=\"noreferrer noopener\" href=\"https:\/\/drive.google.com\/file\/d\/1r41BY60rAYc7eRUvPIqM9SfQaqFbRHGZ\/view?usp=drive_link\" target=\"_blank\">FINAL<\/a><\/td><\/tr><tr><td>42<\/td><td>SOCIOLOG\u00cdA DE LA COMUNICACI\u00d3N<\/td><td>DR. CARLOS OLIVA MURALLES<\/td><td><a href=\"https:\/\/drive.google.com\/file\/d\/1M0kZS1obd1ZDHZ-eWRO4dJSa0PQkmtU8\/view?usp=drive_link\" target=\"_blank\" rel=\"noreferrer noopener\">FINAL<\/a><\/td><\/tr><tr><td>43<\/td><td>DISE\u00d1O DE INVESTIGACI\u00d3N DE TESIS I<\/td><td>LIC. JORGE LUIS AMADO BARRIOS<\/td><td><a rel=\"noreferrer noopener\" href=\"https:\/\/drive.google.com\/file\/d\/1fPLfqZyOnP4TtQnPojGdv98bhzmNLUOC\/view?usp=drive_link\" target=\"_blank\">FINAL<\/a><\/td><\/tr><tr><td>44<\/td><td>SOCIOLOG\u00cdA DE G\u00c9NERO Y ETNIA II<\/td><td>MTRA. VICTORIA TUB\u00cdN<\/td><td><a href=\"https:\/\/drive.google.com\/file\/d\/1TWUqhIBnqB0adTssleEocIz_oAczDlzU\/view?usp=drive_link\" target=\"_blank\" rel=\"noreferrer noopener\">FINAL<\/a>&nbsp;<\/td><\/tr><tr><td colspan=\"4\"><strong>D\u00c9CIMO CICLO SECCI\u00d3N A<\/strong><\/td><\/tr><tr><td><strong>CODIGO<\/strong><\/td><td><strong>CURSO<\/strong><\/td><td><strong>PROFESOR (A)<\/strong><\/td><td><strong>VER ACTA<\/strong><\/td><\/tr><tr><td>51<\/td><td>SEMINARIO SOBRE TEOR\u00cdAS SOCIOL\u00d3GICAS EN GUATEMALA<\/td><td>LIC. CHRISTIAN CALDER\u00d3N CEDILLOS<\/td><td><a rel=\"noreferrer noopener\" href=\"https:\/\/drive.google.com\/file\/d\/131g43BMHDnB-e0FpIFAdAfF2nvAT9bEh\/view?usp=drive_link\" target=\"_blank\">FINAL<\/a><\/td><\/tr><tr><td>55<\/td><td>INFORME DE TESIS<\/td><td>DR. FIDEL AR\u00c9VALO<\/td><td><a href=\"https:\/\/drive.google.com\/file\/d\/1_y-8ckAWVm3boPVjFVzetmx7siHymziZ\/view?usp=drive_link\" target=\"_blank\" rel=\"noreferrer noopener\">FINAL<\/a><\/td><\/tr><tr><td>59<\/td><td>SEM. S\/DDHH Y DEFENSA DEL TERR. Y LA NAT. DESDE LA PERSPECTIVA LOCAL<\/td><td>LIC. OSCAR ESTUARDO BAUTISTA SOTO<\/td><td><a rel=\"noreferrer noopener\" href=\"https:\/\/drive.google.com\/file\/d\/1wpSsnX71JFY-GRzoO2UZ8qMaMSu8ygjq\/view?usp=sharing\" target=\"_blank\">FINAL<\/a><\/td><\/tr><tr><td>60<\/td><td>SEM. S\/CONFLICTIVIDAD, ANALISIS Y RESOLUCI\u00d3N DE CONFLICTOS SOCIALES<\/td><td>LIC. FERNANDO PRERA<\/td><td><a rel=\"noreferrer noopener\" href=\"https:\/\/drive.google.com\/file\/d\/1n7P3X5sO7P1RdpAuPtMRnejdYec9rubK\/view?usp=drive_link\" target=\"_blank\">FINAL<\/a><\/td><\/tr><tr><td>61<\/td><td>SEM. S\/POL\u00cdTICAS P\u00daBLICAS DE REHABILITACION DE TRANSGRESORES DE LA LEY<\/td><td>DR. JAIME SARAVIA<\/td><td><a rel=\"noreferrer noopener\" href=\"https:\/\/drive.google.com\/file\/d\/1kMWMaL8NFXlL8wxUppsaPudp27_k2rGU\/view?usp=drive_link\" target=\"_blank\">FINAL<\/a><\/td><\/tr><tr><td colspan=\"4\"><strong>D\u00c9CIMO CICLO SECCI\u00d3N B<\/strong><\/td><\/tr><tr><td><strong>CODIGO<\/strong><\/td><td><strong>CURSO<\/strong><\/td><td><strong>PROFESOR (A)<\/strong><\/td><td><strong>VER ACTA<\/strong><\/td><\/tr><tr><td>51<\/td><td>SEMINARIO SOBRE TEOR\u00cdAS SOCIOL\u00d3GICAS EN GUATEMALA<\/td><td>LIC. JUAN RAM\u00d3N DONADO<\/td><td><a rel=\"noreferrer noopener\" href=\"https:\/\/drive.google.com\/file\/d\/1vcQkg6-MJAHcmgjGqkg52JoDQV4ksduM\/view?usp=drive_link\" target=\"_blank\">FINAL<\/a><\/td><\/tr><tr><td>52<\/td><td>SEMINARIO SOBRE POL\u00cdTICAS DE DESARROLLO URBANO Y RURAL<\/td><td>LIC. JOS\u00c9 DAVID TAL\u00c9 ROSALES<\/td><td><a rel=\"noreferrer noopener\" href=\"https:\/\/drive.google.com\/file\/d\/1_y-8ckAWVm3boPVjFVzetmx7siHymziZ\/view?usp=drive_link\" target=\"_blank\">FINAL<\/a><\/td><\/tr><tr><td>53<\/td><td>SEM. S\/ESTRATEGIAS DE INCIDENCIA DE PUEBLOS INDIGENAS Y ORG. SOC.<\/td><td>DR. AROLDO CAMPOSECO MONTEJO<\/td><td><a rel=\"noreferrer noopener\" href=\"https:\/\/drive.google.com\/file\/d\/1G8pOBA_cimBmlgwQx3jZNX3n1h7UfswA\/view?usp=drive_link\" target=\"_blank\">FINAL<\/a><\/td><\/tr><tr><td>54<\/td><td>SEMINARIO SOBRE G\u00c9NERO, \u00c9TNIA Y EDUCACI\u00d3N EN GUATEMALA<\/td><td>MTRA. FLORENTINA PUAC<\/td><td><a rel=\"noreferrer noopener\" href=\"https:\/\/drive.google.com\/file\/d\/1sHstcyor48Ffvjm2xRc3UFSxbPsXDwir\/view?usp=drive_link\" target=\"_blank\">FINAL<\/a><\/td><\/tr><tr><td>55<\/td><td>INFORME DE TESIS<\/td><td>LICDA. NADIA SANDOVAL<\/td><td><a rel=\"noreferrer noopener\" href=\"https:\/\/drive.google.com\/file\/d\/1_y-8ckAWVm3boPVjFVzetmx7siHymziZ\/view?usp=drive_link\" target=\"_blank\">FINAL<\/a><\/td><\/tr><\/tbody><\/table><\/figure>\n\n\n\n<div class=\"wp-block-columns is-layout-flex wp-container-5\">\n<div class=\"wp-block-column is-layout-flow\">\n<div class=\"wp-block-columns is-layout-flex wp-container-3\">\n<div class=\"wp-block-column is-layout-flow\">\n<div class=\"wp-block-buttons is-layout-flex\">\n<div class=\"wp-block-button\"><a class=\"wp-block-button__link has-vivid-cyan-blue-background-color has-background wp-element-button\" href=\"https:\/\/cienciapolitica.usac.edu.gt\/?page_id=10721(abre en una nueva pesta\u00f1a)\">REGRESO<\/a><\/div>\n<\/div>\n\n\n\n<p><\/p>\n<\/div>\n<\/div>\n<\/div>\n<\/div>\n","protected":false},"excerpt":{"rendered":"<p>CUARTO CICLO SECCI\u00d3N A CODIGO CURSO PROFESOR (A) VER ACTA 16 TEOR\u00cdA SOCIOL\u00d3GICA I LIC. BORIS CABRERA FINAL&nbsp; 17 SOCIOLOG\u00cdA DE GUATEMALA I MTRO. MIKE RIVERA CONTRERAS FINAL&nbsp; 18 METODOLOG\u00cdA DE LAS CIENCIAS SOCIALES IV MTRO. MARVIN MOR\u00c1N CORZO FINAL 19 MICRO Y MACROECONOM\u00cdA MTRA. MAR\u00cdA ELENA IZQUIERDO FINAL 21 PSICOLOG\u00cdA SOCIAL DE GUATEMALA MTRA. [&hellip;]<\/p>\n","protected":false},"author":101013,"featured_media":0,"parent":0,"menu_order":0,"comment_status":"closed","ping_status":"closed","template":"","meta":[],"_links":{"self":[{"href":"https:\/\/cienciapolitica.usac.edu.gt\/index.php?rest_route=\/wp\/v2\/pages\/10739"}],"collection":[{"href":"https:\/\/cienciapolitica.usac.edu.gt\/index.php?rest_route=\/wp\/v2\/pages"}],"about":[{"href":"https:\/\/cienciapolitica.usac.edu.gt\/index.php?rest_route=\/wp\/v2\/types\/page"}],"author":[{"embeddable":true,"href":"https:\/\/cienciapolitica.usac.edu.gt\/index.php?rest_route=\/wp\/v2\/users\/101013"}],"replies":[{"embeddable":true,"href":"https:\/\/cienciapolitica.usac.edu.gt\/index.php?rest_route=%2Fwp%2Fv2%2Fcomments&post=10739"}],"version-history":[{"count":76,"href":"https:\/\/cienciapolitica.usac.edu.gt\/index.php?rest_route=\/wp\/v2\/pages\/10739\/revisions"}],"predecessor-version":[{"id":11292,"href":"https:\/\/cienciapolitica.usac.edu.gt\/index.php?rest_route=\/wp\/v2\/pages\/10739\/revisions\/11292"}],"wp:attachment":[{"href":"https:\/\/cienciapolitica.usac.edu.gt\/index.php?rest_route=%2Fwp%2Fv2%2Fmedia&parent=10739"}],"curies":[{"name":"wp","href":"https:\/\/api.w.org\/{rel}","templated":true}]}}