{"id":10736,"date":"2025-10-28T16:12:54","date_gmt":"2025-10-28T16:12:54","guid":{"rendered":"https:\/\/cienciapolitica.usac.edu.gt\/?page_id=10736"},"modified":"2026-03-05T16:34:13","modified_gmt":"2026-03-05T16:34:13","slug":"ciencia-politica-semestre-2-2025","status":"publish","type":"page","link":"https:\/\/cienciapolitica.usac.edu.gt\/?page_id=10736","title":{"rendered":"Ciencia Pol\u00edtica &#8211; Semestre 2-2025"},"content":{"rendered":"\n<figure class=\"wp-block-table\"><table class=\"has-background\" style=\"background:linear-gradient(262deg,rgb(255,245,203) 0%,rgb(182,227,212) 50%,rgb(51,167,181) 100%)\"><tbody><tr><td colspan=\"4\"><strong>CUARTO CICLO SECCI\u00d3N A<\/strong><\/td><\/tr><tr><td><strong>CODIGO<\/strong><\/td><td><strong>CURSO<\/strong><\/td><td><strong>PROFESOR (A)<\/strong><\/td><td><strong>VER ACTA<\/strong><\/td><\/tr><tr><td>18<\/td><td>METODOLOG\u00cdA DE LAS CIENCIAS SOCIALES IV<\/td><td>MTRA. ALMA CONSUELO COGUOX PEREZ<\/td><td><a rel=\"noreferrer noopener\" href=\"https:\/\/drive.google.com\/file\/d\/1a8peAqhhWtFK9S_ild0dt0Butk8PmwzP\/view?usp=sharing\" target=\"_blank\">FINAL<\/a><\/td><\/tr><tr><td>19<\/td><td>MICRO Y MACROECONOM\u00cdA<\/td><td>LICDA. JOHANA ESTEFANY GIR\u00d3N LINARES<\/td><td><a rel=\"noreferrer noopener\" href=\"https:\/\/drive.google.com\/file\/d\/1f3OUnJ8bNCYvTbm-NgDwjArpc4tELN_T\/view?usp=drive_link\" target=\"_blank\">FINAL<\/a>&nbsp;<br><a href=\"https:\/\/drive.google.com\/file\/d\/1lsA3IjZemLCvPGddHBF1eT5LfQU-hrxY\/view?usp=drive_link\" target=\"_blank\" rel=\"noreferrer noopener\">1o.Recuperaci\u00f3n<\/a><\/td><\/tr><tr><td>103<\/td><td>TEOR\u00cdA POL\u00cdTICA I<\/td><td>MTRO. ERWIN FERNANDO ALVAREZ AGUILAR<\/td><td><a href=\"https:\/\/drive.google.com\/file\/d\/1SXhj6mzert94JchWVkIvGKOzPow702QV\/view?usp=sharing\" target=\"_blank\" rel=\"noreferrer noopener\">FINAL<\/a><\/td><\/tr><tr><td>104<\/td><td>SISTEMAS POL\u00cdTICOS I<\/td><td>MTRA. GEIDY MAGALY DE MATA MEDRANO<\/td><td><a href=\"https:\/\/drive.google.com\/file\/d\/1um936UWnKA7DR-5_zVUnr3ubRNLLyQD2\/view?usp=sharing\" target=\"_blank\" rel=\"noreferrer noopener\">FINAL<\/a><\/td><\/tr><tr><td>106<\/td><td>SOCIOLOG\u00cdA POL\u00cdTICA<\/td><td>MTRO. MIKE RIVERA CONTRERAS<\/td><td><a href=\"https:\/\/drive.google.com\/file\/d\/15_av-5U1lKaxMVr6UJ7FBEmYSFVGBG6O\/view?usp=sharing\" target=\"_blank\" rel=\"noreferrer noopener\">FINAL<\/a><\/td><\/tr><tr><td colspan=\"4\"><strong>CUARTO CICLO SECCI\u00d3N B<\/strong><\/td><\/tr><tr><td><strong>CODIGO<\/strong><\/td><td><strong>CURSO<\/strong><\/td><td><strong>PROFESOR (A)<\/strong><\/td><td><strong>VER ACTA<\/strong><\/td><\/tr><tr><td>18<\/td><td>METODOLOG\u00cdA DE LAS CIENCIAS SOCIALES IV<\/td><td>MTRA. NORA LIZETH G\u00c1LVEZ GARC\u00cdA<\/td><td><a rel=\"noreferrer noopener\" href=\"https:\/\/drive.google.com\/file\/d\/19RQon-sIdQo3QKLJAMMgnlZbbbSNY3Qi\/view?usp=drive_link\" target=\"_blank\">FINAL<\/a><\/td><\/tr><tr><td>19<\/td><td>MICRO Y MACROECONOM\u00cdA<\/td><td>MTRA. MAR\u00cdA ELENA IZQUIERDO<\/td><td><a href=\"https:\/\/drive.google.com\/file\/d\/17aQuiDgsApR5BksnxFsGCvOQURWSlWzF\/view?usp=sharing\" target=\"_blank\" rel=\"noreferrer noopener\">FINAL<\/a><\/td><\/tr><tr><td>103<\/td><td>TEOR\u00cdA POL\u00cdTICA I<\/td><td>DR. EDDY AMILCAR MORALES<\/td><td><a rel=\"noreferrer noopener\" href=\"https:\/\/drive.google.com\/file\/d\/15_loFJi3OqlLEJXAKhbrUzwmelbvqprN\/view?usp=sharing\" target=\"_blank\">FINAL<\/a><br><a rel=\"noreferrer noopener\" href=\"https:\/\/drive.google.com\/file\/d\/1nusAzwF-fg_xiG-bD80PYbrkTvhDmtxd\/view?usp=sharing\" target=\"_blank\">1ra. Oportunidad<\/a><\/td><\/tr><tr><td>104<\/td><td>SISTEMAS POL\u00cdTICOS I<\/td><td>MTRA. &nbsp;GEIDY MAGALY DE MATA<\/td><td><a href=\"https:\/\/drive.google.com\/file\/d\/1DNKQE4is0dvrS-uA-cOfoQbHf_wh3l5s\/view?usp=sharing\" target=\"_blank\" rel=\"noreferrer noopener\">FINAL<\/a><\/td><\/tr><tr><td>105<\/td><td>TEOR\u00cdA Y DERECHO CONSTITUCIONAL GUATEMALTECO<\/td><td>MTRA. NATALY V\u00c1SQUEZ<\/td><td><a href=\"https:\/\/drive.google.com\/file\/d\/1qUKMNlqMeRlXn8SMOowbc_NDs6GL4QLD\/view?usp=sharing\" target=\"_blank\" rel=\"noreferrer noopener\">FINAL<\/a><\/td><\/tr><tr><td colspan=\"4\"><strong>SEXTO CICLO SECCI\u00d3N A<\/strong><\/td><\/tr><tr><td><strong>CODIGO<\/strong><\/td><td><strong>CURSO<\/strong><\/td><td><strong>PROFESOR (A)<\/strong><\/td><td><strong>VER ACTA<\/strong><\/td><\/tr><tr><td>31<\/td><td>HISTORIA DE GUATEMALA III<\/td><td>LICDA. CECILE PAOLA TAHUICO<\/td><td><a rel=\"noreferrer noopener\" href=\"https:\/\/drive.google.com\/file\/d\/10caDaCuGYSoz4hB5n_dCfTVePKF7QwpU\/view?usp=sharing\" target=\"_blank\">FINAL<\/a>&nbsp;<br><a href=\"https:\/\/drive.google.com\/file\/d\/10Eesbh_zMid9bSU-yWL8TmzDHtQ-fFaG\/view?usp=sharing\" target=\"_blank\" rel=\"noreferrer noopener\">2da. Oportunidad<\/a><\/td><\/tr><tr><td>112<\/td><td>TEOR\u00cdA POL\u00cdTICA III<\/td><td>MTRA. GEIDY MAGALY DE MATA MEDRANO<\/td><td><a href=\"https:\/\/drive.google.com\/file\/d\/1uKOWPjXxZ4a5qfGQnNz-TGDyvcq0jyLA\/view?usp=sharing\" target=\"_blank\" rel=\"noreferrer noopener\">FINAL<\/a><\/td><\/tr><tr><td>113<\/td><td>SISTEMAS POL\u00cdTICOS III<\/td><td>LICDA. MAR\u00cdA ALEJANDRA SAENZ SIERRA<\/td><td><a href=\"https:\/\/drive.google.com\/file\/d\/1EXlPx4G8SWnGuhB0nbpdF1ryMFjUJbV7\/view?usp=sharing\" target=\"_blank\" rel=\"noreferrer noopener\">FINAL<\/a><\/td><\/tr><tr><td>114<\/td><td>ADMINISTRACI\u00d3N P\u00daBLICA DE GUATEMALA II<\/td><td>MTRA. NURY EDITH ROJAS PRADO<\/td><td><a href=\"https:\/\/drive.google.com\/file\/d\/1-w_JXVnQpDlq5z_S96LvMRssNxORLQ5_\/view?usp=sharing\" target=\"_blank\" rel=\"noopener\">FINAL<\/a><\/td><\/tr><tr><td>116<\/td><td>CONTEXTO DE LAS POL\u00cdTICAS P\u00daBLICAS<\/td><td>LICDA. CARMEN ANZUETO<\/td><td><a href=\"https:\/\/drive.google.com\/file\/d\/1kDa_u_654qOcrqgfTdaO0lcbXh-L9txE\/view?usp=sharing\" target=\"_blank\" rel=\"noreferrer noopener\">FINAL<\/a><\/td><\/tr><tr><td colspan=\"4\"><strong>SEXTO CICLO SECCI\u00d3N B<\/strong><\/td><\/tr><tr><td><strong>CODIGO<\/strong><\/td><td><strong>CURSO<\/strong><\/td><td><strong>PROFESOR (A)<\/strong><\/td><td><strong>VER ACTA<\/strong><\/td><\/tr><tr><td>31<\/td><td>HISTORIA DE GUATEMALA III<\/td><td>LICDA. LAYDI CONSUELO RUANO<\/td><td><a rel=\"noreferrer noopener\" href=\"https:\/\/drive.google.com\/file\/d\/1wpItB63MalwhJRBi_68o7-F2F4H8crv7\/view?usp=drive_link\" target=\"_blank\">FINAL<\/a><\/td><\/tr><tr><td>112<\/td><td>TEOR\u00cdA POL\u00cdTICA III<\/td><td>MTRO. MYNOR GARC\u00cdA M\u00c9NDEZ<\/td><td><a rel=\"noreferrer noopener\" href=\"https:\/\/drive.google.com\/file\/d\/1nanXF33wPas47KYA0Pdm9jdvK3yrQtEf\/view?usp=sharing\" target=\"_blank\">FINAL<\/a><br><a href=\"https:\/\/drive.google.com\/file\/d\/1IIw-5mBhmArNI4lc9okUH2ir4yiwf9xt\/view?usp=sharing\" target=\"_blank\" rel=\"noreferrer noopener\">2da. Oportunidad<\/a><\/td><\/tr><tr><td>113<\/td><td>SISTEMAS POL\u00cdTICOS III<\/td><td>LICDA. FLORENTINA PUAC<\/td><td><a rel=\"noreferrer noopener\" href=\"https:\/\/drive.google.com\/file\/d\/1OMv3V0IotOh5x3mTl60CzZjrrdnCGRzY\/view?usp=sharing\" target=\"_blank\">FINAL<\/a><br><a rel=\"noreferrer noopener\" href=\"https:\/\/drive.google.com\/file\/d\/1v37_9CqYYtXf76__UmqQqoQ-sYZ0EdWN\/view?usp=sharing\" target=\"_blank\">2da. Oportunidad<\/a><\/td><\/tr><tr><td>114<\/td><td>ADMINISTRACI\u00d3N P\u00daBLICA DE GUATEMALA II<\/td><td>LICDA. LISSETH MONTENEGRO<\/td><td><a href=\"https:\/\/drive.google.com\/file\/d\/1_JUn3Sul_jaD2_Vt50YAKMh_M2xaAXio\/view?usp=sharing\" target=\"_blank\" rel=\"noreferrer noopener\">FINAL<\/a>&nbsp;<\/td><\/tr><tr><td>115<\/td><td>DERECHO INTERNACIONAL P\u00daBLICO Y ORGANISMOS INTERNAC.<\/td><td>MTRO. LUIS FERNANDO DE LE\u00d3N LAPARRA<\/td><td><a href=\"https:\/\/drive.google.com\/file\/d\/1HTpGmqqeXyXr65SVDOOp1UDSaNwCEEVL\/view?usp=sharing\">FINAL<\/a><\/td><\/tr><tr><td colspan=\"4\"><strong>OCTAVO CICLO SECCI\u00d3N A<\/strong><\/td><\/tr><tr><td><strong>CODIGO<\/strong><\/td><td><strong>CURSO<\/strong><\/td><td><strong>PROFESOR (A)<\/strong><\/td><td><strong>VER ACTA<\/strong><\/td><\/tr><tr><td>43<\/td><td>DISE\u00d1O DE INVESTIGACI\u00d3N DE TESIS I<\/td><td>LIC. MYNOR CASTILLO<\/td><td><a rel=\"noreferrer noopener\" href=\"https:\/\/drive.google.com\/file\/d\/1W7yagB9g8u15R2gzR2PGmDNoHByvSC1w\/view?usp=sharing\" target=\"_blank\">FINAL<\/a><br><a href=\"https:\/\/drive.google.com\/file\/d\/1XHujPFazTfKsLVRihwUW11i8YkIxtH_9\/view?usp=sharing\" target=\"_blank\" rel=\"noreferrer noopener\">2da. Oportunidad<\/a><\/td><\/tr><tr><td>123<\/td><td>PARTIDOS POL\u00cdTICOS<\/td><td>DR. DUMBAR HARRIS MENJIVAR<\/td><td><a href=\"https:\/\/drive.google.com\/file\/d\/1gSaRV9wnY4oT7DoPA90v7IkMF35sKbZo\/view?usp=sharing\" target=\"_blank\" rel=\"noopener\">FINAL<\/a><\/td><\/tr><tr><td>124<\/td><td>TEOR\u00cdA DE LA DEMOCRACIA<\/td><td>MTRO. LUIS ALBERTO SANTOS QUI\u00d1ONEZ<\/td><td><a href=\"https:\/\/drive.google.com\/file\/d\/17mXhgYRJU7lq2rJu4ffKBnH-ga4Zt6cD\/view?usp=sharing\" target=\"_blank\" rel=\"noreferrer noopener\">FINAL<\/a><\/td><\/tr><tr><td>125<\/td><td>NEGOCIACI\u00d3N POL\u00cdTICA<\/td><td>MTRO. LUIS RODOLFO D\u00c1VILA S\u00c1NCHEZ<\/td><td><a href=\"https:\/\/drive.google.com\/file\/d\/18WPNMHBHZMpF4_SWa5IDVRH-XVJAD8-c\/view?usp=sharing\" target=\"_blank\" rel=\"noreferrer noopener\">FINAL<\/a><\/td><\/tr><tr><td>127<\/td><td>APLICACI\u00d3N DE LAS POL\u00cdTICAS P\u00daBLICAS<\/td><td>DRA. VIVIAN PAOLA RODR\u00cdGUEZ BARRIOS<\/td><td><a rel=\"noreferrer noopener\" href=\"https:\/\/drive.google.com\/file\/d\/1r-_Ky39TteXUHmS6U1ARA-7KB1nte7Tr\/view?usp=sharing\" target=\"_blank\">FINAL<\/a><br><a href=\"https:\/\/drive.google.com\/file\/d\/1dPqN3c1-VL6QS0l6tPcTnSVpBck-16GK\/view?usp=sharing\" target=\"_blank\" rel=\"noreferrer noopener\">1ra. Oportunidad<\/a><\/td><\/tr><tr><td colspan=\"4\"><strong>OCTAVO CICLO SECCI\u00d3N B<\/strong><\/td><\/tr><tr><td><strong>CODIGO<\/strong><\/td><td><strong>CURSO<\/strong><\/td><td><strong>PROFESOR (A)<\/strong><\/td><td><strong>VER ACTA<\/strong><\/td><\/tr><tr><td>43<\/td><td>DISE\u00d1O DE INVESTIGACI\u00d3N DE TESIS I<\/td><td>LICDA. FLOR DE MAR\u00cdA OLIVARES<\/td><td><a rel=\"noreferrer noopener\" href=\"https:\/\/drive.google.com\/file\/d\/1WNvescYHHgIUz9NDuyUDpZROfZQHIcBF\/view?usp=drive_link\" target=\"_blank\">FINAL<\/a><\/td><\/tr><tr><td>123<\/td><td>PARTIDOS POL\u00cdTICOS<\/td><td>MTRO. OSCAR INTERIANO<\/td><td><a href=\"https:\/\/drive.google.com\/file\/d\/19udg2OasRr0Y7Qb6sFoow9FszK26AeKz\/view?usp=sharing\" target=\"_blank\" rel=\"noreferrer noopener\">FINAL<\/a><\/td><\/tr><tr><td>124<\/td><td>TEOR\u00cdA DE LA DEMOCRACIA<\/td><td>LICDA. VICTORIA MOR\u00c1N<\/td><td><a href=\"https:\/\/drive.google.com\/file\/d\/1aIeCIp-VuhSFc-WFd076U_fxXbS8gqk5\/view?usp=sharing\" target=\"_blank\" rel=\"noreferrer noopener\">FINAL<\/a><\/td><\/tr><tr><td>125<\/td><td>NEGOCIACI\u00d3N POL\u00cdTICA<\/td><td>MAESTRO. MELVIN CAMILO MARROQU\u00cdN<\/td><td><a rel=\"noreferrer noopener\" href=\"https:\/\/drive.google.com\/file\/d\/1fKtUvWsJKCOVd6liwUTxmK_735zhellk\/view?usp=drive_link\" target=\"_blank\">FINAL<\/a><br><a rel=\"noreferrer noopener\" href=\"https:\/\/drive.google.com\/file\/d\/1T6LrziznShv8tKrBFk4JbT_BBubr8AK4\/view?usp=drive_link\" target=\"_blank\">1ra.oportunidad<\/a><br><a href=\"https:\/\/drive.google.com\/file\/d\/1DiJSmLXlBuEckGTP-7RzKCI1174DmeTQ\/view?usp=sharing\" target=\"_blank\" rel=\"noreferrer noopener\">2da. Oportunidad<\/a><\/td><\/tr><tr><td>126<\/td><td>AN\u00c1LISIS POL\u00cdTICO I<\/td><td>LIC. WERNER CASTILLO REGALADO<\/td><td><a href=\"https:\/\/drive.google.com\/file\/d\/1Sq79do7QMixOSuGh1rtJcs14fHKuJAyy\/view?usp=sharing\" target=\"_blank\" rel=\"noreferrer noopener\">FINAL<\/a><\/td><\/tr><tr><td colspan=\"4\"><strong>D\u00c9CIMO CICLO SECCI\u00d3N A<\/strong><\/td><\/tr><tr><td><strong>CODIGO<\/strong><\/td><td><strong>CURSO<\/strong><\/td><td><strong>PROFESOR (A)<\/strong><\/td><td><strong>VER ACTA<\/strong><\/td><\/tr><tr><td>55<\/td><td>INFORME DE TESIS<\/td><td>DR. FIDEL AR\u00c9VALO<\/td><td><a href=\"https:\/\/drive.google.com\/file\/d\/1JNUKVPbUwIQOsiaTNfTlAu1Dug09Khs2\/view?usp=sharing\" target=\"_blank\" rel=\"noreferrer noopener\">FINAL<\/a><\/td><\/tr><tr><td>140<\/td><td>SEMINARIO S\/EJECUCI\u00d3N PRESUPUESTARIA DEL SECTOR P\u00daBLICO<\/td><td>MTRO. RUB\u00c9N EDUARDO MEJ\u00cdA LINARES<\/td><td><a href=\"https:\/\/drive.google.com\/file\/d\/19JhzVxGBiyr9ChC1Td7jLW-n938EWLIS\/view?usp=sharing\" target=\"_blank\" rel=\"noreferrer noopener\">FINAL<\/a><\/td><\/tr><tr><td>141<\/td><td>SEMINARIO DEL CICLO DE POL\u00cdTICA P\u00daBLICA<\/td><td>MTRA. EKATERINA PARRILLA<\/td><td><a href=\"https:\/\/drive.google.com\/file\/d\/1xkFystRTAjk7r9zcm3M4bHfnVoqsmRYs\/view?usp=sharing\" target=\"_blank\" rel=\"noreferrer noopener\">FINAL<\/a><\/td><\/tr><tr><td>142<\/td><td>POL\u00cdTICAS SOCIALES LATINOAMERICANAS<\/td><td>LIC. JUAN CARLOS ALEMAN<\/td><td><a href=\"https:\/\/drive.google.com\/file\/d\/1WGo6SEqdjCM1LfWkhnaGmH64kcldzKC6\/view?usp=sharing\" target=\"_blank\" rel=\"noreferrer noopener\">FINAL<\/a><\/td><\/tr><tr><td>951<\/td><td>SEGURIDAD DEMOCR\u00c1TICA<\/td><td>MTRO. ALEXANDER SANDOVAL PORTILLO<\/td><td><a href=\"https:\/\/drive.google.com\/file\/d\/1ZF4ay1GolzugnOR9OzmbmYExnzfFrI0A\/view?usp=sharing\" target=\"_blank\" rel=\"noreferrer noopener\">FINAL<\/a><\/td><\/tr><tr><td colspan=\"4\"><strong>D\u00c9CIMO CICLO SECCI\u00d3N B<\/strong><\/td><\/tr><tr><td><strong>CODIGO<\/strong><\/td><td><strong>CURSO<\/strong><\/td><td><strong>PROFESOR (A)<\/strong><\/td><td><strong>VER ACTA<\/strong><\/td><\/tr><tr><td>55<\/td><td>INFORME DE TESIS<\/td><td>DR. NORMAN MENDOZA<\/td><td><a href=\"https:\/\/drive.google.com\/file\/d\/1CleeVwYUowj39lqYGxw6ix7HzCM0CD_a\/view?usp=sharing\" target=\"_blank\" rel=\"noreferrer noopener\">FINAL<\/a><\/td><\/tr><tr><td>132<\/td><td>INVESTIGACI\u00d3N POL\u00cdTICA<\/td><td>DR. CARLOS OLIVA MURALLES<\/td><td><a href=\"https:\/\/drive.google.com\/file\/d\/1vMOcrKbTpcWoV-Z5YJTmJy3WicHJ8SqO\/view?usp=sharing\" target=\"_blank\" rel=\"noreferrer noopener\">FINAL<\/a>&nbsp;<\/td><\/tr><tr><td>133<\/td><td>SEMINARIO CAMPA\u00d1AS ELECTORALES<\/td><td>MTRO. BEQUER CHOCOOJ DE LA CRUZ<\/td><td><a href=\"https:\/\/drive.google.com\/file\/d\/1qfkd4q-Vy4w4Z84s9eR4mMTdqoQzWwZR\/view?usp=sharing\" target=\"_blank\" rel=\"noreferrer noopener\">FINAL<\/a><\/td><\/tr><tr><td>134<\/td><td>ENCUESTAS<\/td><td>LICDA. LAURA TOT RABANALES<\/td><td><a href=\"https:\/\/drive.google.com\/file\/d\/17HVqeJgOsh5i14KiIpLj2-vCk_zyyj1Z\/view?usp=sharing\" target=\"_blank\" rel=\"noreferrer noopener\">FINAL<\/a><\/td><\/tr><tr><td>135<\/td><td>MERCADEO POL\u00cdTICO<\/td><td>MTRO. FRANCISCO JOS\u00c9 LEMUS MIRANDA<\/td><td><a href=\"https:\/\/drive.google.com\/file\/d\/1yvU9wisEjYbvWfrHr3lOm91KlIpAoA_r\/view?usp=sharing\" target=\"_blank\" rel=\"noreferrer noopener\">FINAL<\/a><\/td><\/tr><\/tbody><\/table><\/figure>\n\n\n\n<div class=\"wp-block-buttons is-layout-flex\">\n<div class=\"wp-block-button\"><a class=\"wp-block-button__link has-vivid-cyan-blue-background-color has-background wp-element-button\" href=\"https:\/\/cienciapolitica.usac.edu.gt\/?page_id=10721(abre en una nueva pesta\u00f1a)\">REGRESO<\/a><\/div>\n<\/div>\n","protected":false},"excerpt":{"rendered":"<p>CUARTO CICLO SECCI\u00d3N A CODIGO CURSO PROFESOR (A) VER ACTA 18 METODOLOG\u00cdA DE LAS CIENCIAS SOCIALES IV MTRA. ALMA CONSUELO COGUOX PEREZ FINAL 19 MICRO Y MACROECONOM\u00cdA LICDA. JOHANA ESTEFANY GIR\u00d3N LINARES FINAL&nbsp;1o.Recuperaci\u00f3n 103 TEOR\u00cdA POL\u00cdTICA I MTRO. ERWIN FERNANDO ALVAREZ AGUILAR FINAL 104 SISTEMAS POL\u00cdTICOS I MTRA. GEIDY MAGALY DE MATA MEDRANO FINAL 106 [&hellip;]<\/p>\n","protected":false},"author":101013,"featured_media":0,"parent":0,"menu_order":0,"comment_status":"closed","ping_status":"closed","template":"","meta":[],"_links":{"self":[{"href":"https:\/\/cienciapolitica.usac.edu.gt\/index.php?rest_route=\/wp\/v2\/pages\/10736"}],"collection":[{"href":"https:\/\/cienciapolitica.usac.edu.gt\/index.php?rest_route=\/wp\/v2\/pages"}],"about":[{"href":"https:\/\/cienciapolitica.usac.edu.gt\/index.php?rest_route=\/wp\/v2\/types\/page"}],"author":[{"embeddable":true,"href":"https:\/\/cienciapolitica.usac.edu.gt\/index.php?rest_route=\/wp\/v2\/users\/101013"}],"replies":[{"embeddable":true,"href":"https:\/\/cienciapolitica.usac.edu.gt\/index.php?rest_route=%2Fwp%2Fv2%2Fcomments&post=10736"}],"version-history":[{"count":67,"href":"https:\/\/cienciapolitica.usac.edu.gt\/index.php?rest_route=\/wp\/v2\/pages\/10736\/revisions"}],"predecessor-version":[{"id":11291,"href":"https:\/\/cienciapolitica.usac.edu.gt\/index.php?rest_route=\/wp\/v2\/pages\/10736\/revisions\/11291"}],"wp:attachment":[{"href":"https:\/\/cienciapolitica.usac.edu.gt\/index.php?rest_route=%2Fwp%2Fv2%2Fmedia&parent=10736"}],"curies":[{"name":"wp","href":"https:\/\/api.w.org\/{rel}","templated":true}]}}